{"id":1376,"date":"2015-09-21T15:18:25","date_gmt":"2015-09-21T15:18:25","guid":{"rendered":"http:\/\/cecotinter.cecot.org\/es\/servicios-internacionalitzacion\/enllacos-imprescindibles\/"},"modified":"2015-11-09T16:15:13","modified_gmt":"2015-11-09T16:15:13","slug":"enlaces-imprescindibles","status":"publish","type":"page","link":"https:\/\/www.cecotinternacionalitzacio.org\/es\/sobre-el-club\/enlaces-imprescindibles\/","title":{"rendered":"Enlaces imprescindibles"},"content":{"rendered":"<div id=\"pl-1376\"  class=\"panel-layout\" ><div id=\"pg-1376-0\"  class=\"panel-grid panel-no-style\" ><div id=\"pgc-1376-0-0\"  class=\"panel-grid-cell\" ><div id=\"panel-1376-0-0-0\" class=\"so-panel widget widget_black-studio-tinymce widget_black_studio_tinymce panel-first-child panel-last-child\" data-index=\"0\" ><div class=\"featured-widget panel-widget-style panel-widget-style-for-1376-0-0-0\" ><div class=\"textwidget\"><p><img class=\"alignleft size-full wp-image-1407\" src=\"https:\/\/www.cecotinternacionalitzacio.org\/wp-content\/uploads\/2015\/09\/enlaces.jpg\" alt=\"enlaces\" width=\"669\" height=\"502\" \/>.<\/p>\n<\/div><\/div><\/div><\/div><div id=\"pgc-1376-0-1\"  class=\"panel-grid-cell\" ><div id=\"panel-1376-0-1-0\" class=\"so-panel widget widget_black-studio-tinymce widget_black_studio_tinymce panel-first-child panel-last-child\" data-index=\"1\" ><div class=\"textwidget\"><p><strong><a title=\"ACC1\u00d3\" href=\"http:\/\/www.acc10.cat\/ACC1O\/cat\/\" target=\"_blank\">ACC1\u00d3<\/a><\/strong><\/p>\n<p>ACC1\u00d3 es la agencia de apoyo a la competitividad la la empresa catalana. Est\u00e1 especializada en el fomento de la innovaci\u00f3n y la internacionalizaci\u00f3n empresarial.<\/p>\n<p><strong><a title=\"Acuerdos comerciales regionales\" href=\"http:\/\/www.wto.org\/spanish\/tratop_s\/region_s\/rta_participation_map_s.htm\" target=\"_blank\">Acuerdos Comerciales Regionales<\/a><\/strong><\/p>\n<p>En esta p\u00e1gina puedes consultar la participaci\u00f3n de un pa\u00eds o territorio en un acuerdo comercial regional en el sector servicios y mercanc\u00edas. La participaci\u00f3n en un acuerdo comercial condiciona el arancel que pagan nuestros clientes cuando exportan o bien el que pagamos nosotros cuando importamos productos fuera de la Uni\u00f3n Europea.<\/p>\n<p><strong><a title=\"Directorio de empresas exportadoras e importadoras\" href=\"http:\/\/directorio.camaras.org\/\" target=\"_blank\">Directorio de Empresas Exportadoras e Importadoras<\/a><\/strong><\/p>\n<p>Directorio promovido por las c\u00e1maras espa\u00f1olas y con la colaboraci\u00f3n de la Agencia Estatal de Administraci\u00f3n Tributaria. Aqu\u00ed se puede consultar los datos de las empresas exportadoras e importadoras, qu\u00e9 productos comercializan y en qu\u00e9 mercados.<\/p>\n<p><a href=\"http:\/\/www.agenciatributaria.es\/AEAT.internet\/Inicio\/Aduanas_e_Impuestos_Especiales\/Aduanas_e_Impuestos_Especiales.shtml\" title=\"Aduanas e Impuestos Especiales\" target=\"_blank\"><strong>Aduanas e Impuestos Especiales<\/strong><\/a><\/p>\n<p>P\u00e1gina de la Agencia Estatal de Administraci\u00f3n Tributaria donde encontrar\u00e1s toda la informaci\u00f3n relacionada con temas de aduanas, normativa e impuestos expeciales que afectan a las operaciones de comercio exterior.<\/p>\n<p><strong><a title=\"Export Helpdesk\" href=\"http:\/\/exporthelp.europa.eu\/index_es.html\" target=\"_blank\">Export Helpdesk<\/a><\/strong><\/p>\n<p>P\u00e1gina de la Comisi\u00f3n Europea para conocer qu\u00e9 impuestos y requisistos se aplican a la importaci\u00f3n de un producto de fuera de la Uni\u00f3n Europea.<\/p>\n<p><strong><a title=\"Armonizaci\u00f3n T\u00e9cnica\" href=\"http:\/\/europa.eu\/legislation_summaries\/internal_market\/single_market_for_goods\/technical_harmonisation\/index_es.htm\" target=\"_blank\">Armonizaci\u00f3n T\u00e9cnica<\/a><\/strong><\/p>\n<p>P\u00e1gina de la Comisi\u00f3n Europea donde encontrar\u00e1s informaci\u00f3n de todas las directivas comunitarias de armonizaci\u00f3n t\u00e9cnica que deben cumplir determinados productos para su comercializaci\u00f3n en la Uni\u00f3n Europea.<\/p>\n<p><strong><a title=\"ICEX\" href=\"http:\/\/www.icex.es\/icex\/cda\/controller\/pageICEX\/0,6558,5518394_5518986_5593169_0_0_-1,00.html\" target=\"_blank\">ICEX<\/a><\/strong><\/p>\n<p>El Instituto Espa\u00f1ol de Comercio Exterior (ICEX ) es el ente p\u00fablico estatal de \u00e1mbito nacional que tiene como misi\u00f3n promover la internacionalizaci\u00f3n de las empresas espa\u00f1olas para contribuir en su competitividad y aportar valor a la econom\u00eda en su conjunto.<\/p>\n<p><strong><a title=\"Market Access Database\" href=\"http:\/\/madb.europa.eu\/mkaccdb2\/indexPubli.htm\" target=\"_blank\">Market Acces Database<\/a><\/strong><\/p>\n<p>Portal donde se pueden consultar los aranceles y las formalidades de entrada a un pa\u00eds para exportar.<\/p>\n<p><strong><a title=\"Oficinas Comerciales de Espa\u00f1a en el Exterior\" href=\"http:\/\/www.oficinascomerciales.es\/icex\/cda\/controller\/pageOfecomes\/0,,5280449_5310100_5310307_0,00.html\" target=\"_blank\">Oficinas Comerciales de Espa\u00f1a en el Exterior<\/a><\/strong><\/p>\n<p>Portal de la Red de Oficinas Econ\u00f3micas y Comerciales de Espa\u00f1a en el Exterior, adscritas al Ministerio de Industria, Turismo y Comercio. Puede encontrarse informaci\u00f3n diversa sobre cada pa\u00eds, \u00fatil tanto para exportadores como para inversores.<\/p>\n<p><strong><a title=\"TARIC\" href=\"http:\/\/ec.europa.eu\/taxation_customs\/dds2\/taric\/taric_consultation.jsp?Lang=es&amp;Taric=&amp;QuotaAuthorities=false&amp;EndPub=&amp;MeasText=&amp;Area=&amp;Regulation=&amp;LangDescr=&amp;MeasType=&amp;SimDate=20110325&amp;StartPub=&amp;OrderNu\" target=\"_blank\">TARIC<\/a><\/strong><\/p>\n<p>P\u00e1gina de la Comisi\u00f3n Europea donde se puede consultar el c\u00f3digo arancelario y tambi\u00e9n los aranceles que se aplican a la importaci\u00f3n de mercanc\u00edas en la Uni\u00f3n Europea.<\/p>\n<\/div><\/div><\/div><\/div><\/div>","protected":false},"excerpt":{"rendered":"<p>Desde el Club Cecot Internacionalitzaci\u00f3 os facilitamos una relaci\u00f3n de los enlaces m\u00e1s interesante para potenciar vuestras acciones de comercio exterior. <a class=\"moretag\" href=\"https:\/\/www.cecotinternacionalitzacio.org\/es\/sobre-el-club\/enlaces-imprescindibles\/\"><br \/>Llegir m\u00e9s &raquo;<\/a><\/p>\n","protected":false},"author":1,"featured_media":1408,"parent":834,"menu_order":0,"comment_status":"closed","ping_status":"closed","template":"","meta":{"_exactmetrics_skip_tracking":false,"_exactmetrics_sitenote_active":false,"_exactmetrics_sitenote_note":"","_exactmetrics_sitenote_category":0},"acf":[],"yoast_head":"<!-- This site is optimized with the Yoast SEO plugin v19.6.1 - https:\/\/yoast.com\/wordpress\/plugins\/seo\/ -->\n<title>Enlaces imprescindibles - Club Cecot Internacionalitzaci\u00f3<\/title>\n<meta name=\"description\" content=\"Desde el Club Cecot Internacionalitzaci\u00f3 os facilitamos una relaci\u00f3n de los enlaces m\u00e1s interesante para potenciar vuestras acciones de comercio exterior.\" \/>\n<meta name=\"robots\" content=\"noindex, follow, max-snippet:-1, max-image-preview:large, max-video-preview:-1\" \/>\n<meta property=\"og:locale\" content=\"es_ES\" \/>\n<meta property=\"og:type\" content=\"article\" \/>\n<meta property=\"og:title\" content=\"Enlaces imprescindibles - Club Cecot Internacionalitzaci\u00f3\" \/>\n<meta property=\"og:description\" content=\"Desde el Club Cecot Internacionalitzaci\u00f3 os facilitamos una relaci\u00f3n de los enlaces m\u00e1s interesante para potenciar vuestras acciones de comercio exterior.\" \/>\n<meta property=\"og:url\" content=\"https:\/\/www.cecotinternacionalitzacio.org\/es\/sobre-el-club\/enlaces-imprescindibles\/\" \/>\n<meta property=\"og:site_name\" content=\"Club Cecot Internacionalitzaci\u00f3\" \/>\n<meta property=\"article:modified_time\" content=\"2015-11-09T16:15:13+00:00\" \/>\n<meta property=\"og:image\" content=\"https:\/\/www.cecotinternacionalitzacio.org\/wp-content\/uploads\/2015\/09\/enlaces.jpg\" \/>\n\t<meta property=\"og:image:width\" content=\"669\" \/>\n\t<meta property=\"og:image:height\" content=\"502\" \/>\n\t<meta property=\"og:image:type\" content=\"image\/jpeg\" \/>\n<meta name=\"twitter:card\" content=\"summary\" \/>\n<meta name=\"twitter:label1\" content=\"Tiempo de lectura\" \/>\n\t<meta name=\"twitter:data1\" content=\"2 minutos\" \/>\n<script type=\"application\/ld+json\" class=\"yoast-schema-graph\">{\"@context\":\"https:\/\/schema.org\",\"@graph\":[{\"@type\":\"WebPage\",\"@id\":\"https:\/\/www.cecotinternacionalitzacio.org\/es\/sobre-el-club\/enlaces-imprescindibles\/\",\"url\":\"https:\/\/www.cecotinternacionalitzacio.org\/es\/sobre-el-club\/enlaces-imprescindibles\/\",\"name\":\"Enlaces imprescindibles - Club Cecot Internacionalitzaci\u00f3\",\"isPartOf\":{\"@id\":\"https:\/\/www.cecotinternacionalitzacio.org\/#website\"},\"datePublished\":\"2015-09-21T15:18:25+00:00\",\"dateModified\":\"2015-11-09T16:15:13+00:00\",\"description\":\"Desde el Club Cecot Internacionalitzaci\u00f3 os facilitamos una relaci\u00f3n de los enlaces m\u00e1s interesante para potenciar vuestras acciones de comercio exterior.\",\"breadcrumb\":{\"@id\":\"https:\/\/www.cecotinternacionalitzacio.org\/es\/sobre-el-club\/enlaces-imprescindibles\/#breadcrumb\"},\"inLanguage\":\"es\",\"potentialAction\":[{\"@type\":\"ReadAction\",\"target\":[\"https:\/\/www.cecotinternacionalitzacio.org\/es\/sobre-el-club\/enlaces-imprescindibles\/\"]}]},{\"@type\":\"BreadcrumbList\",\"@id\":\"https:\/\/www.cecotinternacionalitzacio.org\/es\/sobre-el-club\/enlaces-imprescindibles\/#breadcrumb\",\"itemListElement\":[{\"@type\":\"ListItem\",\"position\":1,\"name\":\"Inici\",\"item\":\"https:\/\/www.cecotinternacionalitzacio.org\/es\/\"},{\"@type\":\"ListItem\",\"position\":2,\"name\":\"Sobre el Club\",\"item\":\"https:\/\/www.cecotinternacionalitzacio.org\/es\/sobre-el-club\/\"},{\"@type\":\"ListItem\",\"position\":3,\"name\":\"Enlaces imprescindibles\"}]},{\"@type\":\"WebSite\",\"@id\":\"https:\/\/www.cecotinternacionalitzacio.org\/#website\",\"url\":\"https:\/\/www.cecotinternacionalitzacio.org\/\",\"name\":\"Club Cecot Internacionalitzaci\u00f3\",\"description\":\"Un foro de intercamio de experiencias sobre la actividad exportadora de las empresas\",\"publisher\":{\"@id\":\"https:\/\/www.cecotinternacionalitzacio.org\/#organization\"},\"potentialAction\":[{\"@type\":\"SearchAction\",\"target\":{\"@type\":\"EntryPoint\",\"urlTemplate\":\"https:\/\/www.cecotinternacionalitzacio.org\/?s={search_term_string}\"},\"query-input\":\"required name=search_term_string\"}],\"inLanguage\":\"es\"},{\"@type\":\"Organization\",\"@id\":\"https:\/\/www.cecotinternacionalitzacio.org\/#organization\",\"name\":\"Club Cecot Internacionalitzaci\u00f3\",\"url\":\"https:\/\/www.cecotinternacionalitzacio.org\/\",\"sameAs\":[],\"logo\":{\"@type\":\"ImageObject\",\"inLanguage\":\"es\",\"@id\":\"https:\/\/www.cecotinternacionalitzacio.org\/#\/schema\/logo\/image\/\",\"url\":\"https:\/\/www.cecotinternacionalitzacio.org\/wp-content\/uploads\/2015\/07\/Logo_Club_Int_165x60.png\",\"contentUrl\":\"https:\/\/www.cecotinternacionalitzacio.org\/wp-content\/uploads\/2015\/07\/Logo_Club_Int_165x60.png\",\"width\":165,\"height\":60,\"caption\":\"Club Cecot Internacionalitzaci\u00f3\"},\"image\":{\"@id\":\"https:\/\/www.cecotinternacionalitzacio.org\/#\/schema\/logo\/image\/\"}}]}<\/script>\n<!-- \/ Yoast SEO plugin. -->","yoast_head_json":{"title":"Enlaces imprescindibles - Club Cecot Internacionalitzaci\u00f3","description":"Desde el Club Cecot Internacionalitzaci\u00f3 os facilitamos una relaci\u00f3n de los enlaces m\u00e1s interesante para potenciar vuestras acciones de comercio exterior.","robots":{"index":"noindex","follow":"follow","max-snippet":"max-snippet:-1","max-image-preview":"max-image-preview:large","max-video-preview":"max-video-preview:-1"},"og_locale":"es_ES","og_type":"article","og_title":"Enlaces imprescindibles - Club Cecot Internacionalitzaci\u00f3","og_description":"Desde el Club Cecot Internacionalitzaci\u00f3 os facilitamos una relaci\u00f3n de los enlaces m\u00e1s interesante para potenciar vuestras acciones de comercio exterior.","og_url":"https:\/\/www.cecotinternacionalitzacio.org\/es\/sobre-el-club\/enlaces-imprescindibles\/","og_site_name":"Club Cecot Internacionalitzaci\u00f3","article_modified_time":"2015-11-09T16:15:13+00:00","og_image":[{"width":669,"height":502,"url":"https:\/\/www.cecotinternacionalitzacio.org\/wp-content\/uploads\/2015\/09\/enlaces.jpg","type":"image\/jpeg"}],"twitter_card":"summary","twitter_misc":{"Tiempo de lectura":"2 minutos"},"schema":{"@context":"https:\/\/schema.org","@graph":[{"@type":"WebPage","@id":"https:\/\/www.cecotinternacionalitzacio.org\/es\/sobre-el-club\/enlaces-imprescindibles\/","url":"https:\/\/www.cecotinternacionalitzacio.org\/es\/sobre-el-club\/enlaces-imprescindibles\/","name":"Enlaces imprescindibles - Club Cecot Internacionalitzaci\u00f3","isPartOf":{"@id":"https:\/\/www.cecotinternacionalitzacio.org\/#website"},"datePublished":"2015-09-21T15:18:25+00:00","dateModified":"2015-11-09T16:15:13+00:00","description":"Desde el Club Cecot Internacionalitzaci\u00f3 os facilitamos una relaci\u00f3n de los enlaces m\u00e1s interesante para potenciar vuestras acciones de comercio exterior.","breadcrumb":{"@id":"https:\/\/www.cecotinternacionalitzacio.org\/es\/sobre-el-club\/enlaces-imprescindibles\/#breadcrumb"},"inLanguage":"es","potentialAction":[{"@type":"ReadAction","target":["https:\/\/www.cecotinternacionalitzacio.org\/es\/sobre-el-club\/enlaces-imprescindibles\/"]}]},{"@type":"BreadcrumbList","@id":"https:\/\/www.cecotinternacionalitzacio.org\/es\/sobre-el-club\/enlaces-imprescindibles\/#breadcrumb","itemListElement":[{"@type":"ListItem","position":1,"name":"Inici","item":"https:\/\/www.cecotinternacionalitzacio.org\/es\/"},{"@type":"ListItem","position":2,"name":"Sobre el Club","item":"https:\/\/www.cecotinternacionalitzacio.org\/es\/sobre-el-club\/"},{"@type":"ListItem","position":3,"name":"Enlaces imprescindibles"}]},{"@type":"WebSite","@id":"https:\/\/www.cecotinternacionalitzacio.org\/#website","url":"https:\/\/www.cecotinternacionalitzacio.org\/","name":"Club Cecot Internacionalitzaci\u00f3","description":"Un foro de intercamio de experiencias sobre la actividad exportadora de las empresas","publisher":{"@id":"https:\/\/www.cecotinternacionalitzacio.org\/#organization"},"potentialAction":[{"@type":"SearchAction","target":{"@type":"EntryPoint","urlTemplate":"https:\/\/www.cecotinternacionalitzacio.org\/?s={search_term_string}"},"query-input":"required name=search_term_string"}],"inLanguage":"es"},{"@type":"Organization","@id":"https:\/\/www.cecotinternacionalitzacio.org\/#organization","name":"Club Cecot Internacionalitzaci\u00f3","url":"https:\/\/www.cecotinternacionalitzacio.org\/","sameAs":[],"logo":{"@type":"ImageObject","inLanguage":"es","@id":"https:\/\/www.cecotinternacionalitzacio.org\/#\/schema\/logo\/image\/","url":"https:\/\/www.cecotinternacionalitzacio.org\/wp-content\/uploads\/2015\/07\/Logo_Club_Int_165x60.png","contentUrl":"https:\/\/www.cecotinternacionalitzacio.org\/wp-content\/uploads\/2015\/07\/Logo_Club_Int_165x60.png","width":165,"height":60,"caption":"Club Cecot Internacionalitzaci\u00f3"},"image":{"@id":"https:\/\/www.cecotinternacionalitzacio.org\/#\/schema\/logo\/image\/"}}]}},"_links":{"self":[{"href":"https:\/\/www.cecotinternacionalitzacio.org\/es\/wp-json\/wp\/v2\/pages\/1376"}],"collection":[{"href":"https:\/\/www.cecotinternacionalitzacio.org\/es\/wp-json\/wp\/v2\/pages"}],"about":[{"href":"https:\/\/www.cecotinternacionalitzacio.org\/es\/wp-json\/wp\/v2\/types\/page"}],"author":[{"embeddable":true,"href":"https:\/\/www.cecotinternacionalitzacio.org\/es\/wp-json\/wp\/v2\/users\/1"}],"replies":[{"embeddable":true,"href":"https:\/\/www.cecotinternacionalitzacio.org\/es\/wp-json\/wp\/v2\/comments?post=1376"}],"version-history":[{"count":0,"href":"https:\/\/www.cecotinternacionalitzacio.org\/es\/wp-json\/wp\/v2\/pages\/1376\/revisions"}],"up":[{"embeddable":true,"href":"https:\/\/www.cecotinternacionalitzacio.org\/es\/wp-json\/wp\/v2\/pages\/834"}],"wp:featuredmedia":[{"embeddable":true,"href":"https:\/\/www.cecotinternacionalitzacio.org\/es\/wp-json\/wp\/v2\/media\/1408"}],"wp:attachment":[{"href":"https:\/\/www.cecotinternacionalitzacio.org\/es\/wp-json\/wp\/v2\/media?parent=1376"}],"curies":[{"name":"wp","href":"https:\/\/api.w.org\/{rel}","templated":true}]}}