{"id":2119,"date":"2015-10-23T10:17:35","date_gmt":"2015-10-23T10:17:35","guid":{"rendered":"http:\/\/www.cecotinternacionalitzacio.org\/es\/servicios-internacionalizacion\/programa-i-pime\/"},"modified":"2015-11-17T10:12:26","modified_gmt":"2015-11-17T10:12:26","slug":"programa-i-pime","status":"publish","type":"page","link":"https:\/\/www.cecotinternacionalitzacio.org\/es\/servicios-internacionalizacion\/programa-i-pime\/","title":{"rendered":"Programa I-PIME"},"content":{"rendered":"<div id=\"pl-2119\"  class=\"panel-layout\" ><div id=\"pg-2119-0\"  class=\"panel-grid panel-no-style\" ><div id=\"pgc-2119-0-0\"  class=\"panel-grid-cell\" ><div id=\"panel-2119-0-0-0\" class=\"so-panel widget widget_black-studio-tinymce widget_black_studio_tinymce panel-first-child panel-last-child\" data-index=\"0\" ><h3 class=\"widget-title\"><span class=\"widget-title__inline\">Programa de desarrollo internacional para la peque\u00f1a y mediana empresa  (I-PIME)<\/span><\/h3><div class=\"textwidget\"><p>Este programa es espec\u00edfico para la peque\u00f1a y mediana empresa catalana con el objetivo de desarrollar un marco de trabajo que permita a las empresas dise\u00f1ar un proyecto de internacionalizaci\u00f3n para mejorar el posicionamiento en el mercado y, como consecuencia, sus ventas.<\/p>\n<p>Es un programa totalmente interactivo donde en cada sesi\u00f3n aprenderemos paso a paso todos los aspectos necesarios para llevar a cabo un proyecto de este tipo.<\/p>\n<p>En este programa aprenderemos \"learning by doing\", es decir, combinaremos la teor\u00eda y la pr\u00e1ctica para poner r\u00e1pidamente todo el conocimiento aprendido en valor.<\/p>\n<p>Ser\u00e1 un programa donde intercambiaremos puntos de vista entre todos los asistentes. Y finalmente, nos enriqueceremos conjuntamente.<br \/>\n<div class=\"responsive-tabs\">\n<h2 class=\"tabtitle\">Dirigido a:<\/h2>\n<div class=\"tabcontent\">\n<br \/>\nEste programa va dirigido a propietarios, gerentes y directivos de PYME que deseen aumentar sus conocimientos en comercio exterior y desarrollar un Plan de Internacionalizaci\u00f3n para su empresa.<\/p>\n<p>\n<\/div><h2 class=\"tabtitle\">Beneficios:<\/h2>\n<div class=\"tabcontent\">\n<\/p>\n<ul>\n<li> Dise\u00f1ar una Nueva <strong>Propuesta de Valor<\/strong> m\u00e1s rompedora y competitiva para la empresa.<\/li>\n<li>Identificar aquellos <strong>Mercados Internacionales<\/strong> m\u00e1s interesantes.<\/li>\n<li>Conocer todos aquellos aspectos del <strong>Comercio Exterior<\/strong> que habr\u00e1 que tener presente a la hora de internacionalizarnos.<\/li>\n<li>Desarrollar mi <strong>\"International Business Plan\".<\/strong><\/li>\n<li>Disponer de un <strong>Asesoramiento Personalizado<\/strong> para concretar y ajustar aquellos aspectos particulares de la Empresa.<\/li>\n<li>Hacer una <strong>Presentaci\u00f3n de mi Proyecto<\/strong> en p\u00fablico para su validaci\u00f3n.<\/li>\n<\/ul>\n<p><\/div><\/div><\/p>\n<p><a href=\"https:\/\/www.cecotinternacionalitzacio.org\/wp-content\/uploads\/2015\/10\/I-pime.png\"><img class=\"alignnone size-full wp-image-1818\" src=\"https:\/\/www.cecotinternacionalitzacio.org\/wp-content\/uploads\/2015\/10\/I-pime.png\" alt=\"I-pime\" width=\"600\" height=\"435\" \/><\/a><\/p>\n<\/div><\/div><\/div><div id=\"pgc-2119-0-1\"  class=\"panel-grid-cell\" ><div id=\"panel-2119-0-1-0\" class=\"so-panel widget widget_black-studio-tinymce widget_black_studio_tinymce panel-first-child\" data-index=\"1\" ><div class=\"featured-widget panel-widget-style panel-widget-style-for-2119-0-1-0\" ><div class=\"textwidget\"><p><a href=\"https:\/\/www.cecotinternacionalitzacio.org\/wp-content\/uploads\/2015\/10\/ipime_01.jpg\"><img src=\"https:\/\/www.cecotinternacionalitzacio.org\/wp-content\/uploads\/2015\/10\/ipime_01.jpg\" alt=\"ipime_01\" width=\"600\" height=\"806\" class=\"alignnone size-full wp-image-1820\" \/><\/a><\/p>\n<\/div><\/div><\/div><div id=\"panel-2119-0-1-1\" class=\"so-panel widget widget_black-studio-tinymce widget_black_studio_tinymce panel-last-child\" data-index=\"2\" ><div class=\"textwidget\"><p><div class=\"ctsc-accordion ctsc-accordion-boxed\" data-group=\"ipime2\"><h4 class=\"ctsc-accordion-title\"><span class=\"ctsc-accordion-icon primary_color icon-globe\"><\/span> Metodolog\u00eda<\/h4><div class=\"ctsc-accordion-content\" style=\"display:none;\">\nEl programa consta de cuatro talleres donde la empresa trabaja conjuntamente con los diferentes ponentes los aspectos b\u00e1sicos para llevar a cabo su \"International Business Plan\", con un asesoramiento personalizado para reforzar el proyecto y, finalmente, poder hacer la presentaci\u00f3n de se caso ante el resto de empresas y ante un jurado para su validaci\u00f3n.<\/p>\n<p><strong>1er Taller: De la idea al modelo de negocio:<\/strong> Identificar y evaluar entre varios Modelos de Negocio el que nos permita reenfocar la empresa de cara a la internacionalizaci\u00f3n.<br \/>\n<strong>2\u00ba Taller: Mercados Internacionales:<\/strong> Identificar y evaluar los Potenciales Mercados Objetivo Internacionales.<br \/>\n<strong>3\u00ba Taller: \u00bfQu\u00e9 debo tener presente en el Comercio Exterior:<\/strong> Establecer los aspectos legales, contractuales, fiscales, administrativos, log\u00edsticos de los productos\/servicios en origen y en los mercados de destino.<br \/>\n<strong>4\u00ba Taller: Dise\u00f1o del International Business Plan.<\/strong> Construir paso a paso un <strong>International Business Plan<\/strong><em> personalizado<\/em>.<\/div><\/div><div class=\"ctsc-accordion ctsc-accordion-boxed\" data-group=\"ipime2\"><h4 class=\"ctsc-accordion-title\"><span class=\"ctsc-accordion-icon primary_color icon-globe\"><\/span> Fases<\/h4><div class=\"ctsc-accordion-content\" style=\"display:none;\">\n<strong>1\u00aa Fase: Asesoramiento personalizado:<\/strong> Ayuda para la realizaci\u00f3n del International Business Plan para cada empresa, asesor\u00e1ndole en los aspectos m\u00e1s importantes.<br \/>\n<strong>2\u00aa Fase: Presentaci\u00f3n de Proyectos:<\/strong> Evaluar y valorizar los trabajos realizados.<\/div><\/div><div class=\"ctsc-accordion ctsc-accordion-boxed\" data-group=\"ipime2\"><h4 class=\"ctsc-accordion-title\"><span class=\"ctsc-accordion-icon primary_color icon-globe\"><\/span> Equipo<\/h4><div class=\"ctsc-accordion-content\" style=\"display:none;\">\nEl programa se desarrolla con la participaci\u00f3n de:<\/p>\n<ul>\n<li>El equipo de internacionalizaci\u00f3n de <strong>Cecot<\/strong>.<\/li>\n<li><strong>Consultores<\/strong>, especializados en estrategia empresarial e internacionalizaci\u00f3n con m\u00e1s de 15 a\u00f1os de experiencia y profesionales formados y experimentados en el campo del asesoramiento empresarial de System Group<\/li>\n<p><\/ ul><br \/>\n<\/div><\/div><div class=\"ctsc-accordion ctsc-accordion-open ctsc-accordion-boxed\" data-group=\"ipime2\"><h4 class=\"ctsc-accordion-title\"><span class=\"ctsc-accordion-icon primary_color icon-globe\"><\/span> Condiciones<\/h4><div class=\"ctsc-accordion-content\">\nLa metodolog\u00eda ser\u00e1 <strong>totalmente pr\u00e1ctica e interactiva<\/strong> para ayudar a las empresas participantes poder r\u00e1pidamente incorporar los conocimientos aprendidos en su caso empresarial.<\/p>\n<p>La duraci\u00f3n del programa es de <strong>14 semanas<\/strong>.<br \/>\n<\/div><\/div><\/p>\n<\/div><\/div><\/div><\/div><\/div>","protected":false},"excerpt":{"rendered":"<p>Este es un programa espec\u00edfico para la Peque\u00f1a y Mediana Empresa Catalana para desarrollar un marco de trabajo que le permita dise\u00f1ar un proyecto de internacionalizaci\u00f3n. <a class=\"moretag\" href=\"https:\/\/www.cecotinternacionalitzacio.org\/es\/servicios-internacionalizacion\/programa-i-pime\/\"><br \/>Llegir m\u00e9s &raquo;<\/a><\/p>\n","protected":false},"author":1,"featured_media":1825,"parent":866,"menu_order":0,"comment_status":"closed","ping_status":"closed","template":"","meta":{"_exactmetrics_skip_tracking":false,"_exactmetrics_sitenote_active":false,"_exactmetrics_sitenote_note":"","_exactmetrics_sitenote_category":0},"acf":[],"yoast_head":"<!-- This site is optimized with the Yoast SEO plugin v19.6.1 - https:\/\/yoast.com\/wordpress\/plugins\/seo\/ -->\n<title>Programa I-PIME - Club Cecot Internacionalitzaci\u00f3<\/title>\n<meta name=\"description\" content=\"Este es un programa espec\u00edfico para la Peque\u00f1a y Mediana Empresa (PYME) catalana para ayudar al desarrollo de proyectos de internacionalizaci\u00f3n.\" \/>\n<meta name=\"robots\" content=\"noindex, follow, max-snippet:-1, max-image-preview:large, max-video-preview:-1\" \/>\n<meta property=\"og:locale\" content=\"es_ES\" \/>\n<meta property=\"og:type\" content=\"article\" \/>\n<meta property=\"og:title\" content=\"Programa I-PIME - Club Cecot Internacionalitzaci\u00f3\" \/>\n<meta property=\"og:description\" content=\"Este es un programa espec\u00edfico para la Peque\u00f1a y Mediana Empresa (PYME) catalana para ayudar al desarrollo de proyectos de internacionalizaci\u00f3n.\" \/>\n<meta property=\"og:url\" content=\"https:\/\/www.cecotinternacionalitzacio.org\/es\/servicios-internacionalizacion\/programa-i-pime\/\" \/>\n<meta property=\"og:site_name\" content=\"Club Cecot Internacionalitzaci\u00f3\" \/>\n<meta property=\"article:modified_time\" content=\"2015-11-17T10:12:26+00:00\" \/>\n<meta property=\"og:image\" content=\"https:\/\/www.cecotinternacionalitzacio.org\/wp-content\/uploads\/2015\/10\/ipime_02.jpg\" \/>\n\t<meta property=\"og:image:width\" content=\"360\" \/>\n\t<meta property=\"og:image:height\" content=\"240\" \/>\n\t<meta property=\"og:image:type\" content=\"image\/jpeg\" \/>\n<meta name=\"twitter:card\" content=\"summary\" \/>\n<meta name=\"twitter:label1\" content=\"Tiempo de lectura\" \/>\n\t<meta name=\"twitter:data1\" content=\"2 minutos\" \/>\n<script type=\"application\/ld+json\" class=\"yoast-schema-graph\">{\"@context\":\"https:\/\/schema.org\",\"@graph\":[{\"@type\":\"WebPage\",\"@id\":\"https:\/\/www.cecotinternacionalitzacio.org\/es\/servicios-internacionalizacion\/programa-i-pime\/\",\"url\":\"https:\/\/www.cecotinternacionalitzacio.org\/es\/servicios-internacionalizacion\/programa-i-pime\/\",\"name\":\"Programa I-PIME - Club Cecot Internacionalitzaci\u00f3\",\"isPartOf\":{\"@id\":\"https:\/\/www.cecotinternacionalitzacio.org\/#website\"},\"datePublished\":\"2015-10-23T10:17:35+00:00\",\"dateModified\":\"2015-11-17T10:12:26+00:00\",\"description\":\"Este es un programa espec\u00edfico para la Peque\u00f1a y Mediana Empresa (PYME) catalana para ayudar al desarrollo de proyectos de internacionalizaci\u00f3n.\",\"breadcrumb\":{\"@id\":\"https:\/\/www.cecotinternacionalitzacio.org\/es\/servicios-internacionalizacion\/programa-i-pime\/#breadcrumb\"},\"inLanguage\":\"es\",\"potentialAction\":[{\"@type\":\"ReadAction\",\"target\":[\"https:\/\/www.cecotinternacionalitzacio.org\/es\/servicios-internacionalizacion\/programa-i-pime\/\"]}]},{\"@type\":\"BreadcrumbList\",\"@id\":\"https:\/\/www.cecotinternacionalitzacio.org\/es\/servicios-internacionalizacion\/programa-i-pime\/#breadcrumb\",\"itemListElement\":[{\"@type\":\"ListItem\",\"position\":1,\"name\":\"Inici\",\"item\":\"https:\/\/www.cecotinternacionalitzacio.org\/es\/\"},{\"@type\":\"ListItem\",\"position\":2,\"name\":\"Servicios a la Internacionalizaci\u00f3n\",\"item\":\"https:\/\/www.cecotinternacionalitzacio.org\/es\/servicios-internacionalizacion\/\"},{\"@type\":\"ListItem\",\"position\":3,\"name\":\"Programa I-PIME\"}]},{\"@type\":\"WebSite\",\"@id\":\"https:\/\/www.cecotinternacionalitzacio.org\/#website\",\"url\":\"https:\/\/www.cecotinternacionalitzacio.org\/\",\"name\":\"Club Cecot Internacionalitzaci\u00f3\",\"description\":\"Un foro de intercamio de experiencias sobre la actividad exportadora de las empresas\",\"publisher\":{\"@id\":\"https:\/\/www.cecotinternacionalitzacio.org\/#organization\"},\"potentialAction\":[{\"@type\":\"SearchAction\",\"target\":{\"@type\":\"EntryPoint\",\"urlTemplate\":\"https:\/\/www.cecotinternacionalitzacio.org\/?s={search_term_string}\"},\"query-input\":\"required name=search_term_string\"}],\"inLanguage\":\"es\"},{\"@type\":\"Organization\",\"@id\":\"https:\/\/www.cecotinternacionalitzacio.org\/#organization\",\"name\":\"Club Cecot Internacionalitzaci\u00f3\",\"url\":\"https:\/\/www.cecotinternacionalitzacio.org\/\",\"sameAs\":[],\"logo\":{\"@type\":\"ImageObject\",\"inLanguage\":\"es\",\"@id\":\"https:\/\/www.cecotinternacionalitzacio.org\/#\/schema\/logo\/image\/\",\"url\":\"https:\/\/www.cecotinternacionalitzacio.org\/wp-content\/uploads\/2015\/07\/Logo_Club_Int_165x60.png\",\"contentUrl\":\"https:\/\/www.cecotinternacionalitzacio.org\/wp-content\/uploads\/2015\/07\/Logo_Club_Int_165x60.png\",\"width\":165,\"height\":60,\"caption\":\"Club Cecot Internacionalitzaci\u00f3\"},\"image\":{\"@id\":\"https:\/\/www.cecotinternacionalitzacio.org\/#\/schema\/logo\/image\/\"}}]}<\/script>\n<!-- \/ Yoast SEO plugin. -->","yoast_head_json":{"title":"Programa I-PIME - Club Cecot Internacionalitzaci\u00f3","description":"Este es un programa espec\u00edfico para la Peque\u00f1a y Mediana Empresa (PYME) catalana para ayudar al desarrollo de proyectos de internacionalizaci\u00f3n.","robots":{"index":"noindex","follow":"follow","max-snippet":"max-snippet:-1","max-image-preview":"max-image-preview:large","max-video-preview":"max-video-preview:-1"},"og_locale":"es_ES","og_type":"article","og_title":"Programa I-PIME - Club Cecot Internacionalitzaci\u00f3","og_description":"Este es un programa espec\u00edfico para la Peque\u00f1a y Mediana Empresa (PYME) catalana para ayudar al desarrollo de proyectos de internacionalizaci\u00f3n.","og_url":"https:\/\/www.cecotinternacionalitzacio.org\/es\/servicios-internacionalizacion\/programa-i-pime\/","og_site_name":"Club Cecot Internacionalitzaci\u00f3","article_modified_time":"2015-11-17T10:12:26+00:00","og_image":[{"width":360,"height":240,"url":"https:\/\/www.cecotinternacionalitzacio.org\/wp-content\/uploads\/2015\/10\/ipime_02.jpg","type":"image\/jpeg"}],"twitter_card":"summary","twitter_misc":{"Tiempo de lectura":"2 minutos"},"schema":{"@context":"https:\/\/schema.org","@graph":[{"@type":"WebPage","@id":"https:\/\/www.cecotinternacionalitzacio.org\/es\/servicios-internacionalizacion\/programa-i-pime\/","url":"https:\/\/www.cecotinternacionalitzacio.org\/es\/servicios-internacionalizacion\/programa-i-pime\/","name":"Programa I-PIME - Club Cecot Internacionalitzaci\u00f3","isPartOf":{"@id":"https:\/\/www.cecotinternacionalitzacio.org\/#website"},"datePublished":"2015-10-23T10:17:35+00:00","dateModified":"2015-11-17T10:12:26+00:00","description":"Este es un programa espec\u00edfico para la Peque\u00f1a y Mediana Empresa (PYME) catalana para ayudar al desarrollo de proyectos de internacionalizaci\u00f3n.","breadcrumb":{"@id":"https:\/\/www.cecotinternacionalitzacio.org\/es\/servicios-internacionalizacion\/programa-i-pime\/#breadcrumb"},"inLanguage":"es","potentialAction":[{"@type":"ReadAction","target":["https:\/\/www.cecotinternacionalitzacio.org\/es\/servicios-internacionalizacion\/programa-i-pime\/"]}]},{"@type":"BreadcrumbList","@id":"https:\/\/www.cecotinternacionalitzacio.org\/es\/servicios-internacionalizacion\/programa-i-pime\/#breadcrumb","itemListElement":[{"@type":"ListItem","position":1,"name":"Inici","item":"https:\/\/www.cecotinternacionalitzacio.org\/es\/"},{"@type":"ListItem","position":2,"name":"Servicios a la Internacionalizaci\u00f3n","item":"https:\/\/www.cecotinternacionalitzacio.org\/es\/servicios-internacionalizacion\/"},{"@type":"ListItem","position":3,"name":"Programa I-PIME"}]},{"@type":"WebSite","@id":"https:\/\/www.cecotinternacionalitzacio.org\/#website","url":"https:\/\/www.cecotinternacionalitzacio.org\/","name":"Club Cecot Internacionalitzaci\u00f3","description":"Un foro de intercamio de experiencias sobre la actividad exportadora de las empresas","publisher":{"@id":"https:\/\/www.cecotinternacionalitzacio.org\/#organization"},"potentialAction":[{"@type":"SearchAction","target":{"@type":"EntryPoint","urlTemplate":"https:\/\/www.cecotinternacionalitzacio.org\/?s={search_term_string}"},"query-input":"required name=search_term_string"}],"inLanguage":"es"},{"@type":"Organization","@id":"https:\/\/www.cecotinternacionalitzacio.org\/#organization","name":"Club Cecot Internacionalitzaci\u00f3","url":"https:\/\/www.cecotinternacionalitzacio.org\/","sameAs":[],"logo":{"@type":"ImageObject","inLanguage":"es","@id":"https:\/\/www.cecotinternacionalitzacio.org\/#\/schema\/logo\/image\/","url":"https:\/\/www.cecotinternacionalitzacio.org\/wp-content\/uploads\/2015\/07\/Logo_Club_Int_165x60.png","contentUrl":"https:\/\/www.cecotinternacionalitzacio.org\/wp-content\/uploads\/2015\/07\/Logo_Club_Int_165x60.png","width":165,"height":60,"caption":"Club Cecot Internacionalitzaci\u00f3"},"image":{"@id":"https:\/\/www.cecotinternacionalitzacio.org\/#\/schema\/logo\/image\/"}}]}},"_links":{"self":[{"href":"https:\/\/www.cecotinternacionalitzacio.org\/es\/wp-json\/wp\/v2\/pages\/2119"}],"collection":[{"href":"https:\/\/www.cecotinternacionalitzacio.org\/es\/wp-json\/wp\/v2\/pages"}],"about":[{"href":"https:\/\/www.cecotinternacionalitzacio.org\/es\/wp-json\/wp\/v2\/types\/page"}],"author":[{"embeddable":true,"href":"https:\/\/www.cecotinternacionalitzacio.org\/es\/wp-json\/wp\/v2\/users\/1"}],"replies":[{"embeddable":true,"href":"https:\/\/www.cecotinternacionalitzacio.org\/es\/wp-json\/wp\/v2\/comments?post=2119"}],"version-history":[{"count":0,"href":"https:\/\/www.cecotinternacionalitzacio.org\/es\/wp-json\/wp\/v2\/pages\/2119\/revisions"}],"up":[{"embeddable":true,"href":"https:\/\/www.cecotinternacionalitzacio.org\/es\/wp-json\/wp\/v2\/pages\/866"}],"wp:featuredmedia":[{"embeddable":true,"href":"https:\/\/www.cecotinternacionalitzacio.org\/es\/wp-json\/wp\/v2\/media\/1825"}],"wp:attachment":[{"href":"https:\/\/www.cecotinternacionalitzacio.org\/es\/wp-json\/wp\/v2\/media?parent=2119"}],"curies":[{"name":"wp","href":"https:\/\/api.w.org\/{rel}","templated":true}]}}