{"id":2135,"date":"2015-09-21T19:13:30","date_gmt":"2015-09-21T19:13:30","guid":{"rendered":"http:\/\/www.cecotinternacionalitzacio.org\/es\/servicios-internacionalizacion\/formacio-internacionalitzacio\/"},"modified":"2016-03-09T15:06:55","modified_gmt":"2016-03-09T15:06:55","slug":"formacion-internacionalizacion","status":"publish","type":"page","link":"https:\/\/www.cecotinternacionalitzacio.org\/es\/servicios-internacionalizacion\/formacion-internacionalizacion\/","title":{"rendered":"Formaci\u00f3n"},"content":{"rendered":"<div id=\"pl-2135\"  class=\"panel-layout\" ><div id=\"pg-2135-0\"  class=\"panel-grid panel-no-style\" ><div id=\"pgc-2135-0-0\"  class=\"panel-grid-cell\" ><div id=\"panel-2135-0-0-0\" class=\"so-panel widget widget_black-studio-tinymce widget_black_studio_tinymce panel-first-child panel-last-child\" data-index=\"0\" ><h3 class=\"widget-title\"><span class=\"widget-title__inline\">Formaci\u00f3n en Internacionalizaci\u00f3n<\/span><\/h3><div class=\"textwidget\"><p>El Club Cecot Internacionalizaci\u00f3n <strong>organiza peri\u00f3dicamente cursos y seminarios<\/strong> para conocer las implicaciones jur\u00eddicas, fiscales y administrativas espec\u00edficas para las prestaciones de servicios en el exterior con o sin desplazamiento de personal, con env\u00edo o no de materiales.<\/p>\n<p>Si desea adquirir<strong> un conocimiento exhaustivo de todos los aspectos operativos que debe tener en cuenta su empresa cuando ha de prestar servicios en el exterior<\/strong>, consulte toda la formaci\u00f3n que ponemos a su alcance.<\/p>\n<\/div><\/div><\/div><div id=\"pgc-2135-0-1\"  class=\"panel-grid-cell\" ><div id=\"panel-2135-0-1-0\" class=\"so-panel widget widget_black-studio-tinymce widget_black_studio_tinymce panel-first-child panel-last-child\" data-index=\"1\" ><div class=\"featured-widget panel-widget-style panel-widget-style-for-2135-0-1-0\" ><div class=\"textwidget\"><p><a href=\"https:\/\/www.cecotinternacionalitzacio.org\/wp-content\/uploads\/2015\/09\/formacio_031.gif\"><img class=\"aligncenter size-full wp-image-2559\" src=\"https:\/\/www.cecotinternacionalitzacio.org\/wp-content\/uploads\/2015\/09\/formacio_031.gif\" alt=\"formacio_03\" width=\"334\" height=\"357\" \/><\/a><\/p>\n<\/div><\/div><\/div><\/div><\/div><div id=\"pg-2135-1\"  class=\"panel-grid panel-no-style\" ><div id=\"pgc-2135-1-0\"  class=\"panel-grid-cell\" ><div id=\"panel-2135-1-0-0\" class=\"so-panel widget widget_pw_call_to_action widget-call-to-action panel-first-child\" data-index=\"2\" ><div class=\"panel-widget-style panel-widget-style-for-2135-1-0-0\" >\t\t\t\t<div class=\"call-to-action\">\n\t\t\t\t\t<div class=\"call-to-action__text\">\n\t\t\t\t\t\tM\u00e1s informaci\u00f3n, para conocer toda la oferta formativa\t\t\t\t\t<\/div>\n\t\t\t\t\t<div class=\"call-to-action__button\">\n\t\t\t\t\t\t <a class=\"btn    btn-warning\" href=\"http:\/\/www.cecot.org\/Home\/RRHH\/formacio\/cercador\/_dTsCZoI_CL1FJPaxBOf4_PPxYU06P2ytlvdU-vnw27og0sPNtnHKbt7x1G3ljgWcCmx80cFtdxxaBm4qW6wuJv0R8d722t8arKdZnhERCMY-jks3HX8d-DJsKLMcDuA59NfNj3C1KVU\" target=\"_blank\">IN<STRONG>F\u00d3RMATE<\/STRONG> AQU\u00cd<\/a>\t\t\t\t\t<\/div>\n\t\t\t\t<\/div>\n\t\t\t<\/div><\/div><div id=\"panel-2135-1-0-1\" class=\"so-panel widget widget_black-studio-tinymce widget_black_studio_tinymce panel-last-child\" data-index=\"3\" ><div class=\"textwidget\"><p><div class=\"ctsc-accordion ctsc-accordion-boxed\" data-group=\"formulari\"><h4 class=\"ctsc-accordion-title\"><span class=\"ctsc-accordion-icon primary_color icon-file-text-o\"><\/span> Formulario de solicitud<\/h4><div class=\"ctsc-accordion-content\" style=\"display:none;\">\n<p>Las empresas interesadas en solicitar alg\u00fan servicio de formaci\u00f3n nos lo puede hacer saber rellenando este formulario:<\/p>\n<p>\n<div class=\"wpcf7 no-js\" id=\"wpcf7-f2556-o1\" lang=\"es-ES\" dir=\"ltr\">\n<div class=\"screen-reader-response\"><p role=\"status\" aria-live=\"polite\" aria-atomic=\"true\"><\/p> <ul><\/ul><\/div>\n<form action=\"\/es\/wp-json\/wp\/v2\/pages\/2135#wpcf7-f2556-o1\" method=\"post\" class=\"wpcf7-form init wpcf7-acceptance-as-validation\" aria-label=\"Formulario de contacto\" novalidate=\"novalidate\" data-status=\"init\">\n<div style=\"display: none;\">\n<input type=\"hidden\" name=\"_wpcf7\" value=\"2556\" \/>\n<input type=\"hidden\" name=\"_wpcf7_version\" value=\"5.7.7\" \/>\n<input type=\"hidden\" name=\"_wpcf7_locale\" value=\"es_ES\" \/>\n<input type=\"hidden\" name=\"_wpcf7_unit_tag\" value=\"wpcf7-f2556-o1\" \/>\n<input type=\"hidden\" name=\"_wpcf7_container_post\" value=\"0\" \/>\n<input type=\"hidden\" name=\"_wpcf7_posted_data_hash\" value=\"\" \/>\n<input type=\"hidden\" name=\"_wpcf7_recaptcha_response\" value=\"\" \/>\n<\/div>\n<div class=\"row\">\n\t<div class=\"col-xs-12  col-md-6\">\n\t\t<p><span class=\"wpcf7-form-control-wrap\" data-name=\"teu-empresa\"><input size=\"40\" class=\"wpcf7-form-control wpcf7-text wpcf7-validates-as-required\" aria-required=\"true\" aria-invalid=\"false\" placeholder=\"Empresa*\" value=\"\" type=\"text\" name=\"teu-empresa\" \/><\/span>\n\t\t<\/p>\n\t<\/div>\n\t<div class=\"col-xs-12  col-md-6\">\n\t\t<p><span class=\"wpcf7-form-control-wrap\" data-name=\"teu-activitat\"><input size=\"40\" class=\"wpcf7-form-control wpcf7-text wpcf7-validates-as-required\" aria-required=\"true\" aria-invalid=\"false\" placeholder=\"Actividad*\" value=\"\" type=\"text\" name=\"teu-activitat\" \/><\/span>\n\t\t<\/p>\n\t<\/div>\n<\/div>\n<div class=\"row\">\n\t<div class=\"col-xs-12  col-md-6\">\n\t\t<p><span class=\"wpcf7-form-control-wrap\" data-name=\"teu-adreca\"><input size=\"40\" class=\"wpcf7-form-control wpcf7-text wpcf7-validates-as-required\" aria-required=\"true\" aria-invalid=\"false\" placeholder=\"Direcci\u00f3n*\" value=\"\" type=\"text\" name=\"teu-adreca\" \/><\/span>\n\t\t<\/p>\n\t<\/div>\n\t<div class=\"col-xs-12  col-md-6\">\n\t\t<p><span class=\"wpcf7-form-control-wrap\" data-name=\"teu-telefon\"><input size=\"40\" class=\"wpcf7-form-control wpcf7-text wpcf7-tel wpcf7-validates-as-required wpcf7-validates-as-tel\" aria-required=\"true\" aria-invalid=\"false\" placeholder=\"Tel\u00e9fono*\" value=\"\" type=\"tel\" name=\"teu-telefon\" \/><\/span>\n\t\t<\/p>\n\t<\/div>\n<\/div>\n<div class=\"row\">\n\t<div class=\"col-xs-12  col-md-6\">\n\t\t<p><span class=\"wpcf7-form-control-wrap\" data-name=\"teu-persona\"><input size=\"40\" class=\"wpcf7-form-control wpcf7-text wpcf7-validates-as-required\" aria-required=\"true\" aria-invalid=\"false\" placeholder=\"Persona de contacto:*\" value=\"\" type=\"text\" name=\"teu-persona\" \/><\/span>\n\t\t<\/p>\n\t<\/div>\n\t<div class=\"col-xs-12  col-md-6\">\n\t\t<p><span class=\"wpcf7-form-control-wrap\" data-name=\"teu-emailpersona\"><input size=\"40\" class=\"wpcf7-form-control wpcf7-text wpcf7-email wpcf7-validates-as-required wpcf7-validates-as-email\" aria-required=\"true\" aria-invalid=\"false\" placeholder=\"E-mail*\" value=\"\" type=\"email\" name=\"teu-emailpersona\" \/><\/span>\n\t\t<\/p>\n\t<\/div>\n<\/div>\n<div class=\"row\">\n\t<div class=\"col-xs-12\">\n\t\t<p><span class=\"wpcf7-form-control-wrap\" data-name=\"assumpte\"><select class=\"wpcf7-form-control wpcf7-select wpcf7-validates-as-required\" aria-required=\"true\" aria-invalid=\"false\" name=\"assumpte\"><option value=\"Asunto:*\">Asunto:*<\/option><option value=\"Proponer alg\u00fan curso\">Proponer alg\u00fan curso<\/option><option value=\"Formarse en alguna materia\">Formarse en alguna materia<\/option><option value=\"Demandar un curso in Company\">Demandar un curso in Company<\/option><option value=\"Otros\">Otros<\/option><\/select><\/span><br \/>\n<span class=\"wpcf7-form-control-wrap\" data-name=\"teu-tasques\"><textarea cols=\"40\" rows=\"10\" class=\"wpcf7-form-control wpcf7-textarea\" aria-invalid=\"false\" placeholder=\"Consulta\" name=\"teu-tasques\"><\/textarea><\/span>\n\t\t<\/p>\n\t<\/div>\n\t<div class=\"col-xs-12  col-md-12\">\n\t\t<p><span class=\"wpcf7-form-control-wrap\" data-name=\"acceptance-769\"><span class=\"wpcf7-form-control wpcf7-acceptance\"><span class=\"wpcf7-list-item\"><label><input type=\"checkbox\" name=\"acceptance-769\" value=\"1\" aria-invalid=\"false\" \/><span class=\"wpcf7-list-item-label\">He le\u00eddo y acepto la <a href=\"https:\/\/www.cecotinternacionalitzacio.org\/politica-de-privadesa\/\" target=\"_blank\" >Pol\u00edtica de Privacidad<\/a><\/span><\/label><\/span><\/span><\/span>\n\t\t<\/p>\n\t\t<p>*Antes de aceptar, debe leer la informaci\u00f3n b\u00e1sica sobre protecci\u00f3n de datos que se presenta al pie del formulario.\n\t\t<\/p>\n\t\t<p><b>Informaci\u00f3n b\u00e1sica 1\u00aa CAPA sobre Protecci\u00f3n de Datos<\/b>\n\t\t<\/p>\n\t\t<p><b>Responsable: <\/b> Cecot\n\t\t<\/p>\n\t\t<p><b>Finalidad: <\/b> Responder a las solicitudes de informaci\u00f3n del interesado y establecimiento o mantenimiento de Relaciones Comerciales.\n\t\t<\/p>\n\t\t<p><b>Legitimaci\u00f3n: <\/b> Consentimiento del interesado e inter\u00e9s leg\u00edtimo en el desarrollo de la relaci\u00f3n comercial.\n\t\t<\/p>\n\t\t<p><b>Destinatarios: <\/b> Las fundaciones, gremios y asociaciones del Grupo Cecot.\n\t\t<\/p>\n\t\t<p><b>Derechos: <\/b> Acceso, rectificaci\u00f3n, supresi\u00f3n, limitaci\u00f3n, oposici\u00f3n y portabilidad.\n\t\t<\/p>\n\t\t<p><b>Informaci\u00f3n adicional:<\/b> Pol\u00edtica de Privacidad en nuestra p\u00e1gina<a href=\"https:\/\/www.cecotinternacionalitzacio.org\/politica-de-privadesa\/\"> m\u00e1s informaci\u00f3n <\/a>\n\t\t<\/p>\n\t<\/div>\n\t<div class=\"col-xs-12 col-md-12\" Style=\"padding-top:20px;\">\n\t\t<p><input class=\"wpcf7-form-control has-spinner wpcf7-submit btn btn-primary\" type=\"submit\" value=\"ENVIAR\" \/>\n\t\t<\/p>\n\t<\/div>\n<\/div><p style=\"display: none !important;\" class=\"akismet-fields-container\" data-prefix=\"_wpcf7_ak_\"><label>&#916;<textarea name=\"_wpcf7_ak_hp_textarea\" cols=\"45\" rows=\"8\" maxlength=\"100\"><\/textarea><\/label><input type=\"hidden\" id=\"ak_js_1\" name=\"_wpcf7_ak_js\" value=\"81\"\/><script>document.getElementById( \"ak_js_1\" ).setAttribute( \"value\", ( new Date() ).getTime() );<\/script><\/p><div class=\"wpcf7-response-output\" aria-hidden=\"true\"><\/div>\n<\/form>\n<\/div>\n<br \/>\n<\/div><\/div><\/p>\n<\/div><\/div><\/div><\/div><\/div>","protected":false},"excerpt":{"rendered":"<p>El Club ofrece un amplio programa formativo que le ayudar\u00e1 a asegurar el \u00e9xito de sus negocios en el panorama internacional. Tambi\u00e9n encontrar\u00e1s enlaces a las agendas de actividades formativas de otras entidades. <a class=\"moretag\" href=\"https:\/\/www.cecotinternacionalitzacio.org\/es\/servicios-internacionalizacion\/formacion-internacionalizacion\/\"><br \/>Llegir m\u00e9s &raquo;<\/a><\/p>\n","protected":false},"author":1,"featured_media":1428,"parent":866,"menu_order":8,"comment_status":"closed","ping_status":"closed","template":"","meta":{"_exactmetrics_skip_tracking":false,"_exactmetrics_sitenote_active":false,"_exactmetrics_sitenote_note":"","_exactmetrics_sitenote_category":0},"acf":[],"yoast_head":"<!-- This site is optimized with the Yoast SEO plugin v19.6.1 - https:\/\/yoast.com\/wordpress\/plugins\/seo\/ -->\n<title>Formaci\u00f3n - Club Cecot Internacionalitzaci\u00f3<\/title>\n<meta name=\"description\" content=\"El Club ofrece un amplio programa de formaci\u00f3n que le ayudar\u00e1 a asegurar el \u00e9xito de sus negocios en el panorama internacional.\" \/>\n<meta name=\"robots\" content=\"noindex, follow, max-snippet:-1, max-image-preview:large, max-video-preview:-1\" \/>\n<meta property=\"og:locale\" content=\"es_ES\" \/>\n<meta property=\"og:type\" content=\"article\" \/>\n<meta property=\"og:title\" content=\"Formaci\u00f3n - Club Cecot Internacionalitzaci\u00f3\" \/>\n<meta property=\"og:description\" content=\"El Club ofrece un amplio programa de formaci\u00f3n que le ayudar\u00e1 a asegurar el \u00e9xito de sus negocios en el panorama internacional.\" \/>\n<meta property=\"og:url\" content=\"https:\/\/www.cecotinternacionalitzacio.org\/es\/servicios-internacionalizacion\/formacion-internacionalizacion\/\" \/>\n<meta property=\"og:site_name\" content=\"Club Cecot Internacionalitzaci\u00f3\" \/>\n<meta property=\"article:modified_time\" content=\"2016-03-09T15:06:55+00:00\" \/>\n<meta property=\"og:image\" content=\"https:\/\/www.cecotinternacionalitzacio.org\/wp-content\/uploads\/2015\/09\/formacio.jpg\" \/>\n\t<meta property=\"og:image:width\" content=\"322\" \/>\n\t<meta property=\"og:image:height\" content=\"207\" \/>\n\t<meta property=\"og:image:type\" content=\"image\/jpeg\" \/>\n<meta name=\"twitter:card\" content=\"summary\" \/>\n<meta name=\"twitter:label1\" content=\"Tiempo de lectura\" \/>\n\t<meta name=\"twitter:data1\" content=\"1 minuto\" \/>\n<script type=\"application\/ld+json\" class=\"yoast-schema-graph\">{\"@context\":\"https:\/\/schema.org\",\"@graph\":[{\"@type\":\"WebPage\",\"@id\":\"https:\/\/www.cecotinternacionalitzacio.org\/es\/servicios-internacionalizacion\/formacion-internacionalizacion\/\",\"url\":\"https:\/\/www.cecotinternacionalitzacio.org\/es\/servicios-internacionalizacion\/formacion-internacionalizacion\/\",\"name\":\"Formaci\u00f3n - Club Cecot Internacionalitzaci\u00f3\",\"isPartOf\":{\"@id\":\"https:\/\/www.cecotinternacionalitzacio.org\/#website\"},\"datePublished\":\"2015-09-21T19:13:30+00:00\",\"dateModified\":\"2016-03-09T15:06:55+00:00\",\"description\":\"El Club ofrece un amplio programa de formaci\u00f3n que le ayudar\u00e1 a asegurar el \u00e9xito de sus negocios en el panorama internacional.\",\"breadcrumb\":{\"@id\":\"https:\/\/www.cecotinternacionalitzacio.org\/es\/servicios-internacionalizacion\/formacion-internacionalizacion\/#breadcrumb\"},\"inLanguage\":\"es\",\"potentialAction\":[{\"@type\":\"ReadAction\",\"target\":[\"https:\/\/www.cecotinternacionalitzacio.org\/es\/servicios-internacionalizacion\/formacion-internacionalizacion\/\"]}]},{\"@type\":\"BreadcrumbList\",\"@id\":\"https:\/\/www.cecotinternacionalitzacio.org\/es\/servicios-internacionalizacion\/formacion-internacionalizacion\/#breadcrumb\",\"itemListElement\":[{\"@type\":\"ListItem\",\"position\":1,\"name\":\"Inici\",\"item\":\"https:\/\/www.cecotinternacionalitzacio.org\/es\/\"},{\"@type\":\"ListItem\",\"position\":2,\"name\":\"Servicios a la Internacionalizaci\u00f3n\",\"item\":\"https:\/\/www.cecotinternacionalitzacio.org\/es\/servicios-internacionalizacion\/\"},{\"@type\":\"ListItem\",\"position\":3,\"name\":\"Formaci\u00f3n\"}]},{\"@type\":\"WebSite\",\"@id\":\"https:\/\/www.cecotinternacionalitzacio.org\/#website\",\"url\":\"https:\/\/www.cecotinternacionalitzacio.org\/\",\"name\":\"Club Cecot Internacionalitzaci\u00f3\",\"description\":\"Un foro de intercamio de experiencias sobre la actividad exportadora de las empresas\",\"publisher\":{\"@id\":\"https:\/\/www.cecotinternacionalitzacio.org\/#organization\"},\"potentialAction\":[{\"@type\":\"SearchAction\",\"target\":{\"@type\":\"EntryPoint\",\"urlTemplate\":\"https:\/\/www.cecotinternacionalitzacio.org\/?s={search_term_string}\"},\"query-input\":\"required name=search_term_string\"}],\"inLanguage\":\"es\"},{\"@type\":\"Organization\",\"@id\":\"https:\/\/www.cecotinternacionalitzacio.org\/#organization\",\"name\":\"Club Cecot Internacionalitzaci\u00f3\",\"url\":\"https:\/\/www.cecotinternacionalitzacio.org\/\",\"sameAs\":[],\"logo\":{\"@type\":\"ImageObject\",\"inLanguage\":\"es\",\"@id\":\"https:\/\/www.cecotinternacionalitzacio.org\/#\/schema\/logo\/image\/\",\"url\":\"https:\/\/www.cecotinternacionalitzacio.org\/wp-content\/uploads\/2015\/07\/Logo_Club_Int_165x60.png\",\"contentUrl\":\"https:\/\/www.cecotinternacionalitzacio.org\/wp-content\/uploads\/2015\/07\/Logo_Club_Int_165x60.png\",\"width\":165,\"height\":60,\"caption\":\"Club Cecot Internacionalitzaci\u00f3\"},\"image\":{\"@id\":\"https:\/\/www.cecotinternacionalitzacio.org\/#\/schema\/logo\/image\/\"}}]}<\/script>\n<!-- \/ Yoast SEO plugin. -->","yoast_head_json":{"title":"Formaci\u00f3n - Club Cecot Internacionalitzaci\u00f3","description":"El Club ofrece un amplio programa de formaci\u00f3n que le ayudar\u00e1 a asegurar el \u00e9xito de sus negocios en el panorama internacional.","robots":{"index":"noindex","follow":"follow","max-snippet":"max-snippet:-1","max-image-preview":"max-image-preview:large","max-video-preview":"max-video-preview:-1"},"og_locale":"es_ES","og_type":"article","og_title":"Formaci\u00f3n - Club Cecot Internacionalitzaci\u00f3","og_description":"El Club ofrece un amplio programa de formaci\u00f3n que le ayudar\u00e1 a asegurar el \u00e9xito de sus negocios en el panorama internacional.","og_url":"https:\/\/www.cecotinternacionalitzacio.org\/es\/servicios-internacionalizacion\/formacion-internacionalizacion\/","og_site_name":"Club Cecot Internacionalitzaci\u00f3","article_modified_time":"2016-03-09T15:06:55+00:00","og_image":[{"width":322,"height":207,"url":"https:\/\/www.cecotinternacionalitzacio.org\/wp-content\/uploads\/2015\/09\/formacio.jpg","type":"image\/jpeg"}],"twitter_card":"summary","twitter_misc":{"Tiempo de lectura":"1 minuto"},"schema":{"@context":"https:\/\/schema.org","@graph":[{"@type":"WebPage","@id":"https:\/\/www.cecotinternacionalitzacio.org\/es\/servicios-internacionalizacion\/formacion-internacionalizacion\/","url":"https:\/\/www.cecotinternacionalitzacio.org\/es\/servicios-internacionalizacion\/formacion-internacionalizacion\/","name":"Formaci\u00f3n - Club Cecot Internacionalitzaci\u00f3","isPartOf":{"@id":"https:\/\/www.cecotinternacionalitzacio.org\/#website"},"datePublished":"2015-09-21T19:13:30+00:00","dateModified":"2016-03-09T15:06:55+00:00","description":"El Club ofrece un amplio programa de formaci\u00f3n que le ayudar\u00e1 a asegurar el \u00e9xito de sus negocios en el panorama internacional.","breadcrumb":{"@id":"https:\/\/www.cecotinternacionalitzacio.org\/es\/servicios-internacionalizacion\/formacion-internacionalizacion\/#breadcrumb"},"inLanguage":"es","potentialAction":[{"@type":"ReadAction","target":["https:\/\/www.cecotinternacionalitzacio.org\/es\/servicios-internacionalizacion\/formacion-internacionalizacion\/"]}]},{"@type":"BreadcrumbList","@id":"https:\/\/www.cecotinternacionalitzacio.org\/es\/servicios-internacionalizacion\/formacion-internacionalizacion\/#breadcrumb","itemListElement":[{"@type":"ListItem","position":1,"name":"Inici","item":"https:\/\/www.cecotinternacionalitzacio.org\/es\/"},{"@type":"ListItem","position":2,"name":"Servicios a la Internacionalizaci\u00f3n","item":"https:\/\/www.cecotinternacionalitzacio.org\/es\/servicios-internacionalizacion\/"},{"@type":"ListItem","position":3,"name":"Formaci\u00f3n"}]},{"@type":"WebSite","@id":"https:\/\/www.cecotinternacionalitzacio.org\/#website","url":"https:\/\/www.cecotinternacionalitzacio.org\/","name":"Club Cecot Internacionalitzaci\u00f3","description":"Un foro de intercamio de experiencias sobre la actividad exportadora de las empresas","publisher":{"@id":"https:\/\/www.cecotinternacionalitzacio.org\/#organization"},"potentialAction":[{"@type":"SearchAction","target":{"@type":"EntryPoint","urlTemplate":"https:\/\/www.cecotinternacionalitzacio.org\/?s={search_term_string}"},"query-input":"required name=search_term_string"}],"inLanguage":"es"},{"@type":"Organization","@id":"https:\/\/www.cecotinternacionalitzacio.org\/#organization","name":"Club Cecot Internacionalitzaci\u00f3","url":"https:\/\/www.cecotinternacionalitzacio.org\/","sameAs":[],"logo":{"@type":"ImageObject","inLanguage":"es","@id":"https:\/\/www.cecotinternacionalitzacio.org\/#\/schema\/logo\/image\/","url":"https:\/\/www.cecotinternacionalitzacio.org\/wp-content\/uploads\/2015\/07\/Logo_Club_Int_165x60.png","contentUrl":"https:\/\/www.cecotinternacionalitzacio.org\/wp-content\/uploads\/2015\/07\/Logo_Club_Int_165x60.png","width":165,"height":60,"caption":"Club Cecot Internacionalitzaci\u00f3"},"image":{"@id":"https:\/\/www.cecotinternacionalitzacio.org\/#\/schema\/logo\/image\/"}}]}},"_links":{"self":[{"href":"https:\/\/www.cecotinternacionalitzacio.org\/es\/wp-json\/wp\/v2\/pages\/2135"}],"collection":[{"href":"https:\/\/www.cecotinternacionalitzacio.org\/es\/wp-json\/wp\/v2\/pages"}],"about":[{"href":"https:\/\/www.cecotinternacionalitzacio.org\/es\/wp-json\/wp\/v2\/types\/page"}],"author":[{"embeddable":true,"href":"https:\/\/www.cecotinternacionalitzacio.org\/es\/wp-json\/wp\/v2\/users\/1"}],"replies":[{"embeddable":true,"href":"https:\/\/www.cecotinternacionalitzacio.org\/es\/wp-json\/wp\/v2\/comments?post=2135"}],"version-history":[{"count":0,"href":"https:\/\/www.cecotinternacionalitzacio.org\/es\/wp-json\/wp\/v2\/pages\/2135\/revisions"}],"up":[{"embeddable":true,"href":"https:\/\/www.cecotinternacionalitzacio.org\/es\/wp-json\/wp\/v2\/pages\/866"}],"wp:featuredmedia":[{"embeddable":true,"href":"https:\/\/www.cecotinternacionalitzacio.org\/es\/wp-json\/wp\/v2\/media\/1428"}],"wp:attachment":[{"href":"https:\/\/www.cecotinternacionalitzacio.org\/es\/wp-json\/wp\/v2\/media?parent=2135"}],"curies":[{"name":"wp","href":"https:\/\/api.w.org\/{rel}","templated":true}]}}