{"id":2148,"date":"2015-10-26T15:02:19","date_gmt":"2015-10-26T15:02:19","guid":{"rendered":"http:\/\/www.cecotinternacionalitzacio.org\/es\/servicios-internacionalizacion\/programa-pdei\/"},"modified":"2015-11-17T10:09:56","modified_gmt":"2015-11-17T10:09:56","slug":"programa-pdei","status":"publish","type":"page","link":"https:\/\/www.cecotinternacionalitzacio.org\/es\/servicios-internacionalizacion\/programa-pdei\/","title":{"rendered":"Programa PDEI"},"content":{"rendered":"<div id=\"pl-2148\"  class=\"panel-layout\" ><div id=\"pg-2148-0\"  class=\"panel-grid panel-no-style\" ><div id=\"pgc-2148-0-0\"  class=\"panel-grid-cell\" ><div id=\"panel-2148-0-0-0\" class=\"so-panel widget widget_black-studio-tinymce widget_black_studio_tinymce panel-first-child panel-last-child\" data-index=\"0\" ><h3 class=\"widget-title\"><span class=\"widget-title__inline\">Programa de Desarrollo Empresarial para la Internacionalizaci\u00f3n (PDEI) <\/span><\/h3><div class=\"textwidget\"><h4>Le ayudamos a reposicionar estrat\u00e9gicamente la empresa para internacionalizar el negocio y aumentar las ventas.<\/h4>\n<p><a href=\"https:\/\/www.cecotinternacionalitzacio.org\/wp-content\/uploads\/2015\/10\/pdei_01.gif\"><img class=\"alignnone size-full wp-image-1,861o\" src=\"https:\/\/www.cecotinternacionalitzacio.org\/wp-content\/uploads\/2015\/10\/pdei_01.gif\" alt=\"pdei_01\" width =\"600\" height =\"600\"\/> <\/a><br \/>\nLos pr\u00f3ximos cinco a\u00f1os ser\u00e1n decisivos para que nuestra sociedad y empresas puedan asumir el papel internacional que tenemos que jugar en este nuevo escenario mundial. Una mayor competitividad en estos \u00faltimos a\u00f1os y un mundo cada vez m\u00e1s global, obligan a que las empresas tengan que desarrollar nuevas estrategias que las posicione de una manera m\u00e1s diferencial en el mercado.<\/p>\n<p>Ahora la innovaci\u00f3n basada s\u00f3lo en productos, servicios, procesos, etc. que sigue siendo necesaria, ya no es suficiente. Mantener hoy la competitividad implica adaptarse a un nuevo \u00e1mbito empresarial con unas nuevas caracter\u00edsticas globales y tecnol\u00f3gicas.<\/p>\n<p>El programa <strong>PDEI<\/strong>, pretende ser una referencia para la mediana empresa catalana para que sea capaz de internacionalizarse en un entorno que cada vez es m\u00e1s global. Un nuevo entorno que requiere de nuevas formas de abordarlo. Este es el objetivo del <strong>PDEI <\/strong>: transformar su empresa en una empresa internacional.<\/p>\n<\/div><\/div><\/div><div id=\"pgc-2148-0-1\"  class=\"panel-grid-cell\" ><div id=\"panel-2148-0-1-0\" class=\"so-panel widget widget_black-studio-tinymce widget_black_studio_tinymce panel-first-child\" data-index=\"1\" ><div class=\"featured-widget panel-widget-style panel-widget-style-for-2148-0-1-0\" ><div class=\"textwidget\"><p><a href=\"https:\/\/www.cecotinternacionalitzacio.org\/wp-content\/uploads\/2015\/10\/pdei_01.jpg\"><img src=\"https:\/\/www.cecotinternacionalitzacio.org\/wp-content\/uploads\/2015\/10\/pdei_01.jpg\" alt=\"pdei_01\" width=\"400\" height=\"537\" class=\"alignnone size-full wp-image-1866\" \/><\/a><\/p>\n<\/div><\/div><\/div><div id=\"panel-2148-0-1-1\" class=\"so-panel widget widget_black-studio-tinymce widget_black_studio_tinymce\" data-index=\"2\" ><div class=\"textwidget\"><p><div class=\"responsive-tabs\">\n<h2 class=\"tabtitle\">Dirigido a:<\/h2>\n<div class=\"tabcontent\">\n<\/p>\n<p>Empresas que quieran desarrollar un proyecto renovador y competitivo que represente un verdadero reto de cambio y que genere una cultura innovadora dentro de la organizaci\u00f3n, a fin de garantizar una base s\u00f3lida a su proyecto de internacionalizaci\u00f3n.<\/p>\n<p>Empresas que, aprovechando el cambio generacional, quieran un cambio estrat\u00e9gico enfocado a la internacionalizaci\u00f3n de su negocio.<br \/>\n\n<\/div><h2 class=\"tabtitle\">Beneficios:<\/h2>\n<div class=\"tabcontent\">\n<\/p>\n<ul>\n<li>Disponer de una <strong>Hoja de Ruta<\/strong> que nos permita atender los retos de los pr\u00f3ximos a\u00f1os.<\/li>\n<li>Saber d\u00f3nde estamos y tomar conciencia de cu\u00e1les son nuestras <strong>fortalezas y debilidades<\/strong> empresariales.<\/li>\n<li><strong>Identificar<\/strong> cu\u00e1les pueden ser los <strong>mercados<\/strong> m\u00e1s interesantes para nuestra empresa.<\/li>\n<li>Conocer cu\u00e1l es el <strong>Modelo de negocio<\/strong> que mejor se adapta a nuestra estrategia internacional.<\/li>\n<li>Desarrollar la estructura y los aspectos del comercio internacional que necesitaremos.<\/li>\n<li>Realizar un <strong>Plan de Marketing Internacional<\/strong>  que d\u00e9 a conocer nuestra propuesta de valor a los potenciales clientes.<\/li>\n<li>Conocer de cerca los <strong>Mercados Destino<\/strong> realizando visitas y prospecciones.<\/li>\n<li>Un modelo que motive al <strong>Equipo Humano<\/strong>.<\/li>\n<li>Finalmente aumentar las <strong>Ventas Internacionales<\/strong> como consecuencia del programa.<\/li>\n<\/ul>\n<p><\/div><\/div><\/p>\n<\/div><\/div><div id=\"panel-2148-0-1-2\" class=\"so-panel widget widget_black-studio-tinymce widget_black_studio_tinymce panel-last-child\" data-index=\"3\" ><div class=\"textwidget\"><p><div class=\"ctsc-accordion ctsc-accordion-boxed\" data-group=\"ipime2\"><h4 class=\"ctsc-accordion-title\"><span class=\"ctsc-accordion-icon primary_color icon-globe\"><\/span> Fases de trabajo<\/h4><div class=\"ctsc-accordion-content\" style=\"display:none;\">\n<p><strong>1\u00aa Fase: <em>Evaluaci\u00f3n y auditor\u00eda previa a la situaci\u00f3n inicial<\/em><\/strong>. <em>Disponer de la suficiente informaci\u00f3n inicial para poder dibujar la situaci\u00f3n de partida, con el objetivo de identificar: fortalezas, debilidades y incipientes oportunidades y amenazas de la empresa en su entorno actual.<\/em><\/p>\n<p><strong>2\u00aa Fase: <em>Mercados Internacionales<\/em><\/strong>. <em>An\u00e1lisis de potenciales clientes. Distribuci\u00f3n comercial. identificaci\u00f3n de aquellos mercados m\u00e1s cercanos donde la empresa puede tener m\u00e1s opciones. Asimismo, determinar los canales de distribuci\u00f3n comerciales para disponer de una base inicial de potenciales clientes.<\/em><\/p>\n<p><strong>3\u00aa Fase: <em>Modelo Empresarial para la Internacionalizaci\u00f3n<\/em><\/strong>. <em>Desarrollar un modelo empresarial que d\u00e9 respuesta a los nuevos planteamientos internacionales y nacionales de la empresa para ser m\u00e1s competitiva y vender m\u00e1s.<\/em><\/p>\n<p><strong>4\u00aa Fase: Estructura para la operativa del comercio exterior<\/strong>. <em>Identificaci\u00f3n de todos los aspectos legales, contractuales, fiscales, administrativos y log\u00edsticos que afectar\u00e1n la empresa y los concretos productos\/servicios, tanto en origen como en los mercados de destino, y la coordinaci\u00f3n de los procedimientos pertinentes que se tengan que llevar a cabo.<\/em><\/p>\n<p><strong>5\u00aa Fase: <em>Plan de Marketing Internacional<\/em><\/strong>.<em> La finalidad del plan de marketing internacional se centra en aportar una perspectiva n\u00edtida del objetivo final de un proyecto de comercializaci\u00f3n internacional.<\/em><\/div><\/div><div class=\"ctsc-accordion ctsc-accordion-boxed\" data-group=\"ipime2\"><h4 class=\"ctsc-accordion-title\"><span class=\"ctsc-accordion-icon primary_color icon-globe\"><\/span> Equipo de trabajo<\/h4><div class=\"ctsc-accordion-content\" style=\"display:none;\">\n<ul>\n<li>El equipo de internacionalizaci\u00f3n de <strong>Cecot<\/strong>.<\/li>\n<li>Consultores, especializados en estrategia empresarial e internacionalizaci\u00f3n con m\u00e1s de 15 a\u00f1os de experiencia y profesionales formados y experimentados en el campo del asesoramiento empresarial de <strong>System Group<\/strong>.<\/li>\n<li>Empresario, Direcci\u00f3n General o cuadro directivo de la empresa.<\/li>\n<\/ul>\n<\/div><\/div><div class=\"ctsc-accordion ctsc-accordion-boxed\" data-group=\"ipime2\"><h4 class=\"ctsc-accordion-title\"><span class=\"ctsc-accordion-icon primary_color icon-globe\"><\/span> Metodolog\u00eda y condiciones<\/h4><div class=\"ctsc-accordion-content\" style=\"display:none;\">\n<p>La metodolog\u00eda empleada por <strong>System Group<\/strong> est\u00e1 basada en el trabajo conjunto con la empresa, que es quien debe tomar las decisiones y establecer finalmente su hoja de ruta para los pr\u00f3ximos a\u00f1os. De este modo, durante el programa, la empresa habr\u00e1 adquirido la mec\u00e1nica y conocimientos para seguir ella sola con la continuidad del proyecto.<\/p>\n<p>La <strong>duraci\u00f3n del proyecto es aproximadamente de un a\u00f1o<\/strong>, en funci\u00f3n de si se realiza el proyecto en su totalidad o s\u00f3lo algunas de las cinco fases especificadas.<br \/> <\/div><\/div><\/p>\n<\/div><\/div><\/div><\/div><\/div>","protected":false},"excerpt":{"rendered":"<p>Programa de Desarrollo Empresarial para la Internacionalizaci\u00f3n. Le ayudamos a reposicionar estrat\u00e9gicamente la empresa para internacionalizar el negocio y aumentar las ventas. <a class=\"moretag\" href=\"https:\/\/www.cecotinternacionalitzacio.org\/es\/servicios-internacionalizacion\/programa-pdei\/\"><br \/>Llegir m\u00e9s &raquo;<\/a><\/p>\n","protected":false},"author":1,"featured_media":1875,"parent":866,"menu_order":0,"comment_status":"closed","ping_status":"closed","template":"","meta":{"_exactmetrics_skip_tracking":false,"_exactmetrics_sitenote_active":false,"_exactmetrics_sitenote_note":"","_exactmetrics_sitenote_category":0},"acf":[],"yoast_head":"<!-- This site is optimized with the Yoast SEO plugin v19.6.1 - https:\/\/yoast.com\/wordpress\/plugins\/seo\/ -->\n<title>Programa PDEI - Club Cecot Internacionalitzaci\u00f3<\/title>\n<meta name=\"description\" content=\"Le ayudamos a reposicionar estrat\u00e9gicamente la empresa para internacionalizar el negocio y aumentar las ventas.\" \/>\n<meta name=\"robots\" content=\"noindex, follow, max-snippet:-1, max-image-preview:large, max-video-preview:-1\" \/>\n<meta property=\"og:locale\" content=\"es_ES\" \/>\n<meta property=\"og:type\" content=\"article\" \/>\n<meta property=\"og:title\" content=\"Programa PDEI - Club Cecot Internacionalitzaci\u00f3\" \/>\n<meta property=\"og:description\" content=\"Le ayudamos a reposicionar estrat\u00e9gicamente la empresa para internacionalizar el negocio y aumentar las ventas.\" \/>\n<meta property=\"og:url\" content=\"https:\/\/www.cecotinternacionalitzacio.org\/es\/servicios-internacionalizacion\/programa-pdei\/\" \/>\n<meta property=\"og:site_name\" content=\"Club Cecot Internacionalitzaci\u00f3\" \/>\n<meta property=\"article:modified_time\" content=\"2015-11-17T10:09:56+00:00\" \/>\n<meta property=\"og:image\" content=\"https:\/\/www.cecotinternacionalitzacio.org\/wp-content\/uploads\/2015\/10\/pdei_03.jpg\" \/>\n\t<meta property=\"og:image:width\" content=\"360\" \/>\n\t<meta property=\"og:image:height\" content=\"240\" \/>\n\t<meta property=\"og:image:type\" content=\"image\/jpeg\" \/>\n<meta name=\"twitter:card\" content=\"summary\" \/>\n<meta name=\"twitter:label1\" content=\"Tiempo de lectura\" \/>\n\t<meta name=\"twitter:data1\" content=\"4 minutos\" \/>\n<script type=\"application\/ld+json\" class=\"yoast-schema-graph\">{\"@context\":\"https:\/\/schema.org\",\"@graph\":[{\"@type\":\"WebPage\",\"@id\":\"https:\/\/www.cecotinternacionalitzacio.org\/es\/servicios-internacionalizacion\/programa-pdei\/\",\"url\":\"https:\/\/www.cecotinternacionalitzacio.org\/es\/servicios-internacionalizacion\/programa-pdei\/\",\"name\":\"Programa PDEI - Club Cecot Internacionalitzaci\u00f3\",\"isPartOf\":{\"@id\":\"https:\/\/www.cecotinternacionalitzacio.org\/#website\"},\"datePublished\":\"2015-10-26T15:02:19+00:00\",\"dateModified\":\"2015-11-17T10:09:56+00:00\",\"description\":\"Le ayudamos a reposicionar estrat\u00e9gicamente la empresa para internacionalizar el negocio y aumentar las ventas.\",\"breadcrumb\":{\"@id\":\"https:\/\/www.cecotinternacionalitzacio.org\/es\/servicios-internacionalizacion\/programa-pdei\/#breadcrumb\"},\"inLanguage\":\"es\",\"potentialAction\":[{\"@type\":\"ReadAction\",\"target\":[\"https:\/\/www.cecotinternacionalitzacio.org\/es\/servicios-internacionalizacion\/programa-pdei\/\"]}]},{\"@type\":\"BreadcrumbList\",\"@id\":\"https:\/\/www.cecotinternacionalitzacio.org\/es\/servicios-internacionalizacion\/programa-pdei\/#breadcrumb\",\"itemListElement\":[{\"@type\":\"ListItem\",\"position\":1,\"name\":\"Inici\",\"item\":\"https:\/\/www.cecotinternacionalitzacio.org\/es\/\"},{\"@type\":\"ListItem\",\"position\":2,\"name\":\"Servicios a la Internacionalizaci\u00f3n\",\"item\":\"https:\/\/www.cecotinternacionalitzacio.org\/es\/servicios-internacionalizacion\/\"},{\"@type\":\"ListItem\",\"position\":3,\"name\":\"Programa PDEI\"}]},{\"@type\":\"WebSite\",\"@id\":\"https:\/\/www.cecotinternacionalitzacio.org\/#website\",\"url\":\"https:\/\/www.cecotinternacionalitzacio.org\/\",\"name\":\"Club Cecot Internacionalitzaci\u00f3\",\"description\":\"Un foro de intercamio de experiencias sobre la actividad exportadora de las empresas\",\"publisher\":{\"@id\":\"https:\/\/www.cecotinternacionalitzacio.org\/#organization\"},\"potentialAction\":[{\"@type\":\"SearchAction\",\"target\":{\"@type\":\"EntryPoint\",\"urlTemplate\":\"https:\/\/www.cecotinternacionalitzacio.org\/?s={search_term_string}\"},\"query-input\":\"required name=search_term_string\"}],\"inLanguage\":\"es\"},{\"@type\":\"Organization\",\"@id\":\"https:\/\/www.cecotinternacionalitzacio.org\/#organization\",\"name\":\"Club Cecot Internacionalitzaci\u00f3\",\"url\":\"https:\/\/www.cecotinternacionalitzacio.org\/\",\"sameAs\":[],\"logo\":{\"@type\":\"ImageObject\",\"inLanguage\":\"es\",\"@id\":\"https:\/\/www.cecotinternacionalitzacio.org\/#\/schema\/logo\/image\/\",\"url\":\"https:\/\/www.cecotinternacionalitzacio.org\/wp-content\/uploads\/2015\/07\/Logo_Club_Int_165x60.png\",\"contentUrl\":\"https:\/\/www.cecotinternacionalitzacio.org\/wp-content\/uploads\/2015\/07\/Logo_Club_Int_165x60.png\",\"width\":165,\"height\":60,\"caption\":\"Club Cecot Internacionalitzaci\u00f3\"},\"image\":{\"@id\":\"https:\/\/www.cecotinternacionalitzacio.org\/#\/schema\/logo\/image\/\"}}]}<\/script>\n<!-- \/ Yoast SEO plugin. -->","yoast_head_json":{"title":"Programa PDEI - Club Cecot Internacionalitzaci\u00f3","description":"Le ayudamos a reposicionar estrat\u00e9gicamente la empresa para internacionalizar el negocio y aumentar las ventas.","robots":{"index":"noindex","follow":"follow","max-snippet":"max-snippet:-1","max-image-preview":"max-image-preview:large","max-video-preview":"max-video-preview:-1"},"og_locale":"es_ES","og_type":"article","og_title":"Programa PDEI - Club Cecot Internacionalitzaci\u00f3","og_description":"Le ayudamos a reposicionar estrat\u00e9gicamente la empresa para internacionalizar el negocio y aumentar las ventas.","og_url":"https:\/\/www.cecotinternacionalitzacio.org\/es\/servicios-internacionalizacion\/programa-pdei\/","og_site_name":"Club Cecot Internacionalitzaci\u00f3","article_modified_time":"2015-11-17T10:09:56+00:00","og_image":[{"width":360,"height":240,"url":"https:\/\/www.cecotinternacionalitzacio.org\/wp-content\/uploads\/2015\/10\/pdei_03.jpg","type":"image\/jpeg"}],"twitter_card":"summary","twitter_misc":{"Tiempo de lectura":"4 minutos"},"schema":{"@context":"https:\/\/schema.org","@graph":[{"@type":"WebPage","@id":"https:\/\/www.cecotinternacionalitzacio.org\/es\/servicios-internacionalizacion\/programa-pdei\/","url":"https:\/\/www.cecotinternacionalitzacio.org\/es\/servicios-internacionalizacion\/programa-pdei\/","name":"Programa PDEI - Club Cecot Internacionalitzaci\u00f3","isPartOf":{"@id":"https:\/\/www.cecotinternacionalitzacio.org\/#website"},"datePublished":"2015-10-26T15:02:19+00:00","dateModified":"2015-11-17T10:09:56+00:00","description":"Le ayudamos a reposicionar estrat\u00e9gicamente la empresa para internacionalizar el negocio y aumentar las ventas.","breadcrumb":{"@id":"https:\/\/www.cecotinternacionalitzacio.org\/es\/servicios-internacionalizacion\/programa-pdei\/#breadcrumb"},"inLanguage":"es","potentialAction":[{"@type":"ReadAction","target":["https:\/\/www.cecotinternacionalitzacio.org\/es\/servicios-internacionalizacion\/programa-pdei\/"]}]},{"@type":"BreadcrumbList","@id":"https:\/\/www.cecotinternacionalitzacio.org\/es\/servicios-internacionalizacion\/programa-pdei\/#breadcrumb","itemListElement":[{"@type":"ListItem","position":1,"name":"Inici","item":"https:\/\/www.cecotinternacionalitzacio.org\/es\/"},{"@type":"ListItem","position":2,"name":"Servicios a la Internacionalizaci\u00f3n","item":"https:\/\/www.cecotinternacionalitzacio.org\/es\/servicios-internacionalizacion\/"},{"@type":"ListItem","position":3,"name":"Programa PDEI"}]},{"@type":"WebSite","@id":"https:\/\/www.cecotinternacionalitzacio.org\/#website","url":"https:\/\/www.cecotinternacionalitzacio.org\/","name":"Club Cecot Internacionalitzaci\u00f3","description":"Un foro de intercamio de experiencias sobre la actividad exportadora de las empresas","publisher":{"@id":"https:\/\/www.cecotinternacionalitzacio.org\/#organization"},"potentialAction":[{"@type":"SearchAction","target":{"@type":"EntryPoint","urlTemplate":"https:\/\/www.cecotinternacionalitzacio.org\/?s={search_term_string}"},"query-input":"required name=search_term_string"}],"inLanguage":"es"},{"@type":"Organization","@id":"https:\/\/www.cecotinternacionalitzacio.org\/#organization","name":"Club Cecot Internacionalitzaci\u00f3","url":"https:\/\/www.cecotinternacionalitzacio.org\/","sameAs":[],"logo":{"@type":"ImageObject","inLanguage":"es","@id":"https:\/\/www.cecotinternacionalitzacio.org\/#\/schema\/logo\/image\/","url":"https:\/\/www.cecotinternacionalitzacio.org\/wp-content\/uploads\/2015\/07\/Logo_Club_Int_165x60.png","contentUrl":"https:\/\/www.cecotinternacionalitzacio.org\/wp-content\/uploads\/2015\/07\/Logo_Club_Int_165x60.png","width":165,"height":60,"caption":"Club Cecot Internacionalitzaci\u00f3"},"image":{"@id":"https:\/\/www.cecotinternacionalitzacio.org\/#\/schema\/logo\/image\/"}}]}},"_links":{"self":[{"href":"https:\/\/www.cecotinternacionalitzacio.org\/es\/wp-json\/wp\/v2\/pages\/2148"}],"collection":[{"href":"https:\/\/www.cecotinternacionalitzacio.org\/es\/wp-json\/wp\/v2\/pages"}],"about":[{"href":"https:\/\/www.cecotinternacionalitzacio.org\/es\/wp-json\/wp\/v2\/types\/page"}],"author":[{"embeddable":true,"href":"https:\/\/www.cecotinternacionalitzacio.org\/es\/wp-json\/wp\/v2\/users\/1"}],"replies":[{"embeddable":true,"href":"https:\/\/www.cecotinternacionalitzacio.org\/es\/wp-json\/wp\/v2\/comments?post=2148"}],"version-history":[{"count":0,"href":"https:\/\/www.cecotinternacionalitzacio.org\/es\/wp-json\/wp\/v2\/pages\/2148\/revisions"}],"up":[{"embeddable":true,"href":"https:\/\/www.cecotinternacionalitzacio.org\/es\/wp-json\/wp\/v2\/pages\/866"}],"wp:featuredmedia":[{"embeddable":true,"href":"https:\/\/www.cecotinternacionalitzacio.org\/es\/wp-json\/wp\/v2\/media\/1875"}],"wp:attachment":[{"href":"https:\/\/www.cecotinternacionalitzacio.org\/es\/wp-json\/wp\/v2\/media?parent=2148"}],"curies":[{"name":"wp","href":"https:\/\/api.w.org\/{rel}","templated":true}]}}