{"id":2340,"date":"2015-10-26T16:52:53","date_gmt":"2015-10-26T16:52:53","guid":{"rendered":"http:\/\/www.cecotinternacionalitzacio.org\/es\/sobre-el-club\/premis-internacionalitzacio\/"},"modified":"2021-11-10T13:29:37","modified_gmt":"2021-11-10T12:29:37","slug":"premios-internacionalizacion","status":"publish","type":"page","link":"https:\/\/www.cecotinternacionalitzacio.org\/es\/sobre-el-club\/premios-internacionalizacion\/","title":{"rendered":"Premios a la internacionalizaci\u00f3n"},"content":{"rendered":"<div id=\"pl-2340\"  class=\"panel-layout\" ><div id=\"pg-2340-0\"  class=\"panel-grid panel-no-style\" ><div id=\"pgc-2340-0-0\"  class=\"panel-grid-cell\" ><div id=\"panel-2340-0-0-0\" class=\"so-panel widget widget_black-studio-tinymce widget_black_studio_tinymce panel-first-child\" data-index=\"0\" ><div class=\"textwidget\"><p><a href=\"https:\/\/www.cecotinternacionalitzacio.org\/wp-content\/uploads\/2015\/10\/premio_03.jpg\"><img loading=\"lazy\" decoding=\"async\" src=\"https:\/\/www.cecotinternacionalitzacio.org\/wp-content\/uploads\/2015\/10\/premio_03.jpg\" alt=\"premio_03\" width=\"617\" height=\"445\" class=\"alignnone size-full wp-image-1901\" srcset=\"https:\/\/www.cecotinternacionalitzacio.org\/wp-content\/uploads\/2015\/10\/premio_03.jpg 617w, https:\/\/www.cecotinternacionalitzacio.org\/wp-content\/uploads\/2015\/10\/premio_03-300x216.jpg 300w, https:\/\/www.cecotinternacionalitzacio.org\/wp-content\/uploads\/2015\/10\/premio_03-600x433.jpg 600w\" sizes=\"auto, (max-width: 617px) 100vw, 617px\" \/><\/a><\/p>\n<\/div><\/div><div id=\"panel-2340-0-0-1\" class=\"so-panel widget widget_black-studio-tinymce widget_black_studio_tinymce panel-last-child\" data-index=\"1\" ><h3 class=\"widget-title\"><span class=\"widget-title__inline\">Ser del Club ya es un premio, pero tambi\u00e9n valoramos la excelencia.<\/span><\/h3><div class=\"textwidget\"><\/div><\/div><\/div><div id=\"pgc-2340-0-1\"  class=\"panel-grid-cell panel-grid-cell-mobile-last\" ><div id=\"panel-2340-0-1-0\" class=\"so-panel widget widget_black-studio-tinymce widget_black_studio_tinymce panel-first-child panel-last-child\" data-index=\"2\" ><div class=\"featured-widget panel-widget-style panel-widget-style-for-2340-0-1-0\" ><h3 class=\"widget-title\"><span class=\"widget-title__inline\">Listado hist\u00f3rico de los galardonados con el premio \u00abEmpresa m\u00e9s Internacional\u00bb<\/span><\/h3><div class=\"textwidget\"><table class=\"table\">\n<thead>\n<tr>\n<th>Any<\/th>\n<th class=\"align-center\">Categor\u00edas<\/th>\n<th class=\"align-center\">Galardonados<\/th>\n<\/tr>\n<\/thead>\n<tbody>\n<tr>\n<td>1995<\/td>\n<td>Empresa m\u00e9s internacional<\/td>\n<td><a href=\"http:\/\/www.norgren.com\/es\/\" target=\"_blank\" rel=\"noopener\">NORGREM MARTONAIR, SA<\/a><\/td>\n<\/tr>\n<tr class=\"active\">\n<td>1997<\/td>\n<td>Empresa m\u00e9s internacional<\/td>\n<td>PUIG CODINA, SA<\/td>\n<\/tr>\n<tr>\n<td>1998<\/td>\n<td>Empresa m\u00e9s competitiva \/m\u00e9s internacional<\/td>\n<td><a href=\"http:\/\/www.neptunofilms.com\/\" target=\"_blank\" rel=\"noopener\">NEPTUNO FILMS, SL<\/a><\/td>\n<\/tr>\n<tr class=\"active\">\n<td>1999<\/td>\n<td>Empresa m\u00e9s competitiva \/m\u00e9s internacional<\/td>\n<td><a href=\"http:\/\/www.telstar.com\/\" target=\"_blank\" rel=\"noopener\">TELSTAR, SA<\/a><\/td>\n<\/tr>\n<tr>\n<td>2000<\/td>\n<td>Empresa m\u00e9s competitiva \/m\u00e9s internacional<\/td>\n<td><a href=\"http:\/\/www.deltalab.es\/?idioma=ca\" target=\"_blank\" rel=\"noopener\">DELTALAB, SA<\/a><\/td>\n<\/tr>\n<tr class=\"active\">\n<td>2001<\/td>\n<td>Empresa m\u00e9s competitiva \/m\u00e9s internacional<\/td>\n<td><a href=\"http:\/\/circutor.com\/en\" target=\"_blank\" rel=\"noopener\">CIRCUTOR, SA<\/a><\/td>\n<\/tr>\n<tr>\n<td>2002<\/td>\n<td>Empresa m\u00e9s competitiva \/m\u00e9s internacional<\/td>\n<td><a href=\"http:\/\/www.campesa.eu\/Company.html\" target=\"_blank\" rel=\"noopener\">CAMPESA, SA<\/a><\/td>\n<\/tr>\n<tr class=\"active\">\n<td>2003<\/td>\n<td>Empresa m\u00e9s competitiva \/m\u00e9s internacional<\/td>\n<td><a href=\"http:\/\/www.lamarvi.com\/\" target=\"_blank\" rel=\"noopener\">LAMARVI, SA<\/a><\/td>\n<\/tr>\n<tr>\n<td>2004<\/td>\n<td>Empresa m\u00e9s competitiva \/m\u00e9s internacional<\/td>\n<td><a href=\"https:\/\/www.imctoys.com\/es\" target=\"_blank\" rel=\"noopener\">IMC TOYS, SA<\/a><\/td>\n<\/tr>\n<tr class=\"active\">\n<td>2005<\/td>\n<td>Empresa m\u00e9s competitiva \/m\u00e9s internacional<\/td>\n<td><a href=\"http:\/\/www.kernpharma.com\/en\/\" target=\"_blank\" rel=\"noopener\">KERN PHARMA, SL<\/a><\/td>\n<\/tr>\n<tr>\n<td>2006<\/td>\n<td>Empresa m\u00e9s internacional<\/td>\n<td><a href=\"http:\/\/www.proceli.com\/\" target=\"_blank\" rel=\"noopener\">PROCELI TURULL SL<\/a><\/td>\n<\/tr>\n<tr class=\"active\">\n<td>2007<\/td>\n<td>Empresa m\u00e9s internacional<\/td>\n<td><a href=\"http:\/\/www.eurofragance.com\/fragancias_home.php?lang=eng\" target=\"_blank\" rel=\"noopener\">EUROFRAGANCE, SL<\/a><\/td>\n<\/tr>\n<tr>\n<td>2008<\/td>\n<td>Empresa m\u00e9s internacional<\/td>\n<td><a href=\"http:\/\/www.venair.com\/ca\/\" target=\"_blank\" rel=\"noopener\">VENAIR IBERICA, SA<\/a><\/td>\n<\/tr>\n<tr class=\"active\">\n<td>2009<\/td>\n<td>Empresa m\u00e9s internacional<\/td>\n<td><a href=\"https:\/\/www.imctoys.com\/es\" target=\"_blank\" rel=\"noopener\">IMC TOYS, SA<\/a><\/td>\n<\/tr>\n<tr>\n<td>2010<\/td>\n<td>Empresa m\u00e9s internacional<\/td>\n<td><a href=\"http:\/\/www.lekue.com\/ca\/\" target=\"_blank\" rel=\"noopener\">L\u00c9KU\u00c9<\/a><\/td>\n<\/tr>\n<tr class=\"active\">\n<td>2011<\/td>\n<td>Empresa m\u00e9s internacional<\/td>\n<td><a href=\"http:\/\/www.lamp.es\/ca\" target=\"_blank\" rel=\"noopener\">LAMP, SA<\/a><\/td>\n<\/tr>\n<tr>\n<td>2012<\/td>\n<td>Empresa m\u00e9s internacional<\/td>\n<td><a href=\"http:\/\/www.carinsa.es\/ct\/init2\/\" target=\"_blank\" rel=\"noopener\">CARINSA, SA<\/a><\/td>\n<\/tr>\n<tr class=\"active\">\n<td>2013<\/td>\n<td>Empresa m\u00e9s internacional<\/td>\n<td><a href=\"http:\/\/www.germansboada.com\" target=\"_blank\" rel=\"noopener\">GERMANS BOADA SA<\/a><\/td>\n<\/tr>\n<tr>\n<td>2014<\/td>\n<td>Empresa m\u00e9s internacional<\/td>\n<td><a href=\"http:\/\/www.fluidra.com\/ca\/\" target=\"_blank\" rel=\"noopener\">FLUIDRA, SA<\/a><\/td>\n<\/tr>\n<tr>\n<td>2015<\/td>\n<td>Empresa m\u00e9s internacional<\/td>\n<td><a href=\"http:\/\/www.macsa.com\/\" target=\"_blank\" rel=\"noopener\">MACSA ID<\/a><\/td>\n<\/tr>\n<tr>\n<td>2016<\/td>\n<td>Empresa m\u00e9s internacional<\/td>\n<td><a href=\"https:\/\/www.imctoys.com\/es\" target=\"_blank\" rel=\"noopener\">IMC TOYS, SA<\/a><\/td>\n<\/tr>\n<tr>\n<td>2017<\/td>\n<td>Empresa m\u00e9s internacional<\/td>\n<td><a href=\"http:\/\/concom.es\/ca\" target=\"_blank\" rel=\"noopener\">CONECTIVIDAD Y COMUNICACIONES CONCOM, SA<\/a><\/td>\n<\/tr>\n<tr>\n<td>2018<\/td>\n<td>Empresa m\u00e9s internacional<\/td>\n<td><a href=\"http:\/\/www.macsa.com\/\" target=\"_blank\" rel=\"noopener\">MACSA ID<\/a><\/td>\n<\/tr>\n<tr>\n<td>2019<\/td>\n<td>Empresa m\u00e9s internacional<\/td>\n<td><a href=\"http:\/\/www.fluidra.com\/ca\/\" target=\"_blank\" rel=\"noopener\">SENSOCAR<\/a><\/td>\n<\/tr>\n<\/tbody>\n<\/table>\n<\/div><\/div><\/div><\/div><div id=\"pgc-2340-0-2\"  class=\"panel-grid-cell panel-grid-cell-empty\" ><\/div><\/div><\/div>","protected":false},"excerpt":{"rendered":"<p>Conoce a los galardonados con los Premios a la Internacionalizaci\u00f3n del Club Cecot Internacionalitzaci\u00f3 \u00abEmpresa m\u00e9s Internacional\u00bb. <a class=\"moretag\" href=\"https:\/\/www.cecotinternacionalitzacio.org\/es\/sobre-el-club\/premios-internacionalizacion\/\"><br \/>Llegir m\u00e9s &raquo;<\/a><\/p>\n","protected":false},"author":1,"featured_media":6588,"parent":834,"menu_order":0,"comment_status":"closed","ping_status":"closed","template":"","meta":{"_acf_changed":false,"_exactmetrics_skip_tracking":false,"_exactmetrics_sitenote_active":false,"_exactmetrics_sitenote_note":"","_exactmetrics_sitenote_category":0,"footnotes":""},"class_list":["post-2340","page","type-page","status-publish","has-post-thumbnail","hentry"],"acf":[],"yoast_head":"<!-- This site is optimized with the Yoast SEO plugin v19.6.1 - https:\/\/yoast.com\/wordpress\/plugins\/seo\/ -->\n<title>Premios a la internacionalizaci\u00f3n - Club Cecot Internac.<\/title>\n<meta name=\"description\" content=\"Conoce a los galardonados con los Premios a la Internacionalizaci\u00f3n del Club Cecot Internacionalitzaci\u00f3 &quot;Empresa m\u00e9s Internacional&quot;.\" \/>\n<meta name=\"robots\" content=\"noindex, follow, max-snippet:-1, max-image-preview:large, max-video-preview:-1\" \/>\n<meta property=\"og:locale\" content=\"es_ES\" \/>\n<meta property=\"og:type\" content=\"article\" \/>\n<meta property=\"og:title\" content=\"Premios a la internacionalizaci\u00f3n - Club Cecot Internac.\" \/>\n<meta property=\"og:description\" content=\"Conoce a los galardonados con los Premios a la Internacionalizaci\u00f3n del Club Cecot Internacionalitzaci\u00f3 &quot;Empresa m\u00e9s Internacional&quot;.\" \/>\n<meta property=\"og:url\" content=\"https:\/\/www.cecotinternacionalitzacio.org\/es\/sobre-el-club\/premios-internacionalizacion\/\" \/>\n<meta property=\"og:site_name\" content=\"Club Cecot Internacionalitzaci\u00f3\" \/>\n<meta property=\"article:modified_time\" content=\"2021-11-10T12:29:37+00:00\" \/>\n<meta property=\"og:image\" content=\"https:\/\/www.cecotinternacionalitzacio.org\/wp-content\/uploads\/2019\/04\/Nit-Empresari-Premiats.jpg\" \/>\n\t<meta property=\"og:image:width\" content=\"270\" \/>\n\t<meta property=\"og:image:height\" content=\"203\" \/>\n\t<meta property=\"og:image:type\" content=\"image\/jpeg\" \/>\n<meta name=\"twitter:card\" content=\"summary\" \/>\n<meta name=\"twitter:label1\" content=\"Tiempo de lectura\" \/>\n\t<meta name=\"twitter:data1\" content=\"1 minuto\" \/>\n<script type=\"application\/ld+json\" class=\"yoast-schema-graph\">{\"@context\":\"https:\/\/schema.org\",\"@graph\":[{\"@type\":\"WebPage\",\"@id\":\"https:\/\/www.cecotinternacionalitzacio.org\/es\/sobre-el-club\/premios-internacionalizacion\/\",\"url\":\"https:\/\/www.cecotinternacionalitzacio.org\/es\/sobre-el-club\/premios-internacionalizacion\/\",\"name\":\"Premios a la internacionalizaci\u00f3n - Club Cecot Internac.\",\"isPartOf\":{\"@id\":\"https:\/\/www.cecotinternacionalitzacio.org\/#website\"},\"datePublished\":\"2015-10-26T16:52:53+00:00\",\"dateModified\":\"2021-11-10T12:29:37+00:00\",\"description\":\"Conoce a los galardonados con los Premios a la Internacionalizaci\u00f3n del Club Cecot Internacionalitzaci\u00f3 \\\"Empresa m\u00e9s Internacional\\\".\",\"breadcrumb\":{\"@id\":\"https:\/\/www.cecotinternacionalitzacio.org\/es\/sobre-el-club\/premios-internacionalizacion\/#breadcrumb\"},\"inLanguage\":\"es\",\"potentialAction\":[{\"@type\":\"ReadAction\",\"target\":[\"https:\/\/www.cecotinternacionalitzacio.org\/es\/sobre-el-club\/premios-internacionalizacion\/\"]}]},{\"@type\":\"BreadcrumbList\",\"@id\":\"https:\/\/www.cecotinternacionalitzacio.org\/es\/sobre-el-club\/premios-internacionalizacion\/#breadcrumb\",\"itemListElement\":[{\"@type\":\"ListItem\",\"position\":1,\"name\":\"Inici\",\"item\":\"https:\/\/www.cecotinternacionalitzacio.org\/es\/\"},{\"@type\":\"ListItem\",\"position\":2,\"name\":\"Sobre el Club\",\"item\":\"https:\/\/www.cecotinternacionalitzacio.org\/es\/sobre-el-club\/\"},{\"@type\":\"ListItem\",\"position\":3,\"name\":\"Premios a la internacionalizaci\u00f3n\"}]},{\"@type\":\"WebSite\",\"@id\":\"https:\/\/www.cecotinternacionalitzacio.org\/#website\",\"url\":\"https:\/\/www.cecotinternacionalitzacio.org\/\",\"name\":\"Club Cecot Internacionalitzaci\u00f3\",\"description\":\"Un f\u00f2rum d\u2019intercanvi d\u2019experi\u00e8ncies sobre l\u2019activitat exportadora de les empreses\",\"publisher\":{\"@id\":\"https:\/\/www.cecotinternacionalitzacio.org\/#organization\"},\"potentialAction\":[{\"@type\":\"SearchAction\",\"target\":{\"@type\":\"EntryPoint\",\"urlTemplate\":\"https:\/\/www.cecotinternacionalitzacio.org\/?s={search_term_string}\"},\"query-input\":\"required name=search_term_string\"}],\"inLanguage\":\"es\"},{\"@type\":\"Organization\",\"@id\":\"https:\/\/www.cecotinternacionalitzacio.org\/#organization\",\"name\":\"Club Cecot Internacionalitzaci\u00f3\",\"url\":\"https:\/\/www.cecotinternacionalitzacio.org\/\",\"sameAs\":[],\"logo\":{\"@type\":\"ImageObject\",\"inLanguage\":\"es\",\"@id\":\"https:\/\/www.cecotinternacionalitzacio.org\/#\/schema\/logo\/image\/\",\"url\":\"https:\/\/www.cecotinternacionalitzacio.org\/wp-content\/uploads\/2015\/07\/Logo_Club_Int_165x60.png\",\"contentUrl\":\"https:\/\/www.cecotinternacionalitzacio.org\/wp-content\/uploads\/2015\/07\/Logo_Club_Int_165x60.png\",\"width\":165,\"height\":60,\"caption\":\"Club Cecot Internacionalitzaci\u00f3\"},\"image\":{\"@id\":\"https:\/\/www.cecotinternacionalitzacio.org\/#\/schema\/logo\/image\/\"}}]}<\/script>\n<!-- \/ Yoast SEO plugin. -->","yoast_head_json":{"title":"Premios a la internacionalizaci\u00f3n - Club Cecot Internac.","description":"Conoce a los galardonados con los Premios a la Internacionalizaci\u00f3n del Club Cecot Internacionalitzaci\u00f3 \"Empresa m\u00e9s Internacional\".","robots":{"index":"noindex","follow":"follow","max-snippet":"max-snippet:-1","max-image-preview":"max-image-preview:large","max-video-preview":"max-video-preview:-1"},"og_locale":"es_ES","og_type":"article","og_title":"Premios a la internacionalizaci\u00f3n - Club Cecot Internac.","og_description":"Conoce a los galardonados con los Premios a la Internacionalizaci\u00f3n del Club Cecot Internacionalitzaci\u00f3 \"Empresa m\u00e9s Internacional\".","og_url":"https:\/\/www.cecotinternacionalitzacio.org\/es\/sobre-el-club\/premios-internacionalizacion\/","og_site_name":"Club Cecot Internacionalitzaci\u00f3","article_modified_time":"2021-11-10T12:29:37+00:00","og_image":[{"width":270,"height":203,"url":"https:\/\/www.cecotinternacionalitzacio.org\/wp-content\/uploads\/2019\/04\/Nit-Empresari-Premiats.jpg","type":"image\/jpeg"}],"twitter_card":"summary","twitter_misc":{"Tiempo de lectura":"1 minuto"},"schema":{"@context":"https:\/\/schema.org","@graph":[{"@type":"WebPage","@id":"https:\/\/www.cecotinternacionalitzacio.org\/es\/sobre-el-club\/premios-internacionalizacion\/","url":"https:\/\/www.cecotinternacionalitzacio.org\/es\/sobre-el-club\/premios-internacionalizacion\/","name":"Premios a la internacionalizaci\u00f3n - Club Cecot Internac.","isPartOf":{"@id":"https:\/\/www.cecotinternacionalitzacio.org\/#website"},"datePublished":"2015-10-26T16:52:53+00:00","dateModified":"2021-11-10T12:29:37+00:00","description":"Conoce a los galardonados con los Premios a la Internacionalizaci\u00f3n del Club Cecot Internacionalitzaci\u00f3 \"Empresa m\u00e9s Internacional\".","breadcrumb":{"@id":"https:\/\/www.cecotinternacionalitzacio.org\/es\/sobre-el-club\/premios-internacionalizacion\/#breadcrumb"},"inLanguage":"es","potentialAction":[{"@type":"ReadAction","target":["https:\/\/www.cecotinternacionalitzacio.org\/es\/sobre-el-club\/premios-internacionalizacion\/"]}]},{"@type":"BreadcrumbList","@id":"https:\/\/www.cecotinternacionalitzacio.org\/es\/sobre-el-club\/premios-internacionalizacion\/#breadcrumb","itemListElement":[{"@type":"ListItem","position":1,"name":"Inici","item":"https:\/\/www.cecotinternacionalitzacio.org\/es\/"},{"@type":"ListItem","position":2,"name":"Sobre el Club","item":"https:\/\/www.cecotinternacionalitzacio.org\/es\/sobre-el-club\/"},{"@type":"ListItem","position":3,"name":"Premios a la internacionalizaci\u00f3n"}]},{"@type":"WebSite","@id":"https:\/\/www.cecotinternacionalitzacio.org\/#website","url":"https:\/\/www.cecotinternacionalitzacio.org\/","name":"Club Cecot Internacionalitzaci\u00f3","description":"Un f\u00f2rum d\u2019intercanvi d\u2019experi\u00e8ncies sobre l\u2019activitat exportadora de les empreses","publisher":{"@id":"https:\/\/www.cecotinternacionalitzacio.org\/#organization"},"potentialAction":[{"@type":"SearchAction","target":{"@type":"EntryPoint","urlTemplate":"https:\/\/www.cecotinternacionalitzacio.org\/?s={search_term_string}"},"query-input":"required name=search_term_string"}],"inLanguage":"es"},{"@type":"Organization","@id":"https:\/\/www.cecotinternacionalitzacio.org\/#organization","name":"Club Cecot Internacionalitzaci\u00f3","url":"https:\/\/www.cecotinternacionalitzacio.org\/","sameAs":[],"logo":{"@type":"ImageObject","inLanguage":"es","@id":"https:\/\/www.cecotinternacionalitzacio.org\/#\/schema\/logo\/image\/","url":"https:\/\/www.cecotinternacionalitzacio.org\/wp-content\/uploads\/2015\/07\/Logo_Club_Int_165x60.png","contentUrl":"https:\/\/www.cecotinternacionalitzacio.org\/wp-content\/uploads\/2015\/07\/Logo_Club_Int_165x60.png","width":165,"height":60,"caption":"Club Cecot Internacionalitzaci\u00f3"},"image":{"@id":"https:\/\/www.cecotinternacionalitzacio.org\/#\/schema\/logo\/image\/"}}]}},"_links":{"self":[{"href":"https:\/\/www.cecotinternacionalitzacio.org\/es\/wp-json\/wp\/v2\/pages\/2340","targetHints":{"allow":["GET"]}}],"collection":[{"href":"https:\/\/www.cecotinternacionalitzacio.org\/es\/wp-json\/wp\/v2\/pages"}],"about":[{"href":"https:\/\/www.cecotinternacionalitzacio.org\/es\/wp-json\/wp\/v2\/types\/page"}],"author":[{"embeddable":true,"href":"https:\/\/www.cecotinternacionalitzacio.org\/es\/wp-json\/wp\/v2\/users\/1"}],"replies":[{"embeddable":true,"href":"https:\/\/www.cecotinternacionalitzacio.org\/es\/wp-json\/wp\/v2\/comments?post=2340"}],"version-history":[{"count":0,"href":"https:\/\/www.cecotinternacionalitzacio.org\/es\/wp-json\/wp\/v2\/pages\/2340\/revisions"}],"up":[{"embeddable":true,"href":"https:\/\/www.cecotinternacionalitzacio.org\/es\/wp-json\/wp\/v2\/pages\/834"}],"wp:featuredmedia":[{"embeddable":true,"href":"https:\/\/www.cecotinternacionalitzacio.org\/es\/wp-json\/wp\/v2\/media\/6588"}],"wp:attachment":[{"href":"https:\/\/www.cecotinternacionalitzacio.org\/es\/wp-json\/wp\/v2\/media?parent=2340"}],"curies":[{"name":"wp","href":"https:\/\/api.w.org\/{rel}","templated":true}]}}