{"id":2384,"date":"2015-11-01T18:05:35","date_gmt":"2015-11-01T18:05:35","guid":{"rendered":"http:\/\/www.cecotinternacionalitzacio.org\/es\/servicios-internacionalizacion\/programes-per-a-empreses-exportadores\/"},"modified":"2015-11-11T21:50:28","modified_gmt":"2015-11-11T21:50:28","slug":"programas-para-empresas-exportadoras","status":"publish","type":"page","link":"https:\/\/www.cecotinternacionalitzacio.org\/es\/servicios-internacionalizacion\/programas-para-empresas-exportadoras\/","title":{"rendered":"Programas para empresas exportadoras"},"content":{"rendered":"<div id=\"pl-2384\"  class=\"panel-layout\" ><div id=\"pg-2384-0\"  class=\"panel-grid panel-no-style\" ><div id=\"pgc-2384-0-0\"  class=\"panel-grid-cell\" ><div id=\"panel-2384-0-0-0\" class=\"so-panel widget widget_pw_featured_page widget-featured-page panel-first-child panel-last-child\" data-index=\"0\" >\n\t<div class=\"page-box  page-box--block\">\n\t\t\t\t\t\t\t\t\t<a class=\"page-box__picture\" href=\"https:\/\/www.cecotinternacionalitzacio.org\/es\/servicios-internacionalizacion\/programas-para-empresas-exportadoras\/programa-exit-empresas\/\">\n\t\t\t\t\t<img src=\"https:\/\/www.cecotinternacionalitzacio.org\/wp-content\/uploads\/2015\/04\/exit_empreses1.jpg\" width=\"337\" height=\"229\" srcset=\"https:\/\/www.cecotinternacionalitzacio.org\/wp-content\/uploads\/2015\/04\/exit_empreses1.jpg 337w, https:\/\/www.cecotinternacionalitzacio.org\/wp-content\/uploads\/2015\/04\/exit_empreses1.jpg 337w\" sizes=\"(min-width: 992px) 360px, calc(100vw - 30px)\" class=\"wp-post-image\" alt=\"Programa \u00c8xit Empresas\">\n\t\t\t\t<\/a>\n\t\t\t\t\t\t\t<div class=\"page-box__content\">\n\t\t\t<h5 class=\"page-box__title text-uppercase\"><a href=\"https:\/\/www.cecotinternacionalitzacio.org\/es\/servicios-internacionalizacion\/programas-para-empresas-exportadoras\/programa-exit-empresas\/\">Programa \u00c8xit Empresas<\/a><\/h5>\n\t\t\t<p>Programa que realiza acciones de prospecci\u00f3n, gesti\u00f3n comercial y administrativa para la exportaci\u00f3n.\r\nDefinici\u00f3n de mercados y clientes objetivos, canales de entrada, promoci\u00f3n de productos, etc.<\/p>\n\t\t\t\t\t\t\t<p><a href=\"https:\/\/www.cecotinternacionalitzacio.org\/es\/servicios-internacionalizacion\/programas-para-empresas-exportadoras\/programa-exit-empresas\/\" class=\"read-more  read-more--page-box\">+ INFO<\/a><\/p>\n\t\t\t\t\t<\/div>\n\t<\/div>\n\n<\/div><\/div><div id=\"pgc-2384-0-1\"  class=\"panel-grid-cell\" ><div id=\"panel-2384-0-1-0\" class=\"so-panel widget widget_pw_featured_page widget-featured-page panel-first-child panel-last-child\" data-index=\"1\" >\n\t<div class=\"page-box  page-box--block\">\n\t\t\t\t\t\t\t\t\t<a class=\"page-box__picture\" href=\"https:\/\/www.cecotinternacionalitzacio.org\/es\/servicios-internacionalizacion\/programas-para-empresas-exportadoras\/francia-a-la-carta\/\">\n\t\t\t\t\t<img src=\"https:\/\/www.cecotinternacionalitzacio.org\/wp-content\/uploads\/2015\/11\/Francia_03.jpg\" width=\"360\" height=\"240\" srcset=\"https:\/\/www.cecotinternacionalitzacio.org\/wp-content\/uploads\/2015\/11\/Francia_03.jpg 360w, https:\/\/www.cecotinternacionalitzacio.org\/wp-content\/uploads\/2015\/11\/Francia_03.jpg 360w\" sizes=\"(min-width: 992px) 360px, calc(100vw - 30px)\" class=\"wp-post-image\" alt=\"Francia a la carta\">\n\t\t\t\t<\/a>\n\t\t\t\t\t\t\t<div class=\"page-box__content\">\n\t\t\t<h5 class=\"page-box__title text-uppercase\"><a href=\"https:\/\/www.cecotinternacionalitzacio.org\/es\/servicios-internacionalizacion\/programas-para-empresas-exportadoras\/francia-a-la-carta\/\">Francia a la carta<\/a><\/h5>\n\t\t\t<p>La finalidad de este programa es que, al finalizar el proyecto, todos los participantes hayan empezado a trabajar en el mercado franc\u00e9s o bien hayan podido potenciar o mejorar el canal ya existente.<\/p>\n\t\t\t\t\t\t\t<p><a href=\"https:\/\/www.cecotinternacionalitzacio.org\/es\/servicios-internacionalizacion\/programas-para-empresas-exportadoras\/francia-a-la-carta\/\" class=\"read-more  read-more--page-box\">+ INFO<\/a><\/p>\n\t\t\t\t\t<\/div>\n\t<\/div>\n\n<\/div><\/div><div id=\"pgc-2384-0-2\"  class=\"panel-grid-cell\" ><div id=\"panel-2384-0-2-0\" class=\"so-panel widget widget_pw_featured_page widget-featured-page panel-first-child panel-last-child\" data-index=\"2\" >\n\t<div class=\"page-box  page-box--block\">\n\t\t\t\t\t\t\t\t\t<a class=\"page-box__picture\" href=\"https:\/\/www.cecotinternacionalitzacio.org\/es\/servicios-internacionalizacion\/programas-para-empresas-exportadoras\/alemania-a-la-carta\/\">\n\t\t\t\t\t<img src=\"https:\/\/www.cecotinternacionalitzacio.org\/wp-content\/uploads\/2015\/11\/Alemania_02.jpg\" width=\"360\" height=\"240\" srcset=\"https:\/\/www.cecotinternacionalitzacio.org\/wp-content\/uploads\/2015\/11\/Alemania_02.jpg 360w, https:\/\/www.cecotinternacionalitzacio.org\/wp-content\/uploads\/2015\/11\/Alemania_02.jpg 360w\" sizes=\"(min-width: 992px) 360px, calc(100vw - 30px)\" class=\"wp-post-image\" alt=\"Alemania a la Carta\">\n\t\t\t\t<\/a>\n\t\t\t\t\t\t\t<div class=\"page-box__content\">\n\t\t\t<h5 class=\"page-box__title text-uppercase\"><a href=\"https:\/\/www.cecotinternacionalitzacio.org\/es\/servicios-internacionalizacion\/programas-para-empresas-exportadoras\/alemania-a-la-carta\/\">Alemania a la Carta<\/a><\/h5>\n\t\t\t<p>Programa individualizado anual de prospecci\u00f3n y gesti\u00f3n comercial en Alemania. Si desea acceder a este mercado o desea incrementar sus ventas en Alemania consulte este programa.<\/p>\n\t\t\t\t\t\t\t<p><a href=\"https:\/\/www.cecotinternacionalitzacio.org\/es\/servicios-internacionalizacion\/programas-para-empresas-exportadoras\/alemania-a-la-carta\/\" class=\"read-more  read-more--page-box\">+ INFO<\/a><\/p>\n\t\t\t\t\t<\/div>\n\t<\/div>\n\n<\/div><\/div><div id=\"pgc-2384-0-3\"  class=\"panel-grid-cell\" ><div id=\"panel-2384-0-3-0\" class=\"so-panel widget widget_pw_featured_page widget-featured-page panel-first-child panel-last-child\" data-index=\"3\" >\n\t<div class=\"page-box  page-box--block\">\n\t\t\t\t\t\t\t\t\t<a class=\"page-box__picture\" href=\"https:\/\/www.cecotinternacionalitzacio.org\/es\/servicios-internacionalizacion\/programas-para-empresas-exportadoras\/brasil-a-la-carta\/\">\n\t\t\t\t\t<img src=\"https:\/\/www.cecotinternacionalitzacio.org\/wp-content\/uploads\/2015\/11\/Brasi_02.jpg\" width=\"360\" height=\"240\" srcset=\"https:\/\/www.cecotinternacionalitzacio.org\/wp-content\/uploads\/2015\/11\/Brasi_02.jpg 360w, https:\/\/www.cecotinternacionalitzacio.org\/wp-content\/uploads\/2015\/11\/Brasi_02.jpg 360w\" sizes=\"(min-width: 992px) 360px, calc(100vw - 30px)\" class=\"wp-post-image\" alt=\"Brasil a la Carta\">\n\t\t\t\t<\/a>\n\t\t\t\t\t\t\t<div class=\"page-box__content\">\n\t\t\t<h5 class=\"page-box__title text-uppercase\"><a href=\"https:\/\/www.cecotinternacionalitzacio.org\/es\/servicios-internacionalizacion\/programas-para-empresas-exportadoras\/brasil-a-la-carta\/\">Brasil a la Carta<\/a><\/h5>\n\t\t\t<p>Este programa propone una tarea focalizada en el mercado brasile\u00f1o, 8\u00aa econom\u00eda mundial con previsiones de llegar a la 5\u00aa en muy poco tiempo.<\/p>\n\t\t\t\t\t\t\t<p><a href=\"https:\/\/www.cecotinternacionalitzacio.org\/es\/servicios-internacionalizacion\/programas-para-empresas-exportadoras\/brasil-a-la-carta\/\" class=\"read-more  read-more--page-box\">+ INFO<\/a><\/p>\n\t\t\t\t\t<\/div>\n\t<\/div>\n\n<\/div><\/div><\/div><div id=\"pg-2384-1\"  class=\"panel-grid panel-no-style\" ><div id=\"pgc-2384-1-0\"  class=\"panel-grid-cell panel-grid-cell-empty\" ><\/div><div id=\"pgc-2384-1-1\"  class=\"panel-grid-cell panel-grid-cell-empty\" ><\/div><div id=\"pgc-2384-1-2\"  class=\"panel-grid-cell panel-grid-cell-empty panel-grid-cell-mobile-last\" ><\/div><div id=\"pgc-2384-1-3\"  class=\"panel-grid-cell panel-grid-cell-empty\" ><\/div><\/div><\/div>","protected":false},"excerpt":{"rendered":"<p>Programas para empresas que quieren empezar, abrir o ampliar nuevos mercados exteriores. Cuenta con personal alem\u00e1n, franc\u00e9s, ingl\u00e9s, portugu\u00e9s y ruso.<\/p>\n<p> <a class=\"moretag\" href=\"https:\/\/www.cecotinternacionalitzacio.org\/es\/servicios-internacionalizacion\/programas-para-empresas-exportadoras\/\"><br \/>Llegir m\u00e9s &raquo;<\/a><\/p>\n","protected":false},"author":1,"featured_media":2001,"parent":866,"menu_order":0,"comment_status":"closed","ping_status":"closed","template":"","meta":{"_exactmetrics_skip_tracking":false,"_exactmetrics_sitenote_active":false,"_exactmetrics_sitenote_note":"","_exactmetrics_sitenote_category":0},"acf":[],"yoast_head":"<!-- This site is optimized with the Yoast SEO plugin v19.6.1 - https:\/\/yoast.com\/wordpress\/plugins\/seo\/ -->\n<title>Programas para empresas exportadoras - Club Cecot Inter.<\/title>\n<meta name=\"description\" content=\"Programas para empresas exportadoras que quieran empezar, abrir o ampliar nuevos mercados exteriores. Personal alem\u00e1n, franc\u00e9s, ingl\u00e9s, portugu\u00e9s y ruso.\" \/>\n<meta name=\"robots\" content=\"noindex, follow, max-snippet:-1, max-image-preview:large, max-video-preview:-1\" \/>\n<meta property=\"og:locale\" content=\"es_ES\" \/>\n<meta property=\"og:type\" content=\"article\" \/>\n<meta property=\"og:title\" content=\"Programas para empresas exportadoras - Club Cecot Inter.\" \/>\n<meta property=\"og:description\" content=\"Programas para empresas exportadoras que quieran empezar, abrir o ampliar nuevos mercados exteriores. Personal alem\u00e1n, franc\u00e9s, ingl\u00e9s, portugu\u00e9s y ruso.\" \/>\n<meta property=\"og:url\" content=\"https:\/\/www.cecotinternacionalitzacio.org\/es\/servicios-internacionalizacion\/programas-para-empresas-exportadoras\/\" \/>\n<meta property=\"og:site_name\" content=\"Club Cecot Internacionalitzaci\u00f3\" \/>\n<meta property=\"article:modified_time\" content=\"2015-11-11T21:50:28+00:00\" \/>\n<meta property=\"og:image\" content=\"https:\/\/www.cecotinternacionalitzacio.org\/wp-content\/uploads\/2015\/11\/programas.jpg\" \/>\n\t<meta property=\"og:image:width\" content=\"360\" \/>\n\t<meta property=\"og:image:height\" content=\"240\" \/>\n\t<meta property=\"og:image:type\" content=\"image\/jpeg\" \/>\n<meta name=\"twitter:card\" content=\"summary\" \/>\n<meta name=\"twitter:label1\" content=\"Tiempo de lectura\" \/>\n\t<meta name=\"twitter:data1\" content=\"1 minuto\" \/>\n<script type=\"application\/ld+json\" class=\"yoast-schema-graph\">{\"@context\":\"https:\/\/schema.org\",\"@graph\":[{\"@type\":\"WebPage\",\"@id\":\"https:\/\/www.cecotinternacionalitzacio.org\/es\/servicios-internacionalizacion\/programas-para-empresas-exportadoras\/\",\"url\":\"https:\/\/www.cecotinternacionalitzacio.org\/es\/servicios-internacionalizacion\/programas-para-empresas-exportadoras\/\",\"name\":\"Programas para empresas exportadoras - Club Cecot Inter.\",\"isPartOf\":{\"@id\":\"https:\/\/www.cecotinternacionalitzacio.org\/#website\"},\"datePublished\":\"2015-11-01T18:05:35+00:00\",\"dateModified\":\"2015-11-11T21:50:28+00:00\",\"description\":\"Programas para empresas exportadoras que quieran empezar, abrir o ampliar nuevos mercados exteriores. Personal alem\u00e1n, franc\u00e9s, ingl\u00e9s, portugu\u00e9s y ruso.\",\"breadcrumb\":{\"@id\":\"https:\/\/www.cecotinternacionalitzacio.org\/es\/servicios-internacionalizacion\/programas-para-empresas-exportadoras\/#breadcrumb\"},\"inLanguage\":\"es\",\"potentialAction\":[{\"@type\":\"ReadAction\",\"target\":[\"https:\/\/www.cecotinternacionalitzacio.org\/es\/servicios-internacionalizacion\/programas-para-empresas-exportadoras\/\"]}]},{\"@type\":\"BreadcrumbList\",\"@id\":\"https:\/\/www.cecotinternacionalitzacio.org\/es\/servicios-internacionalizacion\/programas-para-empresas-exportadoras\/#breadcrumb\",\"itemListElement\":[{\"@type\":\"ListItem\",\"position\":1,\"name\":\"Inici\",\"item\":\"https:\/\/www.cecotinternacionalitzacio.org\/es\/\"},{\"@type\":\"ListItem\",\"position\":2,\"name\":\"Servicios a la Internacionalizaci\u00f3n\",\"item\":\"https:\/\/www.cecotinternacionalitzacio.org\/es\/servicios-internacionalizacion\/\"},{\"@type\":\"ListItem\",\"position\":3,\"name\":\"Programas para empresas exportadoras\"}]},{\"@type\":\"WebSite\",\"@id\":\"https:\/\/www.cecotinternacionalitzacio.org\/#website\",\"url\":\"https:\/\/www.cecotinternacionalitzacio.org\/\",\"name\":\"Club Cecot Internacionalitzaci\u00f3\",\"description\":\"Un foro de intercamio de experiencias sobre la actividad exportadora de las empresas\",\"publisher\":{\"@id\":\"https:\/\/www.cecotinternacionalitzacio.org\/#organization\"},\"potentialAction\":[{\"@type\":\"SearchAction\",\"target\":{\"@type\":\"EntryPoint\",\"urlTemplate\":\"https:\/\/www.cecotinternacionalitzacio.org\/?s={search_term_string}\"},\"query-input\":\"required name=search_term_string\"}],\"inLanguage\":\"es\"},{\"@type\":\"Organization\",\"@id\":\"https:\/\/www.cecotinternacionalitzacio.org\/#organization\",\"name\":\"Club Cecot Internacionalitzaci\u00f3\",\"url\":\"https:\/\/www.cecotinternacionalitzacio.org\/\",\"sameAs\":[],\"logo\":{\"@type\":\"ImageObject\",\"inLanguage\":\"es\",\"@id\":\"https:\/\/www.cecotinternacionalitzacio.org\/#\/schema\/logo\/image\/\",\"url\":\"https:\/\/www.cecotinternacionalitzacio.org\/wp-content\/uploads\/2015\/07\/Logo_Club_Int_165x60.png\",\"contentUrl\":\"https:\/\/www.cecotinternacionalitzacio.org\/wp-content\/uploads\/2015\/07\/Logo_Club_Int_165x60.png\",\"width\":165,\"height\":60,\"caption\":\"Club Cecot Internacionalitzaci\u00f3\"},\"image\":{\"@id\":\"https:\/\/www.cecotinternacionalitzacio.org\/#\/schema\/logo\/image\/\"}}]}<\/script>\n<!-- \/ Yoast SEO plugin. -->","yoast_head_json":{"title":"Programas para empresas exportadoras - Club Cecot Inter.","description":"Programas para empresas exportadoras que quieran empezar, abrir o ampliar nuevos mercados exteriores. Personal alem\u00e1n, franc\u00e9s, ingl\u00e9s, portugu\u00e9s y ruso.","robots":{"index":"noindex","follow":"follow","max-snippet":"max-snippet:-1","max-image-preview":"max-image-preview:large","max-video-preview":"max-video-preview:-1"},"og_locale":"es_ES","og_type":"article","og_title":"Programas para empresas exportadoras - Club Cecot Inter.","og_description":"Programas para empresas exportadoras que quieran empezar, abrir o ampliar nuevos mercados exteriores. Personal alem\u00e1n, franc\u00e9s, ingl\u00e9s, portugu\u00e9s y ruso.","og_url":"https:\/\/www.cecotinternacionalitzacio.org\/es\/servicios-internacionalizacion\/programas-para-empresas-exportadoras\/","og_site_name":"Club Cecot Internacionalitzaci\u00f3","article_modified_time":"2015-11-11T21:50:28+00:00","og_image":[{"width":360,"height":240,"url":"https:\/\/www.cecotinternacionalitzacio.org\/wp-content\/uploads\/2015\/11\/programas.jpg","type":"image\/jpeg"}],"twitter_card":"summary","twitter_misc":{"Tiempo de lectura":"1 minuto"},"schema":{"@context":"https:\/\/schema.org","@graph":[{"@type":"WebPage","@id":"https:\/\/www.cecotinternacionalitzacio.org\/es\/servicios-internacionalizacion\/programas-para-empresas-exportadoras\/","url":"https:\/\/www.cecotinternacionalitzacio.org\/es\/servicios-internacionalizacion\/programas-para-empresas-exportadoras\/","name":"Programas para empresas exportadoras - Club Cecot Inter.","isPartOf":{"@id":"https:\/\/www.cecotinternacionalitzacio.org\/#website"},"datePublished":"2015-11-01T18:05:35+00:00","dateModified":"2015-11-11T21:50:28+00:00","description":"Programas para empresas exportadoras que quieran empezar, abrir o ampliar nuevos mercados exteriores. Personal alem\u00e1n, franc\u00e9s, ingl\u00e9s, portugu\u00e9s y ruso.","breadcrumb":{"@id":"https:\/\/www.cecotinternacionalitzacio.org\/es\/servicios-internacionalizacion\/programas-para-empresas-exportadoras\/#breadcrumb"},"inLanguage":"es","potentialAction":[{"@type":"ReadAction","target":["https:\/\/www.cecotinternacionalitzacio.org\/es\/servicios-internacionalizacion\/programas-para-empresas-exportadoras\/"]}]},{"@type":"BreadcrumbList","@id":"https:\/\/www.cecotinternacionalitzacio.org\/es\/servicios-internacionalizacion\/programas-para-empresas-exportadoras\/#breadcrumb","itemListElement":[{"@type":"ListItem","position":1,"name":"Inici","item":"https:\/\/www.cecotinternacionalitzacio.org\/es\/"},{"@type":"ListItem","position":2,"name":"Servicios a la Internacionalizaci\u00f3n","item":"https:\/\/www.cecotinternacionalitzacio.org\/es\/servicios-internacionalizacion\/"},{"@type":"ListItem","position":3,"name":"Programas para empresas exportadoras"}]},{"@type":"WebSite","@id":"https:\/\/www.cecotinternacionalitzacio.org\/#website","url":"https:\/\/www.cecotinternacionalitzacio.org\/","name":"Club Cecot Internacionalitzaci\u00f3","description":"Un foro de intercamio de experiencias sobre la actividad exportadora de las empresas","publisher":{"@id":"https:\/\/www.cecotinternacionalitzacio.org\/#organization"},"potentialAction":[{"@type":"SearchAction","target":{"@type":"EntryPoint","urlTemplate":"https:\/\/www.cecotinternacionalitzacio.org\/?s={search_term_string}"},"query-input":"required name=search_term_string"}],"inLanguage":"es"},{"@type":"Organization","@id":"https:\/\/www.cecotinternacionalitzacio.org\/#organization","name":"Club Cecot Internacionalitzaci\u00f3","url":"https:\/\/www.cecotinternacionalitzacio.org\/","sameAs":[],"logo":{"@type":"ImageObject","inLanguage":"es","@id":"https:\/\/www.cecotinternacionalitzacio.org\/#\/schema\/logo\/image\/","url":"https:\/\/www.cecotinternacionalitzacio.org\/wp-content\/uploads\/2015\/07\/Logo_Club_Int_165x60.png","contentUrl":"https:\/\/www.cecotinternacionalitzacio.org\/wp-content\/uploads\/2015\/07\/Logo_Club_Int_165x60.png","width":165,"height":60,"caption":"Club Cecot Internacionalitzaci\u00f3"},"image":{"@id":"https:\/\/www.cecotinternacionalitzacio.org\/#\/schema\/logo\/image\/"}}]}},"_links":{"self":[{"href":"https:\/\/www.cecotinternacionalitzacio.org\/es\/wp-json\/wp\/v2\/pages\/2384"}],"collection":[{"href":"https:\/\/www.cecotinternacionalitzacio.org\/es\/wp-json\/wp\/v2\/pages"}],"about":[{"href":"https:\/\/www.cecotinternacionalitzacio.org\/es\/wp-json\/wp\/v2\/types\/page"}],"author":[{"embeddable":true,"href":"https:\/\/www.cecotinternacionalitzacio.org\/es\/wp-json\/wp\/v2\/users\/1"}],"replies":[{"embeddable":true,"href":"https:\/\/www.cecotinternacionalitzacio.org\/es\/wp-json\/wp\/v2\/comments?post=2384"}],"version-history":[{"count":0,"href":"https:\/\/www.cecotinternacionalitzacio.org\/es\/wp-json\/wp\/v2\/pages\/2384\/revisions"}],"up":[{"embeddable":true,"href":"https:\/\/www.cecotinternacionalitzacio.org\/es\/wp-json\/wp\/v2\/pages\/866"}],"wp:featuredmedia":[{"embeddable":true,"href":"https:\/\/www.cecotinternacionalitzacio.org\/es\/wp-json\/wp\/v2\/media\/2001"}],"wp:attachment":[{"href":"https:\/\/www.cecotinternacionalitzacio.org\/es\/wp-json\/wp\/v2\/media?parent=2384"}],"curies":[{"name":"wp","href":"https:\/\/api.w.org\/{rel}","templated":true}]}}