{"id":2402,"date":"2015-11-03T07:57:31","date_gmt":"2015-11-03T07:57:31","guid":{"rendered":"http:\/\/www.cecotinternacionalitzacio.org\/es\/servicios-internacionalizacion\/programas-para-empresas-exportadoras\/franca-a-la-carta\/"},"modified":"2015-11-16T11:07:23","modified_gmt":"2015-11-16T11:07:23","slug":"francia-a-la-carta","status":"publish","type":"page","link":"https:\/\/www.cecotinternacionalitzacio.org\/es\/servicios-internacionalizacion\/programas-para-empresas-exportadoras\/francia-a-la-carta\/","title":{"rendered":"Francia a la carta"},"content":{"rendered":"<div id=\"pl-2402\"  class=\"panel-layout\" ><div id=\"pg-2402-0\"  class=\"panel-grid panel-no-style\" ><div id=\"pgc-2402-0-0\"  class=\"panel-grid-cell\" ><div id=\"panel-2402-0-0-0\" class=\"so-panel widget widget_black-studio-tinymce widget_black_studio_tinymce panel-first-child panel-last-child\" data-index=\"0\" ><h3 class=\"widget-title\"><span class=\"widget-title__inline\">Francia, un pa\u00eds donde abrir mercados y potenciar nuestras ventas<\/span><\/h3><div class=\"textwidget\"><p>Si desea acceder al mercado franc\u00e9s o desea incrementar sus ventas en este mercado, <strong>Cecot y el Club Cecot Internacionalizaci\u00f3n le ayudar\u00e1n a conseguirlo.<\/strong><div class=\"responsive-tabs\">\n<h2 class=\"tabtitle\">Objetivos:<\/h2>\n<div class=\"tabcontent\">\n<strong>Nuestro objetivo es ofrecer a los participantes el asesoramiento y las herramientas pr\u00e1cticas necesarias para trabajar, a fondo, la implantaci\u00f3n en el mercado franc\u00e9s durante todo un a\u00f1o <\/strong>. La finalidad es que, al finalizar el proyecto, todos los participantes hayan empezado a trabajar en el mercado franc\u00e9s o bien hayan podido potenciar o mejorar el canal ya existente.<\/p>\n<p>Este programa propone una interesante combinaci\u00f3n de <strong>seminarios de formaci\u00f3n, asesoramiento individualizado <\/strong>y ejecuci\u00f3n de las <strong>tareas de prospecci\u00f3n comercial internacional<\/strong> que un director de \u00e1rea en Francia realizar\u00eda a la hora de abrir, desarrollar o consolidar un mercado. Estas tareas de formaci\u00f3n, asesoramiento y prospecci\u00f3n comercial se distribuir\u00e1n <strong>a lo largo de un a\u00f1o <\/strong> para ofrecer un programa continuado que pueda ofrecer resultados a corto o medio plazo.\n<\/div><h2 class=\"tabtitle\">\u00bfPorqu\u00e9 Francia?<\/h2>\n<div class=\"tabcontent\">\n<\/p>\n<p>Este programa propone una tarea focalizada en el mercado franc\u00e9s dado la importancia de este mercado para las empresas espa\u00f1olas. El 78,04% de las exportaciones espa\u00f1olas van dirigidas a mercados europeos, con Francia a la cabeza. Asimismo, este pa\u00eds presenta numerosas ventajas:<\/p>\n<ul>\n<li> Situaci\u00f3n geogr\u00e1fica: proximidad y reducidos gastos de viaje.<\/li>\n<li> Aspectos culturales: m\u00e1s cercana que otros pa\u00edses.<\/li>\n<li> Situaci\u00f3n pol\u00edtica y econ\u00f3mica estable.<\/li>\n<li> Mercado \u00fanico: no aranceles, aduanas, etc.<\/li>\n<li> M\u00e9todos de pago similares a los que tenemos en Espa\u00f1a.<\/li>\n<li> Otros: informaci\u00f3n m\u00e1s accesible y fiable (financiera, mercado, estad\u00edsticas, etc.), misma franja horaria que facilita la comunicaci\u00f3n, etc.<\/li>\n<li> Resultados a medio plazo: muchas empresas que se inician en la tarea de exportaci\u00f3n se rinden temprano debido a la lentitud en obtener resultados de las inversiones realizadas. Debido a la proximidad de Francia, se pueden realizar viajes m\u00e1s a menudo y, por tanto, mantener la continuidad y constancia necesarias para obtener resultados.<\/li>\n<\/ul>\n<p><\/div><\/div><\/p>\n<\/div><\/div><\/div><div id=\"pgc-2402-0-1\"  class=\"panel-grid-cell\" ><div id=\"panel-2402-0-1-0\" class=\"so-panel widget widget_black-studio-tinymce widget_black_studio_tinymce panel-first-child\" data-index=\"1\" ><div class=\"featured-widget panel-widget-style panel-widget-style-for-2402-0-1-0\" ><div class=\"textwidget\"><p><a href=\"https:\/\/www.cecotinternacionalitzacio.org\/wp-content\/uploads\/2015\/11\/Francia_02.jpg\"><img loading=\"lazy\" decoding=\"async\" src=\"https:\/\/www.cecotinternacionalitzacio.org\/wp-content\/uploads\/2015\/11\/Francia_02.jpg\" alt=\"Francia_02\" width=\"600\" height=\"655\" class=\"aligncenter size-full wp-image-2235\" srcset=\"https:\/\/www.cecotinternacionalitzacio.org\/wp-content\/uploads\/2015\/11\/Francia_02.jpg 600w, https:\/\/www.cecotinternacionalitzacio.org\/wp-content\/uploads\/2015\/11\/Francia_02-275x300.jpg 275w\" sizes=\"auto, (max-width: 600px) 100vw, 600px\" \/><\/a><\/p>\n<\/div><\/div><\/div><div id=\"panel-2402-0-1-1\" class=\"so-panel widget widget_black-studio-tinymce widget_black_studio_tinymce panel-last-child\" data-index=\"2\" ><div class=\"textwidget\"><p><div class=\"ctsc-accordion ctsc-accordion-boxed\" data-group=\"ipime2\"><h4 class=\"ctsc-accordion-title\"><span class=\"ctsc-accordion-icon primary_color icon-globe\"><\/span> \u00bfQu\u00e9 acciones comprende?<\/h4><div class=\"ctsc-accordion-content\" style=\"display:none;\"><strong> 1. Prospecci\u00f3n y acci\u00f3n comercial<\/strong><br \/>\nSon aquellas acciones que se realizar\u00e1n para promocionar los productos entre los clientes potenciales franceses o los socios potenciales tales como distribuidores o agentes comerciales:<\/p>\n<ul>\n<li>La realizaci\u00f3n de material corporativo en franc\u00e9s: traducci\u00f3n o revisi\u00f3n de p\u00e1ginas webs, cat\u00e1logos ...<\/li>\n<li>Prospecci\u00f3n comercial entre clientes ya existentes o nuevos clientes: creaci\u00f3n de bases de datos, contacto telef\u00f3nico con cada contacto potencial, env\u00edo de informaci\u00f3n de la empresa, etc.<\/li>\n<li>B\u00fasqueda de agentes comerciales o distribuidores en Francia: creaci\u00f3n de bases de datos, contacto telef\u00f3nico con cada contacto potencial, env\u00edo de informaci\u00f3n de la empresa, gesti\u00f3n de presupuestos, env\u00edo de cat\u00e1logos, etc.<\/li>\n<li>Preparaci\u00f3n de viajes con agendas de visitas para realizar acciones de prospecci\u00f3n, fundamentalmente: b\u00fasqueda de agentes comerciales, distribuidores y\/o clientes finales, con preparaci\u00f3n de visitas comerciales.<\/li>\n<li>Seguimiento de visitas realizadas en los viajes, realizaci\u00f3n y seguimiento de presupuestos, gesti\u00f3n de env\u00edo de muestras o cat\u00e1logos, pedidos, cobro, etc.<\/li>\n<\/ul>\n<p><strong>2. Acciones de apoyo in-situ<\/strong><\/p>\n<ul>\n<li>B\u00fasqueda y supervisi\u00f3n de consultores junior nativos franceses que realizar\u00e1n las tareas de prospecci\u00f3n comercial y tareas operativas y administrativas de un departamento de exportaci\u00f3n.<\/li>\n<li>Resoluci\u00f3n constante de cuestiones de comercio con Francia: negociaci\u00f3n y contratos de distribuci\u00f3n o de agencia.<\/li>\n<li>Seguimiento de acciones. Mantenimiento de reuniones peri\u00f3dicas con los consultores juniors y el gerente o jefe de exportaci\u00f3n de las empresas participantes.<\/li>\n<li>Revisi\u00f3n y an\u00e1lisis de las acciones llevadas a cabo.<\/li>\n<p><\/ ul><\/div><\/div><div class=\"ctsc-accordion ctsc-accordion-boxed\" data-group=\"ipime2\"><h4 class=\"ctsc-accordion-title\"><span class=\"ctsc-accordion-icon primary_color icon-globe\"><\/span> Equipo de trabajo<\/h4><div class=\"ctsc-accordion-content\" style=\"display:none;\">\n<a href=\"https:\/\/www.cecotinternacionalitzacio.org\/wp-content\/uploads\/2015\/11\/exit_grafic_francia.png\"><img loading=\"lazy\" decoding=\"async\" src=\"https:\/\/www.cecotinternacionalitzacio.org\/wp-content\/uploads\/2015\/11\/exit_grafic_francia.png\" alt=\"exit_grafic_francia\" width=\"400\" height=\"378\" class=\"aligncenter size-full wp-image-2246\" srcset=\"https:\/\/www.cecotinternacionalitzacio.org\/wp-content\/uploads\/2015\/11\/exit_grafic_francia.png 400w, https:\/\/www.cecotinternacionalitzacio.org\/wp-content\/uploads\/2015\/11\/exit_grafic_francia-300x284.png 300w\" sizes=\"auto, (max-width: 400px) 100vw, 400px\" \/><\/a><\/p>\n<ul>\n<li>Empresa participante<\/li>\n<li>Equipo internacionalizaci\u00f3n CECOT + Consultor s\u00e9nior especializado en el mercado franc\u00e9s.<\/li>\n<li>Equipo de consultores junior nativos franceses que realizar\u00e1n acciones de prospecci\u00f3n y operativas.\n<\/li>\n<\/ul>\n<\/div><\/div><div class=\"ctsc-accordion ctsc-accordion-boxed\" data-group=\"ipime2\"><h4 class=\"ctsc-accordion-title\"><span class=\"ctsc-accordion-icon primary_color icon-globe\"><\/span> \u00bfPorqu\u00e9 ITC?<\/h4><div class=\"ctsc-accordion-content\" style=\"display:none;\">\n<ul>\n<li>Equipo multidisciplinar con m\u00e1s de 25 a\u00f1os de experiencia en internacionalizaci\u00f3n de PYMES, homologado por instituciones internacionales y nacionales tales como el ICEX o Acci\u00f310.<\/li>\n<li>Experiencia en un amplio abanico de sectores, tanto industrial como de consumo.<\/li>\n<li>Experiencia consolidada en el mercado franc\u00e9s: aproximadamente el 60% de proyectos de b\u00fasqueda de socios en el extranjero que hemos realizado para PYMES en el mercado europeo han sido realizados en el mercado franc\u00e9s.<\/li>\n<li>El 90% de nuestro equipo de consultores juniors y seniors tienen un nivel de franc\u00e9s nativo o muy elevado.<\/li>\n<li>Experiencia consolidada en b\u00fasqueda de estudiantes en pr\u00e1cticas de varios pa\u00edses europeos, entre ellos pa\u00edses franc\u00f3fonos.<\/li>\n<li>Experiencia en la gesti\u00f3n de proyectos de internacionalizaci\u00f3n por otras entidades p\u00fablicas, tanto nacionales como internacionales.<\/li>\n<\/ul>\n<p class=\"logo-panel\"><a href=\"http:\/\/www.int-team.com\/\" target=\"_blank\"><img decoding=\"async\" title=\"International team Consulting\" src=\"https:\/\/www.cecotinternacionalitzacio.org\/wp-content\/uploads\/2015\/10\/logo_itc.png\" alt=\"Itc\" \/><\/a><\/p>\n<\/div><\/div><div class=\"ctsc-accordion ctsc-accordion-boxed\" data-group=\"ipime2\"><h4 class=\"ctsc-accordion-title\"><span class=\"ctsc-accordion-icon primary_color icon-globe\"><\/span> Contacto<\/h4><div class=\"ctsc-accordion-content\" style=\"display:none;\">Si desea aprovechar esta oportunidad, p\u00f3ngase en contacto con nosotros, llame al tel\u00e9fono: <\/p>\n<h3 style=\"text-align:center;\"> 93 736 11 00 <\/h3>\n<p> y Asun Cirera, asesora en <strong> Comercio Exterior de la Cecot <\/strong>, les contactar\u00e1 para iniciar el programa.<\/div><\/div><\/p>\n<\/div><\/div><\/div><\/div><\/div>","protected":false},"excerpt":{"rendered":"<p>La finalidad de este programa es que, al finalizar el proyecto, todos los participantes hayan empezado a trabajar en el mercado franc\u00e9s o bien hayan podido potenciar o mejorar el canal ya existente. <a class=\"moretag\" href=\"https:\/\/www.cecotinternacionalitzacio.org\/es\/servicios-internacionalizacion\/programas-para-empresas-exportadoras\/francia-a-la-carta\/\"><br \/>Llegir m\u00e9s &raquo;<\/a><\/p>\n","protected":false},"author":1,"featured_media":2240,"parent":2384,"menu_order":2,"comment_status":"closed","ping_status":"closed","template":"","meta":{"_acf_changed":false,"_exactmetrics_skip_tracking":false,"_exactmetrics_sitenote_active":false,"_exactmetrics_sitenote_note":"","_exactmetrics_sitenote_category":0,"footnotes":""},"class_list":["post-2402","page","type-page","status-publish","has-post-thumbnail","hentry"],"acf":[],"yoast_head":"<!-- This site is optimized with the Yoast SEO plugin v19.6.1 - https:\/\/yoast.com\/wordpress\/plugins\/seo\/ -->\n<title>Francia a la carta - Club Cecot Internacionalitzaci\u00f3<\/title>\n<meta name=\"description\" content=\"La finalidad de este programa es que, al finalizar el proyecto, todos los participantes hayan empezado a trabajar o potenciar el mercado de Francia.\" \/>\n<meta name=\"robots\" content=\"noindex, follow, max-snippet:-1, max-image-preview:large, max-video-preview:-1\" \/>\n<meta property=\"og:locale\" content=\"es_ES\" \/>\n<meta property=\"og:type\" content=\"article\" \/>\n<meta property=\"og:title\" content=\"Francia a la carta - Club Cecot Internacionalitzaci\u00f3\" \/>\n<meta property=\"og:description\" content=\"La finalidad de este programa es que, al finalizar el proyecto, todos los participantes hayan empezado a trabajar o potenciar el mercado de Francia.\" \/>\n<meta property=\"og:url\" content=\"https:\/\/www.cecotinternacionalitzacio.org\/es\/servicios-internacionalizacion\/programas-para-empresas-exportadoras\/francia-a-la-carta\/\" \/>\n<meta property=\"og:site_name\" content=\"Club Cecot Internacionalitzaci\u00f3\" \/>\n<meta property=\"article:modified_time\" content=\"2015-11-16T11:07:23+00:00\" \/>\n<meta property=\"og:image\" content=\"https:\/\/www.cecotinternacionalitzacio.org\/wp-content\/uploads\/2015\/11\/Francia_03.jpg\" \/>\n\t<meta property=\"og:image:width\" content=\"360\" \/>\n\t<meta property=\"og:image:height\" content=\"240\" \/>\n\t<meta property=\"og:image:type\" content=\"image\/jpeg\" \/>\n<meta name=\"twitter:card\" content=\"summary\" \/>\n<meta name=\"twitter:label1\" content=\"Tiempo de lectura\" \/>\n\t<meta name=\"twitter:data1\" content=\"4 minutos\" \/>\n<script type=\"application\/ld+json\" class=\"yoast-schema-graph\">{\"@context\":\"https:\/\/schema.org\",\"@graph\":[{\"@type\":\"WebPage\",\"@id\":\"https:\/\/www.cecotinternacionalitzacio.org\/es\/servicios-internacionalizacion\/programas-para-empresas-exportadoras\/francia-a-la-carta\/\",\"url\":\"https:\/\/www.cecotinternacionalitzacio.org\/es\/servicios-internacionalizacion\/programas-para-empresas-exportadoras\/francia-a-la-carta\/\",\"name\":\"Francia a la carta - Club Cecot Internacionalitzaci\u00f3\",\"isPartOf\":{\"@id\":\"https:\/\/www.cecotinternacionalitzacio.org\/#website\"},\"datePublished\":\"2015-11-03T07:57:31+00:00\",\"dateModified\":\"2015-11-16T11:07:23+00:00\",\"description\":\"La finalidad de este programa es que, al finalizar el proyecto, todos los participantes hayan empezado a trabajar o potenciar el mercado de Francia.\",\"breadcrumb\":{\"@id\":\"https:\/\/www.cecotinternacionalitzacio.org\/es\/servicios-internacionalizacion\/programas-para-empresas-exportadoras\/francia-a-la-carta\/#breadcrumb\"},\"inLanguage\":\"es\",\"potentialAction\":[{\"@type\":\"ReadAction\",\"target\":[\"https:\/\/www.cecotinternacionalitzacio.org\/es\/servicios-internacionalizacion\/programas-para-empresas-exportadoras\/francia-a-la-carta\/\"]}]},{\"@type\":\"BreadcrumbList\",\"@id\":\"https:\/\/www.cecotinternacionalitzacio.org\/es\/servicios-internacionalizacion\/programas-para-empresas-exportadoras\/francia-a-la-carta\/#breadcrumb\",\"itemListElement\":[{\"@type\":\"ListItem\",\"position\":1,\"name\":\"Inici\",\"item\":\"https:\/\/www.cecotinternacionalitzacio.org\/es\/\"},{\"@type\":\"ListItem\",\"position\":2,\"name\":\"Servicios a la Internacionalizaci\u00f3n\",\"item\":\"https:\/\/www.cecotinternacionalitzacio.org\/es\/servicios-internacionalizacion\/\"},{\"@type\":\"ListItem\",\"position\":3,\"name\":\"Programas para empresas exportadoras\",\"item\":\"https:\/\/www.cecotinternacionalitzacio.org\/es\/servicios-internacionalizacion\/programas-para-empresas-exportadoras\/\"},{\"@type\":\"ListItem\",\"position\":4,\"name\":\"Francia a la carta\"}]},{\"@type\":\"WebSite\",\"@id\":\"https:\/\/www.cecotinternacionalitzacio.org\/#website\",\"url\":\"https:\/\/www.cecotinternacionalitzacio.org\/\",\"name\":\"Club Cecot Internacionalitzaci\u00f3\",\"description\":\"Un f\u00f2rum d\u2019intercanvi d\u2019experi\u00e8ncies sobre l\u2019activitat exportadora de les empreses\",\"publisher\":{\"@id\":\"https:\/\/www.cecotinternacionalitzacio.org\/#organization\"},\"potentialAction\":[{\"@type\":\"SearchAction\",\"target\":{\"@type\":\"EntryPoint\",\"urlTemplate\":\"https:\/\/www.cecotinternacionalitzacio.org\/?s={search_term_string}\"},\"query-input\":\"required name=search_term_string\"}],\"inLanguage\":\"es\"},{\"@type\":\"Organization\",\"@id\":\"https:\/\/www.cecotinternacionalitzacio.org\/#organization\",\"name\":\"Club Cecot Internacionalitzaci\u00f3\",\"url\":\"https:\/\/www.cecotinternacionalitzacio.org\/\",\"sameAs\":[],\"logo\":{\"@type\":\"ImageObject\",\"inLanguage\":\"es\",\"@id\":\"https:\/\/www.cecotinternacionalitzacio.org\/#\/schema\/logo\/image\/\",\"url\":\"https:\/\/www.cecotinternacionalitzacio.org\/wp-content\/uploads\/2015\/07\/Logo_Club_Int_165x60.png\",\"contentUrl\":\"https:\/\/www.cecotinternacionalitzacio.org\/wp-content\/uploads\/2015\/07\/Logo_Club_Int_165x60.png\",\"width\":165,\"height\":60,\"caption\":\"Club Cecot Internacionalitzaci\u00f3\"},\"image\":{\"@id\":\"https:\/\/www.cecotinternacionalitzacio.org\/#\/schema\/logo\/image\/\"}}]}<\/script>\n<!-- \/ Yoast SEO plugin. -->","yoast_head_json":{"title":"Francia a la carta - Club Cecot Internacionalitzaci\u00f3","description":"La finalidad de este programa es que, al finalizar el proyecto, todos los participantes hayan empezado a trabajar o potenciar el mercado de Francia.","robots":{"index":"noindex","follow":"follow","max-snippet":"max-snippet:-1","max-image-preview":"max-image-preview:large","max-video-preview":"max-video-preview:-1"},"og_locale":"es_ES","og_type":"article","og_title":"Francia a la carta - Club Cecot Internacionalitzaci\u00f3","og_description":"La finalidad de este programa es que, al finalizar el proyecto, todos los participantes hayan empezado a trabajar o potenciar el mercado de Francia.","og_url":"https:\/\/www.cecotinternacionalitzacio.org\/es\/servicios-internacionalizacion\/programas-para-empresas-exportadoras\/francia-a-la-carta\/","og_site_name":"Club Cecot Internacionalitzaci\u00f3","article_modified_time":"2015-11-16T11:07:23+00:00","og_image":[{"width":360,"height":240,"url":"https:\/\/www.cecotinternacionalitzacio.org\/wp-content\/uploads\/2015\/11\/Francia_03.jpg","type":"image\/jpeg"}],"twitter_card":"summary","twitter_misc":{"Tiempo de lectura":"4 minutos"},"schema":{"@context":"https:\/\/schema.org","@graph":[{"@type":"WebPage","@id":"https:\/\/www.cecotinternacionalitzacio.org\/es\/servicios-internacionalizacion\/programas-para-empresas-exportadoras\/francia-a-la-carta\/","url":"https:\/\/www.cecotinternacionalitzacio.org\/es\/servicios-internacionalizacion\/programas-para-empresas-exportadoras\/francia-a-la-carta\/","name":"Francia a la carta - Club Cecot Internacionalitzaci\u00f3","isPartOf":{"@id":"https:\/\/www.cecotinternacionalitzacio.org\/#website"},"datePublished":"2015-11-03T07:57:31+00:00","dateModified":"2015-11-16T11:07:23+00:00","description":"La finalidad de este programa es que, al finalizar el proyecto, todos los participantes hayan empezado a trabajar o potenciar el mercado de Francia.","breadcrumb":{"@id":"https:\/\/www.cecotinternacionalitzacio.org\/es\/servicios-internacionalizacion\/programas-para-empresas-exportadoras\/francia-a-la-carta\/#breadcrumb"},"inLanguage":"es","potentialAction":[{"@type":"ReadAction","target":["https:\/\/www.cecotinternacionalitzacio.org\/es\/servicios-internacionalizacion\/programas-para-empresas-exportadoras\/francia-a-la-carta\/"]}]},{"@type":"BreadcrumbList","@id":"https:\/\/www.cecotinternacionalitzacio.org\/es\/servicios-internacionalizacion\/programas-para-empresas-exportadoras\/francia-a-la-carta\/#breadcrumb","itemListElement":[{"@type":"ListItem","position":1,"name":"Inici","item":"https:\/\/www.cecotinternacionalitzacio.org\/es\/"},{"@type":"ListItem","position":2,"name":"Servicios a la Internacionalizaci\u00f3n","item":"https:\/\/www.cecotinternacionalitzacio.org\/es\/servicios-internacionalizacion\/"},{"@type":"ListItem","position":3,"name":"Programas para empresas exportadoras","item":"https:\/\/www.cecotinternacionalitzacio.org\/es\/servicios-internacionalizacion\/programas-para-empresas-exportadoras\/"},{"@type":"ListItem","position":4,"name":"Francia a la carta"}]},{"@type":"WebSite","@id":"https:\/\/www.cecotinternacionalitzacio.org\/#website","url":"https:\/\/www.cecotinternacionalitzacio.org\/","name":"Club Cecot Internacionalitzaci\u00f3","description":"Un f\u00f2rum d\u2019intercanvi d\u2019experi\u00e8ncies sobre l\u2019activitat exportadora de les empreses","publisher":{"@id":"https:\/\/www.cecotinternacionalitzacio.org\/#organization"},"potentialAction":[{"@type":"SearchAction","target":{"@type":"EntryPoint","urlTemplate":"https:\/\/www.cecotinternacionalitzacio.org\/?s={search_term_string}"},"query-input":"required name=search_term_string"}],"inLanguage":"es"},{"@type":"Organization","@id":"https:\/\/www.cecotinternacionalitzacio.org\/#organization","name":"Club Cecot Internacionalitzaci\u00f3","url":"https:\/\/www.cecotinternacionalitzacio.org\/","sameAs":[],"logo":{"@type":"ImageObject","inLanguage":"es","@id":"https:\/\/www.cecotinternacionalitzacio.org\/#\/schema\/logo\/image\/","url":"https:\/\/www.cecotinternacionalitzacio.org\/wp-content\/uploads\/2015\/07\/Logo_Club_Int_165x60.png","contentUrl":"https:\/\/www.cecotinternacionalitzacio.org\/wp-content\/uploads\/2015\/07\/Logo_Club_Int_165x60.png","width":165,"height":60,"caption":"Club Cecot Internacionalitzaci\u00f3"},"image":{"@id":"https:\/\/www.cecotinternacionalitzacio.org\/#\/schema\/logo\/image\/"}}]}},"_links":{"self":[{"href":"https:\/\/www.cecotinternacionalitzacio.org\/es\/wp-json\/wp\/v2\/pages\/2402","targetHints":{"allow":["GET"]}}],"collection":[{"href":"https:\/\/www.cecotinternacionalitzacio.org\/es\/wp-json\/wp\/v2\/pages"}],"about":[{"href":"https:\/\/www.cecotinternacionalitzacio.org\/es\/wp-json\/wp\/v2\/types\/page"}],"author":[{"embeddable":true,"href":"https:\/\/www.cecotinternacionalitzacio.org\/es\/wp-json\/wp\/v2\/users\/1"}],"replies":[{"embeddable":true,"href":"https:\/\/www.cecotinternacionalitzacio.org\/es\/wp-json\/wp\/v2\/comments?post=2402"}],"version-history":[{"count":0,"href":"https:\/\/www.cecotinternacionalitzacio.org\/es\/wp-json\/wp\/v2\/pages\/2402\/revisions"}],"up":[{"embeddable":true,"href":"https:\/\/www.cecotinternacionalitzacio.org\/es\/wp-json\/wp\/v2\/pages\/2384"}],"wp:featuredmedia":[{"embeddable":true,"href":"https:\/\/www.cecotinternacionalitzacio.org\/es\/wp-json\/wp\/v2\/media\/2240"}],"wp:attachment":[{"href":"https:\/\/www.cecotinternacionalitzacio.org\/es\/wp-json\/wp\/v2\/media?parent=2402"}],"curies":[{"name":"wp","href":"https:\/\/api.w.org\/{rel}","templated":true}]}}