{"id":2408,"date":"2015-11-03T08:34:48","date_gmt":"2015-11-03T08:34:48","guid":{"rendered":"http:\/\/www.cecotinternacionalitzacio.org\/es\/servicios-internacionalizacion\/programas-para-empresas-exportadoras\/alemanya-a-la-carta\/"},"modified":"2015-11-16T11:08:26","modified_gmt":"2015-11-16T11:08:26","slug":"alemania-a-la-carta","status":"publish","type":"page","link":"https:\/\/www.cecotinternacionalitzacio.org\/es\/servicios-internacionalizacion\/programas-para-empresas-exportadoras\/alemania-a-la-carta\/","title":{"rendered":"Alemania a la Carta"},"content":{"rendered":"<div id=\"pl-2408\"  class=\"panel-layout\" ><div id=\"pg-2408-0\"  class=\"panel-grid panel-no-style\" ><div id=\"pgc-2408-0-0\"  class=\"panel-grid-cell\" ><div id=\"panel-2408-0-0-0\" class=\"so-panel widget widget_black-studio-tinymce widget_black_studio_tinymce panel-first-child\" data-index=\"0\" ><h3 class=\"widget-title\"><span class=\"widget-title__inline\">Programa individualizado anual de prospecci\u00f3n y gesti\u00f3n comercial en Alemania<\/span><\/h3><div class=\"textwidget\"><h4><strong> Alemania: Alles Klar!<\/strong><\/h4>\n<p>Si desea acceder al mercado alem\u00e1n o desea incrementar sus ventas en este mercado, <strong>Cecot y el Club Cecot Internacionalizaci\u00f3n le pueden ayudar a conseguirlo.<\/strong><\/p>\n<\/div><\/div><div id=\"panel-2408-0-0-1\" class=\"so-panel widget widget_black-studio-tinymce widget_black_studio_tinymce panel-last-child\" data-index=\"1\" ><div class=\"textwidget\"><p><div class=\"responsive-tabs\">\n<h2 class=\"tabtitle\">Objetivos:<\/h2>\n<div class=\"tabcontent\">\n<br \/>\n<strong>Nuestro objetivo es ofrecer a los participantes el asesoramiento y las herramientas pr\u00e1cticas necesarias para trabajar, a fondo, la implantaci\u00f3n en el mercado franc\u00e9s durante todo un a\u00f1o <\/strong>. La finalidad es que, al finalizar el proyecto, todos los participantes hayan empezado a trabajar en el mercado franc\u00e9s o bien hayan podido potenciar o mejorar el canal ya existente.<\/p>\n<p>Este programa propone una interesante combinaci\u00f3n de <strong>seminarios de formaci\u00f3n, asesoramiento individualizado <\/strong>y ejecuci\u00f3n de las <strong>tareas de prospecci\u00f3n comercial internacional<\/strong> que un director de \u00e1rea en Alemania realizar\u00eda a la hora de abrir, desarrollar o consolidar un mercado. Estas tareas de formaci\u00f3n, asesoramiento y prospecci\u00f3n comercial se distribuir\u00e1n <strong>a lo largo de un a\u00f1o <\/strong> para ofrecer un programa continuado que pueda ofrecer resultados a corto o medio plazo<br \/>\n\n<\/div><h2 class=\"tabtitle\">\u00bfPorqu\u00e9 Alemania?<\/h2>\n<div class=\"tabcontent\">\n<br \/>\nMotor industrial de Europa y principal exportador.<\/p>\n<ul>\n<li>Situaci\u00f3n geogr\u00e1fica: proximidad y reducidos gastos de viaje.<\/li>\n<li>Aspectos culturales: m\u00e1s cercana que otros pa\u00edses.<\/li>\n<li>Situaci\u00f3n pol\u00edtica y econ\u00f3mica estable.<\/li>\n<li>Mercado \u00fanico: no aranceles, aduanas, etc.<\/li>\n<li>M\u00e9todos de pago similares a los que tenemos en Espa\u00f1a.<\/li>\n<li>Otros: informaci\u00f3n m\u00e1s accesible y fiable (financiera, mercado, estad\u00edsticas , etc.), misma franja horaria que facilita la comunicaci\u00f3n, etc. <\/ li>\n<li> Resultados a medio plazo: muchas empresas que se inician en la tarea de exportaci\u00f3n se rinden temprano debido a la lentitud en obtener resultados de las inversiones realizadas. Debido a la proximidad de Alemania, se pueden realizar viajes m\u00e1s a menudo y, por tanto, mantener la continuidad y constancia necesarias para obtener resultados.<\/li>\n<p><\/ ul><\/div><\/div><\/p>\n<\/div><\/div><\/div><div id=\"pgc-2408-0-1\"  class=\"panel-grid-cell\" ><div id=\"panel-2408-0-1-0\" class=\"so-panel widget widget_black-studio-tinymce widget_black_studio_tinymce panel-first-child\" data-index=\"2\" ><div class=\"featured-widget panel-widget-style panel-widget-style-for-2408-0-1-0\" ><div class=\"textwidget\"><p><a href=\"https:\/\/www.cecotinternacionalitzacio.org\/wp-content\/uploads\/2015\/11\/Alemania_01.jpg\"><img src=\"https:\/\/www.cecotinternacionalitzacio.org\/wp-content\/uploads\/2015\/11\/Alemania_01.jpg\" alt=\"Alemania_01\" width=\"600\" height=\"655\" class=\"aligncenter size-full wp-image-2256\" \/><\/a><\/p>\n<\/div><\/div><\/div><div id=\"panel-2408-0-1-1\" class=\"so-panel widget widget_black-studio-tinymce widget_black_studio_tinymce panel-last-child\" data-index=\"3\" ><div class=\"textwidget\"><p><div class=\"ctsc-accordion ctsc-accordion-boxed\" data-group=\"ipime2\"><h4 class=\"ctsc-accordion-title\"><span class=\"ctsc-accordion-icon primary_color icon-globe\"><\/span> \u00bfQu\u00e9 acciones comprende?<\/h4><div class=\"ctsc-accordion-content\" style=\"display:none;\"><strong>1. Acciones de prospecci\u00f3n y gesti\u00f3n comercial<\/strong><br \/>\nPromoci\u00f3n los productos entre clientes finales potenciales alemanes o socios potenciales tales como distribuidores o agentes comerciales:<\/p>\n<ul>\n<li>Realizaci\u00f3n de material corporativo en alem\u00e1n: traducci\u00f3n o revisi\u00f3n de p\u00e1ginas webs, cat\u00e1logos, etc.<\/li>\n<li>B\u00fasqueda e identificaci\u00f3n de contactos potenciales, creaci\u00f3n de BBDD, contacto telef\u00f3nico con cada uno de los posibles representantes, distribuidores y\/o clientes finales, preparaci\u00f3n de visitas comerciales... <\/li>\n<li>Preparaci\u00f3n de viajes para realizar acciones de prospecci\u00f3n, seguimiento de visitas...<\/li>\n<li> Organizaci\u00f3n y gesti\u00f3n de ferias: trabajo pre-feria y post-feria.<\/li>\n<li> Seguimiento de presupuestos, pedidos, cobro.<\/ li>\n<\/ul>\n<p><strong>2. Acciones de apoyo in-situ <\/strong><\/p>\n<ul>\n<li>B\u00fasqueda de consultores junior nativos alemanes (estudiantes en pr\u00e1cticas) que realizar\u00e1n la tarea de gesti\u00f3n de las tareas de departamento de exportaci\u00f3n.<\/li>\n<li>Seguimiento y coordinaci\u00f3n de los consultores juniors.<\/li>\n<li>Resoluci\u00f3n constante de cuestiones de comercio con Alemania (negociaci\u00f3n, contratos de distribuci\u00f3n o de agencia, seguimiento de viajes de prospecci\u00f3n, log\u00edstica ...).<\/li>\n<li>Seguimiento de acciones. Mantenimiento de reuniones peri\u00f3dicas con los consultores juniors y el gerente o jefe de exportaci\u00f3n de las empresas participantes.<\/li>\n<li>Revisi\u00f3n y an\u00e1lisis de las acciones llevadas a cabo.<\/li>\n<\/ul>\n<\/div><\/div><div class=\"ctsc-accordion ctsc-accordion-boxed\" data-group=\"ipime2\"><h4 class=\"ctsc-accordion-title\"><span class=\"ctsc-accordion-icon primary_color icon-globe\"><\/span> Equipo de trabajo:<\/h4><div class=\"ctsc-accordion-content\" style=\"display:none;\">\n<a href=\"https:\/\/www.cecotinternacionalitzacio.org\/wp-content\/uploads\/2015\/11\/exit_grafic_alemania.png\"><img src=\"https:\/\/www.cecotinternacionalitzacio.org\/wp-content\/uploads\/2015\/11\/exit_grafic_alemania.png\" alt=\"exit_grafic_alemania\" width=\"600\" height=\"567\" class=\"aligncenter size-full wp-image-2252\" \/><\/a><\/p>\n<ul>\n<li>Empresa participante.<\/li>\n<li>Equipo internacionalizaci\u00f3n Cecot + Consultor s\u00e9nior especializado en el mercado alem\u00e1n.<\/li>\n<li>Equipo de consultores junior nativos alemanes que realizar\u00e1n tareas de prospecci\u00f3n y operativas.<\/li>\n<\/ul>\n<\/div><\/div><div class=\"ctsc-accordion ctsc-accordion-boxed\" data-group=\"ipime2\"><h4 class=\"ctsc-accordion-title\"><span class=\"ctsc-accordion-icon primary_color icon-globe\"><\/span> \u00bfPorqu\u00e9 ITC?<\/h4><div class=\"ctsc-accordion-content\" style=\"display:none;\">\n<ul>\n<li> Equipo multidisciplinar con m\u00e1s de 25 a\u00f1os de experiencia en internacionalizaci\u00f3n de Pymes, homologado por instituciones internacionales y nacionales tales como el ICEX o Acci\u00f310.<\/li>\n<li>Experiencia en un amplio abanico de sectores, tanto industrial como de consumo.<\/li>\n<li>Experiencia consolidada en el mercado alem\u00e1n.<\/li>\n<li>Experiencia en la gesti\u00f3n de proyectos de internacionalizaci\u00f3n por otras entidades p\u00fablicas, tanto nacionales como internacionales.<\/li>\n<\/ul>\n<p class=\"logo-panel\"><a href=\"http:\/\/www.int-team.com\/\" target=\"_blank\"><img title=\"International team Consulting\" src=\"https:\/\/www.cecotinternacionalitzacio.org\/wp-content\/uploads\/2015\/10\/logo_itc.png\" alt=\"Itc\" \/><\/a><\/p>\n<\/div><\/div><div class=\"ctsc-accordion ctsc-accordion-boxed\" data-group=\"ipime2\"><h4 class=\"ctsc-accordion-title\"><span class=\"ctsc-accordion-icon primary_color icon-globe\"><\/span> Contacto<\/h4><div class=\"ctsc-accordion-content\" style=\"display:none;\">\nSi desea aprovechar esta oportunidad, p\u00f3ngase en contacto con nosotros, llame al tel\u00e9fono:<\/p>\n<h3 style=\"text-align: center;\">93 736 11 00<\/h3>\n<p> y Asun Cirera, asesora en <strong>Comercio Exterior de la Cecot <\/strong>, se pondr\u00e1 en contacto con vosotros para iniciar el programa.<\/div><\/div><\/p>\n<\/div><\/div><\/div><\/div><\/div>","protected":false},"excerpt":{"rendered":"<p>Programa individualizado anual de prospecci\u00f3n y gesti\u00f3n comercial en Alemania. Si desea acceder a este mercado o desea incrementar sus ventas en Alemania consulte este programa. <a class=\"moretag\" href=\"https:\/\/www.cecotinternacionalitzacio.org\/es\/servicios-internacionalizacion\/programas-para-empresas-exportadoras\/alemania-a-la-carta\/\"><br \/>Llegir m\u00e9s &raquo;<\/a><\/p>\n","protected":false},"author":1,"featured_media":2259,"parent":2384,"menu_order":3,"comment_status":"closed","ping_status":"closed","template":"","meta":{"_exactmetrics_skip_tracking":false,"_exactmetrics_sitenote_active":false,"_exactmetrics_sitenote_note":"","_exactmetrics_sitenote_category":0},"acf":[],"yoast_head":"<!-- This site is optimized with the Yoast SEO plugin v19.6.1 - https:\/\/yoast.com\/wordpress\/plugins\/seo\/ -->\n<title>Alemania a la Carta - Club Cecot Internacionalitzaci\u00f3<\/title>\n<meta name=\"description\" content=\"Programa individualizado anual de prospecci\u00f3n y gesti\u00f3n comercial en Alemania. consulte este programa si desea acceder o potenciar este mercado.\" \/>\n<meta name=\"robots\" content=\"noindex, follow, max-snippet:-1, max-image-preview:large, max-video-preview:-1\" \/>\n<meta property=\"og:locale\" content=\"es_ES\" \/>\n<meta property=\"og:type\" content=\"article\" \/>\n<meta property=\"og:title\" content=\"Alemania a la Carta - Club Cecot Internacionalitzaci\u00f3\" \/>\n<meta property=\"og:description\" content=\"Programa individualizado anual de prospecci\u00f3n y gesti\u00f3n comercial en Alemania. consulte este programa si desea acceder o potenciar este mercado.\" \/>\n<meta property=\"og:url\" content=\"https:\/\/www.cecotinternacionalitzacio.org\/es\/servicios-internacionalizacion\/programas-para-empresas-exportadoras\/alemania-a-la-carta\/\" \/>\n<meta property=\"og:site_name\" content=\"Club Cecot Internacionalitzaci\u00f3\" \/>\n<meta property=\"article:modified_time\" content=\"2015-11-16T11:08:26+00:00\" \/>\n<meta property=\"og:image\" content=\"https:\/\/www.cecotinternacionalitzacio.org\/wp-content\/uploads\/2015\/11\/Alemania_02.jpg\" \/>\n\t<meta property=\"og:image:width\" content=\"360\" \/>\n\t<meta property=\"og:image:height\" content=\"240\" \/>\n\t<meta property=\"og:image:type\" content=\"image\/jpeg\" \/>\n<meta name=\"twitter:card\" content=\"summary\" \/>\n<meta name=\"twitter:label1\" content=\"Tiempo de lectura\" \/>\n\t<meta name=\"twitter:data1\" content=\"3 minutos\" \/>\n<script type=\"application\/ld+json\" class=\"yoast-schema-graph\">{\"@context\":\"https:\/\/schema.org\",\"@graph\":[{\"@type\":\"WebPage\",\"@id\":\"https:\/\/www.cecotinternacionalitzacio.org\/es\/servicios-internacionalizacion\/programas-para-empresas-exportadoras\/alemania-a-la-carta\/\",\"url\":\"https:\/\/www.cecotinternacionalitzacio.org\/es\/servicios-internacionalizacion\/programas-para-empresas-exportadoras\/alemania-a-la-carta\/\",\"name\":\"Alemania a la Carta - Club Cecot Internacionalitzaci\u00f3\",\"isPartOf\":{\"@id\":\"https:\/\/www.cecotinternacionalitzacio.org\/#website\"},\"datePublished\":\"2015-11-03T08:34:48+00:00\",\"dateModified\":\"2015-11-16T11:08:26+00:00\",\"description\":\"Programa individualizado anual de prospecci\u00f3n y gesti\u00f3n comercial en Alemania. consulte este programa si desea acceder o potenciar este mercado.\",\"breadcrumb\":{\"@id\":\"https:\/\/www.cecotinternacionalitzacio.org\/es\/servicios-internacionalizacion\/programas-para-empresas-exportadoras\/alemania-a-la-carta\/#breadcrumb\"},\"inLanguage\":\"es\",\"potentialAction\":[{\"@type\":\"ReadAction\",\"target\":[\"https:\/\/www.cecotinternacionalitzacio.org\/es\/servicios-internacionalizacion\/programas-para-empresas-exportadoras\/alemania-a-la-carta\/\"]}]},{\"@type\":\"BreadcrumbList\",\"@id\":\"https:\/\/www.cecotinternacionalitzacio.org\/es\/servicios-internacionalizacion\/programas-para-empresas-exportadoras\/alemania-a-la-carta\/#breadcrumb\",\"itemListElement\":[{\"@type\":\"ListItem\",\"position\":1,\"name\":\"Inici\",\"item\":\"https:\/\/www.cecotinternacionalitzacio.org\/es\/\"},{\"@type\":\"ListItem\",\"position\":2,\"name\":\"Servicios a la Internacionalizaci\u00f3n\",\"item\":\"https:\/\/www.cecotinternacionalitzacio.org\/es\/servicios-internacionalizacion\/\"},{\"@type\":\"ListItem\",\"position\":3,\"name\":\"Programas para empresas exportadoras\",\"item\":\"https:\/\/www.cecotinternacionalitzacio.org\/es\/servicios-internacionalizacion\/programas-para-empresas-exportadoras\/\"},{\"@type\":\"ListItem\",\"position\":4,\"name\":\"Alemania a la Carta\"}]},{\"@type\":\"WebSite\",\"@id\":\"https:\/\/www.cecotinternacionalitzacio.org\/#website\",\"url\":\"https:\/\/www.cecotinternacionalitzacio.org\/\",\"name\":\"Club Cecot Internacionalitzaci\u00f3\",\"description\":\"Un foro de intercamio de experiencias sobre la actividad exportadora de las empresas\",\"publisher\":{\"@id\":\"https:\/\/www.cecotinternacionalitzacio.org\/#organization\"},\"potentialAction\":[{\"@type\":\"SearchAction\",\"target\":{\"@type\":\"EntryPoint\",\"urlTemplate\":\"https:\/\/www.cecotinternacionalitzacio.org\/?s={search_term_string}\"},\"query-input\":\"required name=search_term_string\"}],\"inLanguage\":\"es\"},{\"@type\":\"Organization\",\"@id\":\"https:\/\/www.cecotinternacionalitzacio.org\/#organization\",\"name\":\"Club Cecot Internacionalitzaci\u00f3\",\"url\":\"https:\/\/www.cecotinternacionalitzacio.org\/\",\"sameAs\":[],\"logo\":{\"@type\":\"ImageObject\",\"inLanguage\":\"es\",\"@id\":\"https:\/\/www.cecotinternacionalitzacio.org\/#\/schema\/logo\/image\/\",\"url\":\"https:\/\/www.cecotinternacionalitzacio.org\/wp-content\/uploads\/2015\/07\/Logo_Club_Int_165x60.png\",\"contentUrl\":\"https:\/\/www.cecotinternacionalitzacio.org\/wp-content\/uploads\/2015\/07\/Logo_Club_Int_165x60.png\",\"width\":165,\"height\":60,\"caption\":\"Club Cecot Internacionalitzaci\u00f3\"},\"image\":{\"@id\":\"https:\/\/www.cecotinternacionalitzacio.org\/#\/schema\/logo\/image\/\"}}]}<\/script>\n<!-- \/ Yoast SEO plugin. -->","yoast_head_json":{"title":"Alemania a la Carta - Club Cecot Internacionalitzaci\u00f3","description":"Programa individualizado anual de prospecci\u00f3n y gesti\u00f3n comercial en Alemania. consulte este programa si desea acceder o potenciar este mercado.","robots":{"index":"noindex","follow":"follow","max-snippet":"max-snippet:-1","max-image-preview":"max-image-preview:large","max-video-preview":"max-video-preview:-1"},"og_locale":"es_ES","og_type":"article","og_title":"Alemania a la Carta - Club Cecot Internacionalitzaci\u00f3","og_description":"Programa individualizado anual de prospecci\u00f3n y gesti\u00f3n comercial en Alemania. consulte este programa si desea acceder o potenciar este mercado.","og_url":"https:\/\/www.cecotinternacionalitzacio.org\/es\/servicios-internacionalizacion\/programas-para-empresas-exportadoras\/alemania-a-la-carta\/","og_site_name":"Club Cecot Internacionalitzaci\u00f3","article_modified_time":"2015-11-16T11:08:26+00:00","og_image":[{"width":360,"height":240,"url":"https:\/\/www.cecotinternacionalitzacio.org\/wp-content\/uploads\/2015\/11\/Alemania_02.jpg","type":"image\/jpeg"}],"twitter_card":"summary","twitter_misc":{"Tiempo de lectura":"3 minutos"},"schema":{"@context":"https:\/\/schema.org","@graph":[{"@type":"WebPage","@id":"https:\/\/www.cecotinternacionalitzacio.org\/es\/servicios-internacionalizacion\/programas-para-empresas-exportadoras\/alemania-a-la-carta\/","url":"https:\/\/www.cecotinternacionalitzacio.org\/es\/servicios-internacionalizacion\/programas-para-empresas-exportadoras\/alemania-a-la-carta\/","name":"Alemania a la Carta - Club Cecot Internacionalitzaci\u00f3","isPartOf":{"@id":"https:\/\/www.cecotinternacionalitzacio.org\/#website"},"datePublished":"2015-11-03T08:34:48+00:00","dateModified":"2015-11-16T11:08:26+00:00","description":"Programa individualizado anual de prospecci\u00f3n y gesti\u00f3n comercial en Alemania. consulte este programa si desea acceder o potenciar este mercado.","breadcrumb":{"@id":"https:\/\/www.cecotinternacionalitzacio.org\/es\/servicios-internacionalizacion\/programas-para-empresas-exportadoras\/alemania-a-la-carta\/#breadcrumb"},"inLanguage":"es","potentialAction":[{"@type":"ReadAction","target":["https:\/\/www.cecotinternacionalitzacio.org\/es\/servicios-internacionalizacion\/programas-para-empresas-exportadoras\/alemania-a-la-carta\/"]}]},{"@type":"BreadcrumbList","@id":"https:\/\/www.cecotinternacionalitzacio.org\/es\/servicios-internacionalizacion\/programas-para-empresas-exportadoras\/alemania-a-la-carta\/#breadcrumb","itemListElement":[{"@type":"ListItem","position":1,"name":"Inici","item":"https:\/\/www.cecotinternacionalitzacio.org\/es\/"},{"@type":"ListItem","position":2,"name":"Servicios a la Internacionalizaci\u00f3n","item":"https:\/\/www.cecotinternacionalitzacio.org\/es\/servicios-internacionalizacion\/"},{"@type":"ListItem","position":3,"name":"Programas para empresas exportadoras","item":"https:\/\/www.cecotinternacionalitzacio.org\/es\/servicios-internacionalizacion\/programas-para-empresas-exportadoras\/"},{"@type":"ListItem","position":4,"name":"Alemania a la Carta"}]},{"@type":"WebSite","@id":"https:\/\/www.cecotinternacionalitzacio.org\/#website","url":"https:\/\/www.cecotinternacionalitzacio.org\/","name":"Club Cecot Internacionalitzaci\u00f3","description":"Un foro de intercamio de experiencias sobre la actividad exportadora de las empresas","publisher":{"@id":"https:\/\/www.cecotinternacionalitzacio.org\/#organization"},"potentialAction":[{"@type":"SearchAction","target":{"@type":"EntryPoint","urlTemplate":"https:\/\/www.cecotinternacionalitzacio.org\/?s={search_term_string}"},"query-input":"required name=search_term_string"}],"inLanguage":"es"},{"@type":"Organization","@id":"https:\/\/www.cecotinternacionalitzacio.org\/#organization","name":"Club Cecot Internacionalitzaci\u00f3","url":"https:\/\/www.cecotinternacionalitzacio.org\/","sameAs":[],"logo":{"@type":"ImageObject","inLanguage":"es","@id":"https:\/\/www.cecotinternacionalitzacio.org\/#\/schema\/logo\/image\/","url":"https:\/\/www.cecotinternacionalitzacio.org\/wp-content\/uploads\/2015\/07\/Logo_Club_Int_165x60.png","contentUrl":"https:\/\/www.cecotinternacionalitzacio.org\/wp-content\/uploads\/2015\/07\/Logo_Club_Int_165x60.png","width":165,"height":60,"caption":"Club Cecot Internacionalitzaci\u00f3"},"image":{"@id":"https:\/\/www.cecotinternacionalitzacio.org\/#\/schema\/logo\/image\/"}}]}},"_links":{"self":[{"href":"https:\/\/www.cecotinternacionalitzacio.org\/es\/wp-json\/wp\/v2\/pages\/2408"}],"collection":[{"href":"https:\/\/www.cecotinternacionalitzacio.org\/es\/wp-json\/wp\/v2\/pages"}],"about":[{"href":"https:\/\/www.cecotinternacionalitzacio.org\/es\/wp-json\/wp\/v2\/types\/page"}],"author":[{"embeddable":true,"href":"https:\/\/www.cecotinternacionalitzacio.org\/es\/wp-json\/wp\/v2\/users\/1"}],"replies":[{"embeddable":true,"href":"https:\/\/www.cecotinternacionalitzacio.org\/es\/wp-json\/wp\/v2\/comments?post=2408"}],"version-history":[{"count":0,"href":"https:\/\/www.cecotinternacionalitzacio.org\/es\/wp-json\/wp\/v2\/pages\/2408\/revisions"}],"up":[{"embeddable":true,"href":"https:\/\/www.cecotinternacionalitzacio.org\/es\/wp-json\/wp\/v2\/pages\/2384"}],"wp:featuredmedia":[{"embeddable":true,"href":"https:\/\/www.cecotinternacionalitzacio.org\/es\/wp-json\/wp\/v2\/media\/2259"}],"wp:attachment":[{"href":"https:\/\/www.cecotinternacionalitzacio.org\/es\/wp-json\/wp\/v2\/media?parent=2408"}],"curies":[{"name":"wp","href":"https:\/\/api.w.org\/{rel}","templated":true}]}}