{"id":2416,"date":"2015-11-03T09:09:04","date_gmt":"2015-11-03T09:09:04","guid":{"rendered":"http:\/\/www.cecotinternacionalitzacio.org\/es\/servicios-internacionalizacion\/programas-para-empresas-exportadoras\/brasil-a-la-carta\/"},"modified":"2015-11-16T11:12:12","modified_gmt":"2015-11-16T11:12:12","slug":"brasil-a-la-carta","status":"publish","type":"page","link":"https:\/\/www.cecotinternacionalitzacio.org\/es\/servicios-internacionalizacion\/programas-para-empresas-exportadoras\/brasil-a-la-carta\/","title":{"rendered":"Brasil a la Carta"},"content":{"rendered":"<div id=\"pl-2416\"  class=\"panel-layout\" ><div id=\"pg-2416-0\"  class=\"panel-grid panel-no-style\" ><div id=\"pgc-2416-0-0\"  class=\"panel-grid-cell\" ><div id=\"panel-2416-0-0-0\" class=\"so-panel widget widget_black-studio-tinymce widget_black_studio_tinymce panel-first-child\" data-index=\"0\" ><h3 class=\"widget-title\"><span class=\"widget-title__inline\">Programa individualizado anual de prospecci\u00f3n y gesti\u00f3n comercial en Brasil<\/span><\/h3><div class=\"textwidget\"><h4><strong>Brasil: un pa\u00eds en el que abrir mercados y potenciar sus ventas<\/strong><\/h4>\n<p>Si desea acceder al mercado brasile\u00f1o o desea incrementar sus ventas en este mercado, <strong>Cecot y el Club Cecot Internacionalizaci\u00f3n le ayudan a conseguirlo.<\/strong><\/p>\n<\/div><\/div><div id=\"panel-2416-0-0-1\" class=\"so-panel widget widget_black-studio-tinymce widget_black_studio_tinymce panel-last-child\" data-index=\"1\" ><div class=\"textwidget\"><p><div class=\"responsive-tabs\">\n<h2 class=\"tabtitle\">Objetivos:<\/h2>\n<div class=\"tabcontent\">\n<br \/>\n<strong>Nuestro objetivo es ofrecer a los participantes el asesoramiento y las herramientas pr\u00e1cticas necesarias para trabajar, a fondo, en el mercado brasile\u00f1o durante un a\u00f1o<\/strong>. La finalidad es que, al finalizar el proyecto, todos los participantes hayan empezado a trabajar en este mercado o bien hayan podido potenciar o mejorar el canal ya existente.<\/p>\n<p>Este programa propone una interesante combinaci\u00f3n de seminarios de formaci\u00f3n, <strong>asesoramiento individualizado y ejecuci\u00f3n de las tareas de prospecci\u00f3n comercial internacional<\/strong> que un director de \u00e1rea de Brasil realizar\u00eda a la hora de abrir, desarrollar o consolidar un mercado. Estas tareas de formaci\u00f3n, asesoramiento y prospecci\u00f3n comercial se distribuir\u00e1n <strong>a lo largo de un a\u00f1o<\/strong> para desarrollar un programa continuado que pueda ofrecer resultados a corto o medio plazo.\n<\/div><h2 class=\"tabtitle\">\u00bfPorqu\u00e9 Brasil?<\/h2>\n<div class=\"tabcontent\">\n<br \/>\nEste programa propone una tarea focalizada en el mercado brasile\u00f1o, 8\u00aa econom\u00eda mundial con previsiones de llegar a la 5\u00aa en muy poco tiempo. Asimismo, este pa\u00eds presenta numerosas ventajas:<\/p>\n<ul>\n<li>Situaci\u00f3n geogr\u00e1fica: uno de los pa\u00edses de Am\u00e9rica del Sur m\u00e1s accesibles log\u00edsticamente, hace frontera con otros 9 pa\u00edses con los que tiene m\u00faltiples acuerdos de circulaci\u00f3n de mercanc\u00edas, un trampol\u00edn para estos mercados.<\/li>\n<li>Aspectos culturales e idiomas cercanos a los de Espa\u00f1a.<\/li>\n<li>Situaci\u00f3n pol\u00edtica y econ\u00f3mica estable.<\/li>\n<li>Situaci\u00f3n bancaria s\u00f3lida: por ley, un individuo o empresa s\u00f3lo puede endeudarse hasta un 30% de su renta. Freno al capital especulativo. Facilidad de cr\u00e9dito para nuevos proyectos de emprendimiento.<\/li>\n<li>Otros aspectos: informaci\u00f3n fiable (financiera, mercado, estad\u00edsticas, etc.).<\/li>\n<li>Nueva clase media \u00e1vida por consumir y con acceso al cr\u00e9dito.<\/li>\n<li>Todav\u00eda hay necesidades b\u00e1sicas que all\u00ed no est\u00e1n cubiertas.<\/li>\n<li> Costes laborales moderados y en general muy buena cualificaci\u00f3n de la mano de obra.<\/li>\n<\/ul>\n<p><\/div><\/div><\/p>\n<\/div><\/div><\/div><div id=\"pgc-2416-0-1\"  class=\"panel-grid-cell\" ><div id=\"panel-2416-0-1-0\" class=\"so-panel widget widget_black-studio-tinymce widget_black_studio_tinymce panel-first-child\" data-index=\"2\" ><div class=\"featured-widget panel-widget-style panel-widget-style-for-2416-0-1-0\" ><div class=\"textwidget\"><p><a href=\"https:\/\/www.cecotinternacionalitzacio.org\/wp-content\/uploads\/2015\/11\/Brasil.jpg\"><img src=\"https:\/\/www.cecotinternacionalitzacio.org\/wp-content\/uploads\/2015\/11\/Brasil.jpg\" alt=\"Brasil\" width=\"600\" height=\"655\" class=\"aligncenter size-full wp-image-2269\" \/><\/a><\/p>\n<\/div><\/div><\/div><div id=\"panel-2416-0-1-1\" class=\"so-panel widget widget_black-studio-tinymce widget_black_studio_tinymce panel-last-child\" data-index=\"3\" ><div class=\"textwidget\"><p><div class=\"ctsc-accordion ctsc-accordion-boxed\" data-group=\"ipime2\"><h4 class=\"ctsc-accordion-title\"><span class=\"ctsc-accordion-icon primary_color icon-globe\"><\/span> \u00bfQu\u00e9 acciones comprende?<\/h4><div class=\"ctsc-accordion-content\" style=\"display:none;\"><strong>1. Prospecci\u00f3n y Acci\u00f3n comercial<\/strong><br \/>\nSon aquellas acciones que se realizar\u00e1n para promocionar los productos entre clientes potenciales brasile\u00f1os o socios potenciales tales como distribuidores o agentes comerciales:<\/p>\n<ul>\n<li>La realizaci\u00f3n de material corporativo en portugu\u00e9s: traducci\u00f3n o revisi\u00f3n de p\u00e1ginas webs, cat\u00e1logos...<\/li>\n<li>Prospecci\u00f3n comercial entre clientes ya existentes o nuevos clientes: creaci\u00f3n de bases de datos, contacto telef\u00f3nico con cada contacto potencial, env\u00edo de informaci\u00f3n de la empresa, etc.<\/li>\n<li>B\u00fasqueda de agentes comerciales o distribuidores en Brasil: creaci\u00f3n de bases de datos, contacto telef\u00f3nico con cada contacto potencial, env\u00edo de informaci\u00f3n de la empresa, gesti\u00f3n de presupuestos, env\u00edo de cat\u00e1logos, etc.<\/li>\n<li>Preparaci\u00f3n de viajes con agendas de visitas para realizar acciones de prospecci\u00f3n, fundamentalmente: b\u00fasqueda de agentes comerciales, distribuidores y\/o clientes finales, preparaci\u00f3n de visitas comerciales. <\/li>\n<li>Seguimiento de visitas realizadas en los viajes, realizaci\u00f3n y seguimiento de presupuestos, gesti\u00f3n de env\u00edo de muestras o cat\u00e1logos, pedidos, cobro, etc.<\/li>\n<\/ul>\n<p><strong>2. Acciones de apoyo in-situ<\/strong><\/p>\n<ul>\n<li>B\u00fasqueda y supervisi\u00f3n de consultores junior nativos brasile\u00f1os que realizar\u00e1n las tareas de prospecci\u00f3n comercial y tareas operativas y administrativas de un departamento de exportaci\u00f3n.<\/li>\n<li>Resoluci\u00f3n constante de cuestiones de comercio con Brasil: negociaci\u00f3n y contratos de distribuci\u00f3n o de agencia.<\/li>\n<li>Seguimiento de acciones. Mantenimiento de reuniones peri\u00f3dicas con los consultores juniors y el gerente o jefe de exportaci\u00f3n de las empresas participantes.<\/li>\n<li>Revisi\u00f3n y an\u00e1lisis de las acciones llevadas a cabo.<\/li>\n<\/ul>\n<\/div><\/div><div class=\"ctsc-accordion ctsc-accordion-boxed\" data-group=\"ipime2\"><h4 class=\"ctsc-accordion-title\"><span class=\"ctsc-accordion-icon primary_color icon-globe\"><\/span> Equipo de trabajo:<\/h4><div class=\"ctsc-accordion-content\" style=\"display:none;\">\n<a href=\"https:\/\/www.cecotinternacionalitzacio.org\/wp-content\/uploads\/2015\/11\/exit_grafic_brasil.png\"><img src=\"https:\/\/www.cecotinternacionalitzacio.org\/wp-content\/uploads\/2015\/11\/exit_grafic_brasil.png\" alt=\"exit_grafic_brasil\" width=\"600\" height=\"567\" class=\"aligncenter size-full wp-image-2266\" \/><\/a><\/p>\n<ul>\n<li>Empresa participante.<\/li>\n<li>Equipo internacionalizaci\u00f3n Cecot + Consultor senior especializado en el mercado brasile\u00f1o.<\/li>\n<li>Equipo de consultores junior nativos brasile\u00f1os que realizar\u00e1n tareas de prospecci\u00f3n y operativas.<\/li>\n<\/ul>\n<\/div><\/div><div class=\"ctsc-accordion ctsc-accordion-boxed\" data-group=\"ipime2\"><h4 class=\"ctsc-accordion-title\"><span class=\"ctsc-accordion-icon primary_color icon-globe\"><\/span> \u00bfPorqu\u00e9 ITC?<\/h4><div class=\"ctsc-accordion-content\" style=\"display:none;\">\n<ul>\n<li>Equipo multidisciplinar con m\u00e1s de 25 a\u00f1os de experiencia en internacionalizaci\u00f3n de Pymes, homologado por instituciones internacionales y nacionales tales como el ICEX o Acci\u00f310.<\/li>\n<li>Experiencia en un amplio abanico de sectores, tanto industrial como de consumo.<\/li>\n<li>Experiencia consolidada en el mercado brasile\u00f1o.<\/li>\n<li>Experiencia en la gesti\u00f3n de proyectos de internacionalizaci\u00f3n por otras entidades p\u00fablicas, tanto nacionales como internacionales.<\/li>\n<\/ul>\n<p class=\"logo-panel\"><a href=\"http:\/\/www.int-team.com\/\" target=\"_blank\"><img title=\"International team Consulting\" src=\"https:\/\/www.cecotinternacionalitzacio.org\/wp-content\/uploads\/2015\/10\/logo_itc.png\" alt=\"Itc\" \/><\/a><\/p>\n<\/div><\/div><div class=\"ctsc-accordion ctsc-accordion-boxed\" data-group=\"ipime2\"><h4 class=\"ctsc-accordion-title\"><span class=\"ctsc-accordion-icon primary_color icon-globe\"><\/span> Contacto<\/h4><div class=\"ctsc-accordion-content\" style=\"display:none;\">Si desea aprovechar esta oportunidad, p\u00f3ngase en contacto con nosotros, llame al tel\u00e9fono:<\/p>\n<h3 style=\"text-align: center;\">93 736 11 00<\/h3>\n<p>y Asun Cirera, asesora en <strong>Comercio Exterior de la Cecot<\/ strong>, les contactar\u00e1 para iniciar el programa.<\/div><\/div><\/p>\n<\/div><\/div><\/div><\/div><\/div>","protected":false},"excerpt":{"rendered":"<p>Este programa propone una tarea focalizada en el mercado brasile\u00f1o, 8\u00aa econom\u00eda mundial con previsiones de llegar a la 5\u00aa en muy poco tiempo. <a class=\"moretag\" href=\"https:\/\/www.cecotinternacionalitzacio.org\/es\/servicios-internacionalizacion\/programas-para-empresas-exportadoras\/brasil-a-la-carta\/\"><br \/>Llegir m\u00e9s &raquo;<\/a><\/p>\n","protected":false},"author":1,"featured_media":2273,"parent":2384,"menu_order":4,"comment_status":"closed","ping_status":"closed","template":"","meta":{"_exactmetrics_skip_tracking":false,"_exactmetrics_sitenote_active":false,"_exactmetrics_sitenote_note":"","_exactmetrics_sitenote_category":0},"acf":[],"yoast_head":"<!-- This site is optimized with the Yoast SEO plugin v19.6.1 - https:\/\/yoast.com\/wordpress\/plugins\/seo\/ -->\n<title>Brasil a la Carta - Club Cecot Internacionalitzaci\u00f3<\/title>\n<meta name=\"description\" content=\"Este programa propone una tarea focalizada en el mercado de Brasil, 8\u00aa econom\u00eda mundial con previsiones de llegar a la 5\u00aa en muy poco tiempo.\" \/>\n<meta name=\"robots\" content=\"noindex, follow, max-snippet:-1, max-image-preview:large, max-video-preview:-1\" \/>\n<meta property=\"og:locale\" content=\"es_ES\" \/>\n<meta property=\"og:type\" content=\"article\" \/>\n<meta property=\"og:title\" content=\"Brasil a la Carta - Club Cecot Internacionalitzaci\u00f3\" \/>\n<meta property=\"og:description\" content=\"Este programa propone una tarea focalizada en el mercado de Brasil, 8\u00aa econom\u00eda mundial con previsiones de llegar a la 5\u00aa en muy poco tiempo.\" \/>\n<meta property=\"og:url\" content=\"https:\/\/www.cecotinternacionalitzacio.org\/es\/servicios-internacionalizacion\/programas-para-empresas-exportadoras\/brasil-a-la-carta\/\" \/>\n<meta property=\"og:site_name\" content=\"Club Cecot Internacionalitzaci\u00f3\" \/>\n<meta property=\"article:modified_time\" content=\"2015-11-16T11:12:12+00:00\" \/>\n<meta property=\"og:image\" content=\"https:\/\/www.cecotinternacionalitzacio.org\/wp-content\/uploads\/2015\/11\/Brasi_02.jpg\" \/>\n\t<meta property=\"og:image:width\" content=\"360\" \/>\n\t<meta property=\"og:image:height\" content=\"240\" \/>\n\t<meta property=\"og:image:type\" content=\"image\/jpeg\" \/>\n<meta name=\"twitter:card\" content=\"summary\" \/>\n<meta name=\"twitter:label1\" content=\"Tiempo de lectura\" \/>\n\t<meta name=\"twitter:data1\" content=\"4 minutos\" \/>\n<script type=\"application\/ld+json\" class=\"yoast-schema-graph\">{\"@context\":\"https:\/\/schema.org\",\"@graph\":[{\"@type\":\"WebPage\",\"@id\":\"https:\/\/www.cecotinternacionalitzacio.org\/es\/servicios-internacionalizacion\/programas-para-empresas-exportadoras\/brasil-a-la-carta\/\",\"url\":\"https:\/\/www.cecotinternacionalitzacio.org\/es\/servicios-internacionalizacion\/programas-para-empresas-exportadoras\/brasil-a-la-carta\/\",\"name\":\"Brasil a la Carta - Club Cecot Internacionalitzaci\u00f3\",\"isPartOf\":{\"@id\":\"https:\/\/www.cecotinternacionalitzacio.org\/#website\"},\"datePublished\":\"2015-11-03T09:09:04+00:00\",\"dateModified\":\"2015-11-16T11:12:12+00:00\",\"description\":\"Este programa propone una tarea focalizada en el mercado de Brasil, 8\u00aa econom\u00eda mundial con previsiones de llegar a la 5\u00aa en muy poco tiempo.\",\"breadcrumb\":{\"@id\":\"https:\/\/www.cecotinternacionalitzacio.org\/es\/servicios-internacionalizacion\/programas-para-empresas-exportadoras\/brasil-a-la-carta\/#breadcrumb\"},\"inLanguage\":\"es\",\"potentialAction\":[{\"@type\":\"ReadAction\",\"target\":[\"https:\/\/www.cecotinternacionalitzacio.org\/es\/servicios-internacionalizacion\/programas-para-empresas-exportadoras\/brasil-a-la-carta\/\"]}]},{\"@type\":\"BreadcrumbList\",\"@id\":\"https:\/\/www.cecotinternacionalitzacio.org\/es\/servicios-internacionalizacion\/programas-para-empresas-exportadoras\/brasil-a-la-carta\/#breadcrumb\",\"itemListElement\":[{\"@type\":\"ListItem\",\"position\":1,\"name\":\"Inici\",\"item\":\"https:\/\/www.cecotinternacionalitzacio.org\/es\/\"},{\"@type\":\"ListItem\",\"position\":2,\"name\":\"Servicios a la Internacionalizaci\u00f3n\",\"item\":\"https:\/\/www.cecotinternacionalitzacio.org\/es\/servicios-internacionalizacion\/\"},{\"@type\":\"ListItem\",\"position\":3,\"name\":\"Programas para empresas exportadoras\",\"item\":\"https:\/\/www.cecotinternacionalitzacio.org\/es\/servicios-internacionalizacion\/programas-para-empresas-exportadoras\/\"},{\"@type\":\"ListItem\",\"position\":4,\"name\":\"Brasil a la Carta\"}]},{\"@type\":\"WebSite\",\"@id\":\"https:\/\/www.cecotinternacionalitzacio.org\/#website\",\"url\":\"https:\/\/www.cecotinternacionalitzacio.org\/\",\"name\":\"Club Cecot Internacionalitzaci\u00f3\",\"description\":\"Un foro de intercamio de experiencias sobre la actividad exportadora de las empresas\",\"publisher\":{\"@id\":\"https:\/\/www.cecotinternacionalitzacio.org\/#organization\"},\"potentialAction\":[{\"@type\":\"SearchAction\",\"target\":{\"@type\":\"EntryPoint\",\"urlTemplate\":\"https:\/\/www.cecotinternacionalitzacio.org\/?s={search_term_string}\"},\"query-input\":\"required name=search_term_string\"}],\"inLanguage\":\"es\"},{\"@type\":\"Organization\",\"@id\":\"https:\/\/www.cecotinternacionalitzacio.org\/#organization\",\"name\":\"Club Cecot Internacionalitzaci\u00f3\",\"url\":\"https:\/\/www.cecotinternacionalitzacio.org\/\",\"sameAs\":[],\"logo\":{\"@type\":\"ImageObject\",\"inLanguage\":\"es\",\"@id\":\"https:\/\/www.cecotinternacionalitzacio.org\/#\/schema\/logo\/image\/\",\"url\":\"https:\/\/www.cecotinternacionalitzacio.org\/wp-content\/uploads\/2015\/07\/Logo_Club_Int_165x60.png\",\"contentUrl\":\"https:\/\/www.cecotinternacionalitzacio.org\/wp-content\/uploads\/2015\/07\/Logo_Club_Int_165x60.png\",\"width\":165,\"height\":60,\"caption\":\"Club Cecot Internacionalitzaci\u00f3\"},\"image\":{\"@id\":\"https:\/\/www.cecotinternacionalitzacio.org\/#\/schema\/logo\/image\/\"}}]}<\/script>\n<!-- \/ Yoast SEO plugin. -->","yoast_head_json":{"title":"Brasil a la Carta - Club Cecot Internacionalitzaci\u00f3","description":"Este programa propone una tarea focalizada en el mercado de Brasil, 8\u00aa econom\u00eda mundial con previsiones de llegar a la 5\u00aa en muy poco tiempo.","robots":{"index":"noindex","follow":"follow","max-snippet":"max-snippet:-1","max-image-preview":"max-image-preview:large","max-video-preview":"max-video-preview:-1"},"og_locale":"es_ES","og_type":"article","og_title":"Brasil a la Carta - Club Cecot Internacionalitzaci\u00f3","og_description":"Este programa propone una tarea focalizada en el mercado de Brasil, 8\u00aa econom\u00eda mundial con previsiones de llegar a la 5\u00aa en muy poco tiempo.","og_url":"https:\/\/www.cecotinternacionalitzacio.org\/es\/servicios-internacionalizacion\/programas-para-empresas-exportadoras\/brasil-a-la-carta\/","og_site_name":"Club Cecot Internacionalitzaci\u00f3","article_modified_time":"2015-11-16T11:12:12+00:00","og_image":[{"width":360,"height":240,"url":"https:\/\/www.cecotinternacionalitzacio.org\/wp-content\/uploads\/2015\/11\/Brasi_02.jpg","type":"image\/jpeg"}],"twitter_card":"summary","twitter_misc":{"Tiempo de lectura":"4 minutos"},"schema":{"@context":"https:\/\/schema.org","@graph":[{"@type":"WebPage","@id":"https:\/\/www.cecotinternacionalitzacio.org\/es\/servicios-internacionalizacion\/programas-para-empresas-exportadoras\/brasil-a-la-carta\/","url":"https:\/\/www.cecotinternacionalitzacio.org\/es\/servicios-internacionalizacion\/programas-para-empresas-exportadoras\/brasil-a-la-carta\/","name":"Brasil a la Carta - Club Cecot Internacionalitzaci\u00f3","isPartOf":{"@id":"https:\/\/www.cecotinternacionalitzacio.org\/#website"},"datePublished":"2015-11-03T09:09:04+00:00","dateModified":"2015-11-16T11:12:12+00:00","description":"Este programa propone una tarea focalizada en el mercado de Brasil, 8\u00aa econom\u00eda mundial con previsiones de llegar a la 5\u00aa en muy poco tiempo.","breadcrumb":{"@id":"https:\/\/www.cecotinternacionalitzacio.org\/es\/servicios-internacionalizacion\/programas-para-empresas-exportadoras\/brasil-a-la-carta\/#breadcrumb"},"inLanguage":"es","potentialAction":[{"@type":"ReadAction","target":["https:\/\/www.cecotinternacionalitzacio.org\/es\/servicios-internacionalizacion\/programas-para-empresas-exportadoras\/brasil-a-la-carta\/"]}]},{"@type":"BreadcrumbList","@id":"https:\/\/www.cecotinternacionalitzacio.org\/es\/servicios-internacionalizacion\/programas-para-empresas-exportadoras\/brasil-a-la-carta\/#breadcrumb","itemListElement":[{"@type":"ListItem","position":1,"name":"Inici","item":"https:\/\/www.cecotinternacionalitzacio.org\/es\/"},{"@type":"ListItem","position":2,"name":"Servicios a la Internacionalizaci\u00f3n","item":"https:\/\/www.cecotinternacionalitzacio.org\/es\/servicios-internacionalizacion\/"},{"@type":"ListItem","position":3,"name":"Programas para empresas exportadoras","item":"https:\/\/www.cecotinternacionalitzacio.org\/es\/servicios-internacionalizacion\/programas-para-empresas-exportadoras\/"},{"@type":"ListItem","position":4,"name":"Brasil a la Carta"}]},{"@type":"WebSite","@id":"https:\/\/www.cecotinternacionalitzacio.org\/#website","url":"https:\/\/www.cecotinternacionalitzacio.org\/","name":"Club Cecot Internacionalitzaci\u00f3","description":"Un foro de intercamio de experiencias sobre la actividad exportadora de las empresas","publisher":{"@id":"https:\/\/www.cecotinternacionalitzacio.org\/#organization"},"potentialAction":[{"@type":"SearchAction","target":{"@type":"EntryPoint","urlTemplate":"https:\/\/www.cecotinternacionalitzacio.org\/?s={search_term_string}"},"query-input":"required name=search_term_string"}],"inLanguage":"es"},{"@type":"Organization","@id":"https:\/\/www.cecotinternacionalitzacio.org\/#organization","name":"Club Cecot Internacionalitzaci\u00f3","url":"https:\/\/www.cecotinternacionalitzacio.org\/","sameAs":[],"logo":{"@type":"ImageObject","inLanguage":"es","@id":"https:\/\/www.cecotinternacionalitzacio.org\/#\/schema\/logo\/image\/","url":"https:\/\/www.cecotinternacionalitzacio.org\/wp-content\/uploads\/2015\/07\/Logo_Club_Int_165x60.png","contentUrl":"https:\/\/www.cecotinternacionalitzacio.org\/wp-content\/uploads\/2015\/07\/Logo_Club_Int_165x60.png","width":165,"height":60,"caption":"Club Cecot Internacionalitzaci\u00f3"},"image":{"@id":"https:\/\/www.cecotinternacionalitzacio.org\/#\/schema\/logo\/image\/"}}]}},"_links":{"self":[{"href":"https:\/\/www.cecotinternacionalitzacio.org\/es\/wp-json\/wp\/v2\/pages\/2416"}],"collection":[{"href":"https:\/\/www.cecotinternacionalitzacio.org\/es\/wp-json\/wp\/v2\/pages"}],"about":[{"href":"https:\/\/www.cecotinternacionalitzacio.org\/es\/wp-json\/wp\/v2\/types\/page"}],"author":[{"embeddable":true,"href":"https:\/\/www.cecotinternacionalitzacio.org\/es\/wp-json\/wp\/v2\/users\/1"}],"replies":[{"embeddable":true,"href":"https:\/\/www.cecotinternacionalitzacio.org\/es\/wp-json\/wp\/v2\/comments?post=2416"}],"version-history":[{"count":0,"href":"https:\/\/www.cecotinternacionalitzacio.org\/es\/wp-json\/wp\/v2\/pages\/2416\/revisions"}],"up":[{"embeddable":true,"href":"https:\/\/www.cecotinternacionalitzacio.org\/es\/wp-json\/wp\/v2\/pages\/2384"}],"wp:featuredmedia":[{"embeddable":true,"href":"https:\/\/www.cecotinternacionalitzacio.org\/es\/wp-json\/wp\/v2\/media\/2273"}],"wp:attachment":[{"href":"https:\/\/www.cecotinternacionalitzacio.org\/es\/wp-json\/wp\/v2\/media?parent=2416"}],"curies":[{"name":"wp","href":"https:\/\/api.w.org\/{rel}","templated":true}]}}