{"id":2444,"date":"2015-10-20T15:50:16","date_gmt":"2015-10-20T15:50:16","guid":{"rendered":"http:\/\/www.cecotinternacionalitzacio.org\/es\/servicios-internacionalizacion\/financiacion\/assessorament-financer-2\/"},"modified":"2015-11-17T16:33:44","modified_gmt":"2015-11-17T16:33:44","slug":"asesoramiento-financiero","status":"publish","type":"page","link":"https:\/\/www.cecotinternacionalitzacio.org\/es\/servicios-internacionalizacion\/financiacion\/asesoramiento-financiero\/","title":{"rendered":"Asesoramiento financiero"},"content":{"rendered":"<div id=\"pl-2444\"  class=\"panel-layout\" ><div id=\"pg-2444-0\"  class=\"panel-grid panel-no-style\" ><div id=\"pgc-2444-0-0\"  class=\"panel-grid-cell\" ><div id=\"panel-2444-0-0-0\" class=\"so-panel widget widget_black-studio-tinymce widget_black_studio_tinymce panel-first-child panel-last-child\" data-index=\"0\" ><h3 class=\"widget-title\"><span class=\"widget-title__inline\">Asesoramiento financero<\/span><\/h3><div class=\"textwidget\"><ul>\n<li>\u00bfC\u00f3mo afecta la gesti\u00f3n diaria las necesidades de financiaci\u00f3n?<\/li>\n<li>Las necesidades de financiaci\u00f3n de la empresa.<\/li>\n<li>Autodiagn\u00f3stico econ\u00f3mico financiero.<\/li>\n<li>Nuevo sistema de reclamaci\u00f3n de deudas para Pymes.<\/li>\n<li>Acuerdos de colaboraci\u00f3n con cinco importantes entidades financieras.<\/li>\n<li>B\u00fasqueda de financiaci\u00f3n.<\/li>\n<li>Cr\u00e9ditos ICO, ICF.<\/li>\n<li> Operaciones garantizadas con AVALIS.<\/li>\n<li>Acuerdos para entrada de capital privado.<\/li>\n<li>Fusiones y alianzas entre empresas.<\/li>\n<\/ul>\n<\/div><\/div><\/div><div id=\"pgc-2444-0-1\"  class=\"panel-grid-cell\" ><div id=\"panel-2444-0-1-0\" class=\"so-panel widget widget_black-studio-tinymce widget_black_studio_tinymce panel-first-child panel-last-child\" data-index=\"1\" ><div class=\"panel-widget-style panel-widget-style-for-2444-0-1-0\" ><div class=\"textwidget\"><p><a href=\"https:\/\/www.cecotinternacionalitzacio.org\/wp-content\/uploads\/2015\/10\/EnricRius-assesor-financer.jpg\"><img loading=\"lazy\" decoding=\"async\" src=\"https:\/\/www.cecotinternacionalitzacio.org\/wp-content\/uploads\/2015\/10\/EnricRius-assesor-financer.jpg\" alt=\"EnricRius-assesor-financer\" width=\"180\" height=\"269\" class=\"alignleft size-full wp-image-1674\" \/><\/a><br \/>\n<span style=\"color: #ffffff; padding-left: 10px;\">Asesor<\/span><br \/>\n<span class=\"asesor\" style=\"padding-left: 10px;\"><strong>Santi Rius<\/strong><\/span><\/p>\n<\/div><\/div><\/div><\/div><div id=\"pgc-2444-0-2\"  class=\"panel-grid-cell\" ><div id=\"panel-2444-0-2-0\" class=\"so-panel widget widget_black-studio-tinymce widget_black_studio_tinymce panel-first-child panel-last-child\" data-index=\"2\" ><div class=\"textwidget\"><h4><strong>Sobre el asesor:<\/strong><\/h4>\n<p>Licenciado en Ciencias Econ\u00f3micas y Empresariales por la UAB. Censor Jurado de Cuentas. Auditor. Asesor Fiscal. Responsable Financiero y Fiscal de Cecot. Miembro de las asociaciones profesionales Instituto de Censores Jurados de Cuentas de Espa\u00f1a, Registro de Economistas Auditores, Asociaci\u00f3n Espa\u00f1ola de Asesores Fiscales, y el Colegio de Economistas de Catalu\u00f1a. Miembro del Grupo de Estudios Fiscales de Fomento del Trabajo y miembro de la Comisi\u00f3n Fiscal de la CEOE.<\/p>\n<\/div><\/div><\/div><\/div><div id=\"pg-2444-1\"  class=\"panel-grid panel-no-style\" ><div id=\"pgc-2444-1-0\"  class=\"panel-grid-cell panel-grid-cell-empty\" ><\/div><div id=\"pgc-2444-1-1\"  class=\"panel-grid-cell panel-grid-cell-mobile-last\" ><div id=\"panel-2444-1-1-0\" class=\"so-panel widget widget_sow-button panel-first-child panel-last-child\" data-index=\"3\" ><div\n\t\t\t\n\t\t\tclass=\"so-widget-sow-button so-widget-sow-button-atom-5adfeb6846a8-2444\"\n\t\t\t\n\t\t><div class=\"ow-button-base ow-button-align-center\"\n>\n\t\t\t<a\n\t\t\t\t\thref=\"http:\/\/www.cecot.org\/Home\/Informacio_Assessorament\/Assessorament\/Assessoria\/_TEAeKPQEKLckgjQjeWL6Q6CQ6l5EHg3sH-RxbFLV8VThrZsPb70GK9gZYkwRox_idlDNdiNJgiTGcTYNwBlEEIMoFHi7Tm_b_tzNHqqhnWU\"\n\t\t\t\t\tclass=\"sowb-button ow-icon-placement-left ow-button-hover\" target=\"_blank\" rel=\"noopener noreferrer\" \t>\n\t\t<span>\n\t\t\t\n\t\t\tConsulta con el asesor\t\t<\/span>\n\t\t\t<\/a>\n\t<\/div>\n<\/div><\/div><\/div><div id=\"pgc-2444-1-2\"  class=\"panel-grid-cell panel-grid-cell-empty\" ><\/div><\/div><\/div>","protected":false},"excerpt":{"rendered":"<p>\u00bfC\u00f3mo afecta la gesti\u00f3n diaria las necesidades de financiaci\u00f3n? Las necesidades de financiaci\u00f3n de la empresa. Autodiagn\u00f3stico econ\u00f3mico financiero. Nuevo sistema de reclamaci\u00f3n de deudas para Pymes. Acuerdos de colaboraci\u00f3n con cinco importantes entidades financieras. B\u00fasqueda de financiaci\u00f3n. Cr\u00e9ditos ICO, ICF. Operaciones garantizadas con AVALIS. Acuerdos para entrada de capital privado. Fusiones y alianzas entre &hellip;&#8230; <a class=\"moretag\" href=\"https:\/\/www.cecotinternacionalitzacio.org\/es\/servicios-internacionalizacion\/financiacion\/asesoramiento-financiero\/\"><br \/>Llegir m\u00e9s &raquo;<\/a><\/p>\n","protected":false},"author":1,"featured_media":0,"parent":901,"menu_order":0,"comment_status":"closed","ping_status":"closed","template":"","meta":{"_acf_changed":false,"_exactmetrics_skip_tracking":false,"_exactmetrics_sitenote_active":false,"_exactmetrics_sitenote_note":"","_exactmetrics_sitenote_category":0,"footnotes":""},"class_list":["post-2444","page","type-page","status-publish","hentry"],"acf":[],"yoast_head":"<!-- This site is optimized with the Yoast SEO plugin v19.6.1 - https:\/\/yoast.com\/wordpress\/plugins\/seo\/ -->\n<title>Asesoramiento financiero - Club Cecot Internacionalitzaci\u00f3<\/title>\n<meta name=\"description\" content=\"Asesoramiento financiero para su negocio sobre todos los medios de financiaci\u00f3n que tiene a su alcance la empresa.\" \/>\n<meta name=\"robots\" content=\"noindex, follow, max-snippet:-1, max-image-preview:large, max-video-preview:-1\" \/>\n<meta property=\"og:locale\" content=\"es_ES\" \/>\n<meta property=\"og:type\" content=\"article\" \/>\n<meta property=\"og:title\" content=\"Asesoramiento financiero - Club Cecot Internacionalitzaci\u00f3\" \/>\n<meta property=\"og:description\" content=\"Asesoramiento financiero para su negocio sobre todos los medios de financiaci\u00f3n que tiene a su alcance la empresa.\" \/>\n<meta property=\"og:url\" content=\"https:\/\/www.cecotinternacionalitzacio.org\/es\/servicios-internacionalizacion\/financiacion\/asesoramiento-financiero\/\" \/>\n<meta property=\"og:site_name\" content=\"Club Cecot Internacionalitzaci\u00f3\" \/>\n<meta property=\"article:modified_time\" content=\"2015-11-17T16:33:44+00:00\" \/>\n<meta property=\"og:image\" content=\"https:\/\/www.cecotinternacionalitzacio.org\/wp-content\/uploads\/2015\/10\/EnricRius-assesor-financer.jpg\" \/>\n<meta name=\"twitter:card\" content=\"summary\" \/>\n<meta name=\"twitter:label1\" content=\"Tiempo de lectura\" \/>\n\t<meta name=\"twitter:data1\" content=\"1 minuto\" \/>\n<script type=\"application\/ld+json\" class=\"yoast-schema-graph\">{\"@context\":\"https:\/\/schema.org\",\"@graph\":[{\"@type\":\"WebPage\",\"@id\":\"https:\/\/www.cecotinternacionalitzacio.org\/es\/servicios-internacionalizacion\/financiacion\/asesoramiento-financiero\/\",\"url\":\"https:\/\/www.cecotinternacionalitzacio.org\/es\/servicios-internacionalizacion\/financiacion\/asesoramiento-financiero\/\",\"name\":\"Asesoramiento financiero - Club Cecot Internacionalitzaci\u00f3\",\"isPartOf\":{\"@id\":\"https:\/\/www.cecotinternacionalitzacio.org\/#website\"},\"datePublished\":\"2015-10-20T15:50:16+00:00\",\"dateModified\":\"2015-11-17T16:33:44+00:00\",\"description\":\"Asesoramiento financiero para su negocio sobre todos los medios de financiaci\u00f3n que tiene a su alcance la empresa.\",\"breadcrumb\":{\"@id\":\"https:\/\/www.cecotinternacionalitzacio.org\/es\/servicios-internacionalizacion\/financiacion\/asesoramiento-financiero\/#breadcrumb\"},\"inLanguage\":\"es\",\"potentialAction\":[{\"@type\":\"ReadAction\",\"target\":[\"https:\/\/www.cecotinternacionalitzacio.org\/es\/servicios-internacionalizacion\/financiacion\/asesoramiento-financiero\/\"]}]},{\"@type\":\"BreadcrumbList\",\"@id\":\"https:\/\/www.cecotinternacionalitzacio.org\/es\/servicios-internacionalizacion\/financiacion\/asesoramiento-financiero\/#breadcrumb\",\"itemListElement\":[{\"@type\":\"ListItem\",\"position\":1,\"name\":\"Inici\",\"item\":\"https:\/\/www.cecotinternacionalitzacio.org\/es\/\"},{\"@type\":\"ListItem\",\"position\":2,\"name\":\"Servicios a la Internacionalizaci\u00f3n\",\"item\":\"https:\/\/www.cecotinternacionalitzacio.org\/es\/servicios-internacionalizacion\/\"},{\"@type\":\"ListItem\",\"position\":3,\"name\":\"Financiaci\u00f3n\",\"item\":\"https:\/\/www.cecotinternacionalitzacio.org\/es\/servicios-internacionalizacion\/financiacion\/\"},{\"@type\":\"ListItem\",\"position\":4,\"name\":\"Asesoramiento financiero\"}]},{\"@type\":\"WebSite\",\"@id\":\"https:\/\/www.cecotinternacionalitzacio.org\/#website\",\"url\":\"https:\/\/www.cecotinternacionalitzacio.org\/\",\"name\":\"Club Cecot Internacionalitzaci\u00f3\",\"description\":\"Un f\u00f2rum d\u2019intercanvi d\u2019experi\u00e8ncies sobre l\u2019activitat exportadora de les empreses\",\"publisher\":{\"@id\":\"https:\/\/www.cecotinternacionalitzacio.org\/#organization\"},\"potentialAction\":[{\"@type\":\"SearchAction\",\"target\":{\"@type\":\"EntryPoint\",\"urlTemplate\":\"https:\/\/www.cecotinternacionalitzacio.org\/?s={search_term_string}\"},\"query-input\":\"required name=search_term_string\"}],\"inLanguage\":\"es\"},{\"@type\":\"Organization\",\"@id\":\"https:\/\/www.cecotinternacionalitzacio.org\/#organization\",\"name\":\"Club Cecot Internacionalitzaci\u00f3\",\"url\":\"https:\/\/www.cecotinternacionalitzacio.org\/\",\"sameAs\":[],\"logo\":{\"@type\":\"ImageObject\",\"inLanguage\":\"es\",\"@id\":\"https:\/\/www.cecotinternacionalitzacio.org\/#\/schema\/logo\/image\/\",\"url\":\"https:\/\/www.cecotinternacionalitzacio.org\/wp-content\/uploads\/2015\/07\/Logo_Club_Int_165x60.png\",\"contentUrl\":\"https:\/\/www.cecotinternacionalitzacio.org\/wp-content\/uploads\/2015\/07\/Logo_Club_Int_165x60.png\",\"width\":165,\"height\":60,\"caption\":\"Club Cecot Internacionalitzaci\u00f3\"},\"image\":{\"@id\":\"https:\/\/www.cecotinternacionalitzacio.org\/#\/schema\/logo\/image\/\"}}]}<\/script>\n<!-- \/ Yoast SEO plugin. -->","yoast_head_json":{"title":"Asesoramiento financiero - Club Cecot Internacionalitzaci\u00f3","description":"Asesoramiento financiero para su negocio sobre todos los medios de financiaci\u00f3n que tiene a su alcance la empresa.","robots":{"index":"noindex","follow":"follow","max-snippet":"max-snippet:-1","max-image-preview":"max-image-preview:large","max-video-preview":"max-video-preview:-1"},"og_locale":"es_ES","og_type":"article","og_title":"Asesoramiento financiero - Club Cecot Internacionalitzaci\u00f3","og_description":"Asesoramiento financiero para su negocio sobre todos los medios de financiaci\u00f3n que tiene a su alcance la empresa.","og_url":"https:\/\/www.cecotinternacionalitzacio.org\/es\/servicios-internacionalizacion\/financiacion\/asesoramiento-financiero\/","og_site_name":"Club Cecot Internacionalitzaci\u00f3","article_modified_time":"2015-11-17T16:33:44+00:00","og_image":[{"url":"https:\/\/www.cecotinternacionalitzacio.org\/wp-content\/uploads\/2015\/10\/EnricRius-assesor-financer.jpg"}],"twitter_card":"summary","twitter_misc":{"Tiempo de lectura":"1 minuto"},"schema":{"@context":"https:\/\/schema.org","@graph":[{"@type":"WebPage","@id":"https:\/\/www.cecotinternacionalitzacio.org\/es\/servicios-internacionalizacion\/financiacion\/asesoramiento-financiero\/","url":"https:\/\/www.cecotinternacionalitzacio.org\/es\/servicios-internacionalizacion\/financiacion\/asesoramiento-financiero\/","name":"Asesoramiento financiero - Club Cecot Internacionalitzaci\u00f3","isPartOf":{"@id":"https:\/\/www.cecotinternacionalitzacio.org\/#website"},"datePublished":"2015-10-20T15:50:16+00:00","dateModified":"2015-11-17T16:33:44+00:00","description":"Asesoramiento financiero para su negocio sobre todos los medios de financiaci\u00f3n que tiene a su alcance la empresa.","breadcrumb":{"@id":"https:\/\/www.cecotinternacionalitzacio.org\/es\/servicios-internacionalizacion\/financiacion\/asesoramiento-financiero\/#breadcrumb"},"inLanguage":"es","potentialAction":[{"@type":"ReadAction","target":["https:\/\/www.cecotinternacionalitzacio.org\/es\/servicios-internacionalizacion\/financiacion\/asesoramiento-financiero\/"]}]},{"@type":"BreadcrumbList","@id":"https:\/\/www.cecotinternacionalitzacio.org\/es\/servicios-internacionalizacion\/financiacion\/asesoramiento-financiero\/#breadcrumb","itemListElement":[{"@type":"ListItem","position":1,"name":"Inici","item":"https:\/\/www.cecotinternacionalitzacio.org\/es\/"},{"@type":"ListItem","position":2,"name":"Servicios a la Internacionalizaci\u00f3n","item":"https:\/\/www.cecotinternacionalitzacio.org\/es\/servicios-internacionalizacion\/"},{"@type":"ListItem","position":3,"name":"Financiaci\u00f3n","item":"https:\/\/www.cecotinternacionalitzacio.org\/es\/servicios-internacionalizacion\/financiacion\/"},{"@type":"ListItem","position":4,"name":"Asesoramiento financiero"}]},{"@type":"WebSite","@id":"https:\/\/www.cecotinternacionalitzacio.org\/#website","url":"https:\/\/www.cecotinternacionalitzacio.org\/","name":"Club Cecot Internacionalitzaci\u00f3","description":"Un f\u00f2rum d\u2019intercanvi d\u2019experi\u00e8ncies sobre l\u2019activitat exportadora de les empreses","publisher":{"@id":"https:\/\/www.cecotinternacionalitzacio.org\/#organization"},"potentialAction":[{"@type":"SearchAction","target":{"@type":"EntryPoint","urlTemplate":"https:\/\/www.cecotinternacionalitzacio.org\/?s={search_term_string}"},"query-input":"required name=search_term_string"}],"inLanguage":"es"},{"@type":"Organization","@id":"https:\/\/www.cecotinternacionalitzacio.org\/#organization","name":"Club Cecot Internacionalitzaci\u00f3","url":"https:\/\/www.cecotinternacionalitzacio.org\/","sameAs":[],"logo":{"@type":"ImageObject","inLanguage":"es","@id":"https:\/\/www.cecotinternacionalitzacio.org\/#\/schema\/logo\/image\/","url":"https:\/\/www.cecotinternacionalitzacio.org\/wp-content\/uploads\/2015\/07\/Logo_Club_Int_165x60.png","contentUrl":"https:\/\/www.cecotinternacionalitzacio.org\/wp-content\/uploads\/2015\/07\/Logo_Club_Int_165x60.png","width":165,"height":60,"caption":"Club Cecot Internacionalitzaci\u00f3"},"image":{"@id":"https:\/\/www.cecotinternacionalitzacio.org\/#\/schema\/logo\/image\/"}}]}},"_links":{"self":[{"href":"https:\/\/www.cecotinternacionalitzacio.org\/es\/wp-json\/wp\/v2\/pages\/2444","targetHints":{"allow":["GET"]}}],"collection":[{"href":"https:\/\/www.cecotinternacionalitzacio.org\/es\/wp-json\/wp\/v2\/pages"}],"about":[{"href":"https:\/\/www.cecotinternacionalitzacio.org\/es\/wp-json\/wp\/v2\/types\/page"}],"author":[{"embeddable":true,"href":"https:\/\/www.cecotinternacionalitzacio.org\/es\/wp-json\/wp\/v2\/users\/1"}],"replies":[{"embeddable":true,"href":"https:\/\/www.cecotinternacionalitzacio.org\/es\/wp-json\/wp\/v2\/comments?post=2444"}],"version-history":[{"count":0,"href":"https:\/\/www.cecotinternacionalitzacio.org\/es\/wp-json\/wp\/v2\/pages\/2444\/revisions"}],"up":[{"embeddable":true,"href":"https:\/\/www.cecotinternacionalitzacio.org\/es\/wp-json\/wp\/v2\/pages\/901"}],"wp:attachment":[{"href":"https:\/\/www.cecotinternacionalitzacio.org\/es\/wp-json\/wp\/v2\/media?parent=2444"}],"curies":[{"name":"wp","href":"https:\/\/api.w.org\/{rel}","templated":true}]}}