{"id":834,"date":"2015-05-07T13:27:36","date_gmt":"2015-05-07T13:27:36","guid":{"rendered":"http:\/\/cecotinter.cecot.org\/es\/sobre-el-club\/"},"modified":"2015-11-06T19:10:58","modified_gmt":"2015-11-06T19:10:58","slug":"sobre-el-club","status":"publish","type":"page","link":"https:\/\/www.cecotinternacionalitzacio.org\/es\/sobre-el-club\/","title":{"rendered":"Sobre el Club"},"content":{"rendered":"<div id=\"pl-834\"  class=\"panel-layout\" ><div id=\"pg-834-0\"  class=\"panel-grid panel-no-style\" ><div id=\"pgc-834-0-0\"  class=\"panel-grid-cell\" ><div id=\"panel-834-0-0-0\" class=\"so-panel widget widget_black-studio-tinymce widget_black_studio_tinymce panel-first-child panel-last-child\" data-index=\"0\" ><div class=\"textwidget\"><p>El <strong>Club Cecot Internacionalitzaci\u00f3 <\/strong>naci\u00f3 con la voluntad de impulsar la actividad internacional de las empresas. Por este motivo se constituye como una organizaci\u00f3n de defensa de los intereses de las empresas exportadoras y de negociaci\u00f3n con la administraci\u00f3n en pol\u00edticas que estimulen y apoyen la exportaci\u00f3n.<\/p>\n<p>El Club es un foro de intercambio de experiencias sobre los diferentes aspectos que rodean la actividad exportadora de las empresas. Asimismo, se voluntad del Club ayudar a aquellas empresas que no tienen mucha experiencia en los mercados internacionales, a implantarse con \u00e9xito en los mercados exteriores.<\/p>\n<p>Apoyar la interacci\u00f3n entre las empresas participantes es otro de los objetivos principales del <strong>Club Cecot Internacionalitzaci\u00f3<\/strong>.<\/p>\n<\/div><\/div><\/div><div id=\"pgc-834-0-1\"  class=\"panel-grid-cell\" ><div id=\"panel-834-0-1-0\" class=\"so-panel widget widget_siteorigin-panels-builder panel-first-child\" data-index=\"1\" ><div id=\"pl-w563cf11579771\"  class=\"panel-layout\" ><div id=\"pg-w563cf11579771-0\"  class=\"panel-grid panel-no-style\" ><div id=\"pgc-w563cf11579771-0-0\"  class=\"panel-grid-cell\" ><div id=\"panel-w563cf11579771-0-0-0\" class=\"so-panel widget widget_pw_featured_page widget-featured-page panel-first-child panel-last-child\" data-index=\"0\" >\n\t<div class=\"page-box  page-box--block\">\n\t\t\t\t\t\t\t\t\t<a class=\"page-box__picture\" href=\"https:\/\/www.cecotinternacionalitzacio.org\/es\/sobre-el-club\/bienvenida-presidente\/\">\n\t\t\t\t\t<img src=\"https:\/\/www.cecotinternacionalitzacio.org\/wp-content\/uploads\/2015\/07\/evila-003.jpg\" width=\"270\" height=\"200\" srcset=\"https:\/\/www.cecotinternacionalitzacio.org\/wp-content\/uploads\/2015\/07\/evila-003.jpg 270w, https:\/\/www.cecotinternacionalitzacio.org\/wp-content\/uploads\/2015\/07\/evila-003.jpg 270w\" sizes=\"(min-width: 992px) 360px, calc(100vw - 30px)\" class=\"wp-post-image\" alt=\"Bienvenida del Presidente\">\n\t\t\t\t<\/a>\n\t\t\t\t\t\t\t<div class=\"page-box__content\">\n\t\t\t<h5 class=\"page-box__title text-uppercase\"><a href=\"https:\/\/www.cecotinternacionalitzacio.org\/es\/sobre-el-club\/bienvenida-presidente\/\">Bienvenida del Presidente<\/a><\/h5>\n\t\t\t<p>El Club Cecot Internacionalizaci\u00f3n tiene como misi\u00f3n la de impulsar la actividad internacional de las empresas.<\/p>\n\t\t\t\t\t\t\t<p><a href=\"https:\/\/www.cecotinternacionalitzacio.org\/es\/sobre-el-club\/bienvenida-presidente\/\" class=\"read-more  read-more--page-box\">+ Info<\/a><\/p>\n\t\t\t\t\t<\/div>\n\t<\/div>\n\n<\/div><\/div><div id=\"pgc-w563cf11579771-0-1\"  class=\"panel-grid-cell\" ><div id=\"panel-w563cf11579771-0-1-0\" class=\"so-panel widget widget_pw_featured_page widget-featured-page panel-first-child panel-last-child\" data-index=\"1\" >\n\t<div class=\"page-box  page-box--block\">\n\t\t\t\t\t\t\t\t\t<a class=\"page-box__picture\" href=\"https:\/\/www.cecotinternacionalitzacio.org\/es\/sobre-el-club\/junta\/\">\n\t\t\t\t\t<img src=\"https:\/\/www.cecotinternacionalitzacio.org\/wp-content\/uploads\/2015\/07\/gobierno_021.jpg\" width=\"270\" height=\"200\" srcset=\"https:\/\/www.cecotinternacionalitzacio.org\/wp-content\/uploads\/2015\/07\/gobierno_021.jpg 270w, https:\/\/www.cecotinternacionalitzacio.org\/wp-content\/uploads\/2015\/07\/gobierno_021.jpg 270w\" sizes=\"(min-width: 992px) 360px, calc(100vw - 30px)\" class=\"wp-post-image\" alt=\"Junta\">\n\t\t\t\t<\/a>\n\t\t\t\t\t\t\t<div class=\"page-box__content\">\n\t\t\t<h5 class=\"page-box__title text-uppercase\"><a href=\"https:\/\/www.cecotinternacionalitzacio.org\/es\/sobre-el-club\/junta\/\">Junta<\/a><\/h5>\n\t\t\t<p>El Club Cecot Internacionalitzaci\u00f3 se rige mediante una junta gestora. Conoce a sus integrantes.<\/p>\n\t\t\t\t\t\t\t<p><a href=\"https:\/\/www.cecotinternacionalitzacio.org\/es\/sobre-el-club\/junta\/\" class=\"read-more  read-more--page-box\">+ Info<\/a><\/p>\n\t\t\t\t\t<\/div>\n\t<\/div>\n\n<\/div><\/div><div id=\"pgc-w563cf11579771-0-2\"  class=\"panel-grid-cell\" ><div id=\"panel-w563cf11579771-0-2-0\" class=\"so-panel widget widget_pw_featured_page widget-featured-page panel-first-child panel-last-child\" data-index=\"2\" >\n\t<div class=\"page-box  page-box--block\">\n\t\t\t\t\t\t\t\t\t<a class=\"page-box__picture\" href=\"https:\/\/www.cecotinternacionalitzacio.org\/es\/sobre-el-club\/donde-estamos\/\">\n\t\t\t\t\t<img src=\"https:\/\/www.cecotinternacionalitzacio.org\/wp-content\/uploads\/2015\/07\/desta_loca.jpg\" width=\"270\" height=\"200\" srcset=\"https:\/\/www.cecotinternacionalitzacio.org\/wp-content\/uploads\/2015\/07\/desta_loca.jpg 270w, https:\/\/www.cecotinternacionalitzacio.org\/wp-content\/uploads\/2015\/07\/desta_loca.jpg 270w\" sizes=\"(min-width: 992px) 360px, calc(100vw - 30px)\" class=\"wp-post-image\" alt=\"\u00bfD\u00f3nde estamos?\">\n\t\t\t\t<\/a>\n\t\t\t\t\t\t\t<div class=\"page-box__content\">\n\t\t\t<h5 class=\"page-box__title text-uppercase\"><a href=\"https:\/\/www.cecotinternacionalitzacio.org\/es\/sobre-el-club\/donde-estamos\/\">\u00bfD\u00f3nde estamos?<\/a><\/h5>\n\t\t\t<p>Puedes encontrarnos en Terrassa, en la calle San Pablo 6, sede de la patronal CECOT. Nuestro tel\u00e9fono de contacto es el 937 361 100.<\/p>\n\t\t\t\t\t\t\t<p><a href=\"https:\/\/www.cecotinternacionalitzacio.org\/es\/sobre-el-club\/donde-estamos\/\" class=\"read-more  read-more--page-box\">+ Info<\/a><\/p>\n\t\t\t\t\t<\/div>\n\t<\/div>\n\n<\/div><\/div><\/div><\/div><\/div><div id=\"panel-834-0-1-1\" class=\"so-panel widget widget_siteorigin-panels-builder panel-last-child\" data-index=\"2\" ><div id=\"pl-w563cfb432aa11\"  class=\"panel-layout\" ><div id=\"pg-w563cfb432aa11-0\"  class=\"panel-grid panel-no-style\" ><div id=\"pgc-w563cfb432aa11-0-0\"  class=\"panel-grid-cell\" ><div id=\"panel-w563cfb432aa11-0-0-0\" class=\"so-panel widget widget_pw_featured_page widget-featured-page panel-first-child panel-last-child\" data-index=\"0\" >\n\t<div class=\"page-box  page-box--block\">\n\t\t\t\t\t\t\t\t\t<a class=\"page-box__picture\" href=\"https:\/\/www.cecotinternacionalitzacio.org\/es\/sobre-el-club\/unete-al-club\/\">\n\t\t\t\t\t<img src=\"https:\/\/www.cecotinternacionalitzacio.org\/wp-content\/uploads\/2015\/07\/desta_socis.jpg\" width=\"270\" height=\"200\" srcset=\"https:\/\/www.cecotinternacionalitzacio.org\/wp-content\/uploads\/2015\/07\/desta_socis.jpg 270w, https:\/\/www.cecotinternacionalitzacio.org\/wp-content\/uploads\/2015\/07\/desta_socis.jpg 270w\" sizes=\"(min-width: 992px) 360px, calc(100vw - 30px)\" class=\"wp-post-image\" alt=\"\u00danete al Club\">\n\t\t\t\t<\/a>\n\t\t\t\t\t\t\t<div class=\"page-box__content\">\n\t\t\t<h5 class=\"page-box__title text-uppercase\"><a href=\"https:\/\/www.cecotinternacionalitzacio.org\/es\/sobre-el-club\/unete-al-club\/\">\u00danete al Club<\/a><\/h5>\n\t\t\t<p>Te ayudaremos a impulsar la internacionalizaci\u00f3n de tu empresa, no lo dudes, \u00a1inscr\u00edbete!<\/p>\n\t\t\t\t\t\t\t<p><a href=\"https:\/\/www.cecotinternacionalitzacio.org\/es\/sobre-el-club\/unete-al-club\/\" class=\"read-more  read-more--page-box\">+ Info<\/a><\/p>\n\t\t\t\t\t<\/div>\n\t<\/div>\n\n<\/div><\/div><div id=\"pgc-w563cfb432aa11-0-1\"  class=\"panel-grid-cell\" ><div id=\"panel-w563cfb432aa11-0-1-0\" class=\"so-panel widget widget_pw_featured_page widget-featured-page panel-first-child panel-last-child\" data-index=\"1\" >\n\t<div class=\"page-box  page-box--block\">\n\t\t\t\t\t\t\t\t\t<a class=\"page-box__picture\" href=\"https:\/\/www.cecotinternacionalitzacio.org\/es\/sobre-el-club\/colaboraciones\/\">\n\t\t\t\t\t<img src=\"https:\/\/www.cecotinternacionalitzacio.org\/wp-content\/uploads\/2015\/07\/desta_colab.jpg\" width=\"270\" height=\"200\" srcset=\"https:\/\/www.cecotinternacionalitzacio.org\/wp-content\/uploads\/2015\/07\/desta_colab.jpg 270w, https:\/\/www.cecotinternacionalitzacio.org\/wp-content\/uploads\/2015\/07\/desta_colab.jpg 270w\" sizes=\"(min-width: 992px) 360px, calc(100vw - 30px)\" class=\"wp-post-image\" alt=\"Colaboraciones\">\n\t\t\t\t<\/a>\n\t\t\t\t\t\t\t<div class=\"page-box__content\">\n\t\t\t<h5 class=\"page-box__title text-uppercase\"><a href=\"https:\/\/www.cecotinternacionalitzacio.org\/es\/sobre-el-club\/colaboraciones\/\">Colaboraciones<\/a><\/h5>\n\t\t\t<p>Conoce las entidades que colaboran con el  Club Cecot Internacionalitzaci\u00f3 para impulsar el comercio exterior de nuestras empresas.<\/p>\n\t\t\t\t\t\t\t<p><a href=\"https:\/\/www.cecotinternacionalitzacio.org\/es\/sobre-el-club\/colaboraciones\/\" class=\"read-more  read-more--page-box\">+ Info<\/a><\/p>\n\t\t\t\t\t<\/div>\n\t<\/div>\n\n<\/div><\/div><div id=\"pgc-w563cfb432aa11-0-2\"  class=\"panel-grid-cell\" ><div id=\"panel-w563cfb432aa11-0-2-0\" class=\"so-panel widget widget_pw_featured_page widget-featured-page panel-first-child panel-last-child\" data-index=\"2\" >\n\t<div class=\"page-box  page-box--block\">\n\t\t\t\t\t\t\t\t\t<a class=\"page-box__picture\" href=\"https:\/\/www.cecotinternacionalitzacio.org\/es\/contacto\/\">\n\t\t\t\t\t<img src=\"https:\/\/www.cecotinternacionalitzacio.org\/wp-content\/uploads\/2015\/05\/desta_conta.jpg\" width=\"270\" height=\"200\" srcset=\"https:\/\/www.cecotinternacionalitzacio.org\/wp-content\/uploads\/2015\/05\/desta_conta.jpg 270w, https:\/\/www.cecotinternacionalitzacio.org\/wp-content\/uploads\/2015\/05\/desta_conta.jpg 270w\" sizes=\"(min-width: 992px) 360px, calc(100vw - 30px)\" class=\"wp-post-image\" alt=\"Contacto\">\n\t\t\t\t<\/a>\n\t\t\t\t\t\t\t<div class=\"page-box__content\">\n\t\t\t<h5 class=\"page-box__title text-uppercase\"><a href=\"https:\/\/www.cecotinternacionalitzacio.org\/es\/contacto\/\">Contacto<\/a><\/h5>\n\t\t\t<p>Para cualquier consulta o solicitar una cita env\u00edenos el formulario que encontrar\u00e1 en esta p\u00e1gina.<\/p>\n\t\t\t\t\t\t\t<p><a href=\"https:\/\/www.cecotinternacionalitzacio.org\/es\/contacto\/\" class=\"read-more  read-more--page-box\">+ Info<\/a><\/p>\n\t\t\t\t\t<\/div>\n\t<\/div>\n\n<\/div><\/div><\/div><\/div><\/div><\/div><\/div><\/div>","protected":false},"excerpt":{"rendered":"<p>El Club Cecot Internacionalitzaci\u00f3 naci\u00f3 con la voluntad de impulsar la actividad internacional de las empresas. Por este motivo se constituye como una organizaci\u00f3n de defensa de los intereses de las empresas exportadoras y de negociaci\u00f3n con la administraci\u00f3n en pol\u00edticas que estimulen y apoyen la exportaci\u00f3n. El Club es un foro de intercambio de &hellip;&#8230; <a class=\"moretag\" href=\"https:\/\/www.cecotinternacionalitzacio.org\/es\/sobre-el-club\/\"><br \/>Llegir m\u00e9s &raquo;<\/a><\/p>\n","protected":false},"author":1,"featured_media":0,"parent":0,"menu_order":0,"comment_status":"closed","ping_status":"closed","template":"","meta":{"_exactmetrics_skip_tracking":false,"_exactmetrics_sitenote_active":false,"_exactmetrics_sitenote_note":"","_exactmetrics_sitenote_category":0},"acf":[],"yoast_head":"<!-- This site is optimized with the Yoast SEO plugin v19.6.1 - https:\/\/yoast.com\/wordpress\/plugins\/seo\/ -->\n<title>Sobre el Club - Club Cecot Internacionalitzaci\u00f3<\/title>\n<meta name=\"description\" content=\"El Club Cecot Internacionalizaci\u00f3n tiene como misi\u00f3n la de impulsar la actividad internacional de las empresas.\" \/>\n<meta name=\"robots\" content=\"noindex, follow, max-snippet:-1, max-image-preview:large, max-video-preview:-1\" \/>\n<meta property=\"og:locale\" content=\"es_ES\" \/>\n<meta property=\"og:type\" content=\"article\" \/>\n<meta property=\"og:title\" content=\"Sobre el Club - Club Cecot Internacionalitzaci\u00f3\" \/>\n<meta property=\"og:description\" content=\"El Club Cecot Internacionalizaci\u00f3n tiene como misi\u00f3n la de impulsar la actividad internacional de las empresas.\" \/>\n<meta property=\"og:url\" content=\"https:\/\/www.cecotinternacionalitzacio.org\/es\/sobre-el-club\/\" \/>\n<meta property=\"og:site_name\" content=\"Club Cecot Internacionalitzaci\u00f3\" \/>\n<meta property=\"article:modified_time\" content=\"2015-11-06T19:10:58+00:00\" \/>\n<meta property=\"og:image\" content=\"https:\/\/www.cecotinternacionalitzacio.org\/wp-content\/uploads\/2015\/07\/evila-003.jpg\" \/>\n<meta name=\"twitter:card\" content=\"summary\" \/>\n<meta name=\"twitter:label1\" content=\"Tiempo de lectura\" \/>\n\t<meta name=\"twitter:data1\" content=\"1 minuto\" \/>\n<script type=\"application\/ld+json\" class=\"yoast-schema-graph\">{\"@context\":\"https:\/\/schema.org\",\"@graph\":[{\"@type\":\"WebPage\",\"@id\":\"https:\/\/www.cecotinternacionalitzacio.org\/es\/sobre-el-club\/\",\"url\":\"https:\/\/www.cecotinternacionalitzacio.org\/es\/sobre-el-club\/\",\"name\":\"Sobre el Club - Club Cecot Internacionalitzaci\u00f3\",\"isPartOf\":{\"@id\":\"https:\/\/www.cecotinternacionalitzacio.org\/#website\"},\"datePublished\":\"2015-05-07T13:27:36+00:00\",\"dateModified\":\"2015-11-06T19:10:58+00:00\",\"description\":\"El Club Cecot Internacionalizaci\u00f3n tiene como misi\u00f3n la de impulsar la actividad internacional de las empresas.\",\"breadcrumb\":{\"@id\":\"https:\/\/www.cecotinternacionalitzacio.org\/es\/sobre-el-club\/#breadcrumb\"},\"inLanguage\":\"es\",\"potentialAction\":[{\"@type\":\"ReadAction\",\"target\":[\"https:\/\/www.cecotinternacionalitzacio.org\/es\/sobre-el-club\/\"]}]},{\"@type\":\"BreadcrumbList\",\"@id\":\"https:\/\/www.cecotinternacionalitzacio.org\/es\/sobre-el-club\/#breadcrumb\",\"itemListElement\":[{\"@type\":\"ListItem\",\"position\":1,\"name\":\"Inici\",\"item\":\"https:\/\/www.cecotinternacionalitzacio.org\/es\/\"},{\"@type\":\"ListItem\",\"position\":2,\"name\":\"Sobre el Club\"}]},{\"@type\":\"WebSite\",\"@id\":\"https:\/\/www.cecotinternacionalitzacio.org\/#website\",\"url\":\"https:\/\/www.cecotinternacionalitzacio.org\/\",\"name\":\"Club Cecot Internacionalitzaci\u00f3\",\"description\":\"Un foro de intercamio de experiencias sobre la actividad exportadora de las empresas\",\"publisher\":{\"@id\":\"https:\/\/www.cecotinternacionalitzacio.org\/#organization\"},\"potentialAction\":[{\"@type\":\"SearchAction\",\"target\":{\"@type\":\"EntryPoint\",\"urlTemplate\":\"https:\/\/www.cecotinternacionalitzacio.org\/?s={search_term_string}\"},\"query-input\":\"required name=search_term_string\"}],\"inLanguage\":\"es\"},{\"@type\":\"Organization\",\"@id\":\"https:\/\/www.cecotinternacionalitzacio.org\/#organization\",\"name\":\"Club Cecot Internacionalitzaci\u00f3\",\"url\":\"https:\/\/www.cecotinternacionalitzacio.org\/\",\"sameAs\":[],\"logo\":{\"@type\":\"ImageObject\",\"inLanguage\":\"es\",\"@id\":\"https:\/\/www.cecotinternacionalitzacio.org\/#\/schema\/logo\/image\/\",\"url\":\"https:\/\/www.cecotinternacionalitzacio.org\/wp-content\/uploads\/2015\/07\/Logo_Club_Int_165x60.png\",\"contentUrl\":\"https:\/\/www.cecotinternacionalitzacio.org\/wp-content\/uploads\/2015\/07\/Logo_Club_Int_165x60.png\",\"width\":165,\"height\":60,\"caption\":\"Club Cecot Internacionalitzaci\u00f3\"},\"image\":{\"@id\":\"https:\/\/www.cecotinternacionalitzacio.org\/#\/schema\/logo\/image\/\"}}]}<\/script>\n<!-- \/ Yoast SEO plugin. -->","yoast_head_json":{"title":"Sobre el Club - Club Cecot Internacionalitzaci\u00f3","description":"El Club Cecot Internacionalizaci\u00f3n tiene como misi\u00f3n la de impulsar la actividad internacional de las empresas.","robots":{"index":"noindex","follow":"follow","max-snippet":"max-snippet:-1","max-image-preview":"max-image-preview:large","max-video-preview":"max-video-preview:-1"},"og_locale":"es_ES","og_type":"article","og_title":"Sobre el Club - Club Cecot Internacionalitzaci\u00f3","og_description":"El Club Cecot Internacionalizaci\u00f3n tiene como misi\u00f3n la de impulsar la actividad internacional de las empresas.","og_url":"https:\/\/www.cecotinternacionalitzacio.org\/es\/sobre-el-club\/","og_site_name":"Club Cecot Internacionalitzaci\u00f3","article_modified_time":"2015-11-06T19:10:58+00:00","og_image":[{"url":"https:\/\/www.cecotinternacionalitzacio.org\/wp-content\/uploads\/2015\/07\/evila-003.jpg"}],"twitter_card":"summary","twitter_misc":{"Tiempo de lectura":"1 minuto"},"schema":{"@context":"https:\/\/schema.org","@graph":[{"@type":"WebPage","@id":"https:\/\/www.cecotinternacionalitzacio.org\/es\/sobre-el-club\/","url":"https:\/\/www.cecotinternacionalitzacio.org\/es\/sobre-el-club\/","name":"Sobre el Club - Club Cecot Internacionalitzaci\u00f3","isPartOf":{"@id":"https:\/\/www.cecotinternacionalitzacio.org\/#website"},"datePublished":"2015-05-07T13:27:36+00:00","dateModified":"2015-11-06T19:10:58+00:00","description":"El Club Cecot Internacionalizaci\u00f3n tiene como misi\u00f3n la de impulsar la actividad internacional de las empresas.","breadcrumb":{"@id":"https:\/\/www.cecotinternacionalitzacio.org\/es\/sobre-el-club\/#breadcrumb"},"inLanguage":"es","potentialAction":[{"@type":"ReadAction","target":["https:\/\/www.cecotinternacionalitzacio.org\/es\/sobre-el-club\/"]}]},{"@type":"BreadcrumbList","@id":"https:\/\/www.cecotinternacionalitzacio.org\/es\/sobre-el-club\/#breadcrumb","itemListElement":[{"@type":"ListItem","position":1,"name":"Inici","item":"https:\/\/www.cecotinternacionalitzacio.org\/es\/"},{"@type":"ListItem","position":2,"name":"Sobre el Club"}]},{"@type":"WebSite","@id":"https:\/\/www.cecotinternacionalitzacio.org\/#website","url":"https:\/\/www.cecotinternacionalitzacio.org\/","name":"Club Cecot Internacionalitzaci\u00f3","description":"Un foro de intercamio de experiencias sobre la actividad exportadora de las empresas","publisher":{"@id":"https:\/\/www.cecotinternacionalitzacio.org\/#organization"},"potentialAction":[{"@type":"SearchAction","target":{"@type":"EntryPoint","urlTemplate":"https:\/\/www.cecotinternacionalitzacio.org\/?s={search_term_string}"},"query-input":"required name=search_term_string"}],"inLanguage":"es"},{"@type":"Organization","@id":"https:\/\/www.cecotinternacionalitzacio.org\/#organization","name":"Club Cecot Internacionalitzaci\u00f3","url":"https:\/\/www.cecotinternacionalitzacio.org\/","sameAs":[],"logo":{"@type":"ImageObject","inLanguage":"es","@id":"https:\/\/www.cecotinternacionalitzacio.org\/#\/schema\/logo\/image\/","url":"https:\/\/www.cecotinternacionalitzacio.org\/wp-content\/uploads\/2015\/07\/Logo_Club_Int_165x60.png","contentUrl":"https:\/\/www.cecotinternacionalitzacio.org\/wp-content\/uploads\/2015\/07\/Logo_Club_Int_165x60.png","width":165,"height":60,"caption":"Club Cecot Internacionalitzaci\u00f3"},"image":{"@id":"https:\/\/www.cecotinternacionalitzacio.org\/#\/schema\/logo\/image\/"}}]}},"_links":{"self":[{"href":"https:\/\/www.cecotinternacionalitzacio.org\/es\/wp-json\/wp\/v2\/pages\/834"}],"collection":[{"href":"https:\/\/www.cecotinternacionalitzacio.org\/es\/wp-json\/wp\/v2\/pages"}],"about":[{"href":"https:\/\/www.cecotinternacionalitzacio.org\/es\/wp-json\/wp\/v2\/types\/page"}],"author":[{"embeddable":true,"href":"https:\/\/www.cecotinternacionalitzacio.org\/es\/wp-json\/wp\/v2\/users\/1"}],"replies":[{"embeddable":true,"href":"https:\/\/www.cecotinternacionalitzacio.org\/es\/wp-json\/wp\/v2\/comments?post=834"}],"version-history":[{"count":0,"href":"https:\/\/www.cecotinternacionalitzacio.org\/es\/wp-json\/wp\/v2\/pages\/834\/revisions"}],"wp:attachment":[{"href":"https:\/\/www.cecotinternacionalitzacio.org\/es\/wp-json\/wp\/v2\/media?parent=834"}],"curies":[{"name":"wp","href":"https:\/\/api.w.org\/{rel}","templated":true}]}}