{"id":844,"date":"2015-07-29T17:37:27","date_gmt":"2015-07-29T17:37:27","guid":{"rendered":"http:\/\/cecotinter.cecot.org\/es\/sobre-el-club\/on-som\/"},"modified":"2015-11-06T18:32:37","modified_gmt":"2015-11-06T18:32:37","slug":"donde-estamos","status":"publish","type":"page","link":"https:\/\/www.cecotinternacionalitzacio.org\/es\/sobre-el-club\/donde-estamos\/","title":{"rendered":"\u00bfD\u00f3nde estamos?"},"content":{"rendered":"<div id=\"pl-844\"  class=\"panel-layout\" ><div id=\"pg-844-0\"  class=\"panel-grid panel-no-style\" ><div id=\"pgc-844-0-0\"  class=\"panel-grid-cell\" ><div id=\"panel-844-0-0-0\" class=\"so-panel widget widget_black-studio-tinymce widget_black_studio_tinymce panel-first-child panel-last-child\" data-index=\"0\" ><div class=\"featured-widget panel-widget-style panel-widget-style-for-844-0-0-0\" ><h3 class=\"widget-title\"><span class=\"widget-title__inline\">Localizaci\u00f3n<\/span><\/h3><div class=\"textwidget\"><p><strong>Direcci\u00f3n:<\/strong><br \/>\nSede de la Patronal Cecot,<br \/>\ncarrer Sant Pau 6,<br \/>\n08221 Terrassa \u2013 Barcelona<\/p>\n<p><strong>Tel\u00e9fono:<\/strong> 937 361 100<\/p>\n<p><strong>Correo electr\u00f3nico: <\/strong><a title=\"clubinternacionalitzacio@cecot.org\" href=\"mailto:clubinternacionalitzacio@cecot.org\">clubinternacionalitzacio@cecot.org<\/a><\/p>\n<\/div><\/div><\/div><\/div><div id=\"pgc-844-0-1\"  class=\"panel-grid-cell panel-grid-cell-mobile-last\" ><div id=\"panel-844-0-1-0\" class=\"so-panel widget widget_pw_google_map panel-first-child panel-last-child\" data-index=\"1\" >\n\t<div\n\t\tclass=\"simple-map  js-where-we-are\"\n\t\tdata-latlng=\"41.563605,2.0136735\"\n\t\tdata-markers=\"[{&quot;id&quot;:&quot;1&quot;,&quot;title&quot;:&quot;Club Cecot Internacionalitzaci\\u00f3&quot;,&quot;locationlatlng&quot;:&quot;41.563605,2.0136735&quot;,&quot;custompinimage&quot;:&quot;https:\\\/\\\/www.cecotinternacionalitzacio.org\\\/wp-content\\\/uploads\\\/2015\\\/07\\\/pin_02.png&quot;}]\"\n\t\tdata-zoom=\"7\"\n\t\tdata-type=\"roadmap\"\n\t\tdata-style=\"[{&quot;featureType&quot;:&quot;administrative&quot;,&quot;elementType&quot;:&quot;labels.text.fill&quot;,&quot;stylers&quot;:[{&quot;color&quot;:&quot;#444444&quot;}]},{&quot;featureType&quot;:&quot;landscape&quot;,&quot;elementType&quot;:&quot;all&quot;,&quot;stylers&quot;:[{&quot;color&quot;:&quot;#f2f2f2&quot;}]},{&quot;featureType&quot;:&quot;landscape.man_made&quot;,&quot;elementType&quot;:&quot;geometry.fill&quot;,&quot;stylers&quot;:[{&quot;color&quot;:&quot;#eeeeee&quot;}]},{&quot;featureType&quot;:&quot;landscape.natural.landcover&quot;,&quot;elementType&quot;:&quot;geometry.fill&quot;,&quot;stylers&quot;:[{&quot;color&quot;:&quot;#dddddd&quot;}]},{&quot;featureType&quot;:&quot;landscape.natural.terrain&quot;,&quot;elementType&quot;:&quot;geometry.fill&quot;,&quot;stylers&quot;:[{&quot;color&quot;:&quot;#dddddd&quot;}]},{&quot;featureType&quot;:&quot;poi&quot;,&quot;elementType&quot;:&quot;all&quot;,&quot;stylers&quot;:[{&quot;visibility&quot;:&quot;off&quot;}]},{&quot;featureType&quot;:&quot;road&quot;,&quot;elementType&quot;:&quot;all&quot;,&quot;stylers&quot;:[{&quot;saturation&quot;:-100},{&quot;lightness&quot;:45}]},{&quot;featureType&quot;:&quot;road.highway&quot;,&quot;elementType&quot;:&quot;all&quot;,&quot;stylers&quot;:[{&quot;visibility&quot;:&quot;simplified&quot;}]},{&quot;featureType&quot;:&quot;road.arterial&quot;,&quot;elementType&quot;:&quot;labels.icon&quot;,&quot;stylers&quot;:[{&quot;visibility&quot;:&quot;off&quot;}]},{&quot;featureType&quot;:&quot;transit&quot;,&quot;elementType&quot;:&quot;all&quot;,&quot;stylers&quot;:[{&quot;visibility&quot;:&quot;off&quot;}]},{&quot;featureType&quot;:&quot;water&quot;,&quot;elementType&quot;:&quot;all&quot;,&quot;stylers&quot;:[{&quot;color&quot;:&quot;#46bcec&quot;},{&quot;visibility&quot;:&quot;on&quot;}]},{&quot;featureType&quot;:&quot;water&quot;,&quot;elementType&quot;:&quot;geometry.fill&quot;,&quot;stylers&quot;:[{&quot;color&quot;:&quot;#1f425d&quot;}]},{&quot;featureType&quot;:&quot;water&quot;,&quot;elementType&quot;:&quot;labels.text.fill&quot;,&quot;stylers&quot;:[{&quot;color&quot;:&quot;#979797&quot;}]},{&quot;featureType&quot;:&quot;water&quot;,&quot;elementType&quot;:&quot;labels.text.stroke&quot;,&quot;stylers&quot;:[{&quot;weight&quot;:&quot;0.01&quot;}]}]\"\n\t\tstyle=\"height: 380px;\"\n\t><\/div>\n\n<\/div><\/div><div id=\"pgc-844-0-2\"  class=\"panel-grid-cell panel-grid-cell-empty\" ><\/div><\/div><\/div>","protected":false},"excerpt":{"rendered":"<p>Puedes encontrarnos en Terrassa, en la calle San Pablo 6, sede de la patronal CECOT. Nuestro tel\u00e9fono de contacto es el 937 361 100. <a class=\"moretag\" href=\"https:\/\/www.cecotinternacionalitzacio.org\/es\/sobre-el-club\/donde-estamos\/\"><br \/>Llegir m\u00e9s &raquo;<\/a><\/p>\n","protected":false},"author":1,"featured_media":826,"parent":834,"menu_order":0,"comment_status":"closed","ping_status":"closed","template":"","meta":{"_exactmetrics_skip_tracking":false,"_exactmetrics_sitenote_active":false,"_exactmetrics_sitenote_note":"","_exactmetrics_sitenote_category":0},"acf":[],"yoast_head":"<!-- This site is optimized with the Yoast SEO plugin v19.6.1 - https:\/\/yoast.com\/wordpress\/plugins\/seo\/ -->\n<title>\u00bfD\u00f3nde estamos? - Club Cecot Internacionalitzaci\u00f3<\/title>\n<meta name=\"description\" content=\"Puedes encontrarnos en Terrassa, en la calle San Pablo 6, sede de la patronal CECOT. Nuestro tel\u00e9fono de contacto es el 937 361 100.\" \/>\n<meta name=\"robots\" content=\"noindex, follow, max-snippet:-1, max-image-preview:large, max-video-preview:-1\" \/>\n<meta property=\"og:locale\" content=\"es_ES\" \/>\n<meta property=\"og:type\" content=\"article\" \/>\n<meta property=\"og:title\" content=\"\u00bfD\u00f3nde estamos? - Club Cecot Internacionalitzaci\u00f3\" \/>\n<meta property=\"og:description\" content=\"Puedes encontrarnos en Terrassa, en la calle San Pablo 6, sede de la patronal CECOT. Nuestro tel\u00e9fono de contacto es el 937 361 100.\" \/>\n<meta property=\"og:url\" content=\"https:\/\/www.cecotinternacionalitzacio.org\/es\/sobre-el-club\/donde-estamos\/\" \/>\n<meta property=\"og:site_name\" content=\"Club Cecot Internacionalitzaci\u00f3\" \/>\n<meta property=\"article:modified_time\" content=\"2015-11-06T18:32:37+00:00\" \/>\n<meta property=\"og:image\" content=\"https:\/\/www.cecotinternacionalitzacio.org\/wp-content\/uploads\/2015\/07\/desta_loca.jpg\" \/>\n\t<meta property=\"og:image:width\" content=\"270\" \/>\n\t<meta property=\"og:image:height\" content=\"200\" \/>\n\t<meta property=\"og:image:type\" content=\"image\/jpeg\" \/>\n<meta name=\"twitter:card\" content=\"summary\" \/>\n<script type=\"application\/ld+json\" class=\"yoast-schema-graph\">{\"@context\":\"https:\/\/schema.org\",\"@graph\":[{\"@type\":\"WebPage\",\"@id\":\"https:\/\/www.cecotinternacionalitzacio.org\/es\/sobre-el-club\/donde-estamos\/\",\"url\":\"https:\/\/www.cecotinternacionalitzacio.org\/es\/sobre-el-club\/donde-estamos\/\",\"name\":\"\u00bfD\u00f3nde estamos? - Club Cecot Internacionalitzaci\u00f3\",\"isPartOf\":{\"@id\":\"https:\/\/www.cecotinternacionalitzacio.org\/#website\"},\"datePublished\":\"2015-07-29T17:37:27+00:00\",\"dateModified\":\"2015-11-06T18:32:37+00:00\",\"description\":\"Puedes encontrarnos en Terrassa, en la calle San Pablo 6, sede de la patronal CECOT. Nuestro tel\u00e9fono de contacto es el 937 361 100.\",\"breadcrumb\":{\"@id\":\"https:\/\/www.cecotinternacionalitzacio.org\/es\/sobre-el-club\/donde-estamos\/#breadcrumb\"},\"inLanguage\":\"es\",\"potentialAction\":[{\"@type\":\"ReadAction\",\"target\":[\"https:\/\/www.cecotinternacionalitzacio.org\/es\/sobre-el-club\/donde-estamos\/\"]}]},{\"@type\":\"BreadcrumbList\",\"@id\":\"https:\/\/www.cecotinternacionalitzacio.org\/es\/sobre-el-club\/donde-estamos\/#breadcrumb\",\"itemListElement\":[{\"@type\":\"ListItem\",\"position\":1,\"name\":\"Inici\",\"item\":\"https:\/\/www.cecotinternacionalitzacio.org\/es\/\"},{\"@type\":\"ListItem\",\"position\":2,\"name\":\"Sobre el Club\",\"item\":\"https:\/\/www.cecotinternacionalitzacio.org\/es\/sobre-el-club\/\"},{\"@type\":\"ListItem\",\"position\":3,\"name\":\"\u00bfD\u00f3nde estamos?\"}]},{\"@type\":\"WebSite\",\"@id\":\"https:\/\/www.cecotinternacionalitzacio.org\/#website\",\"url\":\"https:\/\/www.cecotinternacionalitzacio.org\/\",\"name\":\"Club Cecot Internacionalitzaci\u00f3\",\"description\":\"Un foro de intercamio de experiencias sobre la actividad exportadora de las empresas\",\"publisher\":{\"@id\":\"https:\/\/www.cecotinternacionalitzacio.org\/#organization\"},\"potentialAction\":[{\"@type\":\"SearchAction\",\"target\":{\"@type\":\"EntryPoint\",\"urlTemplate\":\"https:\/\/www.cecotinternacionalitzacio.org\/?s={search_term_string}\"},\"query-input\":\"required name=search_term_string\"}],\"inLanguage\":\"es\"},{\"@type\":\"Organization\",\"@id\":\"https:\/\/www.cecotinternacionalitzacio.org\/#organization\",\"name\":\"Club Cecot Internacionalitzaci\u00f3\",\"url\":\"https:\/\/www.cecotinternacionalitzacio.org\/\",\"sameAs\":[],\"logo\":{\"@type\":\"ImageObject\",\"inLanguage\":\"es\",\"@id\":\"https:\/\/www.cecotinternacionalitzacio.org\/#\/schema\/logo\/image\/\",\"url\":\"https:\/\/www.cecotinternacionalitzacio.org\/wp-content\/uploads\/2015\/07\/Logo_Club_Int_165x60.png\",\"contentUrl\":\"https:\/\/www.cecotinternacionalitzacio.org\/wp-content\/uploads\/2015\/07\/Logo_Club_Int_165x60.png\",\"width\":165,\"height\":60,\"caption\":\"Club Cecot Internacionalitzaci\u00f3\"},\"image\":{\"@id\":\"https:\/\/www.cecotinternacionalitzacio.org\/#\/schema\/logo\/image\/\"}}]}<\/script>\n<!-- \/ Yoast SEO plugin. -->","yoast_head_json":{"title":"\u00bfD\u00f3nde estamos? - Club Cecot Internacionalitzaci\u00f3","description":"Puedes encontrarnos en Terrassa, en la calle San Pablo 6, sede de la patronal CECOT. Nuestro tel\u00e9fono de contacto es el 937 361 100.","robots":{"index":"noindex","follow":"follow","max-snippet":"max-snippet:-1","max-image-preview":"max-image-preview:large","max-video-preview":"max-video-preview:-1"},"og_locale":"es_ES","og_type":"article","og_title":"\u00bfD\u00f3nde estamos? - Club Cecot Internacionalitzaci\u00f3","og_description":"Puedes encontrarnos en Terrassa, en la calle San Pablo 6, sede de la patronal CECOT. Nuestro tel\u00e9fono de contacto es el 937 361 100.","og_url":"https:\/\/www.cecotinternacionalitzacio.org\/es\/sobre-el-club\/donde-estamos\/","og_site_name":"Club Cecot Internacionalitzaci\u00f3","article_modified_time":"2015-11-06T18:32:37+00:00","og_image":[{"width":270,"height":200,"url":"https:\/\/www.cecotinternacionalitzacio.org\/wp-content\/uploads\/2015\/07\/desta_loca.jpg","type":"image\/jpeg"}],"twitter_card":"summary","schema":{"@context":"https:\/\/schema.org","@graph":[{"@type":"WebPage","@id":"https:\/\/www.cecotinternacionalitzacio.org\/es\/sobre-el-club\/donde-estamos\/","url":"https:\/\/www.cecotinternacionalitzacio.org\/es\/sobre-el-club\/donde-estamos\/","name":"\u00bfD\u00f3nde estamos? - Club Cecot Internacionalitzaci\u00f3","isPartOf":{"@id":"https:\/\/www.cecotinternacionalitzacio.org\/#website"},"datePublished":"2015-07-29T17:37:27+00:00","dateModified":"2015-11-06T18:32:37+00:00","description":"Puedes encontrarnos en Terrassa, en la calle San Pablo 6, sede de la patronal CECOT. Nuestro tel\u00e9fono de contacto es el 937 361 100.","breadcrumb":{"@id":"https:\/\/www.cecotinternacionalitzacio.org\/es\/sobre-el-club\/donde-estamos\/#breadcrumb"},"inLanguage":"es","potentialAction":[{"@type":"ReadAction","target":["https:\/\/www.cecotinternacionalitzacio.org\/es\/sobre-el-club\/donde-estamos\/"]}]},{"@type":"BreadcrumbList","@id":"https:\/\/www.cecotinternacionalitzacio.org\/es\/sobre-el-club\/donde-estamos\/#breadcrumb","itemListElement":[{"@type":"ListItem","position":1,"name":"Inici","item":"https:\/\/www.cecotinternacionalitzacio.org\/es\/"},{"@type":"ListItem","position":2,"name":"Sobre el Club","item":"https:\/\/www.cecotinternacionalitzacio.org\/es\/sobre-el-club\/"},{"@type":"ListItem","position":3,"name":"\u00bfD\u00f3nde estamos?"}]},{"@type":"WebSite","@id":"https:\/\/www.cecotinternacionalitzacio.org\/#website","url":"https:\/\/www.cecotinternacionalitzacio.org\/","name":"Club Cecot Internacionalitzaci\u00f3","description":"Un foro de intercamio de experiencias sobre la actividad exportadora de las empresas","publisher":{"@id":"https:\/\/www.cecotinternacionalitzacio.org\/#organization"},"potentialAction":[{"@type":"SearchAction","target":{"@type":"EntryPoint","urlTemplate":"https:\/\/www.cecotinternacionalitzacio.org\/?s={search_term_string}"},"query-input":"required name=search_term_string"}],"inLanguage":"es"},{"@type":"Organization","@id":"https:\/\/www.cecotinternacionalitzacio.org\/#organization","name":"Club Cecot Internacionalitzaci\u00f3","url":"https:\/\/www.cecotinternacionalitzacio.org\/","sameAs":[],"logo":{"@type":"ImageObject","inLanguage":"es","@id":"https:\/\/www.cecotinternacionalitzacio.org\/#\/schema\/logo\/image\/","url":"https:\/\/www.cecotinternacionalitzacio.org\/wp-content\/uploads\/2015\/07\/Logo_Club_Int_165x60.png","contentUrl":"https:\/\/www.cecotinternacionalitzacio.org\/wp-content\/uploads\/2015\/07\/Logo_Club_Int_165x60.png","width":165,"height":60,"caption":"Club Cecot Internacionalitzaci\u00f3"},"image":{"@id":"https:\/\/www.cecotinternacionalitzacio.org\/#\/schema\/logo\/image\/"}}]}},"_links":{"self":[{"href":"https:\/\/www.cecotinternacionalitzacio.org\/es\/wp-json\/wp\/v2\/pages\/844"}],"collection":[{"href":"https:\/\/www.cecotinternacionalitzacio.org\/es\/wp-json\/wp\/v2\/pages"}],"about":[{"href":"https:\/\/www.cecotinternacionalitzacio.org\/es\/wp-json\/wp\/v2\/types\/page"}],"author":[{"embeddable":true,"href":"https:\/\/www.cecotinternacionalitzacio.org\/es\/wp-json\/wp\/v2\/users\/1"}],"replies":[{"embeddable":true,"href":"https:\/\/www.cecotinternacionalitzacio.org\/es\/wp-json\/wp\/v2\/comments?post=844"}],"version-history":[{"count":0,"href":"https:\/\/www.cecotinternacionalitzacio.org\/es\/wp-json\/wp\/v2\/pages\/844\/revisions"}],"up":[{"embeddable":true,"href":"https:\/\/www.cecotinternacionalitzacio.org\/es\/wp-json\/wp\/v2\/pages\/834"}],"wp:featuredmedia":[{"embeddable":true,"href":"https:\/\/www.cecotinternacionalitzacio.org\/es\/wp-json\/wp\/v2\/media\/826"}],"wp:attachment":[{"href":"https:\/\/www.cecotinternacionalitzacio.org\/es\/wp-json\/wp\/v2\/media?parent=844"}],"curies":[{"name":"wp","href":"https:\/\/api.w.org\/{rel}","templated":true}]}}