{"id":852,"date":"2015-07-29T15:35:40","date_gmt":"2015-07-29T15:35:40","guid":{"rendered":"http:\/\/cecotinter.cecot.org\/es\/sobre-el-club\/col%e2%80%a2laboracions\/"},"modified":"2015-11-19T09:42:43","modified_gmt":"2015-11-19T09:42:43","slug":"colaboraciones","status":"publish","type":"page","link":"https:\/\/www.cecotinternacionalitzacio.org\/es\/sobre-el-club\/colaboraciones\/","title":{"rendered":"Colaboraciones"},"content":{"rendered":"<div id=\"pl-852\"  class=\"panel-layout\" ><div id=\"pg-852-0\"  class=\"panel-grid panel-no-style\" ><div id=\"pgc-852-0-0\"  class=\"panel-grid-cell\" ><div id=\"panel-852-0-0-0\" class=\"so-panel widget widget_black-studio-tinymce widget_black_studio_tinymce panel-first-child panel-last-child\" data-index=\"0\" ><div class=\"widget-title--big panel-widget-style panel-widget-style-for-852-0-0-0\" ><h3 class=\"widget-title\"><span class=\"widget-title__inline\">Nuestros colaboradores<\/span><\/h3><div class=\"textwidget\"><\/div><\/div><\/div><\/div><\/div><div id=\"pg-852-1\"  class=\"panel-grid panel-no-style\" ><div id=\"pgc-852-1-0\"  class=\"panel-grid-cell\" ><div id=\"panel-852-1-0-0\" class=\"so-panel widget widget_adrotate_widgets adrotate_widgets panel-first-child\" data-index=\"1\" ><!-- Error, \u00a1el anuncio no est\u00e1 disponible en este momento debido a restricciones de programaci\u00f3n\/geolocalizaci\u00f3n! --><\/div><div id=\"panel-852-1-0-1\" class=\"so-panel widget widget_black-studio-tinymce widget_black_studio_tinymce panel-last-child\" data-index=\"2\" ><div class=\"widget-title--big panel-widget-style panel-widget-style-for-852-1-0-1\" ><h3 class=\"widget-title\"><span class=\"widget-title__inline\">CAIXA EMPRESAS<\/span><\/h3><div class=\"textwidget\"><div class=\"post-content\">\n<p><strong>Buz\u00f3n de atenci\u00f3n preferente CaixaBank<\/strong><\/p>\n<p><a href=\"https:\/\/empresa.lacaixa.es\/home\/empreses_ca.html\" target=\"_blank\">CaixaEmpresas<\/a> facilita a los socios de la Cecot un buz\u00f3n de Internet de atenci\u00f3n preferente <a href=\"mailto:comex.catalunya@lacaixa.es\" target=\"_blank\">comex.catalunya@lacaixa.es<\/a> desde donde atender\u00e1n todas las consultas sobre los aspectos financieros del proceso de internacionalizaci\u00f3n de la empresa.<\/p>\n<p><strong>Banca Internacional<\/strong><\/p>\n<p><a href=\"http:\/\/empresa.lacaixa.es\/bancainternacional\/spanishdesk_ca.html\" target=\"_blank\">Una puerta abierta al mundo<\/a> donde encontrar\u00e1 la relaci\u00f3n de oficinas de representaci\u00f3n en Europa \u2013 <a href=\"http:\/\/clubcecotint.files.wordpress.com\/2013\/01\/banca_internacional_cat.pdf\">Spanish Desks<\/a>.<\/p>\n<p><strong>Estudios de la Caixa<\/strong><\/p>\n<p>La economia a fondo. <a href=\"http:\/\/www.lacaixaresearch.com\/\" target=\"_blank\">Estudios y an\u00e1lisis econ\u00f3micos<\/a>.<\/p>\n<p><strong>Renting- CaixaRenting<\/strong><\/p>\n<p>Estrena equipos en <a href=\"https:\/\/www.caixarenting.es\/\" target=\"_blank\">renting<\/a>\u00a0 para tu negocio con las mejores condiciones.\n<\/div>\n<\/div><\/div><\/div><\/div><div id=\"pgc-852-1-1\"  class=\"panel-grid-cell panel-grid-cell-mobile-last\" ><div id=\"panel-852-1-1-0\" class=\"so-panel widget widget_adrotate_widgets adrotate_widgets panel-first-child\" data-index=\"3\" ><!-- Error, \u00a1el anuncio no est\u00e1 disponible en este momento debido a restricciones de programaci\u00f3n\/geolocalizaci\u00f3n! --><\/div><div id=\"panel-852-1-1-1\" class=\"so-panel widget widget_black-studio-tinymce widget_black_studio_tinymce panel-last-child\" data-index=\"4\" ><div class=\"widget-title--big panel-widget-style panel-widget-style-for-852-1-1-1\" ><h3 class=\"widget-title\"><span class=\"widget-title__inline\">CESCE<\/span><\/h3><div class=\"textwidget\"><p><a href=\"http:\/\/www.cesce.es\/\" target=\"_blank\">CESCE<\/a> presta un servicio integral de asesoramiento en la gesti\u00f3n del riesgo comercial mediante soluciones de cr\u00e9dito y cauci\u00f3n, aseguramiento frente al riesgo de impago por venta de productos y servicios y garant\u00eda de responsabilidades econ\u00f3micas por incumplimiento de obligaciones garantizadas.<\/p>\n<\/div><\/div><\/div><\/div><div id=\"pgc-852-1-2\"  class=\"panel-grid-cell panel-grid-cell-empty\" ><\/div><\/div><div id=\"pg-852-2\"  class=\"panel-grid panel-no-style\" ><div id=\"pgc-852-2-0\"  class=\"panel-grid-cell\" ><div id=\"panel-852-2-0-0\" class=\"so-panel widget widget_black-studio-tinymce widget_black_studio_tinymce panel-first-child panel-last-child\" data-index=\"5\" ><div class=\"widget-title--big panel-widget-style panel-widget-style-for-852-2-0-0\" ><h3 class=\"widget-title\"><span class=\"widget-title__inline\">Tambi\u00e9n nos apoyan<\/span><\/h3><div class=\"textwidget\"><div class=\"logo-panel\">\n<div class=\"row\">\n<div class=\"col-xs-12  col-sm-3\">\n     <a  target=\"_blank\" href=\"http:\/\/www.cecot.org\/\"><img src=\"https:\/\/www.cecotinternacionalitzacio.org\/wp-content\/uploads\/2015\/10\/logo_cecot.png\" alt=\"CECOT\" title=\"CECOT\" \/><\/a>\n    <\/div>\n<div class=\"col-xs-12  col-sm-3\">\n      <a  target=\"_blank\" href=\"http:\/\/www.borsub.com\/\"><img src=\"https:\/\/www.cecotinternacionalitzacio.org\/wp-content\/uploads\/2015\/10\/logo_borsub.png\" alt=\"Borsub\" title=\"Borsub International\"><\/a>\n    <\/div>\n<div class=\"col-xs-12  col-sm-3\">\n      <a  target=\"_blank\" href=\"http:\/\/www.int-team.com\/\"><img src=\"https:\/\/www.cecotinternacionalitzacio.org\/wp-content\/uploads\/2015\/10\/logo_itc.png\" alt=\"Itc\" title=\"International team Consulting\"><\/a>\n    <\/div>\n<div class=\"col-xs-12  col-sm-3\">\n      <a  target=\"_blank\" href=\"http:\/\/www.group-sys.com\/\"><img src=\"https:\/\/www.cecotinternacionalitzacio.org\/wp-content\/uploads\/2015\/07\/system-group.jpg\" alt=\"system-group\" title=\"System Group\"><\/a>\n    <\/div>\n<div class=\"col-xs-12  col-sm-3\">\n      <a  target=\"_blank\" href=\"http:\/\/www.feliu.biz\/\"><img src=\"https:\/\/www.cecotinternacionalitzacio.org\/wp-content\/uploads\/2015\/10\/logo_feliu.png\" alt=\"Feliu\" title=\"Feliu\"><\/a>\n    <\/div>\n<\/p><\/div>\n<\/div>\n<\/div><\/div><\/div><\/div><\/div><\/div>","protected":false},"excerpt":{"rendered":"<p>Conoce las entidades que colaboran con el  Club Cecot Internacionalitzaci\u00f3 para impulsar el comercio exterior de nuestras empresas. <a class=\"moretag\" href=\"https:\/\/www.cecotinternacionalitzacio.org\/es\/sobre-el-club\/colaboraciones\/\"><br \/>Llegir m\u00e9s &raquo;<\/a><\/p>\n","protected":false},"author":1,"featured_media":823,"parent":834,"menu_order":0,"comment_status":"closed","ping_status":"closed","template":"","meta":{"_exactmetrics_skip_tracking":false,"_exactmetrics_sitenote_active":false,"_exactmetrics_sitenote_note":"","_exactmetrics_sitenote_category":0},"acf":[],"yoast_head":"<!-- This site is optimized with the Yoast SEO plugin v19.6.1 - https:\/\/yoast.com\/wordpress\/plugins\/seo\/ -->\n<title>Colaboraciones - Club Cecot Internacionalitzaci\u00f3<\/title>\n<meta name=\"description\" content=\"Conoce las enntidades que colaboran con el Club Cecot Internacionalitzaci\u00f3 para impulsar el comercio exterior de nuestras empresas.\" \/>\n<meta name=\"robots\" content=\"noindex, follow, max-snippet:-1, max-image-preview:large, max-video-preview:-1\" \/>\n<meta property=\"og:locale\" content=\"es_ES\" \/>\n<meta property=\"og:type\" content=\"article\" \/>\n<meta property=\"og:title\" content=\"Colaboraciones - Club Cecot Internacionalitzaci\u00f3\" \/>\n<meta property=\"og:description\" content=\"Conoce las enntidades que colaboran con el Club Cecot Internacionalitzaci\u00f3 para impulsar el comercio exterior de nuestras empresas.\" \/>\n<meta property=\"og:url\" content=\"https:\/\/www.cecotinternacionalitzacio.org\/es\/sobre-el-club\/colaboraciones\/\" \/>\n<meta property=\"og:site_name\" content=\"Club Cecot Internacionalitzaci\u00f3\" \/>\n<meta property=\"article:modified_time\" content=\"2015-11-19T09:42:43+00:00\" \/>\n<meta property=\"og:image\" content=\"https:\/\/www.cecotinternacionalitzacio.org\/wp-content\/uploads\/2015\/07\/desta_colab.jpg\" \/>\n\t<meta property=\"og:image:width\" content=\"270\" \/>\n\t<meta property=\"og:image:height\" content=\"200\" \/>\n\t<meta property=\"og:image:type\" content=\"image\/jpeg\" \/>\n<meta name=\"twitter:card\" content=\"summary\" \/>\n<meta name=\"twitter:label1\" content=\"Tiempo de lectura\" \/>\n\t<meta name=\"twitter:data1\" content=\"1 minuto\" \/>\n<script type=\"application\/ld+json\" class=\"yoast-schema-graph\">{\"@context\":\"https:\/\/schema.org\",\"@graph\":[{\"@type\":\"WebPage\",\"@id\":\"https:\/\/www.cecotinternacionalitzacio.org\/es\/sobre-el-club\/colaboraciones\/\",\"url\":\"https:\/\/www.cecotinternacionalitzacio.org\/es\/sobre-el-club\/colaboraciones\/\",\"name\":\"Colaboraciones - Club Cecot Internacionalitzaci\u00f3\",\"isPartOf\":{\"@id\":\"https:\/\/www.cecotinternacionalitzacio.org\/#website\"},\"datePublished\":\"2015-07-29T15:35:40+00:00\",\"dateModified\":\"2015-11-19T09:42:43+00:00\",\"description\":\"Conoce las enntidades que colaboran con el Club Cecot Internacionalitzaci\u00f3 para impulsar el comercio exterior de nuestras empresas.\",\"breadcrumb\":{\"@id\":\"https:\/\/www.cecotinternacionalitzacio.org\/es\/sobre-el-club\/colaboraciones\/#breadcrumb\"},\"inLanguage\":\"es\",\"potentialAction\":[{\"@type\":\"ReadAction\",\"target\":[\"https:\/\/www.cecotinternacionalitzacio.org\/es\/sobre-el-club\/colaboraciones\/\"]}]},{\"@type\":\"BreadcrumbList\",\"@id\":\"https:\/\/www.cecotinternacionalitzacio.org\/es\/sobre-el-club\/colaboraciones\/#breadcrumb\",\"itemListElement\":[{\"@type\":\"ListItem\",\"position\":1,\"name\":\"Inici\",\"item\":\"https:\/\/www.cecotinternacionalitzacio.org\/es\/\"},{\"@type\":\"ListItem\",\"position\":2,\"name\":\"Sobre el Club\",\"item\":\"https:\/\/www.cecotinternacionalitzacio.org\/es\/sobre-el-club\/\"},{\"@type\":\"ListItem\",\"position\":3,\"name\":\"Colaboraciones\"}]},{\"@type\":\"WebSite\",\"@id\":\"https:\/\/www.cecotinternacionalitzacio.org\/#website\",\"url\":\"https:\/\/www.cecotinternacionalitzacio.org\/\",\"name\":\"Club Cecot Internacionalitzaci\u00f3\",\"description\":\"Un foro de intercamio de experiencias sobre la actividad exportadora de las empresas\",\"publisher\":{\"@id\":\"https:\/\/www.cecotinternacionalitzacio.org\/#organization\"},\"potentialAction\":[{\"@type\":\"SearchAction\",\"target\":{\"@type\":\"EntryPoint\",\"urlTemplate\":\"https:\/\/www.cecotinternacionalitzacio.org\/?s={search_term_string}\"},\"query-input\":\"required name=search_term_string\"}],\"inLanguage\":\"es\"},{\"@type\":\"Organization\",\"@id\":\"https:\/\/www.cecotinternacionalitzacio.org\/#organization\",\"name\":\"Club Cecot Internacionalitzaci\u00f3\",\"url\":\"https:\/\/www.cecotinternacionalitzacio.org\/\",\"sameAs\":[],\"logo\":{\"@type\":\"ImageObject\",\"inLanguage\":\"es\",\"@id\":\"https:\/\/www.cecotinternacionalitzacio.org\/#\/schema\/logo\/image\/\",\"url\":\"https:\/\/www.cecotinternacionalitzacio.org\/wp-content\/uploads\/2015\/07\/Logo_Club_Int_165x60.png\",\"contentUrl\":\"https:\/\/www.cecotinternacionalitzacio.org\/wp-content\/uploads\/2015\/07\/Logo_Club_Int_165x60.png\",\"width\":165,\"height\":60,\"caption\":\"Club Cecot Internacionalitzaci\u00f3\"},\"image\":{\"@id\":\"https:\/\/www.cecotinternacionalitzacio.org\/#\/schema\/logo\/image\/\"}}]}<\/script>\n<!-- \/ Yoast SEO plugin. -->","yoast_head_json":{"title":"Colaboraciones - Club Cecot Internacionalitzaci\u00f3","description":"Conoce las enntidades que colaboran con el Club Cecot Internacionalitzaci\u00f3 para impulsar el comercio exterior de nuestras empresas.","robots":{"index":"noindex","follow":"follow","max-snippet":"max-snippet:-1","max-image-preview":"max-image-preview:large","max-video-preview":"max-video-preview:-1"},"og_locale":"es_ES","og_type":"article","og_title":"Colaboraciones - Club Cecot Internacionalitzaci\u00f3","og_description":"Conoce las enntidades que colaboran con el Club Cecot Internacionalitzaci\u00f3 para impulsar el comercio exterior de nuestras empresas.","og_url":"https:\/\/www.cecotinternacionalitzacio.org\/es\/sobre-el-club\/colaboraciones\/","og_site_name":"Club Cecot Internacionalitzaci\u00f3","article_modified_time":"2015-11-19T09:42:43+00:00","og_image":[{"width":270,"height":200,"url":"https:\/\/www.cecotinternacionalitzacio.org\/wp-content\/uploads\/2015\/07\/desta_colab.jpg","type":"image\/jpeg"}],"twitter_card":"summary","twitter_misc":{"Tiempo de lectura":"1 minuto"},"schema":{"@context":"https:\/\/schema.org","@graph":[{"@type":"WebPage","@id":"https:\/\/www.cecotinternacionalitzacio.org\/es\/sobre-el-club\/colaboraciones\/","url":"https:\/\/www.cecotinternacionalitzacio.org\/es\/sobre-el-club\/colaboraciones\/","name":"Colaboraciones - Club Cecot Internacionalitzaci\u00f3","isPartOf":{"@id":"https:\/\/www.cecotinternacionalitzacio.org\/#website"},"datePublished":"2015-07-29T15:35:40+00:00","dateModified":"2015-11-19T09:42:43+00:00","description":"Conoce las enntidades que colaboran con el Club Cecot Internacionalitzaci\u00f3 para impulsar el comercio exterior de nuestras empresas.","breadcrumb":{"@id":"https:\/\/www.cecotinternacionalitzacio.org\/es\/sobre-el-club\/colaboraciones\/#breadcrumb"},"inLanguage":"es","potentialAction":[{"@type":"ReadAction","target":["https:\/\/www.cecotinternacionalitzacio.org\/es\/sobre-el-club\/colaboraciones\/"]}]},{"@type":"BreadcrumbList","@id":"https:\/\/www.cecotinternacionalitzacio.org\/es\/sobre-el-club\/colaboraciones\/#breadcrumb","itemListElement":[{"@type":"ListItem","position":1,"name":"Inici","item":"https:\/\/www.cecotinternacionalitzacio.org\/es\/"},{"@type":"ListItem","position":2,"name":"Sobre el Club","item":"https:\/\/www.cecotinternacionalitzacio.org\/es\/sobre-el-club\/"},{"@type":"ListItem","position":3,"name":"Colaboraciones"}]},{"@type":"WebSite","@id":"https:\/\/www.cecotinternacionalitzacio.org\/#website","url":"https:\/\/www.cecotinternacionalitzacio.org\/","name":"Club Cecot Internacionalitzaci\u00f3","description":"Un foro de intercamio de experiencias sobre la actividad exportadora de las empresas","publisher":{"@id":"https:\/\/www.cecotinternacionalitzacio.org\/#organization"},"potentialAction":[{"@type":"SearchAction","target":{"@type":"EntryPoint","urlTemplate":"https:\/\/www.cecotinternacionalitzacio.org\/?s={search_term_string}"},"query-input":"required name=search_term_string"}],"inLanguage":"es"},{"@type":"Organization","@id":"https:\/\/www.cecotinternacionalitzacio.org\/#organization","name":"Club Cecot Internacionalitzaci\u00f3","url":"https:\/\/www.cecotinternacionalitzacio.org\/","sameAs":[],"logo":{"@type":"ImageObject","inLanguage":"es","@id":"https:\/\/www.cecotinternacionalitzacio.org\/#\/schema\/logo\/image\/","url":"https:\/\/www.cecotinternacionalitzacio.org\/wp-content\/uploads\/2015\/07\/Logo_Club_Int_165x60.png","contentUrl":"https:\/\/www.cecotinternacionalitzacio.org\/wp-content\/uploads\/2015\/07\/Logo_Club_Int_165x60.png","width":165,"height":60,"caption":"Club Cecot Internacionalitzaci\u00f3"},"image":{"@id":"https:\/\/www.cecotinternacionalitzacio.org\/#\/schema\/logo\/image\/"}}]}},"_links":{"self":[{"href":"https:\/\/www.cecotinternacionalitzacio.org\/es\/wp-json\/wp\/v2\/pages\/852"}],"collection":[{"href":"https:\/\/www.cecotinternacionalitzacio.org\/es\/wp-json\/wp\/v2\/pages"}],"about":[{"href":"https:\/\/www.cecotinternacionalitzacio.org\/es\/wp-json\/wp\/v2\/types\/page"}],"author":[{"embeddable":true,"href":"https:\/\/www.cecotinternacionalitzacio.org\/es\/wp-json\/wp\/v2\/users\/1"}],"replies":[{"embeddable":true,"href":"https:\/\/www.cecotinternacionalitzacio.org\/es\/wp-json\/wp\/v2\/comments?post=852"}],"version-history":[{"count":0,"href":"https:\/\/www.cecotinternacionalitzacio.org\/es\/wp-json\/wp\/v2\/pages\/852\/revisions"}],"up":[{"embeddable":true,"href":"https:\/\/www.cecotinternacionalitzacio.org\/es\/wp-json\/wp\/v2\/pages\/834"}],"wp:featuredmedia":[{"embeddable":true,"href":"https:\/\/www.cecotinternacionalitzacio.org\/es\/wp-json\/wp\/v2\/media\/823"}],"wp:attachment":[{"href":"https:\/\/www.cecotinternacionalitzacio.org\/es\/wp-json\/wp\/v2\/media?parent=852"}],"curies":[{"name":"wp","href":"https:\/\/api.w.org\/{rel}","templated":true}]}}