{"id":866,"date":"2015-04-23T11:04:51","date_gmt":"2015-04-23T11:04:51","guid":{"rendered":"http:\/\/cecotinter.cecot.org\/es\/serveis-internacionalitzacio\/"},"modified":"2015-11-10T10:45:30","modified_gmt":"2015-11-10T10:45:30","slug":"servicios-internacionalizacion","status":"publish","type":"page","link":"https:\/\/www.cecotinternacionalitzacio.org\/es\/servicios-internacionalizacion\/","title":{"rendered":"Servicios a la Internacionalizaci\u00f3n"},"content":{"rendered":"<div id=\"pl-866\"  class=\"panel-layout\" ><div id=\"pg-866-0\"  class=\"panel-grid panel-no-style\" ><div id=\"pgc-866-0-0\"  class=\"panel-grid-cell\" ><div id=\"panel-866-0-0-0\" class=\"so-panel widget widget_pw_featured_page widget-featured-page panel-first-child panel-last-child\" data-index=\"0\" >\n\t<div class=\"page-box  page-box--block\">\n\t\t\t\t\t\t\t\t\t<a class=\"page-box__picture\" href=\"https:\/\/www.cecotinternacionalitzacio.org\/es\/servicios-internacionalizacion\/asesoramiento-comercio-exterior-contractacion-internacional\/\">\n\t\t\t\t\t<img src=\"https:\/\/www.cecotinternacionalitzacio.org\/wp-content\/uploads\/2015\/04\/port_asesor_01.jpg\" width=\"360\" height=\"240\" srcset=\"https:\/\/www.cecotinternacionalitzacio.org\/wp-content\/uploads\/2015\/04\/port_asesor_01.jpg 360w, https:\/\/www.cecotinternacionalitzacio.org\/wp-content\/uploads\/2015\/04\/port_asesor_01.jpg 360w\" sizes=\"(min-width: 992px) 360px, calc(100vw - 30px)\" class=\"wp-post-image\" alt=\"Asesoramiento en comercio exterior\">\n\t\t\t\t<\/a>\n\t\t\t\t\t\t\t<div class=\"page-box__content\">\n\t\t\t<h5 class=\"page-box__title text-uppercase\"><a href=\"https:\/\/www.cecotinternacionalitzacio.org\/es\/servicios-internacionalizacion\/asesoramiento-comercio-exterior-contractacion-internacional\/\">Asesoramiento en comercio exterior<\/a><\/h5>\n\t\t\t<p>Mecanismos de importaci\u00f3n, exportaci\u00f3n, sistemas de pago internacional, c\u00f3mo acceder a programas de ayuda o c\u00f3mo gestionar un intercambio intracomunitario.<\/p>\n\t\t\t\t\t\t\t<p><a href=\"https:\/\/www.cecotinternacionalitzacio.org\/es\/servicios-internacionalizacion\/asesoramiento-comercio-exterior-contractacion-internacional\/\" class=\"read-more  read-more--page-box\">+ iNFO<\/a><\/p>\n\t\t\t\t\t<\/div>\n\t<\/div>\n\n<\/div><\/div><div id=\"pgc-866-0-1\"  class=\"panel-grid-cell\" ><div id=\"panel-866-0-1-0\" class=\"so-panel widget widget_pw_featured_page widget-featured-page panel-first-child panel-last-child\" data-index=\"1\" >\n\t<div class=\"page-box  page-box--block\">\n\t\t\t\t\t\t\t\t\t<a class=\"page-box__picture\" href=\"https:\/\/www.cecotinternacionalitzacio.org\/es\/servicios-internacionalizacion\/asesoramiento-promocion-internacional\/\">\n\t\t\t\t\t<img src=\"https:\/\/www.cecotinternacionalitzacio.org\/wp-content\/uploads\/2015\/04\/port_programes_01.jpg\" width=\"360\" height=\"240\" srcset=\"https:\/\/www.cecotinternacionalitzacio.org\/wp-content\/uploads\/2015\/04\/port_programes_01.jpg 360w, https:\/\/www.cecotinternacionalitzacio.org\/wp-content\/uploads\/2015\/04\/port_programes_01.jpg 360w\" sizes=\"(min-width: 992px) 360px, calc(100vw - 30px)\" class=\"wp-post-image\" alt=\"Asesoramiento en promoci\u00f3n internacional\">\n\t\t\t\t<\/a>\n\t\t\t\t\t\t\t<div class=\"page-box__content\">\n\t\t\t<h5 class=\"page-box__title text-uppercase\"><a href=\"https:\/\/www.cecotinternacionalitzacio.org\/es\/servicios-internacionalizacion\/asesoramiento-promocion-internacional\/\">Asesoramiento en promoci\u00f3n internacional<\/a><\/h5>\n\t\t\t<p>Aranceles de importaci\u00f3n, acciones comerciales, misiones, ferias y otras actuaciones de promoci\u00f3n que se pueden llevar a cabo en los mercados exteriores.<\/p>\n\t\t\t\t\t\t\t<p><a href=\"https:\/\/www.cecotinternacionalitzacio.org\/es\/servicios-internacionalizacion\/asesoramiento-promocion-internacional\/\" class=\"read-more  read-more--page-box\">+ INFO<\/a><\/p>\n\t\t\t\t\t<\/div>\n\t<\/div>\n\n<\/div><\/div><div id=\"pgc-866-0-2\"  class=\"panel-grid-cell\" ><div id=\"panel-866-0-2-0\" class=\"so-panel widget widget_pw_featured_page widget-featured-page panel-first-child panel-last-child\" data-index=\"2\" >\n\t<div class=\"page-box  page-box--block\">\n\t\t\t\t\t\t\t\t\t<a class=\"page-box__picture\" href=\"https:\/\/www.cecotinternacionalitzacio.org\/es\/servicios-internacionalizacion\/misiones-empresariales\/\">\n\t\t\t\t\t<img src=\"https:\/\/www.cecotinternacionalitzacio.org\/wp-content\/uploads\/2015\/04\/port_promo_01.jpg\" width=\"360\" height=\"240\" srcset=\"https:\/\/www.cecotinternacionalitzacio.org\/wp-content\/uploads\/2015\/04\/port_promo_01.jpg 360w, https:\/\/www.cecotinternacionalitzacio.org\/wp-content\/uploads\/2015\/04\/port_promo_01.jpg 360w\" sizes=\"(min-width: 992px) 360px, calc(100vw - 30px)\" class=\"wp-post-image\" alt=\"Misiones empresariales y promoci\u00f3n comercial\">\n\t\t\t\t<\/a>\n\t\t\t\t\t\t\t<div class=\"page-box__content\">\n\t\t\t<h5 class=\"page-box__title text-uppercase\"><a href=\"https:\/\/www.cecotinternacionalitzacio.org\/es\/servicios-internacionalizacion\/misiones-empresariales\/\">Misiones empresariales y promoci\u00f3n comercial<\/a><\/h5>\n\t\t\t<p>Misiones, promoci\u00f3n, acceso a ayudas y su tramitaci\u00f3n, consorcios de exportaci\u00f3n, delegados en el exterior y ferias.<\/p>\n\t\t\t\t\t\t\t<p><a href=\"https:\/\/www.cecotinternacionalitzacio.org\/es\/servicios-internacionalizacion\/misiones-empresariales\/\" class=\"read-more  read-more--page-box\">+ INFO<\/a><\/p>\n\t\t\t\t\t<\/div>\n\t<\/div>\n\n<\/div><\/div><div id=\"pgc-866-0-3\"  class=\"panel-grid-cell\" ><div id=\"panel-866-0-3-0\" class=\"so-panel widget widget_pw_featured_page widget-featured-page panel-first-child panel-last-child\" data-index=\"3\" >\n\t<div class=\"page-box  page-box--block\">\n\t\t\t\t\t\t\t\t\t<a class=\"page-box__picture\" href=\"https:\/\/www.cecotinternacionalitzacio.org\/es\/servicios-internacionalizacion\/programa-iniciacion-exportacion\/\">\n\t\t\t\t\t<img src=\"https:\/\/www.cecotinternacionalitzacio.org\/wp-content\/uploads\/2015\/04\/programa_inicia-exportaci\u00f3-360x240.jpg\" width=\"360\" height=\"240\" srcset=\"https:\/\/www.cecotinternacionalitzacio.org\/wp-content\/uploads\/2015\/04\/programa_inicia-exportaci\u00f3-360x240.jpg 360w, https:\/\/www.cecotinternacionalitzacio.org\/wp-content\/uploads\/2015\/04\/programa_inicia-exportaci\u00f3.jpg 447w\" sizes=\"(min-width: 992px) 360px, calc(100vw - 30px)\" class=\"wp-post-image\" alt=\"Iniciaci\u00f3n a la exportaci\u00f3n\">\n\t\t\t\t<\/a>\n\t\t\t\t\t\t\t<div class=\"page-box__content\">\n\t\t\t<h5 class=\"page-box__title text-uppercase\"><a href=\"https:\/\/www.cecotinternacionalitzacio.org\/es\/servicios-internacionalizacion\/programa-iniciacion-exportacion\/\">Iniciaci\u00f3n a la exportaci\u00f3n<\/a><\/h5>\n\t\t\t<p>Herramientas b\u00e1sicas para iniciarse en la exportaci\u00f3n. Programa dividido en tres fases que se pueden contratar de forma independiente en funci\u00f3n de las necesidades concretas de cada empresa.<\/p>\n\t\t\t\t\t\t\t<p><a href=\"https:\/\/www.cecotinternacionalitzacio.org\/es\/servicios-internacionalizacion\/programa-iniciacion-exportacion\/\" class=\"read-more  read-more--page-box\">+ INFO<\/a><\/p>\n\t\t\t\t\t<\/div>\n\t<\/div>\n\n<\/div><\/div><\/div><div id=\"pg-866-1\"  class=\"panel-grid panel-no-style\" ><div id=\"pgc-866-1-0\"  class=\"panel-grid-cell\" ><div id=\"panel-866-1-0-0\" class=\"so-panel widget widget_pw_featured_page widget-featured-page panel-first-child panel-last-child\" data-index=\"4\" >\n\t<div class=\"page-box  page-box--block\">\n\t\t\t\t\t\t\t\t\t<a class=\"page-box__picture\" href=\"https:\/\/www.cecotinternacionalitzacio.org\/es\/servicios-internacionalizacion\/programas-para-empresas-exportadoras\/\">\n\t\t\t\t\t<img src=\"https:\/\/www.cecotinternacionalitzacio.org\/wp-content\/uploads\/2015\/11\/programas.jpg\" width=\"360\" height=\"240\" srcset=\"https:\/\/www.cecotinternacionalitzacio.org\/wp-content\/uploads\/2015\/11\/programas.jpg 360w, https:\/\/www.cecotinternacionalitzacio.org\/wp-content\/uploads\/2015\/11\/programas.jpg 360w\" sizes=\"(min-width: 992px) 360px, calc(100vw - 30px)\" class=\"wp-post-image\" alt=\"Programas para empresas exportadoras\">\n\t\t\t\t<\/a>\n\t\t\t\t\t\t\t<div class=\"page-box__content\">\n\t\t\t<h5 class=\"page-box__title text-uppercase\"><a href=\"https:\/\/www.cecotinternacionalitzacio.org\/es\/servicios-internacionalizacion\/programas-para-empresas-exportadoras\/\">Programas para empresas exportadoras<\/a><\/h5>\n\t\t\t<p>Programas para empresas que quieren empezar, abrir o ampliar nuevos mercados exteriores. Cuenta con personal alem\u00e1n, franc\u00e9s, ingl\u00e9s, portugu\u00e9s y ruso.<\/p>\n\t\t\t\t\t\t\t<p><a href=\"https:\/\/www.cecotinternacionalitzacio.org\/es\/servicios-internacionalizacion\/programas-para-empresas-exportadoras\/\" class=\"read-more  read-more--page-box\">+ INFO<\/a><\/p>\n\t\t\t\t\t<\/div>\n\t<\/div>\n\n<\/div><\/div><div id=\"pgc-866-1-1\"  class=\"panel-grid-cell\" ><div id=\"panel-866-1-1-0\" class=\"so-panel widget widget_pw_featured_page widget-featured-page panel-first-child panel-last-child\" data-index=\"5\" >\n\t<div class=\"page-box  page-box--block\">\n\t\t\t\t\t\t\t\t\t<a class=\"page-box__picture\" href=\"https:\/\/www.cecotinternacionalitzacio.org\/es\/servicios-internacionalizacion\/programa-i-pime\/\">\n\t\t\t\t\t<img src=\"https:\/\/www.cecotinternacionalitzacio.org\/wp-content\/uploads\/2015\/10\/ipime_02.jpg\" width=\"360\" height=\"240\" srcset=\"https:\/\/www.cecotinternacionalitzacio.org\/wp-content\/uploads\/2015\/10\/ipime_02.jpg 360w, https:\/\/www.cecotinternacionalitzacio.org\/wp-content\/uploads\/2015\/10\/ipime_02.jpg 360w\" sizes=\"(min-width: 992px) 360px, calc(100vw - 30px)\" class=\"wp-post-image\" alt=\"Programa I-PIME\">\n\t\t\t\t<\/a>\n\t\t\t\t\t\t\t<div class=\"page-box__content\">\n\t\t\t<h5 class=\"page-box__title text-uppercase\"><a href=\"https:\/\/www.cecotinternacionalitzacio.org\/es\/servicios-internacionalizacion\/programa-i-pime\/\">Programa I-PIME<\/a><\/h5>\n\t\t\t<p>Este es un programa espec\u00edfico para la Peque\u00f1a y Mediana Empresa Catalana para desarrollar un marco de trabajo que le permita dise\u00f1ar un proyecto de internacionalizaci\u00f3n.<\/p>\n\t\t\t\t\t\t\t<p><a href=\"https:\/\/www.cecotinternacionalitzacio.org\/es\/servicios-internacionalizacion\/programa-i-pime\/\" class=\"read-more  read-more--page-box\">+ INFO<\/a><\/p>\n\t\t\t\t\t<\/div>\n\t<\/div>\n\n<\/div><\/div><div id=\"pgc-866-1-2\"  class=\"panel-grid-cell\" ><div id=\"panel-866-1-2-0\" class=\"so-panel widget widget_pw_featured_page widget-featured-page panel-first-child panel-last-child\" data-index=\"6\" >\n\t<div class=\"page-box  page-box--block\">\n\t\t\t\t\t\t\t\t\t<a class=\"page-box__picture\" href=\"https:\/\/www.cecotinternacionalitzacio.org\/es\/servicios-internacionalizacion\/programa-pdei\/\">\n\t\t\t\t\t<img src=\"https:\/\/www.cecotinternacionalitzacio.org\/wp-content\/uploads\/2015\/10\/pdei_03.jpg\" width=\"360\" height=\"240\" srcset=\"https:\/\/www.cecotinternacionalitzacio.org\/wp-content\/uploads\/2015\/10\/pdei_03.jpg 360w, https:\/\/www.cecotinternacionalitzacio.org\/wp-content\/uploads\/2015\/10\/pdei_03.jpg 360w\" sizes=\"(min-width: 992px) 360px, calc(100vw - 30px)\" class=\"wp-post-image\" alt=\"Programa PDEI\">\n\t\t\t\t<\/a>\n\t\t\t\t\t\t\t<div class=\"page-box__content\">\n\t\t\t<h5 class=\"page-box__title text-uppercase\"><a href=\"https:\/\/www.cecotinternacionalitzacio.org\/es\/servicios-internacionalizacion\/programa-pdei\/\">Programa PDEI<\/a><\/h5>\n\t\t\t<p>Programa de Desarrollo Empresarial para la Internacionalizaci\u00f3n. Le ayudamos a reposicionar estrat\u00e9gicamente la empresa para internacionalizar el negocio y aumentar las ventas.<\/p>\n\t\t\t\t\t\t\t<p><a href=\"https:\/\/www.cecotinternacionalitzacio.org\/es\/servicios-internacionalizacion\/programa-pdei\/\" class=\"read-more  read-more--page-box\">+ INFO<\/a><\/p>\n\t\t\t\t\t<\/div>\n\t<\/div>\n\n<\/div><\/div><div id=\"pgc-866-1-3\"  class=\"panel-grid-cell\" ><div id=\"panel-866-1-3-0\" class=\"so-panel widget widget_pw_featured_page widget-featured-page panel-first-child panel-last-child\" data-index=\"7\" >\n\t<div class=\"page-box  page-box--block\">\n\t\t\t\t\t\t\t\t\t<a class=\"page-box__picture\" href=\"https:\/\/www.cecotinternacionalitzacio.org\/es\/servicios-internacionalizacion\/practicas-estudiantes-franceses\/\">\n\t\t\t\t\t<img src=\"https:\/\/www.cecotinternacionalitzacio.org\/wp-content\/uploads\/2015\/04\/estudiants_francesos-360x240.jpg\" width=\"360\" height=\"240\" srcset=\"https:\/\/www.cecotinternacionalitzacio.org\/wp-content\/uploads\/2015\/04\/estudiants_francesos-360x240.jpg 360w, https:\/\/www.cecotinternacionalitzacio.org\/wp-content\/uploads\/2015\/04\/estudiants_francesos.jpg 425w\" sizes=\"(min-width: 992px) 360px, calc(100vw - 30px)\" class=\"wp-post-image\" alt=\"Estudiantes Franceses en Pr\u00e1cticas\">\n\t\t\t\t<\/a>\n\t\t\t\t\t\t\t<div class=\"page-box__content\">\n\t\t\t<h5 class=\"page-box__title text-uppercase\"><a href=\"https:\/\/www.cecotinternacionalitzacio.org\/es\/servicios-internacionalizacion\/practicas-estudiantes-franceses\/\">Estudiantes Franceses en Pr\u00e1cticas<\/a><\/h5>\n\t\t\t<p>Facilita a las empresas la posibilidad de recibir estudiantes franceses para realizar tareas de marketing, gesti\u00f3n, finanzas y log\u00edstica, entre otras.<\/p>\n\t\t\t\t\t\t\t<p><a href=\"https:\/\/www.cecotinternacionalitzacio.org\/es\/servicios-internacionalizacion\/practicas-estudiantes-franceses\/\" class=\"read-more  read-more--page-box\">+ INFO<\/a><\/p>\n\t\t\t\t\t<\/div>\n\t<\/div>\n\n<\/div><\/div><\/div><div id=\"pg-866-2\"  class=\"panel-grid panel-no-style\" ><div id=\"pgc-866-2-0\"  class=\"panel-grid-cell\" ><div id=\"panel-866-2-0-0\" class=\"so-panel widget widget_pw_featured_page widget-featured-page panel-first-child panel-last-child\" data-index=\"8\" >\n\t<div class=\"page-box  page-box--block\">\n\t\t\t\t\t\t\t\t\t<a class=\"page-box__picture\" href=\"https:\/\/www.cecotinternacionalitzacio.org\/es\/servicios-internacionalizacion\/financiacion\/\">\n\t\t\t\t\t<img src=\"https:\/\/www.cecotinternacionalitzacio.org\/wp-content\/uploads\/2015\/07\/financiacio-360x240.jpg\" width=\"360\" height=\"240\" srcset=\"https:\/\/www.cecotinternacionalitzacio.org\/wp-content\/uploads\/2015\/07\/financiacio-360x240.jpg 360w, https:\/\/www.cecotinternacionalitzacio.org\/wp-content\/uploads\/2015\/07\/financiacio.jpg 600w\" sizes=\"(min-width: 992px) 360px, calc(100vw - 30px)\" class=\"wp-post-image\" alt=\"Financiaci\u00f3n\">\n\t\t\t\t<\/a>\n\t\t\t\t\t\t\t<div class=\"page-box__content\">\n\t\t\t<h5 class=\"page-box__title text-uppercase\"><a href=\"https:\/\/www.cecotinternacionalitzacio.org\/es\/servicios-internacionalizacion\/financiacion\/\">Financiaci\u00f3n<\/a><\/h5>\n\t\t\t<p>Tanto si plantea hacer crecer su negocio como si estudia la expansi\u00f3n a mercados exteriores le ofrecemos una informaci\u00f3n b\u00e1sica de los medios de financiaci\u00f3n que tiene a su alcance.<\/p>\n\t\t\t\t\t\t\t<p><a href=\"https:\/\/www.cecotinternacionalitzacio.org\/es\/servicios-internacionalizacion\/financiacion\/\" class=\"read-more  read-more--page-box\">+ INFO<\/a><\/p>\n\t\t\t\t\t<\/div>\n\t<\/div>\n\n<\/div><\/div><div id=\"pgc-866-2-1\"  class=\"panel-grid-cell\" ><div id=\"panel-866-2-1-0\" class=\"so-panel widget widget_pw_featured_page widget-featured-page panel-first-child panel-last-child\" data-index=\"9\" >\n\t<div class=\"page-box  page-box--block\">\n\t\t\t\t\t\t\t\t\t<a class=\"page-box__picture\" href=\"https:\/\/www.cecotinternacionalitzacio.org\/es\/servicios-internacionalizacion\/formacion-internacionalizacion\/\">\n\t\t\t\t\t<img src=\"https:\/\/www.cecotinternacionalitzacio.org\/wp-content\/uploads\/2015\/09\/formacio.jpg\" width=\"322\" height=\"207\" srcset=\"https:\/\/www.cecotinternacionalitzacio.org\/wp-content\/uploads\/2015\/09\/formacio.jpg 322w, https:\/\/www.cecotinternacionalitzacio.org\/wp-content\/uploads\/2015\/09\/formacio.jpg 322w\" sizes=\"(min-width: 992px) 360px, calc(100vw - 30px)\" class=\"wp-post-image\" alt=\"Formaci\u00f3n\">\n\t\t\t\t<\/a>\n\t\t\t\t\t\t\t<div class=\"page-box__content\">\n\t\t\t<h5 class=\"page-box__title text-uppercase\"><a href=\"https:\/\/www.cecotinternacionalitzacio.org\/es\/servicios-internacionalizacion\/formacion-internacionalizacion\/\">Formaci\u00f3n<\/a><\/h5>\n\t\t\t<p>El Club ofrece un amplio programa formativo que le ayudar\u00e1 a asegurar el \u00e9xito de sus negocios en el panorama internacional. Tambi\u00e9n encontrar\u00e1s enlaces a las agendas de actividades formativas de otras entidades.<\/p>\n\t\t\t\t\t\t\t<p><a href=\"https:\/\/www.cecotinternacionalitzacio.org\/es\/servicios-internacionalizacion\/formacion-internacionalizacion\/\" class=\"read-more  read-more--page-box\">+ INFO<\/a><\/p>\n\t\t\t\t\t<\/div>\n\t<\/div>\n\n<\/div><\/div><div id=\"pgc-866-2-2\"  class=\"panel-grid-cell panel-grid-cell-empty panel-grid-cell-mobile-last\" ><\/div><div id=\"pgc-866-2-3\"  class=\"panel-grid-cell panel-grid-cell-empty\" ><\/div><\/div><\/div>","protected":false},"excerpt":{"rendered":"<p>Asesoramiento en comercio exterior Mecanismos de importaci\u00f3n, exportaci\u00f3n, sistemas de pago internacional, c\u00f3mo acceder a programas de ayuda o c\u00f3mo gestionar un intercambio intracomunitario. + iNFO Asesoramiento en promoci\u00f3n internacional Aranceles de importaci\u00f3n, acciones comerciales, misiones, ferias y otras actuaciones de promoci\u00f3n que se pueden llevar a cabo en los mercados exteriores. + INFO Misiones &hellip;&#8230; <a class=\"moretag\" href=\"https:\/\/www.cecotinternacionalitzacio.org\/es\/servicios-internacionalizacion\/\"><br \/>Llegir m\u00e9s &raquo;<\/a><\/p>\n","protected":false},"author":1,"featured_media":0,"parent":0,"menu_order":0,"comment_status":"closed","ping_status":"open","template":"","meta":{"_exactmetrics_skip_tracking":false,"_exactmetrics_sitenote_active":false,"_exactmetrics_sitenote_note":"","_exactmetrics_sitenote_category":0},"acf":[],"yoast_head":"<!-- This site is optimized with the Yoast SEO plugin v19.6.1 - https:\/\/yoast.com\/wordpress\/plugins\/seo\/ -->\n<title>Servicios a la Internacionalizaci\u00f3n - Club Cecot Inter.<\/title>\n<meta name=\"robots\" content=\"noindex, follow, max-snippet:-1, max-image-preview:large, max-video-preview:-1\" \/>\n<meta property=\"og:locale\" content=\"es_ES\" \/>\n<meta property=\"og:type\" content=\"article\" \/>\n<meta property=\"og:title\" content=\"Servicios a la Internacionalizaci\u00f3n - Club Cecot Inter.\" \/>\n<meta property=\"og:description\" content=\"Asesoramiento en comercio exterior Mecanismos de importaci\u00f3n, exportaci\u00f3n, sistemas de pago internacional, c\u00f3mo acceder a programas de ayuda o c\u00f3mo gestionar un intercambio intracomunitario. + iNFO Asesoramiento en promoci\u00f3n internacional Aranceles de importaci\u00f3n, acciones comerciales, misiones, ferias y otras actuaciones de promoci\u00f3n que se pueden llevar a cabo en los mercados exteriores. + INFO Misiones &hellip;... Llegir m\u00e9s &raquo;\" \/>\n<meta property=\"og:url\" content=\"https:\/\/www.cecotinternacionalitzacio.org\/es\/servicios-internacionalizacion\/\" \/>\n<meta property=\"og:site_name\" content=\"Club Cecot Internacionalitzaci\u00f3\" \/>\n<meta property=\"article:modified_time\" content=\"2015-11-10T10:45:30+00:00\" \/>\n<meta property=\"og:image\" content=\"https:\/\/www.cecotinternacionalitzacio.org\/wp-content\/uploads\/2015\/04\/port_asesor_01.jpg\" \/>\n<meta name=\"twitter:card\" content=\"summary\" \/>\n<meta name=\"twitter:label1\" content=\"Tiempo de lectura\" \/>\n\t<meta name=\"twitter:data1\" content=\"2 minutos\" \/>\n<script type=\"application\/ld+json\" class=\"yoast-schema-graph\">{\"@context\":\"https:\/\/schema.org\",\"@graph\":[{\"@type\":\"WebPage\",\"@id\":\"https:\/\/www.cecotinternacionalitzacio.org\/es\/servicios-internacionalizacion\/\",\"url\":\"https:\/\/www.cecotinternacionalitzacio.org\/es\/servicios-internacionalizacion\/\",\"name\":\"Servicios a la Internacionalizaci\u00f3n - Club Cecot Inter.\",\"isPartOf\":{\"@id\":\"https:\/\/www.cecotinternacionalitzacio.org\/#website\"},\"datePublished\":\"2015-04-23T11:04:51+00:00\",\"dateModified\":\"2015-11-10T10:45:30+00:00\",\"breadcrumb\":{\"@id\":\"https:\/\/www.cecotinternacionalitzacio.org\/es\/servicios-internacionalizacion\/#breadcrumb\"},\"inLanguage\":\"es\",\"potentialAction\":[{\"@type\":\"ReadAction\",\"target\":[\"https:\/\/www.cecotinternacionalitzacio.org\/es\/servicios-internacionalizacion\/\"]}]},{\"@type\":\"BreadcrumbList\",\"@id\":\"https:\/\/www.cecotinternacionalitzacio.org\/es\/servicios-internacionalizacion\/#breadcrumb\",\"itemListElement\":[{\"@type\":\"ListItem\",\"position\":1,\"name\":\"Inici\",\"item\":\"https:\/\/www.cecotinternacionalitzacio.org\/es\/\"},{\"@type\":\"ListItem\",\"position\":2,\"name\":\"Servicios a la Internacionalizaci\u00f3n\"}]},{\"@type\":\"WebSite\",\"@id\":\"https:\/\/www.cecotinternacionalitzacio.org\/#website\",\"url\":\"https:\/\/www.cecotinternacionalitzacio.org\/\",\"name\":\"Club Cecot Internacionalitzaci\u00f3\",\"description\":\"Un foro de intercamio de experiencias sobre la actividad exportadora de las empresas\",\"publisher\":{\"@id\":\"https:\/\/www.cecotinternacionalitzacio.org\/#organization\"},\"potentialAction\":[{\"@type\":\"SearchAction\",\"target\":{\"@type\":\"EntryPoint\",\"urlTemplate\":\"https:\/\/www.cecotinternacionalitzacio.org\/?s={search_term_string}\"},\"query-input\":\"required name=search_term_string\"}],\"inLanguage\":\"es\"},{\"@type\":\"Organization\",\"@id\":\"https:\/\/www.cecotinternacionalitzacio.org\/#organization\",\"name\":\"Club Cecot Internacionalitzaci\u00f3\",\"url\":\"https:\/\/www.cecotinternacionalitzacio.org\/\",\"sameAs\":[],\"logo\":{\"@type\":\"ImageObject\",\"inLanguage\":\"es\",\"@id\":\"https:\/\/www.cecotinternacionalitzacio.org\/#\/schema\/logo\/image\/\",\"url\":\"https:\/\/www.cecotinternacionalitzacio.org\/wp-content\/uploads\/2015\/07\/Logo_Club_Int_165x60.png\",\"contentUrl\":\"https:\/\/www.cecotinternacionalitzacio.org\/wp-content\/uploads\/2015\/07\/Logo_Club_Int_165x60.png\",\"width\":165,\"height\":60,\"caption\":\"Club Cecot Internacionalitzaci\u00f3\"},\"image\":{\"@id\":\"https:\/\/www.cecotinternacionalitzacio.org\/#\/schema\/logo\/image\/\"}}]}<\/script>\n<!-- \/ Yoast SEO plugin. -->","yoast_head_json":{"title":"Servicios a la Internacionalizaci\u00f3n - Club Cecot Inter.","robots":{"index":"noindex","follow":"follow","max-snippet":"max-snippet:-1","max-image-preview":"max-image-preview:large","max-video-preview":"max-video-preview:-1"},"og_locale":"es_ES","og_type":"article","og_title":"Servicios a la Internacionalizaci\u00f3n - Club Cecot Inter.","og_description":"Asesoramiento en comercio exterior Mecanismos de importaci\u00f3n, exportaci\u00f3n, sistemas de pago internacional, c\u00f3mo acceder a programas de ayuda o c\u00f3mo gestionar un intercambio intracomunitario. + iNFO Asesoramiento en promoci\u00f3n internacional Aranceles de importaci\u00f3n, acciones comerciales, misiones, ferias y otras actuaciones de promoci\u00f3n que se pueden llevar a cabo en los mercados exteriores. + INFO Misiones &hellip;... Llegir m\u00e9s &raquo;","og_url":"https:\/\/www.cecotinternacionalitzacio.org\/es\/servicios-internacionalizacion\/","og_site_name":"Club Cecot Internacionalitzaci\u00f3","article_modified_time":"2015-11-10T10:45:30+00:00","og_image":[{"url":"https:\/\/www.cecotinternacionalitzacio.org\/wp-content\/uploads\/2015\/04\/port_asesor_01.jpg"}],"twitter_card":"summary","twitter_misc":{"Tiempo de lectura":"2 minutos"},"schema":{"@context":"https:\/\/schema.org","@graph":[{"@type":"WebPage","@id":"https:\/\/www.cecotinternacionalitzacio.org\/es\/servicios-internacionalizacion\/","url":"https:\/\/www.cecotinternacionalitzacio.org\/es\/servicios-internacionalizacion\/","name":"Servicios a la Internacionalizaci\u00f3n - Club Cecot Inter.","isPartOf":{"@id":"https:\/\/www.cecotinternacionalitzacio.org\/#website"},"datePublished":"2015-04-23T11:04:51+00:00","dateModified":"2015-11-10T10:45:30+00:00","breadcrumb":{"@id":"https:\/\/www.cecotinternacionalitzacio.org\/es\/servicios-internacionalizacion\/#breadcrumb"},"inLanguage":"es","potentialAction":[{"@type":"ReadAction","target":["https:\/\/www.cecotinternacionalitzacio.org\/es\/servicios-internacionalizacion\/"]}]},{"@type":"BreadcrumbList","@id":"https:\/\/www.cecotinternacionalitzacio.org\/es\/servicios-internacionalizacion\/#breadcrumb","itemListElement":[{"@type":"ListItem","position":1,"name":"Inici","item":"https:\/\/www.cecotinternacionalitzacio.org\/es\/"},{"@type":"ListItem","position":2,"name":"Servicios a la Internacionalizaci\u00f3n"}]},{"@type":"WebSite","@id":"https:\/\/www.cecotinternacionalitzacio.org\/#website","url":"https:\/\/www.cecotinternacionalitzacio.org\/","name":"Club Cecot Internacionalitzaci\u00f3","description":"Un foro de intercamio de experiencias sobre la actividad exportadora de las empresas","publisher":{"@id":"https:\/\/www.cecotinternacionalitzacio.org\/#organization"},"potentialAction":[{"@type":"SearchAction","target":{"@type":"EntryPoint","urlTemplate":"https:\/\/www.cecotinternacionalitzacio.org\/?s={search_term_string}"},"query-input":"required name=search_term_string"}],"inLanguage":"es"},{"@type":"Organization","@id":"https:\/\/www.cecotinternacionalitzacio.org\/#organization","name":"Club Cecot Internacionalitzaci\u00f3","url":"https:\/\/www.cecotinternacionalitzacio.org\/","sameAs":[],"logo":{"@type":"ImageObject","inLanguage":"es","@id":"https:\/\/www.cecotinternacionalitzacio.org\/#\/schema\/logo\/image\/","url":"https:\/\/www.cecotinternacionalitzacio.org\/wp-content\/uploads\/2015\/07\/Logo_Club_Int_165x60.png","contentUrl":"https:\/\/www.cecotinternacionalitzacio.org\/wp-content\/uploads\/2015\/07\/Logo_Club_Int_165x60.png","width":165,"height":60,"caption":"Club Cecot Internacionalitzaci\u00f3"},"image":{"@id":"https:\/\/www.cecotinternacionalitzacio.org\/#\/schema\/logo\/image\/"}}]}},"_links":{"self":[{"href":"https:\/\/www.cecotinternacionalitzacio.org\/es\/wp-json\/wp\/v2\/pages\/866"}],"collection":[{"href":"https:\/\/www.cecotinternacionalitzacio.org\/es\/wp-json\/wp\/v2\/pages"}],"about":[{"href":"https:\/\/www.cecotinternacionalitzacio.org\/es\/wp-json\/wp\/v2\/types\/page"}],"author":[{"embeddable":true,"href":"https:\/\/www.cecotinternacionalitzacio.org\/es\/wp-json\/wp\/v2\/users\/1"}],"replies":[{"embeddable":true,"href":"https:\/\/www.cecotinternacionalitzacio.org\/es\/wp-json\/wp\/v2\/comments?post=866"}],"version-history":[{"count":0,"href":"https:\/\/www.cecotinternacionalitzacio.org\/es\/wp-json\/wp\/v2\/pages\/866\/revisions"}],"wp:attachment":[{"href":"https:\/\/www.cecotinternacionalitzacio.org\/es\/wp-json\/wp\/v2\/media?parent=866"}],"curies":[{"name":"wp","href":"https:\/\/api.w.org\/{rel}","templated":true}]}}