{"id":883,"date":"2015-04-23T12:39:15","date_gmt":"2015-04-23T12:39:15","guid":{"rendered":"http:\/\/cecotinter.cecot.org\/es\/servicios-internacionalitzacion\/missions\/"},"modified":"2016-01-11T12:37:09","modified_gmt":"2016-01-11T12:37:09","slug":"programa-iniciacion-exportacion","status":"publish","type":"page","link":"https:\/\/www.cecotinternacionalitzacio.org\/es\/servicios-internacionalizacion\/programa-iniciacion-exportacion\/","title":{"rendered":"Iniciaci\u00f3n a la exportaci\u00f3n"},"content":{"rendered":"<div id=\"pl-883\"  class=\"panel-layout\" ><div id=\"pg-883-0\"  class=\"panel-grid panel-no-style\" ><div id=\"pgc-883-0-0\"  class=\"panel-grid-cell\" ><div id=\"panel-883-0-0-0\" class=\"so-panel widget widget_black-studio-tinymce widget_black_studio_tinymce panel-first-child panel-last-child\" data-index=\"0\" ><h3 class=\"widget-title\"><span class=\"widget-title__inline\">Si desea iniciarse en la exportaci\u00f3n le ofrecemos las herramientas pr\u00e1cticas necesarias para conseguirlo.<\/span><\/h3><div class=\"textwidget\"><p>Un programa dividido en <strong>tres fases<\/strong> que puede contratar de forma independiente en funci\u00f3n de las necesidades concretas y dependiendo del momento en el que la empresa se encuentre en el proceso exportador:<\/p>\n<h4>1. Diagn\u00f3stico del potencial exportador<\/h4>\n<p>En base a la informaci\u00f3n proporcionada por la empresa analiza si esta tiene alguna posibilidad de exportar su producto o servicio a los mercados exteriores.<\/p>\n<ul>\n<li><i> Coste para la empresa asociada: Gratuito. <\/i><\/li>\n<li><i>Coste para empresas no socias: 350 euros. <\/i><\/li>\n<\/ul>\n<h4>2. Elaboraci\u00f3n del Plan de Promoci\u00f3n Internacional<\/h4>\n<p>Confirmado el potencial exportador, ayudamos a la empresa a elaborar el Plan de Promoci\u00f3n Internacional que consiste en determinar, con el apoyo de un asesor externo, los siguientes puntos:<\/p>\n<ul>\n<li>An\u00e1lisis de los productos o servicios de la empresa, clientela actual, competencia y recursos necesarios.<\/li>\n<li>Segmentaci\u00f3n y selecci\u00f3n de pa\u00edses.<\/li>\n<li>Determinaci\u00f3n del canal de distribuci\u00f3n adecuado al producto \/ servicio y los mercados seleccionados.<\/li>\n<li>Determinaci\u00f3n de los elementos y materiales de promoci\u00f3n m\u00ednimos necesarios.<\/li>\n<li>Plan de Expansi\u00f3n Internacional: concreci\u00f3n de las actuaciones que se deben llevar a cabo para introducirse en los mercados seleccionados.<\/li>\n<li>Elaboraci\u00f3n del presupuesto.<\/li>\n<\/ul>\n<ul>\n<li><i> Coste para la empresa asociada: 750 euros.<\/i><\/li>\n<li><i>Coste para empresas no socias: 900 euros. <\/i><\/li>\n<\/ul>\n<h4>3. Implementaci\u00f3n del Plan de Promoci\u00f3n Internacional<\/h4>\n<p>Elaborado el Plan de Promoci\u00f3n Internacional del equipo de asesores se integra, durante un plazo m\u00ednimo de 10 meses, en el equipo profesional de la empresa para localizar los potenciales clientes o colaboradores comerciales, y llevar a cabo las actuaciones definidas para promocionar la venta de los productos o servicios de la empresa.<\/p>\n<ul>\n<li><i> Coste para la empresa asociada: 750 euros \/ mes.<\/i><\/li>\n<li><i>Coste para empresas no socias: 900 euros \/ mes. <\/i><\/li>\n<\/ul>\n<p>Si desea aprovechar esta oportunidad, p\u00f3ngase en contacto con Asun Cereza, asesora en <strong> Comercio Exterior de la Cecot , llamando al tel\u00e9fono <strong> 93736 11 00 . <\/strong><\/strong><\/p>\n<p>Si desea acceder al mercado alem\u00e1n o desea incrementar sus ventas en este mercado, la Cecot y el Club Cecot Internacionalizaci\u00f3n le ayudan.<\/p>\n<\/div><\/div><\/div><div id=\"pgc-883-0-1\"  class=\"panel-grid-cell\" ><div id=\"panel-883-0-1-0\" class=\"so-panel widget widget_black-studio-tinymce widget_black_studio_tinymce panel-first-child\" data-index=\"1\" ><div class=\"textwidget\"><p><img class=\"alignnone size-full wp-image-1259\" src=\"https:\/\/www.cecotinternacionalitzacio.org\/wp-content\/uploads\/2015\/04\/programa_inicia-exportaci\u00f3.jpg\" alt=\"programa_inicia-exportaci\u00f3\" width=\"447\" height=\"286\" \/><\/p>\n<\/div><\/div><div id=\"panel-883-0-1-1\" class=\"so-panel widget widget_black-studio-tinymce widget_black_studio_tinymce panel-last-child\" data-index=\"2\" ><div class=\"featured-widget panel-widget-style panel-widget-style-for-883-0-1-1\" ><div class=\"textwidget\"><p><a href=\"http:\/\/cecotinter.cecot.org\/serveis-internacionalitzacio\/programa-i-pime\/\"><img src=\"https:\/\/www.cecotinternacionalitzacio.org\/wp-content\/uploads\/2015\/10\/ipime_02.jpg\" alt=\"ipime_02\" width=\"360\" height=\"240\" class=\"alignnone size-full wp-image-1824\" \/><\/a><br \/>\nConoce el<br \/><em><a href=\"http:\/\/cecotinter.cecot.org\/es\/servicios-internacionalizacion\/programa-i-pime\/\">Programa de desarrollo internacional para la peque\u00f1a y mediana empresa<\/a><\/em><\/p>\n<\/div><\/div><\/div><\/div><\/div><\/div>","protected":false},"excerpt":{"rendered":"<p>Herramientas b\u00e1sicas para iniciarse en la exportaci\u00f3n. Programa dividido en tres fases que se pueden contratar de forma independiente en funci\u00f3n de las necesidades concretas de cada empresa. <a class=\"moretag\" href=\"https:\/\/www.cecotinternacionalitzacio.org\/es\/servicios-internacionalizacion\/programa-iniciacion-exportacion\/\"><br \/>Llegir m\u00e9s &raquo;<\/a><\/p>\n","protected":false},"author":1,"featured_media":1260,"parent":866,"menu_order":0,"comment_status":"closed","ping_status":"open","template":"","meta":{"_exactmetrics_skip_tracking":false,"_exactmetrics_sitenote_active":false,"_exactmetrics_sitenote_note":"","_exactmetrics_sitenote_category":0},"acf":[],"yoast_head":"<!-- This site is optimized with the Yoast SEO plugin v19.6.1 - https:\/\/yoast.com\/wordpress\/plugins\/seo\/ -->\n<title>Iniciaci\u00f3n a la exportaci\u00f3n - Club Cecot Internacionalitzaci\u00f3<\/title>\n<meta name=\"description\" content=\"Programa de iniciaci\u00f3n a la exportaci\u00f3n. Iniciarte y acompa\u00f1arte: te ayudamos a elaborar un plan, desarrollarlo e implementarlo.\" \/>\n<meta name=\"robots\" content=\"noindex, follow, max-snippet:-1, max-image-preview:large, max-video-preview:-1\" \/>\n<meta property=\"og:locale\" content=\"es_ES\" \/>\n<meta property=\"og:type\" content=\"article\" \/>\n<meta property=\"og:title\" content=\"Iniciaci\u00f3n a la exportaci\u00f3n - Club Cecot Internacionalitzaci\u00f3\" \/>\n<meta property=\"og:description\" content=\"Programa de iniciaci\u00f3n a la exportaci\u00f3n. Iniciarte y acompa\u00f1arte: te ayudamos a elaborar un plan, desarrollarlo e implementarlo.\" \/>\n<meta property=\"og:url\" content=\"https:\/\/www.cecotinternacionalitzacio.org\/es\/servicios-internacionalizacion\/programa-iniciacion-exportacion\/\" \/>\n<meta property=\"og:site_name\" content=\"Club Cecot Internacionalitzaci\u00f3\" \/>\n<meta property=\"article:modified_time\" content=\"2016-01-11T12:37:09+00:00\" \/>\n<meta property=\"og:image\" content=\"https:\/\/www.cecotinternacionalitzacio.org\/wp-content\/uploads\/2015\/04\/programa_inicia-exportaci\u00f3.jpg\" \/>\n\t<meta property=\"og:image:width\" content=\"447\" \/>\n\t<meta property=\"og:image:height\" content=\"286\" \/>\n\t<meta property=\"og:image:type\" content=\"image\/jpeg\" \/>\n<meta name=\"twitter:card\" content=\"summary\" \/>\n<meta name=\"twitter:label1\" content=\"Tiempo de lectura\" \/>\n\t<meta name=\"twitter:data1\" content=\"2 minutos\" \/>\n<script type=\"application\/ld+json\" class=\"yoast-schema-graph\">{\"@context\":\"https:\/\/schema.org\",\"@graph\":[{\"@type\":\"WebPage\",\"@id\":\"https:\/\/www.cecotinternacionalitzacio.org\/es\/servicios-internacionalizacion\/programa-iniciacion-exportacion\/\",\"url\":\"https:\/\/www.cecotinternacionalitzacio.org\/es\/servicios-internacionalizacion\/programa-iniciacion-exportacion\/\",\"name\":\"Iniciaci\u00f3n a la exportaci\u00f3n - Club Cecot Internacionalitzaci\u00f3\",\"isPartOf\":{\"@id\":\"https:\/\/www.cecotinternacionalitzacio.org\/#website\"},\"datePublished\":\"2015-04-23T12:39:15+00:00\",\"dateModified\":\"2016-01-11T12:37:09+00:00\",\"description\":\"Programa de iniciaci\u00f3n a la exportaci\u00f3n. Iniciarte y acompa\u00f1arte: te ayudamos a elaborar un plan, desarrollarlo e implementarlo.\",\"breadcrumb\":{\"@id\":\"https:\/\/www.cecotinternacionalitzacio.org\/es\/servicios-internacionalizacion\/programa-iniciacion-exportacion\/#breadcrumb\"},\"inLanguage\":\"es\",\"potentialAction\":[{\"@type\":\"ReadAction\",\"target\":[\"https:\/\/www.cecotinternacionalitzacio.org\/es\/servicios-internacionalizacion\/programa-iniciacion-exportacion\/\"]}]},{\"@type\":\"BreadcrumbList\",\"@id\":\"https:\/\/www.cecotinternacionalitzacio.org\/es\/servicios-internacionalizacion\/programa-iniciacion-exportacion\/#breadcrumb\",\"itemListElement\":[{\"@type\":\"ListItem\",\"position\":1,\"name\":\"Inici\",\"item\":\"https:\/\/www.cecotinternacionalitzacio.org\/es\/\"},{\"@type\":\"ListItem\",\"position\":2,\"name\":\"Servicios a la Internacionalizaci\u00f3n\",\"item\":\"https:\/\/www.cecotinternacionalitzacio.org\/es\/servicios-internacionalizacion\/\"},{\"@type\":\"ListItem\",\"position\":3,\"name\":\"Iniciaci\u00f3n a la exportaci\u00f3n\"}]},{\"@type\":\"WebSite\",\"@id\":\"https:\/\/www.cecotinternacionalitzacio.org\/#website\",\"url\":\"https:\/\/www.cecotinternacionalitzacio.org\/\",\"name\":\"Club Cecot Internacionalitzaci\u00f3\",\"description\":\"Un foro de intercamio de experiencias sobre la actividad exportadora de las empresas\",\"publisher\":{\"@id\":\"https:\/\/www.cecotinternacionalitzacio.org\/#organization\"},\"potentialAction\":[{\"@type\":\"SearchAction\",\"target\":{\"@type\":\"EntryPoint\",\"urlTemplate\":\"https:\/\/www.cecotinternacionalitzacio.org\/?s={search_term_string}\"},\"query-input\":\"required name=search_term_string\"}],\"inLanguage\":\"es\"},{\"@type\":\"Organization\",\"@id\":\"https:\/\/www.cecotinternacionalitzacio.org\/#organization\",\"name\":\"Club Cecot Internacionalitzaci\u00f3\",\"url\":\"https:\/\/www.cecotinternacionalitzacio.org\/\",\"sameAs\":[],\"logo\":{\"@type\":\"ImageObject\",\"inLanguage\":\"es\",\"@id\":\"https:\/\/www.cecotinternacionalitzacio.org\/#\/schema\/logo\/image\/\",\"url\":\"https:\/\/www.cecotinternacionalitzacio.org\/wp-content\/uploads\/2015\/07\/Logo_Club_Int_165x60.png\",\"contentUrl\":\"https:\/\/www.cecotinternacionalitzacio.org\/wp-content\/uploads\/2015\/07\/Logo_Club_Int_165x60.png\",\"width\":165,\"height\":60,\"caption\":\"Club Cecot Internacionalitzaci\u00f3\"},\"image\":{\"@id\":\"https:\/\/www.cecotinternacionalitzacio.org\/#\/schema\/logo\/image\/\"}}]}<\/script>\n<!-- \/ Yoast SEO plugin. -->","yoast_head_json":{"title":"Iniciaci\u00f3n a la exportaci\u00f3n - Club Cecot Internacionalitzaci\u00f3","description":"Programa de iniciaci\u00f3n a la exportaci\u00f3n. Iniciarte y acompa\u00f1arte: te ayudamos a elaborar un plan, desarrollarlo e implementarlo.","robots":{"index":"noindex","follow":"follow","max-snippet":"max-snippet:-1","max-image-preview":"max-image-preview:large","max-video-preview":"max-video-preview:-1"},"og_locale":"es_ES","og_type":"article","og_title":"Iniciaci\u00f3n a la exportaci\u00f3n - Club Cecot Internacionalitzaci\u00f3","og_description":"Programa de iniciaci\u00f3n a la exportaci\u00f3n. Iniciarte y acompa\u00f1arte: te ayudamos a elaborar un plan, desarrollarlo e implementarlo.","og_url":"https:\/\/www.cecotinternacionalitzacio.org\/es\/servicios-internacionalizacion\/programa-iniciacion-exportacion\/","og_site_name":"Club Cecot Internacionalitzaci\u00f3","article_modified_time":"2016-01-11T12:37:09+00:00","og_image":[{"width":447,"height":286,"url":"https:\/\/www.cecotinternacionalitzacio.org\/wp-content\/uploads\/2015\/04\/programa_inicia-exportaci\u00f3.jpg","type":"image\/jpeg"}],"twitter_card":"summary","twitter_misc":{"Tiempo de lectura":"2 minutos"},"schema":{"@context":"https:\/\/schema.org","@graph":[{"@type":"WebPage","@id":"https:\/\/www.cecotinternacionalitzacio.org\/es\/servicios-internacionalizacion\/programa-iniciacion-exportacion\/","url":"https:\/\/www.cecotinternacionalitzacio.org\/es\/servicios-internacionalizacion\/programa-iniciacion-exportacion\/","name":"Iniciaci\u00f3n a la exportaci\u00f3n - Club Cecot Internacionalitzaci\u00f3","isPartOf":{"@id":"https:\/\/www.cecotinternacionalitzacio.org\/#website"},"datePublished":"2015-04-23T12:39:15+00:00","dateModified":"2016-01-11T12:37:09+00:00","description":"Programa de iniciaci\u00f3n a la exportaci\u00f3n. Iniciarte y acompa\u00f1arte: te ayudamos a elaborar un plan, desarrollarlo e implementarlo.","breadcrumb":{"@id":"https:\/\/www.cecotinternacionalitzacio.org\/es\/servicios-internacionalizacion\/programa-iniciacion-exportacion\/#breadcrumb"},"inLanguage":"es","potentialAction":[{"@type":"ReadAction","target":["https:\/\/www.cecotinternacionalitzacio.org\/es\/servicios-internacionalizacion\/programa-iniciacion-exportacion\/"]}]},{"@type":"BreadcrumbList","@id":"https:\/\/www.cecotinternacionalitzacio.org\/es\/servicios-internacionalizacion\/programa-iniciacion-exportacion\/#breadcrumb","itemListElement":[{"@type":"ListItem","position":1,"name":"Inici","item":"https:\/\/www.cecotinternacionalitzacio.org\/es\/"},{"@type":"ListItem","position":2,"name":"Servicios a la Internacionalizaci\u00f3n","item":"https:\/\/www.cecotinternacionalitzacio.org\/es\/servicios-internacionalizacion\/"},{"@type":"ListItem","position":3,"name":"Iniciaci\u00f3n a la exportaci\u00f3n"}]},{"@type":"WebSite","@id":"https:\/\/www.cecotinternacionalitzacio.org\/#website","url":"https:\/\/www.cecotinternacionalitzacio.org\/","name":"Club Cecot Internacionalitzaci\u00f3","description":"Un foro de intercamio de experiencias sobre la actividad exportadora de las empresas","publisher":{"@id":"https:\/\/www.cecotinternacionalitzacio.org\/#organization"},"potentialAction":[{"@type":"SearchAction","target":{"@type":"EntryPoint","urlTemplate":"https:\/\/www.cecotinternacionalitzacio.org\/?s={search_term_string}"},"query-input":"required name=search_term_string"}],"inLanguage":"es"},{"@type":"Organization","@id":"https:\/\/www.cecotinternacionalitzacio.org\/#organization","name":"Club Cecot Internacionalitzaci\u00f3","url":"https:\/\/www.cecotinternacionalitzacio.org\/","sameAs":[],"logo":{"@type":"ImageObject","inLanguage":"es","@id":"https:\/\/www.cecotinternacionalitzacio.org\/#\/schema\/logo\/image\/","url":"https:\/\/www.cecotinternacionalitzacio.org\/wp-content\/uploads\/2015\/07\/Logo_Club_Int_165x60.png","contentUrl":"https:\/\/www.cecotinternacionalitzacio.org\/wp-content\/uploads\/2015\/07\/Logo_Club_Int_165x60.png","width":165,"height":60,"caption":"Club Cecot Internacionalitzaci\u00f3"},"image":{"@id":"https:\/\/www.cecotinternacionalitzacio.org\/#\/schema\/logo\/image\/"}}]}},"_links":{"self":[{"href":"https:\/\/www.cecotinternacionalitzacio.org\/es\/wp-json\/wp\/v2\/pages\/883"}],"collection":[{"href":"https:\/\/www.cecotinternacionalitzacio.org\/es\/wp-json\/wp\/v2\/pages"}],"about":[{"href":"https:\/\/www.cecotinternacionalitzacio.org\/es\/wp-json\/wp\/v2\/types\/page"}],"author":[{"embeddable":true,"href":"https:\/\/www.cecotinternacionalitzacio.org\/es\/wp-json\/wp\/v2\/users\/1"}],"replies":[{"embeddable":true,"href":"https:\/\/www.cecotinternacionalitzacio.org\/es\/wp-json\/wp\/v2\/comments?post=883"}],"version-history":[{"count":0,"href":"https:\/\/www.cecotinternacionalitzacio.org\/es\/wp-json\/wp\/v2\/pages\/883\/revisions"}],"up":[{"embeddable":true,"href":"https:\/\/www.cecotinternacionalitzacio.org\/es\/wp-json\/wp\/v2\/pages\/866"}],"wp:featuredmedia":[{"embeddable":true,"href":"https:\/\/www.cecotinternacionalitzacio.org\/es\/wp-json\/wp\/v2\/media\/1260"}],"wp:attachment":[{"href":"https:\/\/www.cecotinternacionalitzacio.org\/es\/wp-json\/wp\/v2\/media?parent=883"}],"curies":[{"name":"wp","href":"https:\/\/api.w.org\/{rel}","templated":true}]}}