{"id":887,"date":"2015-04-23T12:32:53","date_gmt":"2015-04-23T12:32:53","guid":{"rendered":"http:\/\/cecotinter.cecot.org\/es\/servicios-internacionalitzacion\/i-pime\/"},"modified":"2015-11-11T21:46:20","modified_gmt":"2015-11-11T21:46:20","slug":"programa-exit-empresas","status":"publish","type":"page","link":"https:\/\/www.cecotinternacionalitzacio.org\/es\/servicios-internacionalizacion\/programas-para-empresas-exportadoras\/programa-exit-empresas\/","title":{"rendered":"Programa \u00c8xit Empresas"},"content":{"rendered":"<div id=\"pl-887\"  class=\"panel-layout\" ><div id=\"pg-887-0\"  class=\"panel-grid panel-no-style\" ><div id=\"pgc-887-0-0\"  class=\"panel-grid-cell\" ><div id=\"panel-887-0-0-0\" class=\"so-panel widget widget_black-studio-tinymce widget_black_studio_tinymce panel-first-child\" data-index=\"0\" ><h3 class=\"widget-title\"><span class=\"widget-title__inline\">Programa de externalizaci\u00f3n del departamento de exportaci\u00f3n (\u00c8xit Empresas)<\/span><\/h3><div class=\"textwidget\"><p>Es un programa dirigido a aquellas empresas que van a empezar a exportar, o tienen intenci\u00f3n de abrir o ampliar sus mercados exteriores.<\/p>\n<\/div><\/div><div id=\"panel-887-0-0-1\" class=\"so-panel widget widget_black-studio-tinymce widget_black_studio_tinymce panel-last-child\" data-index=\"1\" ><div class=\"textwidget\"><p><a href=\"https:\/\/www.cecotinternacionalitzacio.org\/wp-content\/uploads\/2015\/04\/exit_grafic1.jpg\"><img loading=\"lazy\" decoding=\"async\" class=\"aligncenter size-full wp-image-1280\" src=\"https:\/\/www.cecotinternacionalitzacio.org\/wp-content\/uploads\/2015\/04\/exit_grafic1.jpg\" alt=\"exit_grafic1\" width=\"309\" height=\"313\" srcset=\"https:\/\/www.cecotinternacionalitzacio.org\/wp-content\/uploads\/2015\/04\/exit_grafic1.jpg 309w, https:\/\/www.cecotinternacionalitzacio.org\/wp-content\/uploads\/2015\/04\/exit_grafic1-296x300.jpg 296w\" sizes=\"auto, (max-width: 309px) 100vw, 309px\" \/><\/a> <div class=\"responsive-tabs\">\n<h2 class=\"tabtitle\"> Dirigido a : <\/h2>\n<div class=\"tabcontent\">\n<\/p>\n<ul>\n<li>Empresas que quieren empezar a exportar y no tienen los recursos humanos ni los conocimientos adecuados.<\/li>\n<li>Empresas que ya han comenzado a exportar pero quieren desarrollar sus exportaciones en uno o varios mercados exteriores.<\/li>\n<li>Empresas que ya exportan de forma habitual pero que carecen de recursos humanos y ling\u00fc\u00edsticos para abrir determinados mercados exteriores.<\/li>\n<p><\/ ul><br \/>\n\n<\/div><h2 class=\"tabtitle\">\u00bfEn qu\u00e9 consiste?<\/h2>\n<div class=\"tabcontent\">\n<br \/>\n<strong> Acciones de prospecci\u00f3n, gesti\u00f3n comercial y gesti\u00f3n administrativa de exportaci\u00f3n. <\/strong><br \/>\nNuestro equipo se pone a disposici\u00f3n de las empresas, para, gracias a nuestra experiencia y fuentes de informaci\u00f3n, definir mercados y clientes objetivos, canales de entrada, forma de promoci\u00f3n de los productos, etc.<\/p>\n<p>Realizamos la labor comercial necesaria y nos convertimos, si as\u00ed lo desea nuestro cliente, en su departamento de exportaci\u00f3n en los pa\u00edses objetivo.<br \/>\nTambi\u00e9n nos encargamos de todas las gestiones administrativas relacionadas con las ventas internacionales de nuestros clientes.<br \/>\n<\/div><\/div><\/p>\n<\/div><\/div><\/div><div id=\"pgc-887-0-1\"  class=\"panel-grid-cell\" ><div id=\"panel-887-0-1-0\" class=\"so-panel widget widget_black-studio-tinymce widget_black_studio_tinymce panel-first-child\" data-index=\"2\" ><div class=\"featured-widget panel-widget-style panel-widget-style-for-887-0-1-0\" ><div class=\"textwidget\"><p><a href=\"https:\/\/www.cecotinternacionalitzacio.org\/wp-content\/uploads\/2015\/04\/exit_empreses.jpg\"><img loading=\"lazy\" decoding=\"async\" class=\"alignleft size-full wp-image-1286\" src=\"https:\/\/www.cecotinternacionalitzacio.org\/wp-content\/uploads\/2015\/04\/exit_empreses.jpg\" alt=\"exit_empreses\" width=\"337\" height=\"229\" srcset=\"https:\/\/www.cecotinternacionalitzacio.org\/wp-content\/uploads\/2015\/04\/exit_empreses.jpg 337w, https:\/\/www.cecotinternacionalitzacio.org\/wp-content\/uploads\/2015\/04\/exit_empreses-300x204.jpg 300w\" sizes=\"auto, (max-width: 337px) 100vw, 337px\" \/><\/a>&nbsp;<\/p>\n<\/div><\/div><\/div><div id=\"panel-887-0-1-1\" class=\"so-panel widget widget_black-studio-tinymce widget_black_studio_tinymce panel-last-child\" data-index=\"3\" ><div class=\"textwidget\"><p><div class=\"ctsc-accordion ctsc-accordion-boxed\" data-group=\"ipime2\"><h4 class=\"ctsc-accordion-title\"><span class=\"ctsc-accordion-icon primary_color icon-globe\"><\/span> Equipo de trabajo<\/h4><div class=\"ctsc-accordion-content\" style=\"display:none;\">\n<a href=\"https:\/\/www.cecotinternacionalitzacio.org\/wp-content\/uploads\/2015\/04\/exit_grafic2.jpg\"><img loading=\"lazy\" decoding=\"async\" class=\"aligncenter size-full wp-image-1282\" src=\"https:\/\/www.cecotinternacionalitzacio.org\/wp-content\/uploads\/2015\/04\/exit_grafic2.jpg\" alt=\"exit_grafic2\" width=\"329\" height=\"135\" srcset=\"https:\/\/www.cecotinternacionalitzacio.org\/wp-content\/uploads\/2015\/04\/exit_grafic2.jpg 329w, https:\/\/www.cecotinternacionalitzacio.org\/wp-content\/uploads\/2015\/04\/exit_grafic2-300x123.jpg 300w\" sizes=\"auto, (max-width: 329px) 100vw, 329px\" \/><\/a><br \/>\nContamos con personal nativo alem\u00e1n, franc\u00e9s, ingl\u00e9s, portugu\u00e9s y ruso que utilizaremos, de forma individual o combinada, en funci\u00f3n de los mercados escogidos.<\/div><\/div><div class=\"ctsc-accordion ctsc-accordion-boxed\" data-group=\"ipime2\"><h4 class=\"ctsc-accordion-title\"><span class=\"ctsc-accordion-icon primary_color icon-globe\"><\/span> Calendario de acciones<\/h4><div class=\"ctsc-accordion-content\" style=\"display:none;\"><a href=\"https:\/\/www.cecotinternacionalitzacio.org\/wp-content\/uploads\/2015\/04\/exit_calendari_accions.jpg\"> <img loading=\"lazy\" decoding=\"async\" class=\"aligncenter size-full wp-image-1284\" src=\"https:\/\/www.cecotinternacionalitzacio.org\/wp-content\/uploads\/2015\/04\/exit_calendari_accions.jpg\" alt=\"exit_calendari_accions\" width=\"814\" height=\"436\" srcset=\"https:\/\/www.cecotinternacionalitzacio.org\/wp-content\/uploads\/2015\/04\/exit_calendari_accions.jpg 814w, https:\/\/www.cecotinternacionalitzacio.org\/wp-content\/uploads\/2015\/04\/exit_calendari_accions-300x161.jpg 300w, https:\/\/www.cecotinternacionalitzacio.org\/wp-content\/uploads\/2015\/04\/exit_calendari_accions-600x321.jpg 600w\" sizes=\"auto, (max-width: 814px) 100vw, 814px\" \/><\/a><br \/>\n(Pulse la imagen para ampliarla).<\/div><\/div><div class=\"ctsc-accordion ctsc-accordion-boxed\" data-group=\"ipime2\"><h4 class=\"ctsc-accordion-title\"><span class=\"ctsc-accordion-icon primary_color icon-globe\"><\/span> \u00bfQu\u00e9 precio tiene el programa?<\/h4><div class=\"ctsc-accordion-content\" style=\"display:none;\">\nEl Programa tiene un precio de <strong> \u20ac 1.150 + IVA por empresa e incluye:<\/strong><\/p>\n<ul>\n<li>El miembro de nuestro equipo acompa\u00f1ar\u00e1 en las visitas comerciales en caso de necesidad de traducci\u00f3n. Este concepto, de ser necesario, se facturar\u00e1 aparte.<\/li>\n<li>Traducciones de toda la documentaci\u00f3n promocional necesaria para entrar en el mercado.<\/li>\n<li>Todas las horas de consultor\u00eda y dedicaci\u00f3n del consultor senior: horas presenciales que se necesiten, horas de gesti\u00f3n y redacci\u00f3n de contratos, acompa\u00f1amiento en negociaci\u00f3n.<\/li>\n<li>Gesti\u00f3n diaria comercial tanto con cliente final como con distribuidor o agente comercial, y todos los gastos relacionados con la gesti\u00f3n comercial desde las oficinas (tel\u00e9fono y fax).<\/li>\n<li>Trabajo con email del grupo o de la empresa: se trabaja en absoluta transparencia.<\/li>\n<li>Las bases de datos trabajadas y documentaci\u00f3n generada en poder de las empresas.<\/li>\n<\/ul>\n<\/div><\/div><div class=\"ctsc-accordion ctsc-accordion-boxed\" data-group=\"ipime2\"><h4 class=\"ctsc-accordion-title\"><span class=\"ctsc-accordion-icon primary_color icon-globe\"><\/span> <span class='minor'>\u00bfPor qu\u00e9 International Team Consulting?<\/span><\/h4><div class=\"ctsc-accordion-content\" style=\"display:none;\">\n<ul>\n<li>Equipo multidisciplinar con m\u00e1s de 25 a\u00f1os de experiencia en internacionalizaci\u00f3n de Pymes, homologado por instituciones internacionales y nacionales tales como el ICEX o Acci\u00f310.<\/li>\n<li>Experiencia en un amplio abanico de sectores, tanto industrial como de consumo.<\/li>\n<li>Experiencia consolidada en el mercado alem\u00e1n.<\/li>\n<li>Experiencia en la gesti\u00f3n de proyectos de internacionalizaci\u00f3n por otras entidades p\u00fablicas, tanto nacionales como internacionales.<\/li>\n<\/ul>\n<p class=\"logo-panel\"><a href=\"http:\/\/www.int-team.com\/\" target=\"_blank\"> <img decoding=\"async\" title=\"International team Consulting\" src=\"https:\/\/www.cecotinternacionalitzacio.org\/wp-content\/uploads\/2015\/10\/logo_itc.png\" alt=\"Itc\" \/><\/a><\/p>\n<\/div><\/div><div class=\"ctsc-accordion ctsc-accordion-open ctsc-accordion-boxed\" data-group=\"ipime2\"><h4 class=\"ctsc-accordion-title\"><span class=\"ctsc-accordion-icon primary_color icon-globe\"><\/span> Contacto<\/h4><div class=\"ctsc-accordion-content\">\nSi quieres aprovechar esta oportunidad, contacta con nosotros llamando al tel\u00e9fono:<\/p>\n<h3 style=\"text-align: center;\">93 736 11 00<\/h3>\n<p>Asun Cereza, asesora en <strong>Comercio Exterior de Cecot<\/strong>, se pondr\u00e1 en contacto contigo para asesorarte sobre el programa.<\/div><\/div><\/p>\n<\/div><\/div><\/div><\/div><\/div>","protected":false},"excerpt":{"rendered":"<p>Programa que realiza acciones de prospecci\u00f3n, gesti\u00f3n comercial y administrativa para la exportaci\u00f3n.<br \/>\nDefinici\u00f3n de mercados y clientes objetivos, canales de entrada, promoci\u00f3n de productos, etc. <a class=\"moretag\" href=\"https:\/\/www.cecotinternacionalitzacio.org\/es\/servicios-internacionalizacion\/programas-para-empresas-exportadoras\/programa-exit-empresas\/\"><br \/>Llegir m\u00e9s &raquo;<\/a><\/p>\n","protected":false},"author":1,"featured_media":1290,"parent":2384,"menu_order":0,"comment_status":"closed","ping_status":"open","template":"","meta":{"_acf_changed":false,"_exactmetrics_skip_tracking":false,"_exactmetrics_sitenote_active":false,"_exactmetrics_sitenote_note":"","_exactmetrics_sitenote_category":0,"footnotes":""},"class_list":["post-887","page","type-page","status-publish","has-post-thumbnail","hentry"],"acf":[],"yoast_head":"<!-- This site is optimized with the Yoast SEO plugin v19.6.1 - https:\/\/yoast.com\/wordpress\/plugins\/seo\/ -->\n<title>Programa \u00c8xit Empresas - Club Cecot Internacionalitzaci\u00f3<\/title>\n<meta name=\"description\" content=\"Programa que realiza acciones de prospecci\u00f3n, gesti\u00f3n comercial y administrativa para la exportaci\u00f3n. Definir mercados y clientes, canales, promoci\u00f3n, etc.\" \/>\n<meta name=\"robots\" content=\"noindex, follow, max-snippet:-1, max-image-preview:large, max-video-preview:-1\" \/>\n<meta property=\"og:locale\" content=\"es_ES\" \/>\n<meta property=\"og:type\" content=\"article\" \/>\n<meta property=\"og:title\" content=\"Programa \u00c8xit Empresas - Club Cecot Internacionalitzaci\u00f3\" \/>\n<meta property=\"og:description\" content=\"Programa que realiza acciones de prospecci\u00f3n, gesti\u00f3n comercial y administrativa para la exportaci\u00f3n. Definir mercados y clientes, canales, promoci\u00f3n, etc.\" \/>\n<meta property=\"og:url\" content=\"https:\/\/www.cecotinternacionalitzacio.org\/es\/servicios-internacionalizacion\/programas-para-empresas-exportadoras\/programa-exit-empresas\/\" \/>\n<meta property=\"og:site_name\" content=\"Club Cecot Internacionalitzaci\u00f3\" \/>\n<meta property=\"article:modified_time\" content=\"2015-11-11T21:46:20+00:00\" \/>\n<meta property=\"og:image\" content=\"https:\/\/www.cecotinternacionalitzacio.org\/wp-content\/uploads\/2015\/04\/exit_empreses1.jpg\" \/>\n\t<meta property=\"og:image:width\" content=\"337\" \/>\n\t<meta property=\"og:image:height\" content=\"229\" \/>\n\t<meta property=\"og:image:type\" content=\"image\/jpeg\" \/>\n<meta name=\"twitter:card\" content=\"summary\" \/>\n<meta name=\"twitter:label1\" content=\"Tiempo de lectura\" \/>\n\t<meta name=\"twitter:data1\" content=\"2 minutos\" \/>\n<script type=\"application\/ld+json\" class=\"yoast-schema-graph\">{\"@context\":\"https:\/\/schema.org\",\"@graph\":[{\"@type\":\"WebPage\",\"@id\":\"https:\/\/www.cecotinternacionalitzacio.org\/es\/servicios-internacionalizacion\/programas-para-empresas-exportadoras\/programa-exit-empresas\/\",\"url\":\"https:\/\/www.cecotinternacionalitzacio.org\/es\/servicios-internacionalizacion\/programas-para-empresas-exportadoras\/programa-exit-empresas\/\",\"name\":\"Programa \u00c8xit Empresas - Club Cecot Internacionalitzaci\u00f3\",\"isPartOf\":{\"@id\":\"https:\/\/www.cecotinternacionalitzacio.org\/#website\"},\"datePublished\":\"2015-04-23T12:32:53+00:00\",\"dateModified\":\"2015-11-11T21:46:20+00:00\",\"description\":\"Programa que realiza acciones de prospecci\u00f3n, gesti\u00f3n comercial y administrativa para la exportaci\u00f3n. Definir mercados y clientes, canales, promoci\u00f3n, etc.\",\"breadcrumb\":{\"@id\":\"https:\/\/www.cecotinternacionalitzacio.org\/es\/servicios-internacionalizacion\/programas-para-empresas-exportadoras\/programa-exit-empresas\/#breadcrumb\"},\"inLanguage\":\"es\",\"potentialAction\":[{\"@type\":\"ReadAction\",\"target\":[\"https:\/\/www.cecotinternacionalitzacio.org\/es\/servicios-internacionalizacion\/programas-para-empresas-exportadoras\/programa-exit-empresas\/\"]}]},{\"@type\":\"BreadcrumbList\",\"@id\":\"https:\/\/www.cecotinternacionalitzacio.org\/es\/servicios-internacionalizacion\/programas-para-empresas-exportadoras\/programa-exit-empresas\/#breadcrumb\",\"itemListElement\":[{\"@type\":\"ListItem\",\"position\":1,\"name\":\"Inici\",\"item\":\"https:\/\/www.cecotinternacionalitzacio.org\/es\/\"},{\"@type\":\"ListItem\",\"position\":2,\"name\":\"Servicios a la Internacionalizaci\u00f3n\",\"item\":\"https:\/\/www.cecotinternacionalitzacio.org\/es\/servicios-internacionalizacion\/\"},{\"@type\":\"ListItem\",\"position\":3,\"name\":\"Programas para empresas exportadoras\",\"item\":\"https:\/\/www.cecotinternacionalitzacio.org\/es\/servicios-internacionalizacion\/programas-para-empresas-exportadoras\/\"},{\"@type\":\"ListItem\",\"position\":4,\"name\":\"Programa \u00c8xit Empresas\"}]},{\"@type\":\"WebSite\",\"@id\":\"https:\/\/www.cecotinternacionalitzacio.org\/#website\",\"url\":\"https:\/\/www.cecotinternacionalitzacio.org\/\",\"name\":\"Club Cecot Internacionalitzaci\u00f3\",\"description\":\"Un f\u00f2rum d\u2019intercanvi d\u2019experi\u00e8ncies sobre l\u2019activitat exportadora de les empreses\",\"publisher\":{\"@id\":\"https:\/\/www.cecotinternacionalitzacio.org\/#organization\"},\"potentialAction\":[{\"@type\":\"SearchAction\",\"target\":{\"@type\":\"EntryPoint\",\"urlTemplate\":\"https:\/\/www.cecotinternacionalitzacio.org\/?s={search_term_string}\"},\"query-input\":\"required name=search_term_string\"}],\"inLanguage\":\"es\"},{\"@type\":\"Organization\",\"@id\":\"https:\/\/www.cecotinternacionalitzacio.org\/#organization\",\"name\":\"Club Cecot Internacionalitzaci\u00f3\",\"url\":\"https:\/\/www.cecotinternacionalitzacio.org\/\",\"sameAs\":[],\"logo\":{\"@type\":\"ImageObject\",\"inLanguage\":\"es\",\"@id\":\"https:\/\/www.cecotinternacionalitzacio.org\/#\/schema\/logo\/image\/\",\"url\":\"https:\/\/www.cecotinternacionalitzacio.org\/wp-content\/uploads\/2015\/07\/Logo_Club_Int_165x60.png\",\"contentUrl\":\"https:\/\/www.cecotinternacionalitzacio.org\/wp-content\/uploads\/2015\/07\/Logo_Club_Int_165x60.png\",\"width\":165,\"height\":60,\"caption\":\"Club Cecot Internacionalitzaci\u00f3\"},\"image\":{\"@id\":\"https:\/\/www.cecotinternacionalitzacio.org\/#\/schema\/logo\/image\/\"}}]}<\/script>\n<!-- \/ Yoast SEO plugin. -->","yoast_head_json":{"title":"Programa \u00c8xit Empresas - Club Cecot Internacionalitzaci\u00f3","description":"Programa que realiza acciones de prospecci\u00f3n, gesti\u00f3n comercial y administrativa para la exportaci\u00f3n. Definir mercados y clientes, canales, promoci\u00f3n, etc.","robots":{"index":"noindex","follow":"follow","max-snippet":"max-snippet:-1","max-image-preview":"max-image-preview:large","max-video-preview":"max-video-preview:-1"},"og_locale":"es_ES","og_type":"article","og_title":"Programa \u00c8xit Empresas - Club Cecot Internacionalitzaci\u00f3","og_description":"Programa que realiza acciones de prospecci\u00f3n, gesti\u00f3n comercial y administrativa para la exportaci\u00f3n. Definir mercados y clientes, canales, promoci\u00f3n, etc.","og_url":"https:\/\/www.cecotinternacionalitzacio.org\/es\/servicios-internacionalizacion\/programas-para-empresas-exportadoras\/programa-exit-empresas\/","og_site_name":"Club Cecot Internacionalitzaci\u00f3","article_modified_time":"2015-11-11T21:46:20+00:00","og_image":[{"width":337,"height":229,"url":"https:\/\/www.cecotinternacionalitzacio.org\/wp-content\/uploads\/2015\/04\/exit_empreses1.jpg","type":"image\/jpeg"}],"twitter_card":"summary","twitter_misc":{"Tiempo de lectura":"2 minutos"},"schema":{"@context":"https:\/\/schema.org","@graph":[{"@type":"WebPage","@id":"https:\/\/www.cecotinternacionalitzacio.org\/es\/servicios-internacionalizacion\/programas-para-empresas-exportadoras\/programa-exit-empresas\/","url":"https:\/\/www.cecotinternacionalitzacio.org\/es\/servicios-internacionalizacion\/programas-para-empresas-exportadoras\/programa-exit-empresas\/","name":"Programa \u00c8xit Empresas - Club Cecot Internacionalitzaci\u00f3","isPartOf":{"@id":"https:\/\/www.cecotinternacionalitzacio.org\/#website"},"datePublished":"2015-04-23T12:32:53+00:00","dateModified":"2015-11-11T21:46:20+00:00","description":"Programa que realiza acciones de prospecci\u00f3n, gesti\u00f3n comercial y administrativa para la exportaci\u00f3n. Definir mercados y clientes, canales, promoci\u00f3n, etc.","breadcrumb":{"@id":"https:\/\/www.cecotinternacionalitzacio.org\/es\/servicios-internacionalizacion\/programas-para-empresas-exportadoras\/programa-exit-empresas\/#breadcrumb"},"inLanguage":"es","potentialAction":[{"@type":"ReadAction","target":["https:\/\/www.cecotinternacionalitzacio.org\/es\/servicios-internacionalizacion\/programas-para-empresas-exportadoras\/programa-exit-empresas\/"]}]},{"@type":"BreadcrumbList","@id":"https:\/\/www.cecotinternacionalitzacio.org\/es\/servicios-internacionalizacion\/programas-para-empresas-exportadoras\/programa-exit-empresas\/#breadcrumb","itemListElement":[{"@type":"ListItem","position":1,"name":"Inici","item":"https:\/\/www.cecotinternacionalitzacio.org\/es\/"},{"@type":"ListItem","position":2,"name":"Servicios a la Internacionalizaci\u00f3n","item":"https:\/\/www.cecotinternacionalitzacio.org\/es\/servicios-internacionalizacion\/"},{"@type":"ListItem","position":3,"name":"Programas para empresas exportadoras","item":"https:\/\/www.cecotinternacionalitzacio.org\/es\/servicios-internacionalizacion\/programas-para-empresas-exportadoras\/"},{"@type":"ListItem","position":4,"name":"Programa \u00c8xit Empresas"}]},{"@type":"WebSite","@id":"https:\/\/www.cecotinternacionalitzacio.org\/#website","url":"https:\/\/www.cecotinternacionalitzacio.org\/","name":"Club Cecot Internacionalitzaci\u00f3","description":"Un f\u00f2rum d\u2019intercanvi d\u2019experi\u00e8ncies sobre l\u2019activitat exportadora de les empreses","publisher":{"@id":"https:\/\/www.cecotinternacionalitzacio.org\/#organization"},"potentialAction":[{"@type":"SearchAction","target":{"@type":"EntryPoint","urlTemplate":"https:\/\/www.cecotinternacionalitzacio.org\/?s={search_term_string}"},"query-input":"required name=search_term_string"}],"inLanguage":"es"},{"@type":"Organization","@id":"https:\/\/www.cecotinternacionalitzacio.org\/#organization","name":"Club Cecot Internacionalitzaci\u00f3","url":"https:\/\/www.cecotinternacionalitzacio.org\/","sameAs":[],"logo":{"@type":"ImageObject","inLanguage":"es","@id":"https:\/\/www.cecotinternacionalitzacio.org\/#\/schema\/logo\/image\/","url":"https:\/\/www.cecotinternacionalitzacio.org\/wp-content\/uploads\/2015\/07\/Logo_Club_Int_165x60.png","contentUrl":"https:\/\/www.cecotinternacionalitzacio.org\/wp-content\/uploads\/2015\/07\/Logo_Club_Int_165x60.png","width":165,"height":60,"caption":"Club Cecot Internacionalitzaci\u00f3"},"image":{"@id":"https:\/\/www.cecotinternacionalitzacio.org\/#\/schema\/logo\/image\/"}}]}},"_links":{"self":[{"href":"https:\/\/www.cecotinternacionalitzacio.org\/es\/wp-json\/wp\/v2\/pages\/887","targetHints":{"allow":["GET"]}}],"collection":[{"href":"https:\/\/www.cecotinternacionalitzacio.org\/es\/wp-json\/wp\/v2\/pages"}],"about":[{"href":"https:\/\/www.cecotinternacionalitzacio.org\/es\/wp-json\/wp\/v2\/types\/page"}],"author":[{"embeddable":true,"href":"https:\/\/www.cecotinternacionalitzacio.org\/es\/wp-json\/wp\/v2\/users\/1"}],"replies":[{"embeddable":true,"href":"https:\/\/www.cecotinternacionalitzacio.org\/es\/wp-json\/wp\/v2\/comments?post=887"}],"version-history":[{"count":0,"href":"https:\/\/www.cecotinternacionalitzacio.org\/es\/wp-json\/wp\/v2\/pages\/887\/revisions"}],"up":[{"embeddable":true,"href":"https:\/\/www.cecotinternacionalitzacio.org\/es\/wp-json\/wp\/v2\/pages\/2384"}],"wp:featuredmedia":[{"embeddable":true,"href":"https:\/\/www.cecotinternacionalitzacio.org\/es\/wp-json\/wp\/v2\/media\/1290"}],"wp:attachment":[{"href":"https:\/\/www.cecotinternacionalitzacio.org\/es\/wp-json\/wp\/v2\/media?parent=887"}],"curies":[{"name":"wp","href":"https:\/\/api.w.org\/{rel}","templated":true}]}}