{"id":890,"date":"2015-04-23T12:31:54","date_gmt":"2015-04-23T12:31:54","guid":{"rendered":"http:\/\/cecotinter.cecot.org\/es\/servicios-internacionalitzacion\/exit-empreses\/"},"modified":"2015-11-17T11:07:29","modified_gmt":"2015-11-17T11:07:29","slug":"practicas-estudiantes-franceses","status":"publish","type":"page","link":"https:\/\/www.cecotinternacionalitzacio.org\/es\/servicios-internacionalizacion\/practicas-estudiantes-franceses\/","title":{"rendered":"Estudiantes Franceses en Pr\u00e1cticas"},"content":{"rendered":"<div id=\"pl-890\"  class=\"panel-layout\" ><div id=\"pg-890-0\"  class=\"panel-grid panel-no-style\" ><div id=\"pgc-890-0-0\"  class=\"panel-grid-cell\" ><div id=\"panel-890-0-0-0\" class=\"so-panel widget widget_black-studio-tinymce widget_black_studio_tinymce panel-first-child\" data-index=\"0\" ><h3 class=\"widget-title\"><span class=\"widget-title__inline\"> SERVICIO DE PRACTICAS DE ESTUDIANTES FRANCESES EN COMERCIO EXTERIOR<\/span><\/h3><div class=\"textwidget\"><h4><strong>Objetivos:<\/strong><\/h4>\n<p>Facilitar a las empresas la posibilidad de recibir estudiantes franceses que cursan estudios de comercio internacional para tareas puntuales de comercio internacional.<\/p>\n<h4><strong>Nivel de estudios de los estudiantes<\/strong><\/h4>\n<p><strong><i>1\u00aa Fase:<\/i><\/strong><br \/>\nBachelor. Programa com\u00fan a todas las especialidades. La formaci\u00f3n equivale a la de los diplomas de bachelor anglosajones: por una parte comprende una formaci\u00f3n cultural y metodol\u00f3gica y del otro, las bases necesarias para una formaci\u00f3n profesional. Incluye pr\u00e1cticas obligatorias de seis meses.<\/Span><\/p>\n<p><strong><i>2\u00aa Fase:<\/i><\/strong><br \/>\nAbarca tres a\u00f1os, un a\u00f1o en una universidad colaboradora extranjera. Durante el \u00faltimo a\u00f1o se hace el proyecto de fin de estudios y pr\u00e1cticas obligatorias de seis meses.<\/Span><\/p>\n<\/div><\/div><div id=\"panel-890-0-0-1\" class=\"so-panel widget widget_text panel-last-child\" data-index=\"1\" ><div class=\"widget-title--big panel-widget-style panel-widget-style-for-890-0-0-1\" ><h3 class=\"widget-title\"><span class=\"widget-title__inline\"> Tareas que pueden realizar los estudiantes\/ Solicitud de estudiantes<\/span><\/h3>\t\t\t<div class=\"textwidget\"><div class=\"responsive-tabs\">\n<h2 class=\"tabtitle\">Tareas<\/h2>\n<div class=\"tabcontent\">\n\n<table class = \"table\">\n  <thead>\n    <tr>\n      <th>\u00c1rea <\/th>\n      <th class = \"align-center\">Tareas<\/th>\n    <\/tr>\n  <\/thead>\n  <tbody>\n    <tr>\n      <td>Marketing<\/td>\n      <td class = \"align-center\">\n<ul>\n<li>Desarrollo de un producto desde el punto de vista del marketing (producto, precio, packaging). <\/li>\n<li>Estudio de mercado.<\/li>\n<li>Desarrollo comercial (proveedores, distribuidores).<\/li>\n<li>Publicidad y comunicaci\u00f3n.<\/li>\n<li>Ferias: seguimiento de los contactos, clientes potenciales.<\/li>\n<li>Auxiliar del jefe de producto de marketing.<\/li>\n<li>Contactos con clientes.<\/li>\n<\/ul>\n<\/td>\n    <\/tr>\n    <tr class=\"active\">\n      <td>Gesti\u00f3n<\/td>\n      <td class=\"align-left\">\n       <ul>\n<li>Contabilidad.<\/li>\n<li>Balances.<\/li>\n<li>C\u00e1lculos activos y pasivos.<\/li>\n<li>C\u00e1lculo capital riesgo.<\/li>\n<li>Establecer precios para la exportaci\u00f3n a partir de un estudio de costes.<\/li>\n<li>C\u00e1lculo de la rentabilidad.<\/li>\n<li>Facturas.<\/li>\n<li>Pagos.<\/li>\n<li>Cobros.<\/li>\n<li>Morosidad.<\/li>\n<\/ul>\n<\/td>\n    <\/tr>\n    <tr>\n      <td>Finanzas<\/td>\n      <td class = \"align-center\">\n      <ul>\n<li>C\u00e1lculo de previsi\u00f3n de existencias.<\/li>\n<li>Gesti\u00f3n de salarios.<\/li>\n<li>Gesti\u00f3n fiscal. <\/li>\n<li>Evaluaci\u00f3n de riesgo.<\/li>\n<li>Gesti\u00f3n de las inversiones.<\/li>\n<li>Establecer contratos de seguros.<\/li>\n<li>Mantenimiento del equilibrio entre los costes fijos y los costes variables.<\/li>\n<\/ul>\n<\/td>\n    <\/tr>\n    <tr class=\"active\">\n      <td>Log\u00edstica<\/td>\n      <td class=\"align-center\">\n      <ul>\n<li>Auxiliar de tr\u00e1fico internacional (o nacional).<\/li>\n<li>Documentos de expedici\u00f3n.<\/li>\n<li>Seguimiento de las mercanc\u00edas.<\/li>\n<li>Seguimiento de las incidencias.<\/li>\n<li>V\u00eda a\u00e9rea, mar\u00edtima, terrestre.<\/li>\n<li>C\u00e1lculo de los transportes, comparaci\u00f3n de los costes.<\/li>\n<li>Despacho de aduanas.<\/li>\n<li>Gesti\u00f3n de recobro a clientes extranjeros.<\/li>\n<li>Calidad de los servicios: seguimiento de la satisfacci\u00f3n de los clientes.<\/li>\n<\/ul>\n<\/td>\n    <\/tr>\n    <tr>\n      <td>Administrativas<\/td>\n      <td class=\"align-center\">\n      <ul>\n<li>Entrada de datos.<\/li>\n<li>Herramientas inform\u00e1ticas: World, Excel, Access, Power Point.<\/li>\n<li>Correo.<\/li>\n<li>Archivo.<\/li>\n<\/ul>\n<\/td>\n    <\/tr>\n  <\/tbody>\n<\/table>\n\n<\/div><h2 class=\"tabtitle\">Solicitud de estudiantes<\/h2>\n<div class=\"tabcontent\">\n\n\nLas empresas interesadas en solicitar la colaboraci\u00f3n de un becario franc\u00e9s nos lo pueden hacer saber rellenando este formulario:\n\n<h3> Formulario de solicitud de estudiantes <\/h3>\n<p>&nbsp;<\/p>\n\n<div class=\"wpcf7 no-js\" id=\"wpcf7-f2530-o1\" lang=\"es-ES\" dir=\"ltr\">\n<div class=\"screen-reader-response\"><p role=\"status\" aria-live=\"polite\" aria-atomic=\"true\"><\/p> <ul><\/ul><\/div>\n<form action=\"\/es\/wp-json\/wp\/v2\/pages\/890#wpcf7-f2530-o1\" method=\"post\" class=\"wpcf7-form init\" aria-label=\"Formulario de contacto\" novalidate=\"novalidate\" data-status=\"init\">\n<div style=\"display: none;\">\n<input type=\"hidden\" name=\"_wpcf7\" value=\"2530\" \/>\n<input type=\"hidden\" name=\"_wpcf7_version\" value=\"5.7.7\" \/>\n<input type=\"hidden\" name=\"_wpcf7_locale\" value=\"es_ES\" \/>\n<input type=\"hidden\" name=\"_wpcf7_unit_tag\" value=\"wpcf7-f2530-o1\" \/>\n<input type=\"hidden\" name=\"_wpcf7_container_post\" value=\"0\" \/>\n<input type=\"hidden\" name=\"_wpcf7_posted_data_hash\" value=\"\" \/>\n<input type=\"hidden\" name=\"_wpcf7_recaptcha_response\" value=\"\" \/>\n<\/div>\n<div class=\"row\">\n\t<div class=\"col-xs-12  col-md-6\">\n\t\t<p><span class=\"wpcf7-form-control-wrap\" data-name=\"teu-empresa\"><input size=\"40\" class=\"wpcf7-form-control wpcf7-text wpcf7-validates-as-required\" aria-required=\"true\" aria-invalid=\"false\" placeholder=\"Empresa*\" value=\"\" type=\"text\" name=\"teu-empresa\" \/><\/span>\n\t\t<\/p>\n\t<\/div>\n\t<div class=\"col-xs-12  col-md-6\">\n\t\t<p><span class=\"wpcf7-form-control-wrap\" data-name=\"teu-activitat\"><input size=\"40\" class=\"wpcf7-form-control wpcf7-text wpcf7-validates-as-required\" aria-required=\"true\" aria-invalid=\"false\" placeholder=\"Actividad*\" value=\"\" type=\"text\" name=\"teu-activitat\" \/><\/span>\n\t\t<\/p>\n\t<\/div>\n<\/div>\n<div class=\"row\">\n\t<div class=\"col-xs-12  col-md-6\">\n\t\t<p><span class=\"wpcf7-form-control-wrap\" data-name=\"teu-adreca\"><input size=\"40\" class=\"wpcf7-form-control wpcf7-text wpcf7-validates-as-required\" aria-required=\"true\" aria-invalid=\"false\" placeholder=\"Direcci\u00f3n*\" value=\"\" type=\"text\" name=\"teu-adreca\" \/><\/span>\n\t\t<\/p>\n\t<\/div>\n\t<div class=\"col-xs-12  col-md-6\">\n\t\t<p><span class=\"wpcf7-form-control-wrap\" data-name=\"teu-telefon\"><input size=\"40\" class=\"wpcf7-form-control wpcf7-text wpcf7-tel wpcf7-validates-as-required wpcf7-validates-as-tel\" aria-required=\"true\" aria-invalid=\"false\" placeholder=\"Tel\u00e9fono*\" value=\"\" type=\"tel\" name=\"teu-telefon\" \/><\/span>\n\t\t<\/p>\n\t<\/div>\n<\/div>\n<div class=\"row\">\n\t<div class=\"col-xs-12  col-md-6\">\n\t\t<p><span class=\"wpcf7-form-control-wrap\" data-name=\"teu-fax\"><input size=\"40\" class=\"wpcf7-form-control wpcf7-text wpcf7-tel wpcf7-validates-as-tel\" aria-invalid=\"false\" placeholder=\"Fax\" value=\"\" type=\"tel\" name=\"teu-fax\" \/><\/span>\n\t\t<\/p>\n\t<\/div>\n\t<div class=\"col-xs-12  col-md-6\">\n\t\t<p><span class=\"wpcf7-form-control-wrap\" data-name=\"teu-email\"><input size=\"40\" class=\"wpcf7-form-control wpcf7-text wpcf7-email wpcf7-validates-as-required wpcf7-validates-as-email\" aria-required=\"true\" aria-invalid=\"false\" placeholder=\"E-mail*\" value=\"\" type=\"email\" name=\"teu-email\" \/><\/span>\n\t\t<\/p>\n\t<\/div>\n<\/div>\n<div class=\"row\">\n\t<div class=\"col-xs-12  col-md-6\">\n\t\t<p><span class=\"wpcf7-form-control-wrap\" data-name=\"teu-persona\"><input size=\"40\" class=\"wpcf7-form-control wpcf7-text wpcf7-validates-as-required\" aria-required=\"true\" aria-invalid=\"false\" placeholder=\"Persona de contacto:*\" value=\"\" type=\"text\" name=\"teu-persona\" \/><\/span>\n\t\t<\/p>\n\t<\/div>\n\t<div class=\"col-xs-12  col-md-6\">\n\t\t<p><span class=\"wpcf7-form-control-wrap\" data-name=\"teu-emailpersona\"><input size=\"40\" class=\"wpcf7-form-control wpcf7-text wpcf7-email wpcf7-validates-as-required wpcf7-validates-as-email\" aria-required=\"true\" aria-invalid=\"false\" placeholder=\"E-mail*\" value=\"\" type=\"email\" name=\"teu-emailpersona\" \/><\/span>\n\t\t<\/p>\n\t<\/div>\n<\/div>\n<div class=\"row\">\n\t<div class=\"col-xs-12\">\n\t\t<p><span class=\"wpcf7-form-control-wrap\" data-name=\"teu-tasques\"><textarea cols=\"40\" rows=\"10\" class=\"wpcf7-form-control wpcf7-textarea\" aria-invalid=\"false\" placeholder=\"Tareas a realizar\" name=\"teu-tasques\"><\/textarea><\/span><br \/>\n<input class=\"wpcf7-form-control has-spinner wpcf7-submit btn btn-primary\" type=\"submit\" value=\"ENVIAR\" \/>\n\t\t<\/p>\n\t<\/div>\n<\/div><p style=\"display: none !important;\" class=\"akismet-fields-container\" data-prefix=\"_wpcf7_ak_\"><label>&#916;<textarea name=\"_wpcf7_ak_hp_textarea\" cols=\"45\" rows=\"8\" maxlength=\"100\"><\/textarea><\/label><input type=\"hidden\" id=\"ak_js_1\" name=\"_wpcf7_ak_js\" value=\"56\"\/><script>document.getElementById( \"ak_js_1\" ).setAttribute( \"value\", ( new Date() ).getTime() );<\/script><\/p><div class=\"wpcf7-response-output\" aria-hidden=\"true\"><\/div>\n<\/form>\n<\/div>\n\n\n<\/div><\/div><\/div>\n\t\t<\/div><\/div><\/div><div id=\"pgc-890-0-1\"  class=\"panel-grid-cell\" ><div id=\"panel-890-0-1-0\" class=\"so-panel widget widget_black-studio-tinymce widget_black_studio_tinymce panel-first-child\" data-index=\"2\" ><div class=\"featured-widget panel-widget-style panel-widget-style-for-890-0-1-0\" ><div class=\"textwidget\"><p><a href=\"https:\/\/www.cecotinternacionalitzacio.org\/wp-content\/uploads\/2015\/04\/estudiants_francesos1.jpg\"><img class=\"alignleft size-full wp-image-1317\" src=\"https:\/\/www.cecotinternacionalitzacio.org\/wp-content\/uploads\/2015\/04\/estudiants_francesos1.jpg\" alt=\"estudiants_francesos\" width=\"425\" height=\"283\" \/><\/a><\/p>\n<\/div><\/div><\/div><div id=\"panel-890-0-1-1\" class=\"so-panel widget widget_black-studio-tinymce widget_black_studio_tinymce panel-last-child\" data-index=\"3\" ><div class=\"widget-title--big panel-widget-style panel-widget-style-for-890-0-1-1\" ><h3 class=\"widget-title\"><span class=\"widget-title__inline\">Preguntas m\u00e1s frecuentes<\/span><\/h3><div class=\"textwidget\"><p><strong>Duraci\u00f3n de las pr\u00e1cticas:<\/strong><br \/>Depende de la Escuela de procedencia del alumno. La duraci\u00f3n media suele ser de seis meses. En algunos casos se pueden alargar hasta once meses.<\/p>\n<p><strong>Documentaci\u00f3n legal de las pr\u00e1cticas:<\/strong><br \/>Mediante convenio Escuela-Empresa, con cobertura de seguro.<\/p>\n<p><strong>Retribuci\u00f3n de las pr\u00e1cticas:<\/strong><br \/>En principio son pr\u00e1cticas no remuneradas si bien se aconseja una m\u00ednima gratificaci\u00f3n de 250 euros al mes para contribuir a los gastos de la persona desplazada.<\/p>\n<\/div><\/div><\/div><\/div><\/div><\/div>","protected":false},"excerpt":{"rendered":"<p>Facilita a las empresas la posibilidad de recibir estudiantes franceses para realizar tareas de marketing, gesti\u00f3n, finanzas y log\u00edstica, entre otras. <a class=\"moretag\" href=\"https:\/\/www.cecotinternacionalitzacio.org\/es\/servicios-internacionalizacion\/practicas-estudiantes-franceses\/\"><br \/>Llegir m\u00e9s &raquo;<\/a><\/p>\n","protected":false},"author":1,"featured_media":1314,"parent":866,"menu_order":0,"comment_status":"closed","ping_status":"open","template":"","meta":{"_exactmetrics_skip_tracking":false,"_exactmetrics_sitenote_active":false,"_exactmetrics_sitenote_note":"","_exactmetrics_sitenote_category":0},"acf":[],"yoast_head":"<!-- This site is optimized with the Yoast SEO plugin v19.6.1 - https:\/\/yoast.com\/wordpress\/plugins\/seo\/ -->\n<title>Estudiantes Franceses en Pr\u00e1cticas - Club Cecot Inter.<\/title>\n<meta name=\"description\" content=\"Facilitamos a las empresas la posibilidad de recibir estudiantes franceses para realizar tareas de marketing, gesti\u00f3n, finanzas y log\u00edstica, entre otras.\" \/>\n<meta name=\"robots\" content=\"noindex, follow, max-snippet:-1, max-image-preview:large, max-video-preview:-1\" \/>\n<meta property=\"og:locale\" content=\"es_ES\" \/>\n<meta property=\"og:type\" content=\"article\" \/>\n<meta property=\"og:title\" content=\"Estudiantes Franceses en Pr\u00e1cticas - Club Cecot Inter.\" \/>\n<meta property=\"og:description\" content=\"Facilitamos a las empresas la posibilidad de recibir estudiantes franceses para realizar tareas de marketing, gesti\u00f3n, finanzas y log\u00edstica, entre otras.\" \/>\n<meta property=\"og:url\" content=\"https:\/\/www.cecotinternacionalitzacio.org\/es\/servicios-internacionalizacion\/practicas-estudiantes-franceses\/\" \/>\n<meta property=\"og:site_name\" content=\"Club Cecot Internacionalitzaci\u00f3\" \/>\n<meta property=\"article:modified_time\" content=\"2015-11-17T11:07:29+00:00\" \/>\n<meta property=\"og:image\" content=\"https:\/\/www.cecotinternacionalitzacio.org\/wp-content\/uploads\/2015\/04\/estudiants_francesos.jpg\" \/>\n\t<meta property=\"og:image:width\" content=\"425\" \/>\n\t<meta property=\"og:image:height\" content=\"283\" \/>\n\t<meta property=\"og:image:type\" content=\"image\/jpeg\" \/>\n<meta name=\"twitter:card\" content=\"summary\" \/>\n<meta name=\"twitter:label1\" content=\"Tiempo de lectura\" \/>\n\t<meta name=\"twitter:data1\" content=\"2 minutos\" \/>\n<script type=\"application\/ld+json\" class=\"yoast-schema-graph\">{\"@context\":\"https:\/\/schema.org\",\"@graph\":[{\"@type\":\"WebPage\",\"@id\":\"https:\/\/www.cecotinternacionalitzacio.org\/es\/servicios-internacionalizacion\/practicas-estudiantes-franceses\/\",\"url\":\"https:\/\/www.cecotinternacionalitzacio.org\/es\/servicios-internacionalizacion\/practicas-estudiantes-franceses\/\",\"name\":\"Estudiantes Franceses en Pr\u00e1cticas - Club Cecot Inter.\",\"isPartOf\":{\"@id\":\"https:\/\/www.cecotinternacionalitzacio.org\/#website\"},\"datePublished\":\"2015-04-23T12:31:54+00:00\",\"dateModified\":\"2015-11-17T11:07:29+00:00\",\"description\":\"Facilitamos a las empresas la posibilidad de recibir estudiantes franceses para realizar tareas de marketing, gesti\u00f3n, finanzas y log\u00edstica, entre otras.\",\"breadcrumb\":{\"@id\":\"https:\/\/www.cecotinternacionalitzacio.org\/es\/servicios-internacionalizacion\/practicas-estudiantes-franceses\/#breadcrumb\"},\"inLanguage\":\"es\",\"potentialAction\":[{\"@type\":\"ReadAction\",\"target\":[\"https:\/\/www.cecotinternacionalitzacio.org\/es\/servicios-internacionalizacion\/practicas-estudiantes-franceses\/\"]}]},{\"@type\":\"BreadcrumbList\",\"@id\":\"https:\/\/www.cecotinternacionalitzacio.org\/es\/servicios-internacionalizacion\/practicas-estudiantes-franceses\/#breadcrumb\",\"itemListElement\":[{\"@type\":\"ListItem\",\"position\":1,\"name\":\"Inici\",\"item\":\"https:\/\/www.cecotinternacionalitzacio.org\/es\/\"},{\"@type\":\"ListItem\",\"position\":2,\"name\":\"Servicios a la Internacionalizaci\u00f3n\",\"item\":\"https:\/\/www.cecotinternacionalitzacio.org\/es\/servicios-internacionalizacion\/\"},{\"@type\":\"ListItem\",\"position\":3,\"name\":\"Estudiantes Franceses en Pr\u00e1cticas\"}]},{\"@type\":\"WebSite\",\"@id\":\"https:\/\/www.cecotinternacionalitzacio.org\/#website\",\"url\":\"https:\/\/www.cecotinternacionalitzacio.org\/\",\"name\":\"Club Cecot Internacionalitzaci\u00f3\",\"description\":\"Un foro de intercamio de experiencias sobre la actividad exportadora de las empresas\",\"publisher\":{\"@id\":\"https:\/\/www.cecotinternacionalitzacio.org\/#organization\"},\"potentialAction\":[{\"@type\":\"SearchAction\",\"target\":{\"@type\":\"EntryPoint\",\"urlTemplate\":\"https:\/\/www.cecotinternacionalitzacio.org\/?s={search_term_string}\"},\"query-input\":\"required name=search_term_string\"}],\"inLanguage\":\"es\"},{\"@type\":\"Organization\",\"@id\":\"https:\/\/www.cecotinternacionalitzacio.org\/#organization\",\"name\":\"Club Cecot Internacionalitzaci\u00f3\",\"url\":\"https:\/\/www.cecotinternacionalitzacio.org\/\",\"sameAs\":[],\"logo\":{\"@type\":\"ImageObject\",\"inLanguage\":\"es\",\"@id\":\"https:\/\/www.cecotinternacionalitzacio.org\/#\/schema\/logo\/image\/\",\"url\":\"https:\/\/www.cecotinternacionalitzacio.org\/wp-content\/uploads\/2015\/07\/Logo_Club_Int_165x60.png\",\"contentUrl\":\"https:\/\/www.cecotinternacionalitzacio.org\/wp-content\/uploads\/2015\/07\/Logo_Club_Int_165x60.png\",\"width\":165,\"height\":60,\"caption\":\"Club Cecot Internacionalitzaci\u00f3\"},\"image\":{\"@id\":\"https:\/\/www.cecotinternacionalitzacio.org\/#\/schema\/logo\/image\/\"}}]}<\/script>\n<!-- \/ Yoast SEO plugin. -->","yoast_head_json":{"title":"Estudiantes Franceses en Pr\u00e1cticas - Club Cecot Inter.","description":"Facilitamos a las empresas la posibilidad de recibir estudiantes franceses para realizar tareas de marketing, gesti\u00f3n, finanzas y log\u00edstica, entre otras.","robots":{"index":"noindex","follow":"follow","max-snippet":"max-snippet:-1","max-image-preview":"max-image-preview:large","max-video-preview":"max-video-preview:-1"},"og_locale":"es_ES","og_type":"article","og_title":"Estudiantes Franceses en Pr\u00e1cticas - Club Cecot Inter.","og_description":"Facilitamos a las empresas la posibilidad de recibir estudiantes franceses para realizar tareas de marketing, gesti\u00f3n, finanzas y log\u00edstica, entre otras.","og_url":"https:\/\/www.cecotinternacionalitzacio.org\/es\/servicios-internacionalizacion\/practicas-estudiantes-franceses\/","og_site_name":"Club Cecot Internacionalitzaci\u00f3","article_modified_time":"2015-11-17T11:07:29+00:00","og_image":[{"width":425,"height":283,"url":"https:\/\/www.cecotinternacionalitzacio.org\/wp-content\/uploads\/2015\/04\/estudiants_francesos.jpg","type":"image\/jpeg"}],"twitter_card":"summary","twitter_misc":{"Tiempo de lectura":"2 minutos"},"schema":{"@context":"https:\/\/schema.org","@graph":[{"@type":"WebPage","@id":"https:\/\/www.cecotinternacionalitzacio.org\/es\/servicios-internacionalizacion\/practicas-estudiantes-franceses\/","url":"https:\/\/www.cecotinternacionalitzacio.org\/es\/servicios-internacionalizacion\/practicas-estudiantes-franceses\/","name":"Estudiantes Franceses en Pr\u00e1cticas - Club Cecot Inter.","isPartOf":{"@id":"https:\/\/www.cecotinternacionalitzacio.org\/#website"},"datePublished":"2015-04-23T12:31:54+00:00","dateModified":"2015-11-17T11:07:29+00:00","description":"Facilitamos a las empresas la posibilidad de recibir estudiantes franceses para realizar tareas de marketing, gesti\u00f3n, finanzas y log\u00edstica, entre otras.","breadcrumb":{"@id":"https:\/\/www.cecotinternacionalitzacio.org\/es\/servicios-internacionalizacion\/practicas-estudiantes-franceses\/#breadcrumb"},"inLanguage":"es","potentialAction":[{"@type":"ReadAction","target":["https:\/\/www.cecotinternacionalitzacio.org\/es\/servicios-internacionalizacion\/practicas-estudiantes-franceses\/"]}]},{"@type":"BreadcrumbList","@id":"https:\/\/www.cecotinternacionalitzacio.org\/es\/servicios-internacionalizacion\/practicas-estudiantes-franceses\/#breadcrumb","itemListElement":[{"@type":"ListItem","position":1,"name":"Inici","item":"https:\/\/www.cecotinternacionalitzacio.org\/es\/"},{"@type":"ListItem","position":2,"name":"Servicios a la Internacionalizaci\u00f3n","item":"https:\/\/www.cecotinternacionalitzacio.org\/es\/servicios-internacionalizacion\/"},{"@type":"ListItem","position":3,"name":"Estudiantes Franceses en Pr\u00e1cticas"}]},{"@type":"WebSite","@id":"https:\/\/www.cecotinternacionalitzacio.org\/#website","url":"https:\/\/www.cecotinternacionalitzacio.org\/","name":"Club Cecot Internacionalitzaci\u00f3","description":"Un foro de intercamio de experiencias sobre la actividad exportadora de las empresas","publisher":{"@id":"https:\/\/www.cecotinternacionalitzacio.org\/#organization"},"potentialAction":[{"@type":"SearchAction","target":{"@type":"EntryPoint","urlTemplate":"https:\/\/www.cecotinternacionalitzacio.org\/?s={search_term_string}"},"query-input":"required name=search_term_string"}],"inLanguage":"es"},{"@type":"Organization","@id":"https:\/\/www.cecotinternacionalitzacio.org\/#organization","name":"Club Cecot Internacionalitzaci\u00f3","url":"https:\/\/www.cecotinternacionalitzacio.org\/","sameAs":[],"logo":{"@type":"ImageObject","inLanguage":"es","@id":"https:\/\/www.cecotinternacionalitzacio.org\/#\/schema\/logo\/image\/","url":"https:\/\/www.cecotinternacionalitzacio.org\/wp-content\/uploads\/2015\/07\/Logo_Club_Int_165x60.png","contentUrl":"https:\/\/www.cecotinternacionalitzacio.org\/wp-content\/uploads\/2015\/07\/Logo_Club_Int_165x60.png","width":165,"height":60,"caption":"Club Cecot Internacionalitzaci\u00f3"},"image":{"@id":"https:\/\/www.cecotinternacionalitzacio.org\/#\/schema\/logo\/image\/"}}]}},"_links":{"self":[{"href":"https:\/\/www.cecotinternacionalitzacio.org\/es\/wp-json\/wp\/v2\/pages\/890"}],"collection":[{"href":"https:\/\/www.cecotinternacionalitzacio.org\/es\/wp-json\/wp\/v2\/pages"}],"about":[{"href":"https:\/\/www.cecotinternacionalitzacio.org\/es\/wp-json\/wp\/v2\/types\/page"}],"author":[{"embeddable":true,"href":"https:\/\/www.cecotinternacionalitzacio.org\/es\/wp-json\/wp\/v2\/users\/1"}],"replies":[{"embeddable":true,"href":"https:\/\/www.cecotinternacionalitzacio.org\/es\/wp-json\/wp\/v2\/comments?post=890"}],"version-history":[{"count":0,"href":"https:\/\/www.cecotinternacionalitzacio.org\/es\/wp-json\/wp\/v2\/pages\/890\/revisions"}],"up":[{"embeddable":true,"href":"https:\/\/www.cecotinternacionalitzacio.org\/es\/wp-json\/wp\/v2\/pages\/866"}],"wp:featuredmedia":[{"embeddable":true,"href":"https:\/\/www.cecotinternacionalitzacio.org\/es\/wp-json\/wp\/v2\/media\/1314"}],"wp:attachment":[{"href":"https:\/\/www.cecotinternacionalitzacio.org\/es\/wp-json\/wp\/v2\/media?parent=890"}],"curies":[{"name":"wp","href":"https:\/\/api.w.org\/{rel}","templated":true}]}}