{"id":901,"date":"2015-07-23T18:48:04","date_gmt":"2015-07-23T18:48:04","guid":{"rendered":"http:\/\/cecotinter.cecot.org\/es\/servicios-internacionalitzacion\/iniciat\/"},"modified":"2015-11-17T16:35:41","modified_gmt":"2015-11-17T16:35:41","slug":"financiacion","status":"publish","type":"page","link":"https:\/\/www.cecotinternacionalitzacio.org\/es\/servicios-internacionalizacion\/financiacion\/","title":{"rendered":"Financiaci\u00f3n"},"content":{"rendered":"<div id=\"pl-901\"  class=\"panel-layout\" ><div id=\"pg-901-0\"  class=\"panel-grid panel-no-style\" ><div id=\"pgc-901-0-0\"  class=\"panel-grid-cell\" ><div id=\"panel-901-0-0-0\" class=\"so-panel widget widget_black-studio-tinymce widget_black_studio_tinymce panel-first-child panel-last-child\" data-index=\"0\" ><h3 class=\"widget-title\"><span class=\"widget-title__inline\">Financiaci\u00f3n para la Empresa<\/span><\/h3><div class=\"textwidget\"><p>Tanto si se plantea hacer crecer su negocio como si estudia la expansi\u00f3n a mercados exteriores <strong>debe tener en cuenta los recursos econ\u00f3micos de los que dispone.<\/strong><\/p>\n<p>En esta p\u00e1gina le ofrecemos informaci\u00f3n b\u00e1sica para que conozca <strong>todas las posibilidades de financiaci\u00f3n que tiene a su alcance.<\/strong><br \/>\n<\/p>\n<h3><a title=\"Asesoramiento financiero\" href=\"https:\/\/www.cecotinternacionalitzacio.org\/es\/servicios-internacionalizacion\/financiacion\/asesoramiento-financiero\/\">Asesoramiento financiero<\/a><\/h3>\n<p>El Club Cecot Internacionalitzaci\u00f3 ofrece un asesoramiento personalizado sobre las <strong>posibilidades de financiaci\u00f3n<\/strong> de su negocio. A trav\u00e9s de nuestros asesores tambi\u00e9n podr\u00e1 conocer las diferentes <strong>formas de financiaci\u00f3n<\/strong>, ya sean pr\u00e9stamos participativos, fondos de capital riesgo o provinientes de <em>business angels<\/em>, entre otros.<\/p>\n<h3><a href=\"http:\/\/inicia.gencat.cat\/inicia\/cat\/guia\/guia_financament\/index43973.jsp\" target=\"_blank\">Gu\u00eda de financiaci\u00f3n<\/a><\/h3>\n<p>El programa Catalu\u00f1a Emprende ofrece una <strong>gu\u00eda completa con recursos y consejos<\/strong> para conseguir capital para su inversi\u00f3n inicial y para los gastos que genera su negocio. La gu\u00eda de financiaci\u00f3n se divide en cuatro bloques: financiaci\u00f3n, ayudas y subvenciones, concursos y premios, e incentivos fiscales.<\/p>\n<h3><a href=\"http:\/\/cecotinter.cecot.org\/category\/novetats\/ajuts-subvencions\/\" target=\"_blank\">Ayudas y subvenciones<\/a><\/h3>\n<p>Informaci\u00f3n permanentemente actualizada de todas las ayudas y subvenciones que podr\u00e1n ser de su inter\u00e9s.<br \/>\n<br \/>\nTambi\u00e9n, a trav\u00e9s del <a href=\"http:\/\/canalempresaweb.gencat.cat\/ca\/02_serveis_per_temes\/01_financament\/01_ajuts_i_subvencions\/\" target = \"_ blank\"> Canal Empresa<\/a> de la Generalitat de Catalu\u00f1a acceder\u00e1 a todo el abanico de propuestas destinadas a fomentar la contrataci\u00f3n por parte de las empresas, potenciar la innovaci\u00f3n y estimular la internacionalizaci\u00f3n.<\/p>\n<\/div><\/div><\/div><div id=\"pgc-901-0-1\"  class=\"panel-grid-cell\" ><div id=\"panel-901-0-1-0\" class=\"so-panel widget widget_black-studio-tinymce widget_black_studio_tinymce panel-first-child\" data-index=\"1\" ><div class=\"featured-widget panel-widget-style panel-widget-style-for-901-0-1-0\" ><div class=\"textwidget\"><p><a href=\"https:\/\/www.cecotinternacionalitzacio.org\/wp-content\/uploads\/2015\/07\/financiacio.jpg\"><img src=\"https:\/\/www.cecotinternacionalitzacio.org\/wp-content\/uploads\/2015\/07\/financiacio.jpg\" alt=\"financiacio\" width=\"600\" height=\"442\" class=\"alignleft size-full wp-image-1499\" \/><\/a><\/p>\n<\/div><\/div><\/div><div id=\"panel-901-0-1-1\" class=\"so-panel widget widget_sow-button panel-last-child\" data-index=\"2\" ><div\n\t\t\t\n\t\t\tclass=\"so-widget-sow-button so-widget-sow-button-atom-2fa5db29757e-901\"\n\t\t\t\n\t\t><div class=\"ow-button-base ow-button-align-left\"\n>\n\t\t\t<a\n\t\t\t\t\thref=\"http:\/\/cecotinter.cecot.org\/category\/novetats\/ajuts-subvencions\/\"\n\t\t\t\t\tclass=\"sowb-button ow-icon-placement-left ow-button-hover\" \t>\n\t\t<span>\n\t\t\t<span class=\"sow-icon-fontawesome sow-fas\" data-sow-icon=\"&#xf110;\"\n\t\tstyle=\"color: #ffffff\" \n\t\taria-hidden=\"true\"><\/span>\n\t\t\tNovedades \u00b7 Ayudas y Subvenciones\t\t<\/span>\n\t\t\t<\/a>\n\t<\/div>\n<\/div><\/div><\/div><\/div><\/div>","protected":false},"excerpt":{"rendered":"<p>Tanto si plantea hacer crecer su negocio como si estudia la expansi\u00f3n a mercados exteriores le ofrecemos una informaci\u00f3n b\u00e1sica de los medios de financiaci\u00f3n que tiene a su alcance. <a class=\"moretag\" href=\"https:\/\/www.cecotinternacionalitzacio.org\/es\/servicios-internacionalizacion\/financiacion\/\"><br \/>Llegir m\u00e9s &raquo;<\/a><\/p>\n","protected":false},"author":1,"featured_media":1500,"parent":866,"menu_order":0,"comment_status":"closed","ping_status":"open","template":"","meta":{"_exactmetrics_skip_tracking":false,"_exactmetrics_sitenote_active":false,"_exactmetrics_sitenote_note":"","_exactmetrics_sitenote_category":0},"acf":[],"yoast_head":"<!-- This site is optimized with the Yoast SEO plugin v19.6.1 - https:\/\/yoast.com\/wordpress\/plugins\/seo\/ -->\n<title>Financiaci\u00f3n - Club Cecot Internacionalitzaci\u00f3<\/title>\n<meta name=\"description\" content=\"Le ofrecemos informaci\u00f3n b\u00e1sica de los medios de financiaci\u00f3n que tiene a su alcance para hacer crecer su negocio o su expansi\u00f3n en mercados exteriores.\" \/>\n<meta name=\"robots\" content=\"noindex, follow, max-snippet:-1, max-image-preview:large, max-video-preview:-1\" \/>\n<meta property=\"og:locale\" content=\"es_ES\" \/>\n<meta property=\"og:type\" content=\"article\" \/>\n<meta property=\"og:title\" content=\"Financiaci\u00f3n - Club Cecot Internacionalitzaci\u00f3\" \/>\n<meta property=\"og:description\" content=\"Le ofrecemos informaci\u00f3n b\u00e1sica de los medios de financiaci\u00f3n que tiene a su alcance para hacer crecer su negocio o su expansi\u00f3n en mercados exteriores.\" \/>\n<meta property=\"og:url\" content=\"https:\/\/www.cecotinternacionalitzacio.org\/es\/servicios-internacionalizacion\/financiacion\/\" \/>\n<meta property=\"og:site_name\" content=\"Club Cecot Internacionalitzaci\u00f3\" \/>\n<meta property=\"article:modified_time\" content=\"2015-11-17T16:35:41+00:00\" \/>\n<meta property=\"og:image\" content=\"https:\/\/www.cecotinternacionalitzacio.org\/wp-content\/uploads\/2015\/07\/financiacio.jpg\" \/>\n\t<meta property=\"og:image:width\" content=\"600\" \/>\n\t<meta property=\"og:image:height\" content=\"442\" \/>\n\t<meta property=\"og:image:type\" content=\"image\/jpeg\" \/>\n<meta name=\"twitter:card\" content=\"summary\" \/>\n<meta name=\"twitter:label1\" content=\"Tiempo de lectura\" \/>\n\t<meta name=\"twitter:data1\" content=\"1 minuto\" \/>\n<script type=\"application\/ld+json\" class=\"yoast-schema-graph\">{\"@context\":\"https:\/\/schema.org\",\"@graph\":[{\"@type\":\"WebPage\",\"@id\":\"https:\/\/www.cecotinternacionalitzacio.org\/es\/servicios-internacionalizacion\/financiacion\/\",\"url\":\"https:\/\/www.cecotinternacionalitzacio.org\/es\/servicios-internacionalizacion\/financiacion\/\",\"name\":\"Financiaci\u00f3n - Club Cecot Internacionalitzaci\u00f3\",\"isPartOf\":{\"@id\":\"https:\/\/www.cecotinternacionalitzacio.org\/#website\"},\"datePublished\":\"2015-07-23T18:48:04+00:00\",\"dateModified\":\"2015-11-17T16:35:41+00:00\",\"description\":\"Le ofrecemos informaci\u00f3n b\u00e1sica de los medios de financiaci\u00f3n que tiene a su alcance para hacer crecer su negocio o su expansi\u00f3n en mercados exteriores.\",\"breadcrumb\":{\"@id\":\"https:\/\/www.cecotinternacionalitzacio.org\/es\/servicios-internacionalizacion\/financiacion\/#breadcrumb\"},\"inLanguage\":\"es\",\"potentialAction\":[{\"@type\":\"ReadAction\",\"target\":[\"https:\/\/www.cecotinternacionalitzacio.org\/es\/servicios-internacionalizacion\/financiacion\/\"]}]},{\"@type\":\"BreadcrumbList\",\"@id\":\"https:\/\/www.cecotinternacionalitzacio.org\/es\/servicios-internacionalizacion\/financiacion\/#breadcrumb\",\"itemListElement\":[{\"@type\":\"ListItem\",\"position\":1,\"name\":\"Inici\",\"item\":\"https:\/\/www.cecotinternacionalitzacio.org\/es\/\"},{\"@type\":\"ListItem\",\"position\":2,\"name\":\"Servicios a la Internacionalizaci\u00f3n\",\"item\":\"https:\/\/www.cecotinternacionalitzacio.org\/es\/servicios-internacionalizacion\/\"},{\"@type\":\"ListItem\",\"position\":3,\"name\":\"Financiaci\u00f3n\"}]},{\"@type\":\"WebSite\",\"@id\":\"https:\/\/www.cecotinternacionalitzacio.org\/#website\",\"url\":\"https:\/\/www.cecotinternacionalitzacio.org\/\",\"name\":\"Club Cecot Internacionalitzaci\u00f3\",\"description\":\"Un foro de intercamio de experiencias sobre la actividad exportadora de las empresas\",\"publisher\":{\"@id\":\"https:\/\/www.cecotinternacionalitzacio.org\/#organization\"},\"potentialAction\":[{\"@type\":\"SearchAction\",\"target\":{\"@type\":\"EntryPoint\",\"urlTemplate\":\"https:\/\/www.cecotinternacionalitzacio.org\/?s={search_term_string}\"},\"query-input\":\"required name=search_term_string\"}],\"inLanguage\":\"es\"},{\"@type\":\"Organization\",\"@id\":\"https:\/\/www.cecotinternacionalitzacio.org\/#organization\",\"name\":\"Club Cecot Internacionalitzaci\u00f3\",\"url\":\"https:\/\/www.cecotinternacionalitzacio.org\/\",\"sameAs\":[],\"logo\":{\"@type\":\"ImageObject\",\"inLanguage\":\"es\",\"@id\":\"https:\/\/www.cecotinternacionalitzacio.org\/#\/schema\/logo\/image\/\",\"url\":\"https:\/\/www.cecotinternacionalitzacio.org\/wp-content\/uploads\/2015\/07\/Logo_Club_Int_165x60.png\",\"contentUrl\":\"https:\/\/www.cecotinternacionalitzacio.org\/wp-content\/uploads\/2015\/07\/Logo_Club_Int_165x60.png\",\"width\":165,\"height\":60,\"caption\":\"Club Cecot Internacionalitzaci\u00f3\"},\"image\":{\"@id\":\"https:\/\/www.cecotinternacionalitzacio.org\/#\/schema\/logo\/image\/\"}}]}<\/script>\n<!-- \/ Yoast SEO plugin. -->","yoast_head_json":{"title":"Financiaci\u00f3n - Club Cecot Internacionalitzaci\u00f3","description":"Le ofrecemos informaci\u00f3n b\u00e1sica de los medios de financiaci\u00f3n que tiene a su alcance para hacer crecer su negocio o su expansi\u00f3n en mercados exteriores.","robots":{"index":"noindex","follow":"follow","max-snippet":"max-snippet:-1","max-image-preview":"max-image-preview:large","max-video-preview":"max-video-preview:-1"},"og_locale":"es_ES","og_type":"article","og_title":"Financiaci\u00f3n - Club Cecot Internacionalitzaci\u00f3","og_description":"Le ofrecemos informaci\u00f3n b\u00e1sica de los medios de financiaci\u00f3n que tiene a su alcance para hacer crecer su negocio o su expansi\u00f3n en mercados exteriores.","og_url":"https:\/\/www.cecotinternacionalitzacio.org\/es\/servicios-internacionalizacion\/financiacion\/","og_site_name":"Club Cecot Internacionalitzaci\u00f3","article_modified_time":"2015-11-17T16:35:41+00:00","og_image":[{"width":600,"height":442,"url":"https:\/\/www.cecotinternacionalitzacio.org\/wp-content\/uploads\/2015\/07\/financiacio.jpg","type":"image\/jpeg"}],"twitter_card":"summary","twitter_misc":{"Tiempo de lectura":"1 minuto"},"schema":{"@context":"https:\/\/schema.org","@graph":[{"@type":"WebPage","@id":"https:\/\/www.cecotinternacionalitzacio.org\/es\/servicios-internacionalizacion\/financiacion\/","url":"https:\/\/www.cecotinternacionalitzacio.org\/es\/servicios-internacionalizacion\/financiacion\/","name":"Financiaci\u00f3n - Club Cecot Internacionalitzaci\u00f3","isPartOf":{"@id":"https:\/\/www.cecotinternacionalitzacio.org\/#website"},"datePublished":"2015-07-23T18:48:04+00:00","dateModified":"2015-11-17T16:35:41+00:00","description":"Le ofrecemos informaci\u00f3n b\u00e1sica de los medios de financiaci\u00f3n que tiene a su alcance para hacer crecer su negocio o su expansi\u00f3n en mercados exteriores.","breadcrumb":{"@id":"https:\/\/www.cecotinternacionalitzacio.org\/es\/servicios-internacionalizacion\/financiacion\/#breadcrumb"},"inLanguage":"es","potentialAction":[{"@type":"ReadAction","target":["https:\/\/www.cecotinternacionalitzacio.org\/es\/servicios-internacionalizacion\/financiacion\/"]}]},{"@type":"BreadcrumbList","@id":"https:\/\/www.cecotinternacionalitzacio.org\/es\/servicios-internacionalizacion\/financiacion\/#breadcrumb","itemListElement":[{"@type":"ListItem","position":1,"name":"Inici","item":"https:\/\/www.cecotinternacionalitzacio.org\/es\/"},{"@type":"ListItem","position":2,"name":"Servicios a la Internacionalizaci\u00f3n","item":"https:\/\/www.cecotinternacionalitzacio.org\/es\/servicios-internacionalizacion\/"},{"@type":"ListItem","position":3,"name":"Financiaci\u00f3n"}]},{"@type":"WebSite","@id":"https:\/\/www.cecotinternacionalitzacio.org\/#website","url":"https:\/\/www.cecotinternacionalitzacio.org\/","name":"Club Cecot Internacionalitzaci\u00f3","description":"Un foro de intercamio de experiencias sobre la actividad exportadora de las empresas","publisher":{"@id":"https:\/\/www.cecotinternacionalitzacio.org\/#organization"},"potentialAction":[{"@type":"SearchAction","target":{"@type":"EntryPoint","urlTemplate":"https:\/\/www.cecotinternacionalitzacio.org\/?s={search_term_string}"},"query-input":"required name=search_term_string"}],"inLanguage":"es"},{"@type":"Organization","@id":"https:\/\/www.cecotinternacionalitzacio.org\/#organization","name":"Club Cecot Internacionalitzaci\u00f3","url":"https:\/\/www.cecotinternacionalitzacio.org\/","sameAs":[],"logo":{"@type":"ImageObject","inLanguage":"es","@id":"https:\/\/www.cecotinternacionalitzacio.org\/#\/schema\/logo\/image\/","url":"https:\/\/www.cecotinternacionalitzacio.org\/wp-content\/uploads\/2015\/07\/Logo_Club_Int_165x60.png","contentUrl":"https:\/\/www.cecotinternacionalitzacio.org\/wp-content\/uploads\/2015\/07\/Logo_Club_Int_165x60.png","width":165,"height":60,"caption":"Club Cecot Internacionalitzaci\u00f3"},"image":{"@id":"https:\/\/www.cecotinternacionalitzacio.org\/#\/schema\/logo\/image\/"}}]}},"_links":{"self":[{"href":"https:\/\/www.cecotinternacionalitzacio.org\/es\/wp-json\/wp\/v2\/pages\/901"}],"collection":[{"href":"https:\/\/www.cecotinternacionalitzacio.org\/es\/wp-json\/wp\/v2\/pages"}],"about":[{"href":"https:\/\/www.cecotinternacionalitzacio.org\/es\/wp-json\/wp\/v2\/types\/page"}],"author":[{"embeddable":true,"href":"https:\/\/www.cecotinternacionalitzacio.org\/es\/wp-json\/wp\/v2\/users\/1"}],"replies":[{"embeddable":true,"href":"https:\/\/www.cecotinternacionalitzacio.org\/es\/wp-json\/wp\/v2\/comments?post=901"}],"version-history":[{"count":0,"href":"https:\/\/www.cecotinternacionalitzacio.org\/es\/wp-json\/wp\/v2\/pages\/901\/revisions"}],"up":[{"embeddable":true,"href":"https:\/\/www.cecotinternacionalitzacio.org\/es\/wp-json\/wp\/v2\/pages\/866"}],"wp:featuredmedia":[{"embeddable":true,"href":"https:\/\/www.cecotinternacionalitzacio.org\/es\/wp-json\/wp\/v2\/media\/1500"}],"wp:attachment":[{"href":"https:\/\/www.cecotinternacionalitzacio.org\/es\/wp-json\/wp\/v2\/media?parent=901"}],"curies":[{"name":"wp","href":"https:\/\/api.w.org\/{rel}","templated":true}]}}